{"id":5414,"date":"2024-03-07T10:52:01","date_gmt":"2024-03-07T09:52:01","guid":{"rendered":"https:\/\/dev-hostallatina.gnahs.com\/textos-legals\/"},"modified":"2025-05-07T10:02:45","modified_gmt":"2025-05-07T08:02:45","slug":"textos-legals","status":"publish","type":"page","link":"https:\/\/allotjamentslafont.com\/ca\/textos-legals\/","title":{"rendered":"Textos legals"},"content":{"rendered":"\t\t<div data-elementor-type=\"wp-page\" data-elementor-id=\"5414\" class=\"elementor elementor-5414 elementor-684\" data-elementor-post-type=\"page\">\n\t\t\t\t<div class=\"elementor-element elementor-element-391e829 e-flex e-con-boxed e-con e-parent\" data-id=\"391e829\" data-element_type=\"container\" data-settings=\"{&quot;background_background&quot;:&quot;classic&quot;}\">\n\t\t\t\t\t<div class=\"e-con-inner\">\n\t\t\t\t<div class=\"elementor-element elementor-element-65252e79 elementor-widget elementor-widget-heading\" data-id=\"65252e79\" data-element_type=\"widget\" data-widget_type=\"heading.default\">\n\t\t\t\t<div class=\"elementor-widget-container\">\n\t\t\t<div class=\"elementor-heading-title elementor-size-default\">Textos legals<\/div>\t\t<\/div>\n\t\t\t\t<\/div>\n\t\t\t\t<div class=\"elementor-element elementor-element-41191bc1 elementor-icon-list--layout-inline elementor-align-center elementor-list-item-link-full_width elementor-widget elementor-widget-icon-list\" data-id=\"41191bc1\" data-element_type=\"widget\" data-widget_type=\"icon-list.default\">\n\t\t\t\t<div class=\"elementor-widget-container\">\n\t\t\t\t\t<ul class=\"elementor-icon-list-items elementor-inline-items\">\n\t\t\t\t\t\t\t<li class=\"elementor-icon-list-item elementor-inline-item\">\n\t\t\t\t\t\t\t\t\t\t\t<a href=\"https:\/\/allotjamentslafont.com\/ca\">\n\n\t\t\t\t\t\t\t\t\t\t\t<span class=\"elementor-icon-list-text\">Inici <\/span>\n\t\t\t\t\t\t\t\t\t\t\t<\/a>\n\t\t\t\t\t\t\t\t\t<\/li>\n\t\t\t\t\t\t\t\t<li class=\"elementor-icon-list-item elementor-inline-item\">\n\t\t\t\t\t\t\t\t\t\t\t<span class=\"elementor-icon-list-icon\">\n\t\t\t\t\t\t\t<svg aria-hidden=\"true\" class=\"e-font-icon-svg e-fas-chevron-right\" viewBox=\"0 0 320 512\" xmlns=\"http:\/\/www.w3.org\/2000\/svg\"><path d=\"M285.476 272.971L91.132 467.314c-9.373 9.373-24.569 9.373-33.941 0l-22.667-22.667c-9.357-9.357-9.375-24.522-.04-33.901L188.505 256 34.484 101.255c-9.335-9.379-9.317-24.544.04-33.901l22.667-22.667c9.373-9.373 24.569-9.373 33.941 0L285.475 239.03c9.373 9.372 9.373 24.568.001 33.941z\"><\/path><\/svg>\t\t\t\t\t\t<\/span>\n\t\t\t\t\t\t\t\t\t\t<span class=\"elementor-icon-list-text\">Textos legals<\/span>\n\t\t\t\t\t\t\t\t\t<\/li>\n\t\t\t\t\t\t<\/ul>\n\t\t\t\t<\/div>\n\t\t\t\t<\/div>\n\t\t\t\t\t<\/div>\n\t\t\t\t<\/div>\n\t\t<div class=\"elementor-element elementor-element-f8b95bd e-flex e-con-boxed e-con e-parent\" data-id=\"f8b95bd\" data-element_type=\"container\" data-settings=\"{&quot;motion_fx_motion_fx_scrolling&quot;:&quot;yes&quot;,&quot;motion_fx_translateY_effect&quot;:&quot;yes&quot;,&quot;motion_fx_devices&quot;:[&quot;desktop&quot;,&quot;tablet&quot;],&quot;motion_fx_translateY_speed&quot;:{&quot;unit&quot;:&quot;px&quot;,&quot;size&quot;:4,&quot;sizes&quot;:[]},&quot;motion_fx_translateY_affectedRange&quot;:{&quot;unit&quot;:&quot;%&quot;,&quot;size&quot;:&quot;&quot;,&quot;sizes&quot;:{&quot;start&quot;:0,&quot;end&quot;:100}}}\">\n\t\t\t\t\t<div class=\"e-con-inner\">\n\t\t<div class=\"elementor-element elementor-element-234be06 e-flex e-con-boxed e-con e-child\" data-id=\"234be06\" data-element_type=\"container\">\n\t\t\t\t\t<div class=\"e-con-inner\">\n\t\t\t\t<div class=\"elementor-element elementor-element-8d67e4a elementor-widget elementor-widget-heading\" data-id=\"8d67e4a\" data-element_type=\"widget\" data-widget_type=\"heading.default\">\n\t\t\t\t<div class=\"elementor-widget-container\">\n\t\t\t<div class=\"elementor-heading-title elementor-size-default\">Textos legals<\/div>\t\t<\/div>\n\t\t\t\t<\/div>\n\t\t\t\t<div class=\"elementor-element elementor-element-35060b3 elementor-widget elementor-widget-heading\" data-id=\"35060b3\" data-element_type=\"widget\" data-widget_type=\"heading.default\">\n\t\t\t\t<div class=\"elementor-widget-container\">\n\t\t\t<h1 class=\"elementor-heading-title elementor-size-default\">Textos legals d'Allotjaments La Font<\/h1>\t\t<\/div>\n\t\t\t\t<\/div>\n\t\t\t\t\t<\/div>\n\t\t\t\t<\/div>\n\t\t<div class=\"elementor-element elementor-element-173c315 e-flex e-con-boxed e-con e-child\" data-id=\"173c315\" data-element_type=\"container\">\n\t\t\t\t\t<div class=\"e-con-inner\">\n\t\t\t\t<div class=\"elementor-element elementor-element-92132b6 elementor-widget elementor-widget-text-editor\" data-id=\"92132b6\" data-element_type=\"widget\" data-widget_type=\"text-editor.default\">\n\t\t\t\t<div class=\"elementor-widget-container\">\n\t\t\t\t\t\t\t<h2>Av\u00eds Legal<\/h2>\n<p>Allotjaments La Font no pot assumir cap responsabilitat derivada de l&#8217;\u00fas incorrecte, inapropiat o il\u00b7l\u00edcit de la informaci\u00f3 apareguda a la p\u00e0gina d&#8217;Internet <a href=\"https:\/\/allotjamentslafont.com\">allotjamentslafont.com<\/a>. <\/p>\n<p>Amb els l\u00edmits establerts a la llei, Allotjaments La Font no assumeix cap responsabilitat derivada de la manca de veracitat, integritat, actualitzaci\u00f3 i precisi\u00f3 de les dades o informacions que es contenen a les seves p\u00e0gines d&#8217;internet.<\/p>\n<p>Els continguts i la informaci\u00f3 no vinculen a Allotjaments La Font ni constitueixen opinions, consells o assessorament legal de cap mena, ja que es tracta merament d&#8217;un servei ofert amb car\u00e0cter informatiu i divulgatiu.<\/p>\n<p>La p\u00e0gina d&#8217;Internet d&#8217;Apartaments Tina pot contenir enlla\u00e7os (links) a altres p\u00e0gines de terceres parts que Tina no pot controlar. Per tant, Allotjaments La Font no pot assumir responsabilitats pel contingut que pugui apar\u00e8ixer a p\u00e0gines de tercers. <\/p>\n<p>Els textos, imatges, sons, animacions, programari i la resta de continguts inclosos en aquest website s\u00f3n propietat exclusiva d&#8217;Allotjaments La Font o els seus llicenciants. Qualsevol acte de transmissi\u00f3, distribuci\u00f3, cessi\u00f3, reproducci\u00f3, emmagatzematge o comunicaci\u00f3 p\u00fablica total o parcial, ha de comptar amb el consentiment expr\u00e9s d&#8217;Allotjaments La Font. <\/p>\n<p>Aix\u00ed mateix, per accedir a alguns dels serveis que Allotjaments La Font ofereix a trav\u00e9s del website, haur\u00e0s de proporcionar algunes dades de car\u00e0cter personal. En compliment del que estableix el Reglament (UE) 2016\/679 del Parlament Europeu i del Consell, de 27 d&#8217;abril de 2016, relatiu a la protecci\u00f3 de les persones f\u00edsiques pel que fa al tractament de dades personals ia la lliure circulaci\u00f3 d&#8217;aquestes dades, t&#8217;informem que, mitjan\u00e7ant l&#8217;emplenament dels presents formularis, les teves dades personals queden poder prestar i oferir els nostres serveis, aix\u00ed com per informar-te de les millores del lloc web. Aix\u00ed mateix, us informem de la possibilitat que exerciu els drets d&#8217;acc\u00e9s, rectificaci\u00f3, cancel\u00b7laci\u00f3 i oposici\u00f3 de les vostres dades de car\u00e0cter personal, de manera gratu\u00efta mitjan\u00e7ant e-mail a <a href=\"mailto:info@allotjamentslafont.com\"><span class=\"elementor-icon-list-text\">info@allotjamentslafont.com<\/span><\/a> o a l&#8217;adre\u00e7a <a href=\"https:\/\/g.co\/kgs\/r5mMTbK\">Carrer de Sant Baldiri, 14, 17489, El Port de la Selva, Girona, Espanya<\/a> . Tel. +34 686 52 85 52.  <a href=\"http:\/\/+34%20686%2052%2085%2052.\" data-wplink-url-error=\"true\">+34 686 52 85 52.<\/a><\/p>\n\t\t\t\t\t\t<\/div>\n\t\t\t\t<\/div>\n\t\t\t\t\t<\/div>\n\t\t\t\t<\/div>\n\t\t\t\t\t<\/div>\n\t\t\t\t<\/div>\n\t\t\t\t<\/div>\n\t\t","protected":false},"excerpt":{"rendered":"<p>Textos legals Inici Textos legals Textos legals Textos legals d&#8217;Allotjaments La Font Av\u00eds Legal Allotjaments La Font no pot assumir cap responsabilitat derivada de l&#8217;\u00fas incorrecte, inapropiat o il\u00b7l\u00edcit de la informaci\u00f3 apareguda a la p\u00e0gina d&#8217;Internet allotjamentslafont.com. Amb els l\u00edmits establerts a la llei, Allotjaments La Font no assumeix cap responsabilitat derivada de la [&hellip;]<\/p>\n","protected":false},"author":4,"featured_media":0,"parent":0,"menu_order":92,"comment_status":"closed","ping_status":"closed","template":"","meta":{"footnotes":""},"class_list":["post-5414","page","type-page","status-publish","hentry"],"yoast_head":"<!-- This site is optimized with the Yoast SEO plugin v23.4 - https:\/\/yoast.com\/wordpress\/plugins\/seo\/ -->\n<title>Textos legals - Allotjaments La Font, El Port de la Selva<\/title>\n<meta name=\"description\" content=\"Consulta els textos legals al web d&#039;Apartaments Tina, a El Port de la Selva (Girona), i gaudeix de les vacances a la Costa Brava.\" \/>\n<meta name=\"robots\" content=\"noindex, follow\" \/>\n<script type=\"application\/ld+json\" class=\"yoast-schema-graph\">{\"@context\":\"https:\/\/schema.org\",\"@graph\":[{\"@type\":\"WebPage\",\"@id\":\"https:\/\/allotjamentslafont.com\/ca\/textos-legals\/\",\"url\":\"https:\/\/allotjamentslafont.com\/ca\/textos-legals\/\",\"name\":\"Textos legals - Allotjaments La Font, El Port de la Selva\",\"isPartOf\":{\"@id\":\"https:\/\/allotjamentslafont.com\/ca\/#website\"},\"datePublished\":\"2024-03-07T09:52:01+00:00\",\"dateModified\":\"2025-05-07T08:02:45+00:00\",\"description\":\"Consulta els textos legals al web d'Apartaments Tina, a El Port de la Selva (Girona), i gaudeix de les vacances a la Costa Brava.\",\"breadcrumb\":{\"@id\":\"https:\/\/allotjamentslafont.com\/ca\/textos-legals\/#breadcrumb\"},\"inLanguage\":\"ca-ES\",\"potentialAction\":[{\"@type\":\"ReadAction\",\"target\":[\"https:\/\/allotjamentslafont.com\/ca\/textos-legals\/\"]}]},{\"@type\":\"BreadcrumbList\",\"@id\":\"https:\/\/allotjamentslafont.com\/ca\/textos-legals\/#breadcrumb\",\"itemListElement\":[{\"@type\":\"ListItem\",\"position\":1,\"name\":\"Home\",\"item\":\"https:\/\/allotjamentslafont.com\/ca\/\"},{\"@type\":\"ListItem\",\"position\":2,\"name\":\"Textos legals\"}]},{\"@type\":\"WebSite\",\"@id\":\"https:\/\/allotjamentslafont.com\/ca\/#website\",\"url\":\"https:\/\/allotjamentslafont.com\/ca\/\",\"name\":\"Allotjaments La Font\",\"description\":\"\",\"publisher\":{\"@id\":\"https:\/\/allotjamentslafont.com\/ca\/#organization\"},\"potentialAction\":[{\"@type\":\"SearchAction\",\"target\":{\"@type\":\"EntryPoint\",\"urlTemplate\":\"https:\/\/allotjamentslafont.com\/ca\/?s={search_term_string}\"},\"query-input\":{\"@type\":\"PropertyValueSpecification\",\"valueRequired\":true,\"valueName\":\"search_term_string\"}}],\"inLanguage\":\"ca-ES\"},{\"@type\":\"Organization\",\"@id\":\"https:\/\/allotjamentslafont.com\/ca\/#organization\",\"name\":\"Allotjaments La Font\",\"url\":\"https:\/\/allotjamentslafont.com\/ca\/\",\"logo\":{\"@type\":\"ImageObject\",\"inLanguage\":\"ca-ES\",\"@id\":\"https:\/\/allotjamentslafont.com\/ca\/#\/schema\/logo\/image\/\",\"url\":\"https:\/\/allotjamentslafont.com\/wp-content\/uploads\/2024\/02\/Favicon.svg\",\"contentUrl\":\"https:\/\/allotjamentslafont.com\/wp-content\/uploads\/2024\/02\/Favicon.svg\",\"width\":180,\"height\":180,\"caption\":\"Allotjaments La Font\"},\"image\":{\"@id\":\"https:\/\/allotjamentslafont.com\/ca\/#\/schema\/logo\/image\/\"}}]}<\/script>\n<!-- \/ Yoast SEO plugin. -->","yoast_head_json":{"title":"Textos legals - Allotjaments La Font, El Port de la Selva","description":"Consulta els textos legals al web d'Apartaments Tina, a El Port de la Selva (Girona), i gaudeix de les vacances a la Costa Brava.","robots":{"index":"noindex","follow":"follow"},"schema":{"@context":"https:\/\/schema.org","@graph":[{"@type":"WebPage","@id":"https:\/\/allotjamentslafont.com\/ca\/textos-legals\/","url":"https:\/\/allotjamentslafont.com\/ca\/textos-legals\/","name":"Textos legals - Allotjaments La Font, El Port de la Selva","isPartOf":{"@id":"https:\/\/allotjamentslafont.com\/ca\/#website"},"datePublished":"2024-03-07T09:52:01+00:00","dateModified":"2025-05-07T08:02:45+00:00","description":"Consulta els textos legals al web d'Apartaments Tina, a El Port de la Selva (Girona), i gaudeix de les vacances a la Costa Brava.","breadcrumb":{"@id":"https:\/\/allotjamentslafont.com\/ca\/textos-legals\/#breadcrumb"},"inLanguage":"ca-ES","potentialAction":[{"@type":"ReadAction","target":["https:\/\/allotjamentslafont.com\/ca\/textos-legals\/"]}]},{"@type":"BreadcrumbList","@id":"https:\/\/allotjamentslafont.com\/ca\/textos-legals\/#breadcrumb","itemListElement":[{"@type":"ListItem","position":1,"name":"Home","item":"https:\/\/allotjamentslafont.com\/ca\/"},{"@type":"ListItem","position":2,"name":"Textos legals"}]},{"@type":"WebSite","@id":"https:\/\/allotjamentslafont.com\/ca\/#website","url":"https:\/\/allotjamentslafont.com\/ca\/","name":"Allotjaments La Font","description":"","publisher":{"@id":"https:\/\/allotjamentslafont.com\/ca\/#organization"},"potentialAction":[{"@type":"SearchAction","target":{"@type":"EntryPoint","urlTemplate":"https:\/\/allotjamentslafont.com\/ca\/?s={search_term_string}"},"query-input":{"@type":"PropertyValueSpecification","valueRequired":true,"valueName":"search_term_string"}}],"inLanguage":"ca-ES"},{"@type":"Organization","@id":"https:\/\/allotjamentslafont.com\/ca\/#organization","name":"Allotjaments La Font","url":"https:\/\/allotjamentslafont.com\/ca\/","logo":{"@type":"ImageObject","inLanguage":"ca-ES","@id":"https:\/\/allotjamentslafont.com\/ca\/#\/schema\/logo\/image\/","url":"https:\/\/allotjamentslafont.com\/wp-content\/uploads\/2024\/02\/Favicon.svg","contentUrl":"https:\/\/allotjamentslafont.com\/wp-content\/uploads\/2024\/02\/Favicon.svg","width":180,"height":180,"caption":"Allotjaments La Font"},"image":{"@id":"https:\/\/allotjamentslafont.com\/ca\/#\/schema\/logo\/image\/"}}]}},"_links":{"self":[{"href":"https:\/\/allotjamentslafont.com\/ca\/wp-json\/wp\/v2\/pages\/5414","targetHints":{"allow":["GET"]}}],"collection":[{"href":"https:\/\/allotjamentslafont.com\/ca\/wp-json\/wp\/v2\/pages"}],"about":[{"href":"https:\/\/allotjamentslafont.com\/ca\/wp-json\/wp\/v2\/types\/page"}],"author":[{"embeddable":true,"href":"https:\/\/allotjamentslafont.com\/ca\/wp-json\/wp\/v2\/users\/4"}],"replies":[{"embeddable":true,"href":"https:\/\/allotjamentslafont.com\/ca\/wp-json\/wp\/v2\/comments?post=5414"}],"version-history":[{"count":13,"href":"https:\/\/allotjamentslafont.com\/ca\/wp-json\/wp\/v2\/pages\/5414\/revisions"}],"predecessor-version":[{"id":7209,"href":"https:\/\/allotjamentslafont.com\/ca\/wp-json\/wp\/v2\/pages\/5414\/revisions\/7209"}],"wp:attachment":[{"href":"https:\/\/allotjamentslafont.com\/ca\/wp-json\/wp\/v2\/media?parent=5414"}],"curies":[{"name":"wp","href":"https:\/\/api.w.org\/{rel}","templated":true}]}}