{"id":5423,"date":"2024-03-07T10:36:45","date_gmt":"2024-03-07T09:36:45","guid":{"rendered":"https:\/\/dev-hostallatina.gnahs.com\/politica-de-privacitat\/"},"modified":"2026-04-15T15:42:51","modified_gmt":"2026-04-15T13:42:51","slug":"politica-de-privacitat","status":"publish","type":"page","link":"https:\/\/allotjamentslafont.com\/ca\/politica-de-privacitat\/","title":{"rendered":"Pol\u00edtica de privadesa"},"content":{"rendered":"\t\t<div data-elementor-type=\"wp-page\" data-elementor-id=\"5423\" class=\"elementor elementor-5423 elementor-660\" data-elementor-post-type=\"page\">\n\t\t\t\t<div class=\"elementor-element elementor-element-391e829 e-flex e-con-boxed e-con e-parent\" data-id=\"391e829\" data-element_type=\"container\" data-settings=\"{&quot;background_background&quot;:&quot;classic&quot;}\">\n\t\t\t\t\t<div class=\"e-con-inner\">\n\t\t\t\t<div class=\"elementor-element elementor-element-65252e79 elementor-widget elementor-widget-heading\" data-id=\"65252e79\" data-element_type=\"widget\" data-widget_type=\"heading.default\">\n\t\t\t\t<div class=\"elementor-widget-container\">\n\t\t\t<div class=\"elementor-heading-title elementor-size-default\">Pol\u00edtica de privadesa<\/div>\t\t<\/div>\n\t\t\t\t<\/div>\n\t\t\t\t<div class=\"elementor-element elementor-element-41191bc1 elementor-icon-list--layout-inline elementor-align-center elementor-list-item-link-full_width elementor-widget elementor-widget-icon-list\" data-id=\"41191bc1\" data-element_type=\"widget\" data-widget_type=\"icon-list.default\">\n\t\t\t\t<div class=\"elementor-widget-container\">\n\t\t\t\t\t<ul class=\"elementor-icon-list-items elementor-inline-items\">\n\t\t\t\t\t\t\t<li class=\"elementor-icon-list-item elementor-inline-item\">\n\t\t\t\t\t\t\t\t\t\t\t<a href=\"https:\/\/allotjamentslafont.com\/\">\n\n\t\t\t\t\t\t\t\t\t\t\t<span class=\"elementor-icon-list-text\">Home<\/span>\n\t\t\t\t\t\t\t\t\t\t\t<\/a>\n\t\t\t\t\t\t\t\t\t<\/li>\n\t\t\t\t\t\t\t\t<li class=\"elementor-icon-list-item elementor-inline-item\">\n\t\t\t\t\t\t\t\t\t\t\t<span class=\"elementor-icon-list-icon\">\n\t\t\t\t\t\t\t<svg aria-hidden=\"true\" class=\"e-font-icon-svg e-fas-chevron-right\" viewBox=\"0 0 320 512\" xmlns=\"http:\/\/www.w3.org\/2000\/svg\"><path d=\"M285.476 272.971L91.132 467.314c-9.373 9.373-24.569 9.373-33.941 0l-22.667-22.667c-9.357-9.357-9.375-24.522-.04-33.901L188.505 256 34.484 101.255c-9.335-9.379-9.317-24.544.04-33.901l22.667-22.667c9.373-9.373 24.569-9.373 33.941 0L285.475 239.03c9.373 9.372 9.373 24.568.001 33.941z\"><\/path><\/svg>\t\t\t\t\t\t<\/span>\n\t\t\t\t\t\t\t\t\t\t<span class=\"elementor-icon-list-text\">Pol\u00edtica de privadesa<\/span>\n\t\t\t\t\t\t\t\t\t<\/li>\n\t\t\t\t\t\t<\/ul>\n\t\t\t\t<\/div>\n\t\t\t\t<\/div>\n\t\t\t\t\t<\/div>\n\t\t\t\t<\/div>\n\t\t<div class=\"elementor-element elementor-element-4b916d17 e-flex e-con-boxed e-con e-parent\" data-id=\"4b916d17\" data-element_type=\"container\" data-settings=\"{&quot;motion_fx_motion_fx_scrolling&quot;:&quot;yes&quot;,&quot;motion_fx_translateY_effect&quot;:&quot;yes&quot;,&quot;motion_fx_devices&quot;:[&quot;desktop&quot;,&quot;tablet&quot;],&quot;motion_fx_translateY_speed&quot;:{&quot;unit&quot;:&quot;px&quot;,&quot;size&quot;:4,&quot;sizes&quot;:[]},&quot;motion_fx_translateY_affectedRange&quot;:{&quot;unit&quot;:&quot;%&quot;,&quot;size&quot;:&quot;&quot;,&quot;sizes&quot;:{&quot;start&quot;:0,&quot;end&quot;:100}}}\">\n\t\t\t\t\t<div class=\"e-con-inner\">\n\t\t<div class=\"elementor-element elementor-element-1704ffb1 e-flex e-con-boxed e-con e-child\" data-id=\"1704ffb1\" data-element_type=\"container\">\n\t\t\t\t\t<div class=\"e-con-inner\">\n\t\t\t\t<div class=\"elementor-element elementor-element-75e37d3a elementor-widget elementor-widget-heading\" data-id=\"75e37d3a\" data-element_type=\"widget\" data-widget_type=\"heading.default\">\n\t\t\t\t<div class=\"elementor-widget-container\">\n\t\t\t<div class=\"elementor-heading-title elementor-size-default\">TEXTOS LEGALS<\/div>\t\t<\/div>\n\t\t\t\t<\/div>\n\t\t\t\t<div class=\"elementor-element elementor-element-1252f59 elementor-widget elementor-widget-heading\" data-id=\"1252f59\" data-element_type=\"widget\" data-widget_type=\"heading.default\">\n\t\t\t\t<div class=\"elementor-widget-container\">\n\t\t\t<h1 class=\"elementor-heading-title elementor-size-default\">Pol\u00edtica de privadesa d'Allotjaments La Font<\/h1>\t\t<\/div>\n\t\t\t\t<\/div>\n\t\t\t\t\t<\/div>\n\t\t\t\t<\/div>\n\t\t<div class=\"elementor-element elementor-element-4abb49fc e-flex e-con-boxed e-con e-child\" data-id=\"4abb49fc\" data-element_type=\"container\">\n\t\t\t\t\t<div class=\"e-con-inner\">\n\t\t\t\t<div class=\"elementor-element elementor-element-2f38bc9 elementor-widget elementor-widget-text-editor\" data-id=\"2f38bc9\" data-element_type=\"widget\" data-widget_type=\"text-editor.default\">\n\t\t\t\t<div class=\"elementor-widget-container\">\n\t\t\t\t\t\t\t<h2>Pol\u00edtica de privadesa<\/h2>\n<p>Allotjaments La Font, a trav\u00e9s de la seva web <a href=\"https:\/\/allotjamentslafont.com\">allotjamentslafont.com<\/a> sol\u00b7licita a l&#8217;Usuari certes dades de car\u00e0cter personal. Les dades subministrades per l&#8217;Usuari quedaran incorporades a un fitxer automatitzat de dades de car\u00e0cter personal, titularitat d&#8217;Allotjaments La Font el qual ser\u00e0 processat per tal de prestar els serveis sol\u00b7licitats per l&#8217;Usuari. L&#8217;Usuari autoritza el tractament automatitzat de les dades personals subministrades, necess\u00e0ries per a la prestaci\u00f3 dels serveis pactats.  <\/p>\n<p>La informaci\u00f3 personal recollida dels clients registrats \u00e9s emmagatzemada en una base de dades propietat d&#8217;Allotjaments La Font, que assumeix les mesures d&#8217;\u00edndole t\u00e8cnica, organitzativa i de seguretat que garanteixin la confidencialitat i integritat de la informaci\u00f3 d&#8217;acord amb all\u00f2 establert a la Llei Org\u00e0nica 15\/1999 de 13 de desembre, de Protecci\u00f3 de Dades de Car\u00e0cter.<\/p>\n<p>Allotjaments La Font, a trav\u00e9s de la seva web, utilitzar\u00e0 les dades subministrades per l&#8217;Usuari de manera interna per donar a con\u00e8ixer a l&#8217;Usuari ofertes i promocions que pogu\u00e9s considerar d&#8217;inter\u00e8s.<\/p>\n<p>L&#8217;usuari accepta que les seves dades personals siguin cedides a altres empreses (hotels) del grup a qu\u00e8 pertany Allotjaments La Font, aix\u00ed com a altres amb qu\u00e8 conclogui acords de col\u00b7laboraci\u00f3 amb l&#8217;\u00fanica finalitat d&#8217;una millor prestaci\u00f3 del servei, respectant en tot cas, la legislaci\u00f3 espanyola sobre la protecci\u00f3 de les dades de car\u00e0cter personal.<\/p>\n<p>Allotjaments La Font, a trav\u00e9s de la seva web, utilitzar\u00e0 galetes quan l&#8217;Usuari navegui pel lloc web d&#8217;Allotjaments La Font. Les cookies s&#8217;associen \u00fanicament amb un Usuari an\u00f2nim i el vostre ordinador i no proporcionen refer\u00e8ncies que permetin deduir el nom i cognoms de l&#8217;Usuari. Gr\u00e0cies a les galetes, \u00e9s possible que reconegui els Usuaris registrats despr\u00e9s que aquests s&#8217;hagin registrat per primera vegada, sense que s&#8217;hagin de registrar a cada visita per accedir a les \u00e0rees i serveis reservats exclusivament a ells. L&#8217;Usuari t\u00e9 l&#8217;opci\u00f3 d&#8217;impedir la generaci\u00f3 de cookies, mitjan\u00e7ant la selecci\u00f3 de la corresponent opci\u00f3 al vostre navegador.   <\/p>\n<p>Qualsevol usuari registrat pot en qualsevol moment exercir el dret a accedir, rectificar i, si escau, cancel\u00b7lar les seves dades de car\u00e0cter personal subministrades a la web <a href=\"https:\/\/allotjamentslafont.com\">allotjamentslafont.com<\/a> , mitjan\u00e7ant comunicaci\u00f3 escrita dirigida a Allotjaments La Font <span style=\"text-align: var(--text-align); color: var( --e-global-color-text ); font-family: var( --e-global-typography-text-font-family ), Sans-serif; font-size: var( --e-global-typography-text-font-size ); font-weight: var( --e-global-typography-text-font-weight ); text-transform: var( --e-global-typography-text-text-transform );\">, <a href=\"https:\/\/maps.app.goo.gl\/dvwvrLMvg6RUNs4S6\"><span class=\"elementor-icon-list-text\">Carrer Major, 15, 17489 Port de la Selva, Girona, Espanya<\/span><\/a> ; aquesta comunicaci\u00f3 tamb\u00e9 es podr\u00e0 fer mitjan\u00e7ant l&#8217;enviament d&#8217;un correu electr\u00f2nic a l&#8217;adre\u00e7a: <a href=\"mailto:info@allotjamentslafont.com\"><span class=\"elementor-icon-list-text\">info@allotjamentslafont.com<\/span><\/a><\/span> <span style=\"text-align: var(--text-align); color: var( --e-global-color-text ); font-family: var( --e-global-typography-text-font-family ), Sans-serif; font-size: var( --e-global-typography-text-font-size ); font-weight: var( --e-global-typography-text-font-weight ); text-transform: var( --e-global-typography-text-text-transform );\">.<\/span><\/p>\n<\/p>\n<h2>Protecci\u00f3 de dades<\/h2>\n<p>En compliment de l&#8217;article 5 de la Llei Org\u00e0nica 17\/1999 de 3 de desembre, de Protecci\u00f3 de Dades de Car\u00e0cter Personal, Allotjaments La Font informa que les dades personals recollides des d&#8217;aquest lloc Web seran tractades amb el m\u00e0xim grau de confidencialitat. Les dades recollides s&#8217;incorporaran als fitxers d&#8217;Allotjaments La Font, i es tractaran d&#8217;acord amb la normativa de protecci\u00f3 de dades i sempre amb garantia del dret d&#8217;intimitat dels clients. Nom\u00e9s seran cedides a empreses del grup Allotjaments La Font, amb la mateixa finalitat d oferir els serveis dels seus establiments. En cap cas seran cedides a tercers sense el consentiment previ de linteressat, excepte en els casos previstos legalment.   <\/p>\n\t\t\t\t\t\t<\/div>\n\t\t\t\t<\/div>\n\t\t\t\t\t<\/div>\n\t\t\t\t<\/div>\n\t\t\t\t\t<\/div>\n\t\t\t\t<\/div>\n\t\t\t\t<\/div>\n\t\t","protected":false},"excerpt":{"rendered":"<p>Pol\u00edtica de privadesa Home Pol\u00edtica de privadesa TEXTOS LEGALS Pol\u00edtica de privadesa d&#8217;Allotjaments La Font Pol\u00edtica de privadesa Allotjaments La Font, a trav\u00e9s de la seva web allotjamentslafont.com sol\u00b7licita a l&#8217;Usuari certes dades de car\u00e0cter personal. Les dades subministrades per l&#8217;Usuari quedaran incorporades a un fitxer automatitzat de dades de car\u00e0cter personal, titularitat d&#8217;Allotjaments La [&hellip;]<\/p>\n","protected":false},"author":4,"featured_media":0,"parent":0,"menu_order":87,"comment_status":"closed","ping_status":"closed","template":"","meta":{"footnotes":""},"class_list":["post-5423","page","type-page","status-publish","hentry"],"yoast_head":"<!-- This site is optimized with the Yoast SEO plugin v23.4 - https:\/\/yoast.com\/wordpress\/plugins\/seo\/ -->\n<title>Pol\u00edtica de privadesa - Allotjaments La Font, Port de la Selva<\/title>\n<meta name=\"description\" content=\"Visita la pol\u00edtica de privadesa a la web d&#039;Allotjaments La Font, al Port de la Selva (Girona), i reserva les teves vacances a la Costa Brava.\" \/>\n<meta name=\"robots\" content=\"noindex, follow\" \/>\n<script type=\"application\/ld+json\" class=\"yoast-schema-graph\">{\"@context\":\"https:\/\/schema.org\",\"@graph\":[{\"@type\":\"WebPage\",\"@id\":\"https:\/\/allotjamentslafont.com\/ca\/politica-de-privacitat\/\",\"url\":\"https:\/\/allotjamentslafont.com\/ca\/politica-de-privacitat\/\",\"name\":\"Pol\u00edtica de privadesa - Allotjaments La Font, Port de la Selva\",\"isPartOf\":{\"@id\":\"https:\/\/allotjamentslafont.com\/ca\/#website\"},\"datePublished\":\"2024-03-07T09:36:45+00:00\",\"dateModified\":\"2026-04-15T13:42:51+00:00\",\"description\":\"Visita la pol\u00edtica de privadesa a la web d'Allotjaments La Font, al Port de la Selva (Girona), i reserva les teves vacances a la Costa Brava.\",\"breadcrumb\":{\"@id\":\"https:\/\/allotjamentslafont.com\/ca\/politica-de-privacitat\/#breadcrumb\"},\"inLanguage\":\"ca-ES\",\"potentialAction\":[{\"@type\":\"ReadAction\",\"target\":[\"https:\/\/allotjamentslafont.com\/ca\/politica-de-privacitat\/\"]}]},{\"@type\":\"BreadcrumbList\",\"@id\":\"https:\/\/allotjamentslafont.com\/ca\/politica-de-privacitat\/#breadcrumb\",\"itemListElement\":[{\"@type\":\"ListItem\",\"position\":1,\"name\":\"Home\",\"item\":\"https:\/\/allotjamentslafont.com\/ca\/\"},{\"@type\":\"ListItem\",\"position\":2,\"name\":\"Pol\u00edtica de privadesa\"}]},{\"@type\":\"WebSite\",\"@id\":\"https:\/\/allotjamentslafont.com\/ca\/#website\",\"url\":\"https:\/\/allotjamentslafont.com\/ca\/\",\"name\":\"Allotjaments La Font\",\"description\":\"\",\"publisher\":{\"@id\":\"https:\/\/allotjamentslafont.com\/ca\/#organization\"},\"potentialAction\":[{\"@type\":\"SearchAction\",\"target\":{\"@type\":\"EntryPoint\",\"urlTemplate\":\"https:\/\/allotjamentslafont.com\/ca\/?s={search_term_string}\"},\"query-input\":{\"@type\":\"PropertyValueSpecification\",\"valueRequired\":true,\"valueName\":\"search_term_string\"}}],\"inLanguage\":\"ca-ES\"},{\"@type\":\"Organization\",\"@id\":\"https:\/\/allotjamentslafont.com\/ca\/#organization\",\"name\":\"Allotjaments La Font\",\"url\":\"https:\/\/allotjamentslafont.com\/ca\/\",\"logo\":{\"@type\":\"ImageObject\",\"inLanguage\":\"ca-ES\",\"@id\":\"https:\/\/allotjamentslafont.com\/ca\/#\/schema\/logo\/image\/\",\"url\":\"https:\/\/allotjamentslafont.com\/wp-content\/uploads\/2024\/02\/Favicon.svg\",\"contentUrl\":\"https:\/\/allotjamentslafont.com\/wp-content\/uploads\/2024\/02\/Favicon.svg\",\"width\":180,\"height\":180,\"caption\":\"Allotjaments La Font\"},\"image\":{\"@id\":\"https:\/\/allotjamentslafont.com\/ca\/#\/schema\/logo\/image\/\"}}]}<\/script>\n<!-- \/ Yoast SEO plugin. -->","yoast_head_json":{"title":"Pol\u00edtica de privadesa - Allotjaments La Font, Port de la Selva","description":"Visita la pol\u00edtica de privadesa a la web d'Allotjaments La Font, al Port de la Selva (Girona), i reserva les teves vacances a la Costa Brava.","robots":{"index":"noindex","follow":"follow"},"schema":{"@context":"https:\/\/schema.org","@graph":[{"@type":"WebPage","@id":"https:\/\/allotjamentslafont.com\/ca\/politica-de-privacitat\/","url":"https:\/\/allotjamentslafont.com\/ca\/politica-de-privacitat\/","name":"Pol\u00edtica de privadesa - Allotjaments La Font, Port de la Selva","isPartOf":{"@id":"https:\/\/allotjamentslafont.com\/ca\/#website"},"datePublished":"2024-03-07T09:36:45+00:00","dateModified":"2026-04-15T13:42:51+00:00","description":"Visita la pol\u00edtica de privadesa a la web d'Allotjaments La Font, al Port de la Selva (Girona), i reserva les teves vacances a la Costa Brava.","breadcrumb":{"@id":"https:\/\/allotjamentslafont.com\/ca\/politica-de-privacitat\/#breadcrumb"},"inLanguage":"ca-ES","potentialAction":[{"@type":"ReadAction","target":["https:\/\/allotjamentslafont.com\/ca\/politica-de-privacitat\/"]}]},{"@type":"BreadcrumbList","@id":"https:\/\/allotjamentslafont.com\/ca\/politica-de-privacitat\/#breadcrumb","itemListElement":[{"@type":"ListItem","position":1,"name":"Home","item":"https:\/\/allotjamentslafont.com\/ca\/"},{"@type":"ListItem","position":2,"name":"Pol\u00edtica de privadesa"}]},{"@type":"WebSite","@id":"https:\/\/allotjamentslafont.com\/ca\/#website","url":"https:\/\/allotjamentslafont.com\/ca\/","name":"Allotjaments La Font","description":"","publisher":{"@id":"https:\/\/allotjamentslafont.com\/ca\/#organization"},"potentialAction":[{"@type":"SearchAction","target":{"@type":"EntryPoint","urlTemplate":"https:\/\/allotjamentslafont.com\/ca\/?s={search_term_string}"},"query-input":{"@type":"PropertyValueSpecification","valueRequired":true,"valueName":"search_term_string"}}],"inLanguage":"ca-ES"},{"@type":"Organization","@id":"https:\/\/allotjamentslafont.com\/ca\/#organization","name":"Allotjaments La Font","url":"https:\/\/allotjamentslafont.com\/ca\/","logo":{"@type":"ImageObject","inLanguage":"ca-ES","@id":"https:\/\/allotjamentslafont.com\/ca\/#\/schema\/logo\/image\/","url":"https:\/\/allotjamentslafont.com\/wp-content\/uploads\/2024\/02\/Favicon.svg","contentUrl":"https:\/\/allotjamentslafont.com\/wp-content\/uploads\/2024\/02\/Favicon.svg","width":180,"height":180,"caption":"Allotjaments La Font"},"image":{"@id":"https:\/\/allotjamentslafont.com\/ca\/#\/schema\/logo\/image\/"}}]}},"_links":{"self":[{"href":"https:\/\/allotjamentslafont.com\/ca\/wp-json\/wp\/v2\/pages\/5423","targetHints":{"allow":["GET"]}}],"collection":[{"href":"https:\/\/allotjamentslafont.com\/ca\/wp-json\/wp\/v2\/pages"}],"about":[{"href":"https:\/\/allotjamentslafont.com\/ca\/wp-json\/wp\/v2\/types\/page"}],"author":[{"embeddable":true,"href":"https:\/\/allotjamentslafont.com\/ca\/wp-json\/wp\/v2\/users\/4"}],"replies":[{"embeddable":true,"href":"https:\/\/allotjamentslafont.com\/ca\/wp-json\/wp\/v2\/comments?post=5423"}],"version-history":[{"count":13,"href":"https:\/\/allotjamentslafont.com\/ca\/wp-json\/wp\/v2\/pages\/5423\/revisions"}],"predecessor-version":[{"id":7590,"href":"https:\/\/allotjamentslafont.com\/ca\/wp-json\/wp\/v2\/pages\/5423\/revisions\/7590"}],"wp:attachment":[{"href":"https:\/\/allotjamentslafont.com\/ca\/wp-json\/wp\/v2\/media?parent=5423"}],"curies":[{"name":"wp","href":"https:\/\/api.w.org\/{rel}","templated":true}]}}