{"id":5435,"date":"2024-05-21T13:47:19","date_gmt":"2024-05-21T11:47:19","guid":{"rendered":"https:\/\/dev-hostallatina.gnahs.com\/pobles\/"},"modified":"2025-05-07T11:37:49","modified_gmt":"2025-05-07T09:37:49","slug":"pobles-amb-encant","status":"publish","type":"page","link":"https:\/\/allotjamentslafont.com\/ca\/el-port-de-la-selva\/pobles-amb-encant\/","title":{"rendered":"Pobles amb encant"},"content":{"rendered":"\t\t<div data-elementor-type=\"wp-page\" data-elementor-id=\"5435\" class=\"elementor elementor-5435 elementor-3070\" data-elementor-post-type=\"page\">\n\t\t\t\t<div class=\"elementor-element elementor-element-2fd9398b e-flex e-con-boxed e-con e-parent\" data-id=\"2fd9398b\" data-element_type=\"container\">\n\t\t\t\t\t<div class=\"e-con-inner\">\n\t\t\t\t<div class=\"elementor-element elementor-element-38186338 elementor-widget elementor-widget-text-editor\" data-id=\"38186338\" data-element_type=\"widget\" data-widget_type=\"text-editor.default\">\n\t\t\t\t<div class=\"elementor-widget-container\">\n\t\t\t\t\t\t\t<h2 class=\"\" style=\"text-align: center;\" data-start=\"144\" data-end=\"234\"><strong data-start=\"147\" data-end=\"234\">Pobles amb encant a prop d&#8217;El Port de la Selva<\/strong><\/h2>\n<p class=\"\" data-start=\"236\" data-end=\"593\"><strong>El<\/strong> <strong>Port de la Selva<\/strong> \u00e9s molt m\u00e9s que un bonic poble costaner: \u00e9s el punt de partida perfecte per descobrir altres racons amb personalitat pr\u00f2pia a l\u2019<strong>Alt Empord\u00e0<\/strong>. Des de la costa fins a l\u2019interior, aquesta regi\u00f3 de la <strong>Costa Brava<\/strong> \u00e9s plena de pobles que conserven la seva ess\u00e8ncia, on la hist\u00f2ria, la gastronomia i la natura es combinen en cada visita. <\/p>\n<h3 class=\"\" data-start=\"595\" data-end=\"660\"><strong data-start=\"599\" data-end=\"660\">El Port de la Selva: autenticitat marinera en estat pur<\/strong><\/h3>\n<p class=\"\" data-start=\"662\" data-end=\"1081\">Envoltat pel mar i la muntanya, El Port de la Selva \u00e9s un poble de pescadors que ha sabut mantenir la seva identitat al llarg del temps. Les cases blanques, el petit port i l&#8217;ambient tranquil el converteixen en una desfontci\u00f3 ideal per desconnectar i gaudir del Mediterrani. Aqu\u00ed pots passejar a la vora del mar, assaborir productes frescos del dia i descobrir paratges \u00fanics dins del <strong>Parc Natural del Cap de Creus<\/strong>.  <\/p>\n<h3 data-start=\"1083\" data-end=\"1126\"> <\/h3>\n<h3 class=\"\" data-start=\"1083\" data-end=\"1126\"><strong data-start=\"1087\" data-end=\"1126\">Cadaqu\u00e9s: art i m\u00e0gia al costat del mar<\/strong><\/h3>\n<p class=\"\" data-start=\"1128\" data-end=\"1474\">A uns 30 minuts per carretera, <strong data-start=\"1161\" data-end=\"1173\">Cadaqu\u00e9s<\/strong> \u00e9s un dels pobles m\u00e9s ic\u00f2nics de la Costa Brava. Fam\u00f3s per la seva bellesa blanca, els seus carrers empedrats i la seva relaci\u00f3 amb <strong>Salvador Dal\u00ed<\/strong>, aquest rac\u00f3 m\u00e0gic ha estat refugi d&#8217;artistes i inspiraci\u00f3 per a generacions. El seu aire bohemi, les cales petites i l&#8217;ambient cultural el fan irresistible.  <\/p>\n<h3 data-start=\"1476\" data-end=\"1525\"> <\/h3>\n<h3 class=\"\" data-start=\"1476\" data-end=\"1525\"><strong data-start=\"1480\" data-end=\"1525\">Llan\u00e7\u00e0: platges, senderisme i tranquil\u00b7litat<\/strong><\/h3>\n<p class=\"\" data-start=\"1527\" data-end=\"1827\">Molt a prop d&#8217;El Port de la Selva, <strong data-start=\"1561\" data-end=\"1571\">Llan\u00e7\u00e0 <\/strong>combina natura, cultura i tradici\u00f3. Les seves platges, ideals per a fam\u00edlies, conviuen amb rutes de senderisme que s&#8217;endinsen al Cap de Creus. Tamb\u00e9 podr\u00e0s visitar el port, el nucli antic i gaudir d&#8217;una gastronomia amb fort arrelament mariner.  <\/p>\n<h3 data-start=\"1829\" data-end=\"1875\"> <\/h3>\n<h3 class=\"\" data-start=\"1829\" data-end=\"1875\"><strong data-start=\"1833\" data-end=\"1875\">Vilaju\u00efga: vi, hist\u00f2ria i territori<\/strong><\/h3>\n<p class=\"\" data-start=\"1877\" data-end=\"2205\">A l&#8217;interior, <strong data-start=\"1893\" data-end=\"1906\">Vilaju\u00efga<\/strong> destaca pels cellers i la hist\u00f2ria lligada a l&#8217;aigua mineral. Envoltat de natura i cultura megal\u00edtica, aquest municipi \u00e9s perfecte per als amants del vi, l&#8217;arqueologia i la tranquil\u00b7litat rural. A m\u00e9s, \u00e9s un excel\u00b7lent punt de partida per visitar el monestir de <strong>Sant Pere de Rodes<\/strong>.  <\/p>\n<h3 data-start=\"2207\" data-end=\"2256\"> <\/h3>\n<h3 class=\"\" data-start=\"2207\" data-end=\"2256\"><strong data-start=\"2211\" data-end=\"2256\">Peralada: eleg\u00e0ncia medieval i enoturisme<\/strong><\/h3>\n<p class=\"\" data-start=\"2258\" data-end=\"2592\">A uns 40 minuts d&#8217;El Port de la Selva, <strong data-start=\"2300\" data-end=\"2312\">Peralada<\/strong> \u00e9s sin\u00f2nim d&#8217;hist\u00f2ria, vi i cultura. El seu castell, que acull un dels festivals de m\u00fasica m\u00e9s prestigiosos del pa\u00eds, acull tamb\u00e9 un casino, jardins i una important col\u00b7lecci\u00f3 art\u00edstica. El nucli antic convida a perdre&#8217;s entre carrers medievals i terrasses amb encant.  <\/p>\n<p class=\"\" data-start=\"2650\" data-end=\"2920\">Allotjar-se a <strong data-start=\"2662\" data-end=\"2673\">Allotjaments La Font<\/strong> et permet explorar tots aquests pobles amb calma, gaudint del ritme pausat de l&#8217;Empord\u00e0 i de la riquesa cultural, natural i gastron\u00f2mica de la zona. Cada dia pot ser una nova excursi\u00f3, un nou paisatge i una nova hist\u00f2ria per descobrir. <\/p>\n<p data-start=\"2650\" data-end=\"2920\"><img fetchpriority=\"high\" decoding=\"async\" class=\"aligncenter wp-image-5151 size-full\" src=\"https:\/\/allotjamentslafont.com\/wp-content\/uploads\/2025\/04\/cadaques-pueblos-costa-brava-la-font-port-de-la-seva-scaled.jpg\" alt=\"\" width=\"2560\" height=\"1707\" srcset=\"https:\/\/allotjamentslafont.com\/wp-content\/uploads\/2025\/04\/cadaques-pueblos-costa-brava-la-font-port-de-la-seva-scaled.jpg 2560w, https:\/\/allotjamentslafont.com\/wp-content\/uploads\/2025\/04\/cadaques-pueblos-costa-brava-la-font-port-de-la-seva-300x200.jpg 300w, https:\/\/allotjamentslafont.com\/wp-content\/uploads\/2025\/04\/cadaques-pueblos-costa-brava-la-font-port-de-la-seva-1024x683.jpg 1024w, https:\/\/allotjamentslafont.com\/wp-content\/uploads\/2025\/04\/cadaques-pueblos-costa-brava-la-font-port-de-la-seva-768x512.jpg 768w, https:\/\/allotjamentslafont.com\/wp-content\/uploads\/2025\/04\/cadaques-pueblos-costa-brava-la-font-port-de-la-seva-1536x1024.jpg 1536w, https:\/\/allotjamentslafont.com\/wp-content\/uploads\/2025\/04\/cadaques-pueblos-costa-brava-la-font-port-de-la-seva-2048x1365.jpg 2048w\" sizes=\"(max-width: 2560px) 100vw, 2560px\" \/><\/p>\n\t\t\t\t\t\t<\/div>\n\t\t\t\t<\/div>\n\t\t\t\t\t<\/div>\n\t\t\t\t<\/div>\n\t\t\t\t<\/div>\n\t\t","protected":false},"excerpt":{"rendered":"<p>Pobles amb encant a prop d&#8217;El Port de la Selva El Port de la Selva \u00e9s molt m\u00e9s que un bonic poble costaner: \u00e9s el punt de partida perfecte per descobrir altres racons amb personalitat pr\u00f2pia a l\u2019Alt Empord\u00e0. Des de la costa fins a l\u2019interior, aquesta regi\u00f3 de la Costa Brava \u00e9s plena de [&hellip;]<\/p>\n","protected":false},"author":4,"featured_media":5159,"parent":5453,"menu_order":1,"comment_status":"closed","ping_status":"closed","template":"","meta":{"footnotes":""},"class_list":["post-5435","page","type-page","status-publish","has-post-thumbnail","hentry"],"yoast_head":"<!-- This site is optimized with the Yoast SEO plugin v23.4 - https:\/\/yoast.com\/wordpress\/plugins\/seo\/ -->\n<title>Pobles - Allotjaments La Font, El Port de la Selva (Girona)<\/title>\n<meta name=\"description\" content=\"Descobreix els pobles de la Costa Brava al web d&#039;Allotjaments La Font: El Port de la Selva, Cadaqu\u00e9s, Girona, Figueres, Roses, Besal\u00fa, L&#039;Escala\u2026\" \/>\n<meta name=\"robots\" content=\"index, follow, max-snippet:-1, max-image-preview:large, max-video-preview:-1\" \/>\n<link rel=\"canonical\" href=\"https:\/\/allotjamentslafont.com\/ca\/el-port-de-la-selva\/pobles-amb-encant\/\" \/>\n<script type=\"application\/ld+json\" class=\"yoast-schema-graph\">{\"@context\":\"https:\/\/schema.org\",\"@graph\":[{\"@type\":\"WebPage\",\"@id\":\"https:\/\/allotjamentslafont.com\/ca\/el-port-de-la-selva\/pobles-amb-encant\/\",\"url\":\"https:\/\/allotjamentslafont.com\/ca\/el-port-de-la-selva\/pobles-amb-encant\/\",\"name\":\"Pobles - Allotjaments La Font, El Port de la Selva (Girona)\",\"isPartOf\":{\"@id\":\"https:\/\/allotjamentslafont.com\/ca\/#website\"},\"primaryImageOfPage\":{\"@id\":\"https:\/\/allotjamentslafont.com\/ca\/el-port-de-la-selva\/pobles-amb-encant\/#primaryimage\"},\"image\":{\"@id\":\"https:\/\/allotjamentslafont.com\/ca\/el-port-de-la-selva\/pobles-amb-encant\/#primaryimage\"},\"thumbnailUrl\":\"https:\/\/allotjamentslafont.com\/wp-content\/uploads\/2025\/04\/pueblos-costa.brava-la-font-port-de-la-selva-scaled.jpg\",\"datePublished\":\"2024-05-21T11:47:19+00:00\",\"dateModified\":\"2025-05-07T09:37:49+00:00\",\"description\":\"Descobreix els pobles de la Costa Brava al web d'Allotjaments La Font: El Port de la Selva, Cadaqu\u00e9s, Girona, Figueres, Roses, Besal\u00fa, L'Escala\u2026\",\"breadcrumb\":{\"@id\":\"https:\/\/allotjamentslafont.com\/ca\/el-port-de-la-selva\/pobles-amb-encant\/#breadcrumb\"},\"inLanguage\":\"ca-ES\",\"potentialAction\":[{\"@type\":\"ReadAction\",\"target\":[\"https:\/\/allotjamentslafont.com\/ca\/el-port-de-la-selva\/pobles-amb-encant\/\"]}]},{\"@type\":\"ImageObject\",\"inLanguage\":\"ca-ES\",\"@id\":\"https:\/\/allotjamentslafont.com\/ca\/el-port-de-la-selva\/pobles-amb-encant\/#primaryimage\",\"url\":\"https:\/\/allotjamentslafont.com\/wp-content\/uploads\/2025\/04\/pueblos-costa.brava-la-font-port-de-la-selva-scaled.jpg\",\"contentUrl\":\"https:\/\/allotjamentslafont.com\/wp-content\/uploads\/2025\/04\/pueblos-costa.brava-la-font-port-de-la-selva-scaled.jpg\",\"width\":2560,\"height\":1700},{\"@type\":\"BreadcrumbList\",\"@id\":\"https:\/\/allotjamentslafont.com\/ca\/el-port-de-la-selva\/pobles-amb-encant\/#breadcrumb\",\"itemListElement\":[{\"@type\":\"ListItem\",\"position\":1,\"name\":\"Home\",\"item\":\"https:\/\/allotjamentslafont.com\/ca\/\"},{\"@type\":\"ListItem\",\"position\":2,\"name\":\"El Port de la Selva\",\"item\":\"https:\/\/allotjamentslafont.com\/ca\/el-port-de-la-selva\/\"},{\"@type\":\"ListItem\",\"position\":3,\"name\":\"Pobles amb encant\"}]},{\"@type\":\"WebSite\",\"@id\":\"https:\/\/allotjamentslafont.com\/ca\/#website\",\"url\":\"https:\/\/allotjamentslafont.com\/ca\/\",\"name\":\"Allotjaments La Font\",\"description\":\"\",\"publisher\":{\"@id\":\"https:\/\/allotjamentslafont.com\/ca\/#organization\"},\"potentialAction\":[{\"@type\":\"SearchAction\",\"target\":{\"@type\":\"EntryPoint\",\"urlTemplate\":\"https:\/\/allotjamentslafont.com\/ca\/?s={search_term_string}\"},\"query-input\":{\"@type\":\"PropertyValueSpecification\",\"valueRequired\":true,\"valueName\":\"search_term_string\"}}],\"inLanguage\":\"ca-ES\"},{\"@type\":\"Organization\",\"@id\":\"https:\/\/allotjamentslafont.com\/ca\/#organization\",\"name\":\"Allotjaments La Font\",\"url\":\"https:\/\/allotjamentslafont.com\/ca\/\",\"logo\":{\"@type\":\"ImageObject\",\"inLanguage\":\"ca-ES\",\"@id\":\"https:\/\/allotjamentslafont.com\/ca\/#\/schema\/logo\/image\/\",\"url\":\"https:\/\/allotjamentslafont.com\/wp-content\/uploads\/2024\/02\/Favicon.svg\",\"contentUrl\":\"https:\/\/allotjamentslafont.com\/wp-content\/uploads\/2024\/02\/Favicon.svg\",\"width\":180,\"height\":180,\"caption\":\"Allotjaments La Font\"},\"image\":{\"@id\":\"https:\/\/allotjamentslafont.com\/ca\/#\/schema\/logo\/image\/\"}}]}<\/script>\n<!-- \/ Yoast SEO plugin. -->","yoast_head_json":{"title":"Pobles - Allotjaments La Font, El Port de la Selva (Girona)","description":"Descobreix els pobles de la Costa Brava al web d'Allotjaments La Font: El Port de la Selva, Cadaqu\u00e9s, Girona, Figueres, Roses, Besal\u00fa, L'Escala\u2026","robots":{"index":"index","follow":"follow","max-snippet":"max-snippet:-1","max-image-preview":"max-image-preview:large","max-video-preview":"max-video-preview:-1"},"canonical":"https:\/\/allotjamentslafont.com\/ca\/el-port-de-la-selva\/pobles-amb-encant\/","schema":{"@context":"https:\/\/schema.org","@graph":[{"@type":"WebPage","@id":"https:\/\/allotjamentslafont.com\/ca\/el-port-de-la-selva\/pobles-amb-encant\/","url":"https:\/\/allotjamentslafont.com\/ca\/el-port-de-la-selva\/pobles-amb-encant\/","name":"Pobles - Allotjaments La Font, El Port de la Selva (Girona)","isPartOf":{"@id":"https:\/\/allotjamentslafont.com\/ca\/#website"},"primaryImageOfPage":{"@id":"https:\/\/allotjamentslafont.com\/ca\/el-port-de-la-selva\/pobles-amb-encant\/#primaryimage"},"image":{"@id":"https:\/\/allotjamentslafont.com\/ca\/el-port-de-la-selva\/pobles-amb-encant\/#primaryimage"},"thumbnailUrl":"https:\/\/allotjamentslafont.com\/wp-content\/uploads\/2025\/04\/pueblos-costa.brava-la-font-port-de-la-selva-scaled.jpg","datePublished":"2024-05-21T11:47:19+00:00","dateModified":"2025-05-07T09:37:49+00:00","description":"Descobreix els pobles de la Costa Brava al web d'Allotjaments La Font: El Port de la Selva, Cadaqu\u00e9s, Girona, Figueres, Roses, Besal\u00fa, L'Escala\u2026","breadcrumb":{"@id":"https:\/\/allotjamentslafont.com\/ca\/el-port-de-la-selva\/pobles-amb-encant\/#breadcrumb"},"inLanguage":"ca-ES","potentialAction":[{"@type":"ReadAction","target":["https:\/\/allotjamentslafont.com\/ca\/el-port-de-la-selva\/pobles-amb-encant\/"]}]},{"@type":"ImageObject","inLanguage":"ca-ES","@id":"https:\/\/allotjamentslafont.com\/ca\/el-port-de-la-selva\/pobles-amb-encant\/#primaryimage","url":"https:\/\/allotjamentslafont.com\/wp-content\/uploads\/2025\/04\/pueblos-costa.brava-la-font-port-de-la-selva-scaled.jpg","contentUrl":"https:\/\/allotjamentslafont.com\/wp-content\/uploads\/2025\/04\/pueblos-costa.brava-la-font-port-de-la-selva-scaled.jpg","width":2560,"height":1700},{"@type":"BreadcrumbList","@id":"https:\/\/allotjamentslafont.com\/ca\/el-port-de-la-selva\/pobles-amb-encant\/#breadcrumb","itemListElement":[{"@type":"ListItem","position":1,"name":"Home","item":"https:\/\/allotjamentslafont.com\/ca\/"},{"@type":"ListItem","position":2,"name":"El Port de la Selva","item":"https:\/\/allotjamentslafont.com\/ca\/el-port-de-la-selva\/"},{"@type":"ListItem","position":3,"name":"Pobles amb encant"}]},{"@type":"WebSite","@id":"https:\/\/allotjamentslafont.com\/ca\/#website","url":"https:\/\/allotjamentslafont.com\/ca\/","name":"Allotjaments La Font","description":"","publisher":{"@id":"https:\/\/allotjamentslafont.com\/ca\/#organization"},"potentialAction":[{"@type":"SearchAction","target":{"@type":"EntryPoint","urlTemplate":"https:\/\/allotjamentslafont.com\/ca\/?s={search_term_string}"},"query-input":{"@type":"PropertyValueSpecification","valueRequired":true,"valueName":"search_term_string"}}],"inLanguage":"ca-ES"},{"@type":"Organization","@id":"https:\/\/allotjamentslafont.com\/ca\/#organization","name":"Allotjaments La Font","url":"https:\/\/allotjamentslafont.com\/ca\/","logo":{"@type":"ImageObject","inLanguage":"ca-ES","@id":"https:\/\/allotjamentslafont.com\/ca\/#\/schema\/logo\/image\/","url":"https:\/\/allotjamentslafont.com\/wp-content\/uploads\/2024\/02\/Favicon.svg","contentUrl":"https:\/\/allotjamentslafont.com\/wp-content\/uploads\/2024\/02\/Favicon.svg","width":180,"height":180,"caption":"Allotjaments La Font"},"image":{"@id":"https:\/\/allotjamentslafont.com\/ca\/#\/schema\/logo\/image\/"}}]}},"_links":{"self":[{"href":"https:\/\/allotjamentslafont.com\/ca\/wp-json\/wp\/v2\/pages\/5435","targetHints":{"allow":["GET"]}}],"collection":[{"href":"https:\/\/allotjamentslafont.com\/ca\/wp-json\/wp\/v2\/pages"}],"about":[{"href":"https:\/\/allotjamentslafont.com\/ca\/wp-json\/wp\/v2\/types\/page"}],"author":[{"embeddable":true,"href":"https:\/\/allotjamentslafont.com\/ca\/wp-json\/wp\/v2\/users\/4"}],"replies":[{"embeddable":true,"href":"https:\/\/allotjamentslafont.com\/ca\/wp-json\/wp\/v2\/comments?post=5435"}],"version-history":[{"count":10,"href":"https:\/\/allotjamentslafont.com\/ca\/wp-json\/wp\/v2\/pages\/5435\/revisions"}],"predecessor-version":[{"id":7251,"href":"https:\/\/allotjamentslafont.com\/ca\/wp-json\/wp\/v2\/pages\/5435\/revisions\/7251"}],"up":[{"embeddable":true,"href":"https:\/\/allotjamentslafont.com\/ca\/wp-json\/wp\/v2\/pages\/5453"}],"wp:featuredmedia":[{"embeddable":true,"href":"https:\/\/allotjamentslafont.com\/ca\/wp-json\/wp\/v2\/media\/5159"}],"wp:attachment":[{"href":"https:\/\/allotjamentslafont.com\/ca\/wp-json\/wp\/v2\/media?parent=5435"}],"curies":[{"name":"wp","href":"https:\/\/api.w.org\/{rel}","templated":true}]}}