{"id":5441,"date":"2025-04-02T13:35:44","date_gmt":"2025-04-02T11:35:44","guid":{"rendered":"https:\/\/dev-hostallatina.gnahs.com\/natura\/"},"modified":"2025-04-29T09:51:28","modified_gmt":"2025-04-29T07:51:28","slug":"natura","status":"publish","type":"page","link":"https:\/\/allotjamentslafont.com\/ca\/el-port-de-la-selva\/natura\/","title":{"rendered":"Natura"},"content":{"rendered":"\t\t<div data-elementor-type=\"wp-page\" data-elementor-id=\"5441\" class=\"elementor elementor-5441 elementor-4899\" data-elementor-post-type=\"page\">\n\t\t\t\t<div class=\"elementor-element elementor-element-2fd9398b e-flex e-con-boxed e-con e-parent\" data-id=\"2fd9398b\" data-element_type=\"container\">\n\t\t\t\t\t<div class=\"e-con-inner\">\n\t\t\t\t<div class=\"elementor-element elementor-element-38186338 elementor-widget elementor-widget-text-editor\" data-id=\"38186338\" data-element_type=\"widget\" data-widget_type=\"text-editor.default\">\n\t\t\t\t<div class=\"elementor-widget-container\">\n\t\t\t\t\t\t\t<h2 class=\"\" style=\"text-align: center;\" data-start=\"197\" data-end=\"264\"><strong data-start=\"200\" data-end=\"264\">Naturalesa a El Port de la Selva<\/strong><\/h2>\n<p class=\"\" data-start=\"266\" data-end=\"573\"><strong>El Port de la Selva<\/strong> \u00e9s un dels racons m\u00e9s aut\u00e8ntics de la Costa Brava, on la <strong data-start=\"352\" data-end=\"392\">natura es mostra en estat pur<\/strong>. Envoltat pel <strong data-start=\"409\" data-end=\"444\">Parc Natural del Cap de Creus<\/strong>, aquest petit poble de pescadors \u00e9s un parad\u00eds pels amants de l&#8217;aire lliure, la tranquil\u00b7litat i els paisatges espectaculars. <\/p>\n<h3 class=\"\" data-start=\"575\" data-end=\"632\"><strong data-start=\"579\" data-end=\"632\">Cap de Creus: un paisatge \u00fanic a la Mediterr\u00e0nia<\/strong><\/h3>\n<p class=\"\" data-start=\"634\" data-end=\"1088\">El Port de la Selva forma part del <strong data-start=\"670\" data-end=\"704\">Parc Natural del Cap de Creus<\/strong>, el primer parc natural maritimoterrestre de Catalunya. Aqu\u00ed, els camins s&#8217;obren entre penya-segats, cales amagades, formacions rocoses capritxoses i vegetaci\u00f3 t\u00edpica del litoral mediterrani. El contrast entre el mar i la muntanya crea un paisatge salvatge i alhora delicat, perfecte per explorar a peu, amb bicicleta o simplement deixar-se endur pel silenci i la brisa.  <\/p>\n<h3 class=\"\" data-start=\"1090\" data-end=\"1135\"><strong data-start=\"1094\" data-end=\"1135\">Rutes de senderisme amb vistes al mar<\/strong><\/h3>\n<p class=\"\" data-start=\"1137\" data-end=\"1490\">Des del mateix poble surten nombroses <strong data-start=\"1176\" data-end=\"1199\">rutes de senderisme<\/strong> que permeten descobrir la zona a un ritme pausat. Alguns dels camins m\u00e9s populars s\u00f3n els que porten fins al <strong data-start=\"1316\" data-end=\"1352\">Monestir de Sant Pere de Rodes<\/strong>, amb vistes panor\u00e0miques al golf de Roses, o els que voregen la costa fins a cales tranquil\u00b7les com <strong data-start=\"1451\" data-end=\"1469\">Cala Tavallera<\/strong> o <strong data-start=\"1472\" data-end=\"1489\">Cala Tamariua<\/strong>. <\/p>\n<p class=\"\" data-start=\"1492\" data-end=\"1746\">Cada sender ofereix una experi\u00e8ncia diferent: caminades suaus amb vistes al mar, trams entre vinyes i oliverars, o recorreguts m\u00e9s exigents per als aventurers. Tothom, aix\u00f2 s\u00ed, comparteix una mateixa recompensa: la <strong data-start=\"1705\" data-end=\"1745\">bellesa natural i la pau de l&#8217;entorn<\/strong>. <\/p>\n<h3 class=\"\" data-start=\"1748\" data-end=\"1787\"><strong data-start=\"1752\" data-end=\"1787\">Platges i cales per desconnectar<\/strong><\/h3>\n<p class=\"\" data-start=\"1789\" data-end=\"2132\">El litoral d&#8217;El Port de la Selva est\u00e0 esquitxat de <strong data-start=\"1841\" data-end=\"1859\">platges i cales<\/strong> que en conserven el car\u00e0cter natural. Algunes s\u00f3n accessibles a peu o amb cotxe, i d&#8217;altres requereixen una mica d&#8217;aventura per arribar-hi, per\u00f2 sempre val la pena. Lluny de l&#8217;enrenou, s\u00f3n llocs ideals per nedar, prendre el sol o simplement escoltar el so del mar.  <\/p>\n<h3 class=\"\" data-start=\"2134\" data-end=\"2177\"><strong data-start=\"2138\" data-end=\"2177\">Un dest\u00ed per respirar natura<\/strong><\/h3>\n<p class=\"\" data-start=\"2179\" data-end=\"2495\">Allotjar-se a <strong data-start=\"2191\" data-end=\"2202\">Allotjaments La Font<\/strong> et situa a poca dist\u00e0ncia a peu d&#8217;aquest parad\u00eds natural. Ja sigui per caminar pels senders del Cap de Creus, descobrir petites cales o contemplar la sortida del sol des del passeig mar\u00edtim, El Port de la Selva \u00e9s una desfontci\u00f3 que convida a <strong data-start=\"2438\" data-end=\"2495\">desconnectar, respirar i reconnectar amb la natura.<\/strong> <\/p>\n<p><\/p>\n<p data-start=\"2179\" data-end=\"2495\"><img fetchpriority=\"high\" decoding=\"async\" class=\"aligncenter wp-image-5166 size-full\" src=\"https:\/\/allotjamentslafont.com\/wp-content\/uploads\/2025\/04\/camino-de-ronda-port-de-la-selva-la-font-costa-brava-scaled.jpg\" alt=\"\" width=\"2560\" height=\"1707\" srcset=\"https:\/\/allotjamentslafont.com\/wp-content\/uploads\/2025\/04\/camino-de-ronda-port-de-la-selva-la-font-costa-brava-scaled.jpg 2560w, https:\/\/allotjamentslafont.com\/wp-content\/uploads\/2025\/04\/camino-de-ronda-port-de-la-selva-la-font-costa-brava-300x200.jpg 300w, https:\/\/allotjamentslafont.com\/wp-content\/uploads\/2025\/04\/camino-de-ronda-port-de-la-selva-la-font-costa-brava-1024x683.jpg 1024w, https:\/\/allotjamentslafont.com\/wp-content\/uploads\/2025\/04\/camino-de-ronda-port-de-la-selva-la-font-costa-brava-768x512.jpg 768w, https:\/\/allotjamentslafont.com\/wp-content\/uploads\/2025\/04\/camino-de-ronda-port-de-la-selva-la-font-costa-brava-1536x1024.jpg 1536w, https:\/\/allotjamentslafont.com\/wp-content\/uploads\/2025\/04\/camino-de-ronda-port-de-la-selva-la-font-costa-brava-2048x1365.jpg 2048w\" sizes=\"(max-width: 2560px) 100vw, 2560px\" \/><\/p>\t\t\t\t\t\t<\/div>\n\t\t\t\t<\/div>\n\t\t\t\t\t<\/div>\n\t\t\t\t<\/div>\n\t\t\t\t<\/div>\n\t\t","protected":false},"excerpt":{"rendered":"<p>Naturalesa a El Port de la Selva El Port de la Selva \u00e9s un dels racons m\u00e9s aut\u00e8ntics de la Costa Brava, on la natura es mostra en estat pur. Envoltat pel Parc Natural del Cap de Creus, aquest petit poble de pescadors \u00e9s un parad\u00eds pels amants de l&#8217;aire lliure, la tranquil\u00b7litat i els [&hellip;]<\/p>\n","protected":false},"author":5,"featured_media":5174,"parent":5453,"menu_order":1,"comment_status":"closed","ping_status":"closed","template":"","meta":{"footnotes":""},"class_list":["post-5441","page","type-page","status-publish","has-post-thumbnail","hentry"],"yoast_head":"<!-- This site is optimized with the Yoast SEO plugin v23.4 - https:\/\/yoast.com\/wordpress\/plugins\/seo\/ -->\n<title>Naturalesa - Allotjaments La Font, El Port de la Selva (Girona)<\/title>\n<meta name=\"description\" content=\"Descobreix la natura de la Costa Brava al web de Allotjaments La Font, a El Port de la Selva: Cap de Creus, Aiguamolls de l&#039;Empord\u00e0, Serra de l&#039;Albera\u2026\" \/>\n<meta name=\"robots\" content=\"index, follow, max-snippet:-1, max-image-preview:large, max-video-preview:-1\" \/>\n<link rel=\"canonical\" href=\"https:\/\/allotjamentslafont.com\/ca\/el-port-de-la-selva\/natura\/\" \/>\n<script type=\"application\/ld+json\" class=\"yoast-schema-graph\">{\"@context\":\"https:\/\/schema.org\",\"@graph\":[{\"@type\":\"WebPage\",\"@id\":\"https:\/\/allotjamentslafont.com\/ca\/el-port-de-la-selva\/natura\/\",\"url\":\"https:\/\/allotjamentslafont.com\/ca\/el-port-de-la-selva\/natura\/\",\"name\":\"Naturalesa - Allotjaments La Font, El Port de la Selva (Girona)\",\"isPartOf\":{\"@id\":\"https:\/\/allotjamentslafont.com\/ca\/#website\"},\"primaryImageOfPage\":{\"@id\":\"https:\/\/allotjamentslafont.com\/ca\/el-port-de-la-selva\/natura\/#primaryimage\"},\"image\":{\"@id\":\"https:\/\/allotjamentslafont.com\/ca\/el-port-de-la-selva\/natura\/#primaryimage\"},\"thumbnailUrl\":\"https:\/\/allotjamentslafont.com\/wp-content\/uploads\/2025\/04\/cap-de-creus-port-de-la-selva-naturaleza-la-font-costa-brava-scaled.jpg\",\"datePublished\":\"2025-04-02T11:35:44+00:00\",\"dateModified\":\"2025-04-29T07:51:28+00:00\",\"description\":\"Descobreix la natura de la Costa Brava al web de Allotjaments La Font, a El Port de la Selva: Cap de Creus, Aiguamolls de l'Empord\u00e0, Serra de l'Albera\u2026\",\"breadcrumb\":{\"@id\":\"https:\/\/allotjamentslafont.com\/ca\/el-port-de-la-selva\/natura\/#breadcrumb\"},\"inLanguage\":\"ca-ES\",\"potentialAction\":[{\"@type\":\"ReadAction\",\"target\":[\"https:\/\/allotjamentslafont.com\/ca\/el-port-de-la-selva\/natura\/\"]}]},{\"@type\":\"ImageObject\",\"inLanguage\":\"ca-ES\",\"@id\":\"https:\/\/allotjamentslafont.com\/ca\/el-port-de-la-selva\/natura\/#primaryimage\",\"url\":\"https:\/\/allotjamentslafont.com\/wp-content\/uploads\/2025\/04\/cap-de-creus-port-de-la-selva-naturaleza-la-font-costa-brava-scaled.jpg\",\"contentUrl\":\"https:\/\/allotjamentslafont.com\/wp-content\/uploads\/2025\/04\/cap-de-creus-port-de-la-selva-naturaleza-la-font-costa-brava-scaled.jpg\",\"width\":2560,\"height\":1920},{\"@type\":\"BreadcrumbList\",\"@id\":\"https:\/\/allotjamentslafont.com\/ca\/el-port-de-la-selva\/natura\/#breadcrumb\",\"itemListElement\":[{\"@type\":\"ListItem\",\"position\":1,\"name\":\"Home\",\"item\":\"https:\/\/allotjamentslafont.com\/ca\/\"},{\"@type\":\"ListItem\",\"position\":2,\"name\":\"El Port de la Selva\",\"item\":\"https:\/\/allotjamentslafont.com\/ca\/el-port-de-la-selva\/\"},{\"@type\":\"ListItem\",\"position\":3,\"name\":\"Natura\"}]},{\"@type\":\"WebSite\",\"@id\":\"https:\/\/allotjamentslafont.com\/ca\/#website\",\"url\":\"https:\/\/allotjamentslafont.com\/ca\/\",\"name\":\"Allotjaments La Font\",\"description\":\"\",\"publisher\":{\"@id\":\"https:\/\/allotjamentslafont.com\/ca\/#organization\"},\"potentialAction\":[{\"@type\":\"SearchAction\",\"target\":{\"@type\":\"EntryPoint\",\"urlTemplate\":\"https:\/\/allotjamentslafont.com\/ca\/?s={search_term_string}\"},\"query-input\":{\"@type\":\"PropertyValueSpecification\",\"valueRequired\":true,\"valueName\":\"search_term_string\"}}],\"inLanguage\":\"ca-ES\"},{\"@type\":\"Organization\",\"@id\":\"https:\/\/allotjamentslafont.com\/ca\/#organization\",\"name\":\"Allotjaments La Font\",\"url\":\"https:\/\/allotjamentslafont.com\/ca\/\",\"logo\":{\"@type\":\"ImageObject\",\"inLanguage\":\"ca-ES\",\"@id\":\"https:\/\/allotjamentslafont.com\/ca\/#\/schema\/logo\/image\/\",\"url\":\"https:\/\/allotjamentslafont.com\/wp-content\/uploads\/2024\/02\/Favicon.svg\",\"contentUrl\":\"https:\/\/allotjamentslafont.com\/wp-content\/uploads\/2024\/02\/Favicon.svg\",\"width\":180,\"height\":180,\"caption\":\"Allotjaments La Font\"},\"image\":{\"@id\":\"https:\/\/allotjamentslafont.com\/ca\/#\/schema\/logo\/image\/\"}}]}<\/script>\n<!-- \/ Yoast SEO plugin. -->","yoast_head_json":{"title":"Naturalesa - Allotjaments La Font, El Port de la Selva (Girona)","description":"Descobreix la natura de la Costa Brava al web de Allotjaments La Font, a El Port de la Selva: Cap de Creus, Aiguamolls de l'Empord\u00e0, Serra de l'Albera\u2026","robots":{"index":"index","follow":"follow","max-snippet":"max-snippet:-1","max-image-preview":"max-image-preview:large","max-video-preview":"max-video-preview:-1"},"canonical":"https:\/\/allotjamentslafont.com\/ca\/el-port-de-la-selva\/natura\/","schema":{"@context":"https:\/\/schema.org","@graph":[{"@type":"WebPage","@id":"https:\/\/allotjamentslafont.com\/ca\/el-port-de-la-selva\/natura\/","url":"https:\/\/allotjamentslafont.com\/ca\/el-port-de-la-selva\/natura\/","name":"Naturalesa - Allotjaments La Font, El Port de la Selva (Girona)","isPartOf":{"@id":"https:\/\/allotjamentslafont.com\/ca\/#website"},"primaryImageOfPage":{"@id":"https:\/\/allotjamentslafont.com\/ca\/el-port-de-la-selva\/natura\/#primaryimage"},"image":{"@id":"https:\/\/allotjamentslafont.com\/ca\/el-port-de-la-selva\/natura\/#primaryimage"},"thumbnailUrl":"https:\/\/allotjamentslafont.com\/wp-content\/uploads\/2025\/04\/cap-de-creus-port-de-la-selva-naturaleza-la-font-costa-brava-scaled.jpg","datePublished":"2025-04-02T11:35:44+00:00","dateModified":"2025-04-29T07:51:28+00:00","description":"Descobreix la natura de la Costa Brava al web de Allotjaments La Font, a El Port de la Selva: Cap de Creus, Aiguamolls de l'Empord\u00e0, Serra de l'Albera\u2026","breadcrumb":{"@id":"https:\/\/allotjamentslafont.com\/ca\/el-port-de-la-selva\/natura\/#breadcrumb"},"inLanguage":"ca-ES","potentialAction":[{"@type":"ReadAction","target":["https:\/\/allotjamentslafont.com\/ca\/el-port-de-la-selva\/natura\/"]}]},{"@type":"ImageObject","inLanguage":"ca-ES","@id":"https:\/\/allotjamentslafont.com\/ca\/el-port-de-la-selva\/natura\/#primaryimage","url":"https:\/\/allotjamentslafont.com\/wp-content\/uploads\/2025\/04\/cap-de-creus-port-de-la-selva-naturaleza-la-font-costa-brava-scaled.jpg","contentUrl":"https:\/\/allotjamentslafont.com\/wp-content\/uploads\/2025\/04\/cap-de-creus-port-de-la-selva-naturaleza-la-font-costa-brava-scaled.jpg","width":2560,"height":1920},{"@type":"BreadcrumbList","@id":"https:\/\/allotjamentslafont.com\/ca\/el-port-de-la-selva\/natura\/#breadcrumb","itemListElement":[{"@type":"ListItem","position":1,"name":"Home","item":"https:\/\/allotjamentslafont.com\/ca\/"},{"@type":"ListItem","position":2,"name":"El Port de la Selva","item":"https:\/\/allotjamentslafont.com\/ca\/el-port-de-la-selva\/"},{"@type":"ListItem","position":3,"name":"Natura"}]},{"@type":"WebSite","@id":"https:\/\/allotjamentslafont.com\/ca\/#website","url":"https:\/\/allotjamentslafont.com\/ca\/","name":"Allotjaments La Font","description":"","publisher":{"@id":"https:\/\/allotjamentslafont.com\/ca\/#organization"},"potentialAction":[{"@type":"SearchAction","target":{"@type":"EntryPoint","urlTemplate":"https:\/\/allotjamentslafont.com\/ca\/?s={search_term_string}"},"query-input":{"@type":"PropertyValueSpecification","valueRequired":true,"valueName":"search_term_string"}}],"inLanguage":"ca-ES"},{"@type":"Organization","@id":"https:\/\/allotjamentslafont.com\/ca\/#organization","name":"Allotjaments La Font","url":"https:\/\/allotjamentslafont.com\/ca\/","logo":{"@type":"ImageObject","inLanguage":"ca-ES","@id":"https:\/\/allotjamentslafont.com\/ca\/#\/schema\/logo\/image\/","url":"https:\/\/allotjamentslafont.com\/wp-content\/uploads\/2024\/02\/Favicon.svg","contentUrl":"https:\/\/allotjamentslafont.com\/wp-content\/uploads\/2024\/02\/Favicon.svg","width":180,"height":180,"caption":"Allotjaments La Font"},"image":{"@id":"https:\/\/allotjamentslafont.com\/ca\/#\/schema\/logo\/image\/"}}]}},"_links":{"self":[{"href":"https:\/\/allotjamentslafont.com\/ca\/wp-json\/wp\/v2\/pages\/5441","targetHints":{"allow":["GET"]}}],"collection":[{"href":"https:\/\/allotjamentslafont.com\/ca\/wp-json\/wp\/v2\/pages"}],"about":[{"href":"https:\/\/allotjamentslafont.com\/ca\/wp-json\/wp\/v2\/types\/page"}],"author":[{"embeddable":true,"href":"https:\/\/allotjamentslafont.com\/ca\/wp-json\/wp\/v2\/users\/5"}],"replies":[{"embeddable":true,"href":"https:\/\/allotjamentslafont.com\/ca\/wp-json\/wp\/v2\/comments?post=5441"}],"version-history":[{"count":4,"href":"https:\/\/allotjamentslafont.com\/ca\/wp-json\/wp\/v2\/pages\/5441\/revisions"}],"predecessor-version":[{"id":7034,"href":"https:\/\/allotjamentslafont.com\/ca\/wp-json\/wp\/v2\/pages\/5441\/revisions\/7034"}],"up":[{"embeddable":true,"href":"https:\/\/allotjamentslafont.com\/ca\/wp-json\/wp\/v2\/pages\/5453"}],"wp:featuredmedia":[{"embeddable":true,"href":"https:\/\/allotjamentslafont.com\/ca\/wp-json\/wp\/v2\/media\/5174"}],"wp:attachment":[{"href":"https:\/\/allotjamentslafont.com\/ca\/wp-json\/wp\/v2\/media?parent=5441"}],"curies":[{"name":"wp","href":"https:\/\/api.w.org\/{rel}","templated":true}]}}