{"id":5447,"date":"2025-04-02T13:36:09","date_gmt":"2025-04-02T11:36:09","guid":{"rendered":"https:\/\/dev-hostallatina.gnahs.com\/historia-i-patrimoni\/"},"modified":"2025-05-07T11:42:56","modified_gmt":"2025-05-07T09:42:56","slug":"historia-i-patrimoni","status":"publish","type":"page","link":"https:\/\/allotjamentslafont.com\/ca\/el-port-de-la-selva\/historia-i-patrimoni\/","title":{"rendered":"Hist\u00f2ria i patrimoni"},"content":{"rendered":"\t\t<div data-elementor-type=\"wp-page\" data-elementor-id=\"5447\" class=\"elementor elementor-5447 elementor-4905\" data-elementor-post-type=\"page\">\n\t\t\t\t<div class=\"elementor-element elementor-element-2fd9398b e-flex e-con-boxed e-con e-parent\" data-id=\"2fd9398b\" data-element_type=\"container\">\n\t\t\t\t\t<div class=\"e-con-inner\">\n\t\t\t\t<div class=\"elementor-element elementor-element-38186338 elementor-widget elementor-widget-text-editor\" data-id=\"38186338\" data-element_type=\"widget\" data-widget_type=\"text-editor.default\">\n\t\t\t\t<div class=\"elementor-widget-container\">\n\t\t\t\t\t\t\t<h2 class=\"\" style=\"text-align: center;\" data-start=\"233\" data-end=\"321\"><strong data-start=\"236\" data-end=\"321\">Hist\u00f2ria i patrimoni a El Port de la Selva<\/strong><\/h2>\n<p class=\"\" data-start=\"323\" data-end=\"662\">Darrere del paisatge tranquil i mar\u00ed d&#8217;El <strong data-start=\"364\" data-end=\"387\">Port de la Selva<\/strong> s&#8217;hi amaga un passat ric en hist\u00f2ria i tradici\u00f3. Aquest petit poble de la <strong>Costa Brava<\/strong> no sols destaca per la seva bellesa natural, sin\u00f3 tamb\u00e9 pel seu valu\u00f3s <strong data-start=\"545\" data-end=\"568\">patrimoni cultural<\/strong>, que abasta des de construccions medievals fins a testimonis vius de la seva identitat marinera. <\/p>\n<p data-start=\"323\" data-end=\"662\">\n<h3 class=\"\" data-start=\"664\" data-end=\"712\"><strong data-start=\"668\" data-end=\"712\">Or\u00edgens humils, esperit mediterrani<\/strong><\/h3>\n<p class=\"\" data-start=\"714\" data-end=\"1102\"><strong>El Port de la Selva<\/strong> va n\u00e9ixer com un senzill <strong data-start=\"757\" data-end=\"781\">poble de pescadors<\/strong> i agricultors, vinculat al proper monestir de <strong>Sant Pere de Rodes.<\/strong> Al llarg dels segles, ha mantingut la seva ess\u00e8ncia, ha crescut de manera respectuosa amb l&#8217;entorn i ha conservat el car\u00e0cter aut\u00e8ntic. Caminar pels carrers blancs, el passeig mar\u00edtim o el port \u00e9s reviure la hist\u00f2ria de generacions lligades al mar. <\/p>\n<p data-start=\"714\" data-end=\"1102\">\n<h3 class=\"\" data-start=\"1104\" data-end=\"1173\"><strong data-start=\"1108\" data-end=\"1173\">Monestir de Sant Pere de Rodes<\/strong><\/h3>\n<p class=\"\" data-start=\"1175\" data-end=\"1544\">Un dels tresors m\u00e9s grans del patrimoni catal\u00e0 es troba molt a prop del poble: el <strong data-start=\"1263\" data-end=\"1299\">Monestir de Sant Pere de Rodes<\/strong>, un conjunt monumental d&#8217;origen medieval que corona la serra de Rodes. Aquest monestir benedict\u00ed, del segle X, \u00e9s una imponent mostra de l&#8217;art rom\u00e0nic i un lloc carregat de misticisme, hist\u00f2ria i vistes espectaculars al <strong>golf de Roses.<\/strong> <\/p>\n<p class=\"\" data-start=\"1546\" data-end=\"1737\">La seva ubicaci\u00f3 estrat\u00e8gica, la seva arquitectura majestuosa i la seva influ\u00e8ncia a la zona el converteixen en una visita imprescindible per entendre el pes hist\u00f2ric d&#8217;El Port de la Selva a la regi\u00f3.<\/p>\n<p data-start=\"1546\" data-end=\"1737\">\n<h3 class=\"\" data-start=\"1739\" data-end=\"1791\"><strong data-start=\"1743\" data-end=\"1791\">Esgl\u00e9sies, ermites i arquitectura tradicional<\/strong><\/h3>\n<p class=\"\" data-start=\"1793\" data-end=\"2187\">A m\u00e9s del monestir, el poble conserva altres elements d&#8217;inter\u00e8s patrimonial, com l&#8217;<b>Esgl\u00e9sia<\/b> <strong data-start=\"1883\" data-end=\"1921\">de Santa Maria de les Neus<\/strong>, que destaca per la senzillesa i el vincle amb la vida quotidiana del poble. Tamb\u00e9 es poden visitar ermites disseminades per l&#8217;entorn, antics camins de pedra seca, murs de conreu i vestigis d&#8217;una vida rural i marinera que encara batega sota la superf\u00edcie. <\/p>\n<p data-start=\"1793\" data-end=\"2187\">\n<h3 class=\"\" data-start=\"2189\" data-end=\"2221\"><strong data-start=\"2193\" data-end=\"2221\">Un passat que segueix viu<\/strong><\/h3>\n<p class=\"\" data-start=\"2223\" data-end=\"2569\">El patrimoni d&#8217;<strong>El Port de la Selva<\/strong> no es limita als seus monuments: es troba tamb\u00e9 a les seves <strong data-start=\"2319\" data-end=\"2344\">festes tradicionals<\/strong>, a les hist\u00f2ries dels pescadors, a les receptes transmeses de generaci\u00f3 en generaci\u00f3 i en el seu respecte per l&#8217;entorn natural i cultural. Tot plegat fa que cada estada aqu\u00ed sigui tamb\u00e9 un petit viatge en el temps. <\/p>\n<p data-start=\"2223\" data-end=\"2569\">Des d&#8217;Apartaments <strong>Allotjaments La Font<\/strong>, pots explorar tot aquest patrimoni amb facilitat. Ja sigui passejant pel nucli antic, visitant el monestir o xerrant amb els ve\u00efns, descobrir\u00e0s que la hist\u00f2ria d&#8217;aquest lloc no nom\u00e9s es veu, es viu.  <\/p>\n<p data-start=\"2223\" data-end=\"2569\">\n<p data-start=\"2223\" data-end=\"2569\"><img fetchpriority=\"high\" decoding=\"async\" class=\"aligncenter wp-image-5181 size-full\" src=\"https:\/\/allotjamentslafont.com\/wp-content\/uploads\/2025\/04\/historia-y-patrimonio-la-font-el-port-de-la-selva-costa-brava-scaled.jpg\" alt=\"\" width=\"2560\" height=\"1700\" srcset=\"https:\/\/allotjamentslafont.com\/wp-content\/uploads\/2025\/04\/historia-y-patrimonio-la-font-el-port-de-la-selva-costa-brava-scaled.jpg 2560w, https:\/\/allotjamentslafont.com\/wp-content\/uploads\/2025\/04\/historia-y-patrimonio-la-font-el-port-de-la-selva-costa-brava-300x199.jpg 300w, https:\/\/allotjamentslafont.com\/wp-content\/uploads\/2025\/04\/historia-y-patrimonio-la-font-el-port-de-la-selva-costa-brava-1024x680.jpg 1024w, https:\/\/allotjamentslafont.com\/wp-content\/uploads\/2025\/04\/historia-y-patrimonio-la-font-el-port-de-la-selva-costa-brava-768x510.jpg 768w, https:\/\/allotjamentslafont.com\/wp-content\/uploads\/2025\/04\/historia-y-patrimonio-la-font-el-port-de-la-selva-costa-brava-1536x1020.jpg 1536w, https:\/\/allotjamentslafont.com\/wp-content\/uploads\/2025\/04\/historia-y-patrimonio-la-font-el-port-de-la-selva-costa-brava-2048x1360.jpg 2048w\" sizes=\"(max-width: 2560px) 100vw, 2560px\" \/><\/p>\n\t\t\t\t\t\t<\/div>\n\t\t\t\t<\/div>\n\t\t\t\t\t<\/div>\n\t\t\t\t<\/div>\n\t\t\t\t<\/div>\n\t\t","protected":false},"excerpt":{"rendered":"<p>Hist\u00f2ria i patrimoni a El Port de la Selva Darrere del paisatge tranquil i mar\u00ed d&#8217;El Port de la Selva s&#8217;hi amaga un passat ric en hist\u00f2ria i tradici\u00f3. Aquest petit poble de la Costa Brava no sols destaca per la seva bellesa natural, sin\u00f3 tamb\u00e9 pel seu valu\u00f3s patrimoni cultural, que abasta des de [&hellip;]<\/p>\n","protected":false},"author":5,"featured_media":5189,"parent":5453,"menu_order":1,"comment_status":"closed","ping_status":"closed","template":"","meta":{"footnotes":""},"class_list":["post-5447","page","type-page","status-publish","has-post-thumbnail","hentry"],"yoast_head":"<!-- This site is optimized with the Yoast SEO plugin v23.4 - https:\/\/yoast.com\/wordpress\/plugins\/seo\/ -->\n<title>Hist\u00f2ria i patrimoni - Allotjaments La Font, El Port de la Selva (Girona)<\/title>\n<meta name=\"description\" content=\"Descobreix la hist\u00f2ria i el patrimoni de la Costa Brava al web d&#039;Allotjaments La Font, a El Port de la Selva: castells, monestirs\u2026\" \/>\n<meta name=\"robots\" content=\"index, follow, max-snippet:-1, max-image-preview:large, max-video-preview:-1\" \/>\n<link rel=\"canonical\" href=\"https:\/\/allotjamentslafont.com\/ca\/el-port-de-la-selva\/historia-i-patrimoni\/\" \/>\n<script type=\"application\/ld+json\" class=\"yoast-schema-graph\">{\"@context\":\"https:\/\/schema.org\",\"@graph\":[{\"@type\":\"WebPage\",\"@id\":\"https:\/\/allotjamentslafont.com\/ca\/el-port-de-la-selva\/historia-i-patrimoni\/\",\"url\":\"https:\/\/allotjamentslafont.com\/ca\/el-port-de-la-selva\/historia-i-patrimoni\/\",\"name\":\"Hist\u00f2ria i patrimoni - Allotjaments La Font, El Port de la Selva (Girona)\",\"isPartOf\":{\"@id\":\"https:\/\/allotjamentslafont.com\/ca\/#website\"},\"primaryImageOfPage\":{\"@id\":\"https:\/\/allotjamentslafont.com\/ca\/el-port-de-la-selva\/historia-i-patrimoni\/#primaryimage\"},\"image\":{\"@id\":\"https:\/\/allotjamentslafont.com\/ca\/el-port-de-la-selva\/historia-i-patrimoni\/#primaryimage\"},\"thumbnailUrl\":\"https:\/\/allotjamentslafont.com\/wp-content\/uploads\/2025\/04\/iglesia-el-port-de-la-selva-la-font-costa-brava.jpg\",\"datePublished\":\"2025-04-02T11:36:09+00:00\",\"dateModified\":\"2025-05-07T09:42:56+00:00\",\"description\":\"Descobreix la hist\u00f2ria i el patrimoni de la Costa Brava al web d'Allotjaments La Font, a El Port de la Selva: castells, monestirs\u2026\",\"breadcrumb\":{\"@id\":\"https:\/\/allotjamentslafont.com\/ca\/el-port-de-la-selva\/historia-i-patrimoni\/#breadcrumb\"},\"inLanguage\":\"ca-ES\",\"potentialAction\":[{\"@type\":\"ReadAction\",\"target\":[\"https:\/\/allotjamentslafont.com\/ca\/el-port-de-la-selva\/historia-i-patrimoni\/\"]}]},{\"@type\":\"ImageObject\",\"inLanguage\":\"ca-ES\",\"@id\":\"https:\/\/allotjamentslafont.com\/ca\/el-port-de-la-selva\/historia-i-patrimoni\/#primaryimage\",\"url\":\"https:\/\/allotjamentslafont.com\/wp-content\/uploads\/2025\/04\/iglesia-el-port-de-la-selva-la-font-costa-brava.jpg\",\"contentUrl\":\"https:\/\/allotjamentslafont.com\/wp-content\/uploads\/2025\/04\/iglesia-el-port-de-la-selva-la-font-costa-brava.jpg\",\"width\":2544,\"height\":1696},{\"@type\":\"BreadcrumbList\",\"@id\":\"https:\/\/allotjamentslafont.com\/ca\/el-port-de-la-selva\/historia-i-patrimoni\/#breadcrumb\",\"itemListElement\":[{\"@type\":\"ListItem\",\"position\":1,\"name\":\"Home\",\"item\":\"https:\/\/allotjamentslafont.com\/ca\/\"},{\"@type\":\"ListItem\",\"position\":2,\"name\":\"El Port de la Selva\",\"item\":\"https:\/\/allotjamentslafont.com\/ca\/el-port-de-la-selva\/\"},{\"@type\":\"ListItem\",\"position\":3,\"name\":\"Hist\u00f2ria i patrimoni\"}]},{\"@type\":\"WebSite\",\"@id\":\"https:\/\/allotjamentslafont.com\/ca\/#website\",\"url\":\"https:\/\/allotjamentslafont.com\/ca\/\",\"name\":\"Allotjaments La Font\",\"description\":\"\",\"publisher\":{\"@id\":\"https:\/\/allotjamentslafont.com\/ca\/#organization\"},\"potentialAction\":[{\"@type\":\"SearchAction\",\"target\":{\"@type\":\"EntryPoint\",\"urlTemplate\":\"https:\/\/allotjamentslafont.com\/ca\/?s={search_term_string}\"},\"query-input\":{\"@type\":\"PropertyValueSpecification\",\"valueRequired\":true,\"valueName\":\"search_term_string\"}}],\"inLanguage\":\"ca-ES\"},{\"@type\":\"Organization\",\"@id\":\"https:\/\/allotjamentslafont.com\/ca\/#organization\",\"name\":\"Allotjaments La Font\",\"url\":\"https:\/\/allotjamentslafont.com\/ca\/\",\"logo\":{\"@type\":\"ImageObject\",\"inLanguage\":\"ca-ES\",\"@id\":\"https:\/\/allotjamentslafont.com\/ca\/#\/schema\/logo\/image\/\",\"url\":\"https:\/\/allotjamentslafont.com\/wp-content\/uploads\/2024\/02\/Favicon.svg\",\"contentUrl\":\"https:\/\/allotjamentslafont.com\/wp-content\/uploads\/2024\/02\/Favicon.svg\",\"width\":180,\"height\":180,\"caption\":\"Allotjaments La Font\"},\"image\":{\"@id\":\"https:\/\/allotjamentslafont.com\/ca\/#\/schema\/logo\/image\/\"}}]}<\/script>\n<!-- \/ Yoast SEO plugin. -->","yoast_head_json":{"title":"Hist\u00f2ria i patrimoni - Allotjaments La Font, El Port de la Selva (Girona)","description":"Descobreix la hist\u00f2ria i el patrimoni de la Costa Brava al web d'Allotjaments La Font, a El Port de la Selva: castells, monestirs\u2026","robots":{"index":"index","follow":"follow","max-snippet":"max-snippet:-1","max-image-preview":"max-image-preview:large","max-video-preview":"max-video-preview:-1"},"canonical":"https:\/\/allotjamentslafont.com\/ca\/el-port-de-la-selva\/historia-i-patrimoni\/","schema":{"@context":"https:\/\/schema.org","@graph":[{"@type":"WebPage","@id":"https:\/\/allotjamentslafont.com\/ca\/el-port-de-la-selva\/historia-i-patrimoni\/","url":"https:\/\/allotjamentslafont.com\/ca\/el-port-de-la-selva\/historia-i-patrimoni\/","name":"Hist\u00f2ria i patrimoni - Allotjaments La Font, El Port de la Selva (Girona)","isPartOf":{"@id":"https:\/\/allotjamentslafont.com\/ca\/#website"},"primaryImageOfPage":{"@id":"https:\/\/allotjamentslafont.com\/ca\/el-port-de-la-selva\/historia-i-patrimoni\/#primaryimage"},"image":{"@id":"https:\/\/allotjamentslafont.com\/ca\/el-port-de-la-selva\/historia-i-patrimoni\/#primaryimage"},"thumbnailUrl":"https:\/\/allotjamentslafont.com\/wp-content\/uploads\/2025\/04\/iglesia-el-port-de-la-selva-la-font-costa-brava.jpg","datePublished":"2025-04-02T11:36:09+00:00","dateModified":"2025-05-07T09:42:56+00:00","description":"Descobreix la hist\u00f2ria i el patrimoni de la Costa Brava al web d'Allotjaments La Font, a El Port de la Selva: castells, monestirs\u2026","breadcrumb":{"@id":"https:\/\/allotjamentslafont.com\/ca\/el-port-de-la-selva\/historia-i-patrimoni\/#breadcrumb"},"inLanguage":"ca-ES","potentialAction":[{"@type":"ReadAction","target":["https:\/\/allotjamentslafont.com\/ca\/el-port-de-la-selva\/historia-i-patrimoni\/"]}]},{"@type":"ImageObject","inLanguage":"ca-ES","@id":"https:\/\/allotjamentslafont.com\/ca\/el-port-de-la-selva\/historia-i-patrimoni\/#primaryimage","url":"https:\/\/allotjamentslafont.com\/wp-content\/uploads\/2025\/04\/iglesia-el-port-de-la-selva-la-font-costa-brava.jpg","contentUrl":"https:\/\/allotjamentslafont.com\/wp-content\/uploads\/2025\/04\/iglesia-el-port-de-la-selva-la-font-costa-brava.jpg","width":2544,"height":1696},{"@type":"BreadcrumbList","@id":"https:\/\/allotjamentslafont.com\/ca\/el-port-de-la-selva\/historia-i-patrimoni\/#breadcrumb","itemListElement":[{"@type":"ListItem","position":1,"name":"Home","item":"https:\/\/allotjamentslafont.com\/ca\/"},{"@type":"ListItem","position":2,"name":"El Port de la Selva","item":"https:\/\/allotjamentslafont.com\/ca\/el-port-de-la-selva\/"},{"@type":"ListItem","position":3,"name":"Hist\u00f2ria i patrimoni"}]},{"@type":"WebSite","@id":"https:\/\/allotjamentslafont.com\/ca\/#website","url":"https:\/\/allotjamentslafont.com\/ca\/","name":"Allotjaments La Font","description":"","publisher":{"@id":"https:\/\/allotjamentslafont.com\/ca\/#organization"},"potentialAction":[{"@type":"SearchAction","target":{"@type":"EntryPoint","urlTemplate":"https:\/\/allotjamentslafont.com\/ca\/?s={search_term_string}"},"query-input":{"@type":"PropertyValueSpecification","valueRequired":true,"valueName":"search_term_string"}}],"inLanguage":"ca-ES"},{"@type":"Organization","@id":"https:\/\/allotjamentslafont.com\/ca\/#organization","name":"Allotjaments La Font","url":"https:\/\/allotjamentslafont.com\/ca\/","logo":{"@type":"ImageObject","inLanguage":"ca-ES","@id":"https:\/\/allotjamentslafont.com\/ca\/#\/schema\/logo\/image\/","url":"https:\/\/allotjamentslafont.com\/wp-content\/uploads\/2024\/02\/Favicon.svg","contentUrl":"https:\/\/allotjamentslafont.com\/wp-content\/uploads\/2024\/02\/Favicon.svg","width":180,"height":180,"caption":"Allotjaments La Font"},"image":{"@id":"https:\/\/allotjamentslafont.com\/ca\/#\/schema\/logo\/image\/"}}]}},"_links":{"self":[{"href":"https:\/\/allotjamentslafont.com\/ca\/wp-json\/wp\/v2\/pages\/5447","targetHints":{"allow":["GET"]}}],"collection":[{"href":"https:\/\/allotjamentslafont.com\/ca\/wp-json\/wp\/v2\/pages"}],"about":[{"href":"https:\/\/allotjamentslafont.com\/ca\/wp-json\/wp\/v2\/types\/page"}],"author":[{"embeddable":true,"href":"https:\/\/allotjamentslafont.com\/ca\/wp-json\/wp\/v2\/users\/5"}],"replies":[{"embeddable":true,"href":"https:\/\/allotjamentslafont.com\/ca\/wp-json\/wp\/v2\/comments?post=5447"}],"version-history":[{"count":14,"href":"https:\/\/allotjamentslafont.com\/ca\/wp-json\/wp\/v2\/pages\/5447\/revisions"}],"predecessor-version":[{"id":7257,"href":"https:\/\/allotjamentslafont.com\/ca\/wp-json\/wp\/v2\/pages\/5447\/revisions\/7257"}],"up":[{"embeddable":true,"href":"https:\/\/allotjamentslafont.com\/ca\/wp-json\/wp\/v2\/pages\/5453"}],"wp:featuredmedia":[{"embeddable":true,"href":"https:\/\/allotjamentslafont.com\/ca\/wp-json\/wp\/v2\/media\/5189"}],"wp:attachment":[{"href":"https:\/\/allotjamentslafont.com\/ca\/wp-json\/wp\/v2\/media?parent=5447"}],"curies":[{"name":"wp","href":"https:\/\/api.w.org\/{rel}","templated":true}]}}