{"id":5451,"date":"2025-04-02T15:25:07","date_gmt":"2025-04-02T13:25:07","guid":{"rendered":"https:\/\/dev-hostallatina.gnahs.com\/cultura-i-art\/"},"modified":"2025-05-07T11:41:17","modified_gmt":"2025-05-07T09:41:17","slug":"cultura-i-art","status":"publish","type":"page","link":"https:\/\/allotjamentslafont.com\/ca\/el-port-de-la-selva\/cultura-i-art\/","title":{"rendered":"Cultura i art"},"content":{"rendered":"\t\t<div data-elementor-type=\"wp-page\" data-elementor-id=\"5451\" class=\"elementor elementor-5451 elementor-4902\" data-elementor-post-type=\"page\">\n\t\t\t\t<div class=\"elementor-element elementor-element-2fd9398b e-flex e-con-boxed e-con e-parent\" data-id=\"2fd9398b\" data-element_type=\"container\">\n\t\t\t\t\t<div class=\"e-con-inner\">\n\t\t\t\t<div class=\"elementor-element elementor-element-38186338 elementor-widget elementor-widget-text-editor\" data-id=\"38186338\" data-element_type=\"widget\" data-widget_type=\"text-editor.default\">\n\t\t\t\t<div class=\"elementor-widget-container\">\n\t\t\t\t\t\t\t<h2 style=\"text-align: center;\" data-start=\"150\" data-end=\"241\"><strong data-start=\"153\" data-end=\"241\">Cultura i art a El Port de la Selva<\/strong><\/h2>\n<p class=\"\" data-start=\"243\" data-end=\"585\">Enclavat entre el blau del Mediterrani i els turons del Cap de Creus, <strong data-start=\"316\" data-end=\"339\">El Port de la Selva<\/strong> no nom\u00e9s enamora per la seva bellesa natural, sin\u00f3 tamb\u00e9 per la seva rica oferta cultural i art\u00edstica. Aquest encantador poble de pescadors, situat al nord de la Costa Brava, guarda segles d&#8217;hist\u00f2ria, tradici\u00f3 i expressi\u00f3 art\u00edstica a cada rac\u00f3. <\/p>\n<h3 data-start=\"592\" data-end=\"655\"> <\/h3>\n<h3 class=\"\" data-start=\"592\" data-end=\"655\"><strong data-start=\"596\" data-end=\"655\">Un passat amb \u00e0nima: el Monestir de Sant Pere de Rodes<\/strong><\/h3>\n<p class=\"\" data-start=\"657\" data-end=\"1064\">A pocs minuts del nucli urb\u00e0 s&#8217;al\u00e7a un dels tresors patrimonials m\u00e9s importants de Catalunya: el <strong data-start=\"764\" data-end=\"800\">Monestir de Sant Pere de Rodes<\/strong>. Aquest imponent conjunt rom\u00e0nic del segle X domina el paisatge i ofereix una experi\u00e8ncia \u00fanica on es fusionen arquitectura, hist\u00f2ria i espiritualitat. Visitar-ho \u00e9s viatjar en el temps i comprendre la import\u00e0ncia cultural que ha tingut aquesta zona durant segles.  <\/p>\n<p data-start=\"657\" data-end=\"1064\">\n<h3 class=\"\" data-start=\"1071\" data-end=\"1134\"><strong data-start=\"1075\" data-end=\"1134\">Paisatge que inspira: art en contacte amb la natura<\/strong><\/h3>\n<p class=\"\" data-start=\"1136\" data-end=\"1464\">El paisatge abrupte i salvatge del <strong data-start=\"1169\" data-end=\"1185\">Cap de Creus<\/strong> ha estat font d&#8217;inspiraci\u00f3 per a artistes de renom, com <strong data-start=\"1248\" data-end=\"1265\">Salvador Dal\u00ed<\/strong>, que va viure molt a prop, a Portlligat. El seu univers surrealista s&#8217;ent\u00e9n millor en passejar pels camins costaners d&#8217;El Port de la Selva, on la roca, el vent i la llum creen formes irrepetibles. <\/p>\n<p class=\"\" data-start=\"1466\" data-end=\"1789\">Al llarg de l&#8217;any, el poble acull <strong data-start=\"1502\" data-end=\"1555\">exposicions, concerts i activitats culturals<\/strong> que apropen l&#8217;art contemporani i tradicional tant a residents com a visitants. Espais com l&#8217;<strong data-start=\"1659\" data-end=\"1697\">Esgl\u00e9sia de Santa Maria de les Neus<\/strong> o l&#8217;<strong data-start=\"1703\" data-end=\"1726\">auditori municipal<\/strong> s\u00f3n punts de trobada per a la m\u00fasica, el teatre i la poesia. <\/p>\n<p data-start=\"1466\" data-end=\"1789\">\n<h3 class=\"\" data-start=\"1796\" data-end=\"1859\"><strong data-start=\"1800\" data-end=\"1859\">Tradici\u00f3 viva: festes, patrimoni i expressi\u00f3 popular<\/strong><\/h3>\n<p class=\"\" data-start=\"1861\" data-end=\"2293\">La cultura d&#8217;El Port de la Selva tamb\u00e9 s&#8217;expressa a les seves <strong data-start=\"1921\" data-end=\"1942\">festes populars<\/strong>, el seu <strong data-start=\"1947\" data-end=\"1970\">patrimoni mar\u00edtim<\/strong> i els seus <strong data-start=\"1977\" data-end=\"2002\">oficis tradicionals.<\/strong> Les festes majors, amb balls, m\u00fasica en directe i sardanes, s\u00f3n una magn\u00edfica oportunitat per submergir-se a l&#8217;\u00e0nima del poble. Tampoc falten refer\u00e8ncies al passat pesquer al petit port, els antics magatzems de xarxes o els relats dels quals han viscut sempre al costat del mar.  <\/p>\n<p data-start=\"1861\" data-end=\"2293\">\n<p data-start=\"1861\" data-end=\"2293\"><img fetchpriority=\"high\" decoding=\"async\" class=\"aligncenter wp-image-5133 size-full\" src=\"https:\/\/allotjamentslafont.com\/wp-content\/uploads\/2025\/04\/sant-pere-de-rodes-monasterio-la-font-costa-brava-scaled.jpg\" alt=\"\" width=\"2560\" height=\"1701\" srcset=\"https:\/\/allotjamentslafont.com\/wp-content\/uploads\/2025\/04\/sant-pere-de-rodes-monasterio-la-font-costa-brava-scaled.jpg 2560w, https:\/\/allotjamentslafont.com\/wp-content\/uploads\/2025\/04\/sant-pere-de-rodes-monasterio-la-font-costa-brava-300x199.jpg 300w, https:\/\/allotjamentslafont.com\/wp-content\/uploads\/2025\/04\/sant-pere-de-rodes-monasterio-la-font-costa-brava-1024x680.jpg 1024w, https:\/\/allotjamentslafont.com\/wp-content\/uploads\/2025\/04\/sant-pere-de-rodes-monasterio-la-font-costa-brava-768x510.jpg 768w, https:\/\/allotjamentslafont.com\/wp-content\/uploads\/2025\/04\/sant-pere-de-rodes-monasterio-la-font-costa-brava-1536x1021.jpg 1536w, https:\/\/allotjamentslafont.com\/wp-content\/uploads\/2025\/04\/sant-pere-de-rodes-monasterio-la-font-costa-brava-2048x1361.jpg 2048w\" sizes=\"(max-width: 2560px) 100vw, 2560px\" \/><\/p>\n<p data-start=\"1861\" data-end=\"2293\">\n\t\t\t\t\t\t<\/div>\n\t\t\t\t<\/div>\n\t\t\t\t\t<\/div>\n\t\t\t\t<\/div>\n\t\t\t\t<\/div>\n\t\t","protected":false},"excerpt":{"rendered":"<p>Cultura i art a El Port de la Selva Enclavat entre el blau del Mediterrani i els turons del Cap de Creus, El Port de la Selva no nom\u00e9s enamora per la seva bellesa natural, sin\u00f3 tamb\u00e9 per la seva rica oferta cultural i art\u00edstica. Aquest encantador poble de pescadors, situat al nord de la [&hellip;]<\/p>\n","protected":false},"author":5,"featured_media":5144,"parent":5453,"menu_order":1,"comment_status":"closed","ping_status":"closed","template":"","meta":{"footnotes":""},"class_list":["post-5451","page","type-page","status-publish","has-post-thumbnail","hentry"],"yoast_head":"<!-- This site is optimized with the Yoast SEO plugin v23.4 - https:\/\/yoast.com\/wordpress\/plugins\/seo\/ -->\n<title>Cultura i art - Allotjaments La Font, El Port de la Selva (Girona)<\/title>\n<meta name=\"description\" content=\"Descobreix l&#039;art i la cultura de la Costa Brava al web d&#039;Apartaments Tina, a El Port de la Selva: museus, jaciments arqueol\u00f2gics\u2026\" \/>\n<meta name=\"robots\" content=\"index, follow, max-snippet:-1, max-image-preview:large, max-video-preview:-1\" \/>\n<link rel=\"canonical\" href=\"https:\/\/allotjamentslafont.com\/ca\/el-port-de-la-selva\/cultura-i-art\/\" \/>\n<script type=\"application\/ld+json\" class=\"yoast-schema-graph\">{\"@context\":\"https:\/\/schema.org\",\"@graph\":[{\"@type\":\"WebPage\",\"@id\":\"https:\/\/allotjamentslafont.com\/ca\/el-port-de-la-selva\/cultura-i-art\/\",\"url\":\"https:\/\/allotjamentslafont.com\/ca\/el-port-de-la-selva\/cultura-i-art\/\",\"name\":\"Cultura i art - Allotjaments La Font, El Port de la Selva (Girona)\",\"isPartOf\":{\"@id\":\"https:\/\/allotjamentslafont.com\/ca\/#website\"},\"primaryImageOfPage\":{\"@id\":\"https:\/\/allotjamentslafont.com\/ca\/el-port-de-la-selva\/cultura-i-art\/#primaryimage\"},\"image\":{\"@id\":\"https:\/\/allotjamentslafont.com\/ca\/el-port-de-la-selva\/cultura-i-art\/#primaryimage\"},\"thumbnailUrl\":\"https:\/\/allotjamentslafont.com\/wp-content\/uploads\/2025\/04\/sant-pere-de-rodes-port-de-la-selva-monasterio-paisaje-la-font-scaled.jpg\",\"datePublished\":\"2025-04-02T13:25:07+00:00\",\"dateModified\":\"2025-05-07T09:41:17+00:00\",\"description\":\"Descobreix l'art i la cultura de la Costa Brava al web d'Apartaments Tina, a El Port de la Selva: museus, jaciments arqueol\u00f2gics\u2026\",\"breadcrumb\":{\"@id\":\"https:\/\/allotjamentslafont.com\/ca\/el-port-de-la-selva\/cultura-i-art\/#breadcrumb\"},\"inLanguage\":\"ca-ES\",\"potentialAction\":[{\"@type\":\"ReadAction\",\"target\":[\"https:\/\/allotjamentslafont.com\/ca\/el-port-de-la-selva\/cultura-i-art\/\"]}]},{\"@type\":\"ImageObject\",\"inLanguage\":\"ca-ES\",\"@id\":\"https:\/\/allotjamentslafont.com\/ca\/el-port-de-la-selva\/cultura-i-art\/#primaryimage\",\"url\":\"https:\/\/allotjamentslafont.com\/wp-content\/uploads\/2025\/04\/sant-pere-de-rodes-port-de-la-selva-monasterio-paisaje-la-font-scaled.jpg\",\"contentUrl\":\"https:\/\/allotjamentslafont.com\/wp-content\/uploads\/2025\/04\/sant-pere-de-rodes-port-de-la-selva-monasterio-paisaje-la-font-scaled.jpg\",\"width\":2560,\"height\":1700},{\"@type\":\"BreadcrumbList\",\"@id\":\"https:\/\/allotjamentslafont.com\/ca\/el-port-de-la-selva\/cultura-i-art\/#breadcrumb\",\"itemListElement\":[{\"@type\":\"ListItem\",\"position\":1,\"name\":\"Home\",\"item\":\"https:\/\/allotjamentslafont.com\/ca\/\"},{\"@type\":\"ListItem\",\"position\":2,\"name\":\"El Port de la Selva\",\"item\":\"https:\/\/allotjamentslafont.com\/ca\/el-port-de-la-selva\/\"},{\"@type\":\"ListItem\",\"position\":3,\"name\":\"Cultura i art\"}]},{\"@type\":\"WebSite\",\"@id\":\"https:\/\/allotjamentslafont.com\/ca\/#website\",\"url\":\"https:\/\/allotjamentslafont.com\/ca\/\",\"name\":\"Allotjaments La Font\",\"description\":\"\",\"publisher\":{\"@id\":\"https:\/\/allotjamentslafont.com\/ca\/#organization\"},\"potentialAction\":[{\"@type\":\"SearchAction\",\"target\":{\"@type\":\"EntryPoint\",\"urlTemplate\":\"https:\/\/allotjamentslafont.com\/ca\/?s={search_term_string}\"},\"query-input\":{\"@type\":\"PropertyValueSpecification\",\"valueRequired\":true,\"valueName\":\"search_term_string\"}}],\"inLanguage\":\"ca-ES\"},{\"@type\":\"Organization\",\"@id\":\"https:\/\/allotjamentslafont.com\/ca\/#organization\",\"name\":\"Allotjaments La Font\",\"url\":\"https:\/\/allotjamentslafont.com\/ca\/\",\"logo\":{\"@type\":\"ImageObject\",\"inLanguage\":\"ca-ES\",\"@id\":\"https:\/\/allotjamentslafont.com\/ca\/#\/schema\/logo\/image\/\",\"url\":\"https:\/\/allotjamentslafont.com\/wp-content\/uploads\/2024\/02\/Favicon.svg\",\"contentUrl\":\"https:\/\/allotjamentslafont.com\/wp-content\/uploads\/2024\/02\/Favicon.svg\",\"width\":180,\"height\":180,\"caption\":\"Allotjaments La Font\"},\"image\":{\"@id\":\"https:\/\/allotjamentslafont.com\/ca\/#\/schema\/logo\/image\/\"}}]}<\/script>\n<!-- \/ Yoast SEO plugin. -->","yoast_head_json":{"title":"Cultura i art - Allotjaments La Font, El Port de la Selva (Girona)","description":"Descobreix l'art i la cultura de la Costa Brava al web d'Apartaments Tina, a El Port de la Selva: museus, jaciments arqueol\u00f2gics\u2026","robots":{"index":"index","follow":"follow","max-snippet":"max-snippet:-1","max-image-preview":"max-image-preview:large","max-video-preview":"max-video-preview:-1"},"canonical":"https:\/\/allotjamentslafont.com\/ca\/el-port-de-la-selva\/cultura-i-art\/","schema":{"@context":"https:\/\/schema.org","@graph":[{"@type":"WebPage","@id":"https:\/\/allotjamentslafont.com\/ca\/el-port-de-la-selva\/cultura-i-art\/","url":"https:\/\/allotjamentslafont.com\/ca\/el-port-de-la-selva\/cultura-i-art\/","name":"Cultura i art - Allotjaments La Font, El Port de la Selva (Girona)","isPartOf":{"@id":"https:\/\/allotjamentslafont.com\/ca\/#website"},"primaryImageOfPage":{"@id":"https:\/\/allotjamentslafont.com\/ca\/el-port-de-la-selva\/cultura-i-art\/#primaryimage"},"image":{"@id":"https:\/\/allotjamentslafont.com\/ca\/el-port-de-la-selva\/cultura-i-art\/#primaryimage"},"thumbnailUrl":"https:\/\/allotjamentslafont.com\/wp-content\/uploads\/2025\/04\/sant-pere-de-rodes-port-de-la-selva-monasterio-paisaje-la-font-scaled.jpg","datePublished":"2025-04-02T13:25:07+00:00","dateModified":"2025-05-07T09:41:17+00:00","description":"Descobreix l'art i la cultura de la Costa Brava al web d'Apartaments Tina, a El Port de la Selva: museus, jaciments arqueol\u00f2gics\u2026","breadcrumb":{"@id":"https:\/\/allotjamentslafont.com\/ca\/el-port-de-la-selva\/cultura-i-art\/#breadcrumb"},"inLanguage":"ca-ES","potentialAction":[{"@type":"ReadAction","target":["https:\/\/allotjamentslafont.com\/ca\/el-port-de-la-selva\/cultura-i-art\/"]}]},{"@type":"ImageObject","inLanguage":"ca-ES","@id":"https:\/\/allotjamentslafont.com\/ca\/el-port-de-la-selva\/cultura-i-art\/#primaryimage","url":"https:\/\/allotjamentslafont.com\/wp-content\/uploads\/2025\/04\/sant-pere-de-rodes-port-de-la-selva-monasterio-paisaje-la-font-scaled.jpg","contentUrl":"https:\/\/allotjamentslafont.com\/wp-content\/uploads\/2025\/04\/sant-pere-de-rodes-port-de-la-selva-monasterio-paisaje-la-font-scaled.jpg","width":2560,"height":1700},{"@type":"BreadcrumbList","@id":"https:\/\/allotjamentslafont.com\/ca\/el-port-de-la-selva\/cultura-i-art\/#breadcrumb","itemListElement":[{"@type":"ListItem","position":1,"name":"Home","item":"https:\/\/allotjamentslafont.com\/ca\/"},{"@type":"ListItem","position":2,"name":"El Port de la Selva","item":"https:\/\/allotjamentslafont.com\/ca\/el-port-de-la-selva\/"},{"@type":"ListItem","position":3,"name":"Cultura i art"}]},{"@type":"WebSite","@id":"https:\/\/allotjamentslafont.com\/ca\/#website","url":"https:\/\/allotjamentslafont.com\/ca\/","name":"Allotjaments La Font","description":"","publisher":{"@id":"https:\/\/allotjamentslafont.com\/ca\/#organization"},"potentialAction":[{"@type":"SearchAction","target":{"@type":"EntryPoint","urlTemplate":"https:\/\/allotjamentslafont.com\/ca\/?s={search_term_string}"},"query-input":{"@type":"PropertyValueSpecification","valueRequired":true,"valueName":"search_term_string"}}],"inLanguage":"ca-ES"},{"@type":"Organization","@id":"https:\/\/allotjamentslafont.com\/ca\/#organization","name":"Allotjaments La Font","url":"https:\/\/allotjamentslafont.com\/ca\/","logo":{"@type":"ImageObject","inLanguage":"ca-ES","@id":"https:\/\/allotjamentslafont.com\/ca\/#\/schema\/logo\/image\/","url":"https:\/\/allotjamentslafont.com\/wp-content\/uploads\/2024\/02\/Favicon.svg","contentUrl":"https:\/\/allotjamentslafont.com\/wp-content\/uploads\/2024\/02\/Favicon.svg","width":180,"height":180,"caption":"Allotjaments La Font"},"image":{"@id":"https:\/\/allotjamentslafont.com\/ca\/#\/schema\/logo\/image\/"}}]}},"_links":{"self":[{"href":"https:\/\/allotjamentslafont.com\/ca\/wp-json\/wp\/v2\/pages\/5451","targetHints":{"allow":["GET"]}}],"collection":[{"href":"https:\/\/allotjamentslafont.com\/ca\/wp-json\/wp\/v2\/pages"}],"about":[{"href":"https:\/\/allotjamentslafont.com\/ca\/wp-json\/wp\/v2\/types\/page"}],"author":[{"embeddable":true,"href":"https:\/\/allotjamentslafont.com\/ca\/wp-json\/wp\/v2\/users\/5"}],"replies":[{"embeddable":true,"href":"https:\/\/allotjamentslafont.com\/ca\/wp-json\/wp\/v2\/comments?post=5451"}],"version-history":[{"count":8,"href":"https:\/\/allotjamentslafont.com\/ca\/wp-json\/wp\/v2\/pages\/5451\/revisions"}],"predecessor-version":[{"id":7255,"href":"https:\/\/allotjamentslafont.com\/ca\/wp-json\/wp\/v2\/pages\/5451\/revisions\/7255"}],"up":[{"embeddable":true,"href":"https:\/\/allotjamentslafont.com\/ca\/wp-json\/wp\/v2\/pages\/5453"}],"wp:featuredmedia":[{"embeddable":true,"href":"https:\/\/allotjamentslafont.com\/ca\/wp-json\/wp\/v2\/media\/5144"}],"wp:attachment":[{"href":"https:\/\/allotjamentslafont.com\/ca\/wp-json\/wp\/v2\/media?parent=5451"}],"curies":[{"name":"wp","href":"https:\/\/api.w.org\/{rel}","templated":true}]}}