{"id":3070,"date":"2024-05-21T13:47:19","date_gmt":"2024-05-21T13:47:19","guid":{"rendered":"https:\/\/dev-lascumbresapart.gnahs.com\/?page_id=3070"},"modified":"2025-04-22T12:43:13","modified_gmt":"2025-04-22T10:43:13","slug":"pueblos-con-encanto","status":"publish","type":"page","link":"https:\/\/allotjamentslafont.com\/es\/que-hacer-port-de-la-selva-costa-brava\/pueblos-con-encanto\/","title":{"rendered":"Pueblos con encanto"},"content":{"rendered":"\t\t<div data-elementor-type=\"wp-page\" data-elementor-id=\"3070\" class=\"elementor elementor-3070\" data-elementor-post-type=\"page\">\n\t\t\t\t<div class=\"elementor-element elementor-element-2fd9398b e-flex e-con-boxed e-con e-parent\" data-id=\"2fd9398b\" data-element_type=\"container\">\n\t\t\t\t\t<div class=\"e-con-inner\">\n\t\t\t\t<div class=\"elementor-element elementor-element-38186338 elementor-widget elementor-widget-text-editor\" data-id=\"38186338\" data-element_type=\"widget\" data-widget_type=\"text-editor.default\">\n\t\t\t\t<div class=\"elementor-widget-container\">\n\t\t\t\t\t\t\t<h2 class=\"\" style=\"text-align: center;\" data-start=\"144\" data-end=\"234\"><strong data-start=\"147\" data-end=\"234\">Pueblos con encanto cerca de El Port de la Selva<\/strong><\/h2><p class=\"\" data-start=\"236\" data-end=\"593\"><strong>El<\/strong> <strong>Port de la Selva<\/strong> es mucho m\u00e1s que un bonito pueblo costero: es el punto de partida perfecto para descubrir otros rincones con personalidad propia en el <strong>Alt Empord\u00e0<\/strong>. Desde la costa hasta el interior, esta regi\u00f3n de la <strong>Costa Brava<\/strong> est\u00e1 llena de pueblos que conservan su esencia, donde la historia, la gastronom\u00eda y la naturaleza se combinan en cada visita.<\/p><h3 class=\"\" data-start=\"595\" data-end=\"660\"><strong data-start=\"599\" data-end=\"660\">El Port de la Selva: autenticidad marinera en estado puro<\/strong><\/h3><p class=\"\" data-start=\"662\" data-end=\"1081\">Rodeado por el mar y la monta\u00f1a, El Port de la Selva es un pueblo de pescadores que ha sabido mantener su identidad a lo largo del tiempo. Sus casas blancas, su peque\u00f1o puerto y su ambiente tranquilo lo convierten en un destino ideal para desconectar y disfrutar del Mediterr\u00e1neo. Aqu\u00ed puedes pasear junto al mar, saborear productos frescos del d\u00eda y descubrir parajes \u00fanicos dentro del <strong>Parque Natural del Cap de Creus<\/strong>.<\/p><h3 data-start=\"1083\" data-end=\"1126\">\u00a0<\/h3><h3 class=\"\" data-start=\"1083\" data-end=\"1126\"><strong data-start=\"1087\" data-end=\"1126\">Cadaqu\u00e9s: arte y magia junto al mar<\/strong><\/h3><p class=\"\" data-start=\"1128\" data-end=\"1474\">A unos 30 minutos por carretera, <strong data-start=\"1161\" data-end=\"1173\">Cadaqu\u00e9s<\/strong> es uno de los pueblos m\u00e1s ic\u00f3nicos de la Costa Brava. Famoso por su belleza blanca, sus calles empedradas y su relaci\u00f3n con <strong>Salvador Dal\u00ed<\/strong>, este rinc\u00f3n m\u00e1gico ha sido refugio de artistas e inspiraci\u00f3n para generaciones. Su aire bohemio, las peque\u00f1as calas y el ambiente cultural lo hacen irresistible.<\/p><h3 data-start=\"1476\" data-end=\"1525\">\u00a0<\/h3><h3 class=\"\" data-start=\"1476\" data-end=\"1525\"><strong data-start=\"1480\" data-end=\"1525\">Llan\u00e7\u00e0: playas, senderismo y tranquilidad<\/strong><\/h3><p class=\"\" data-start=\"1527\" data-end=\"1827\">Muy cerca de El Port de la Selva, <strong data-start=\"1561\" data-end=\"1571\">Llan\u00e7\u00e0<\/strong> combina naturaleza, cultura y tradici\u00f3n. Sus playas, ideales para familias, conviven con rutas de senderismo que se adentran en el Cap de Creus. Tambi\u00e9n podr\u00e1s visitar su puerto, su casco antiguo y disfrutar de una gastronom\u00eda con fuerte arraigo marinero.<\/p><h3 data-start=\"1829\" data-end=\"1875\">\u00a0<\/h3><h3 class=\"\" data-start=\"1829\" data-end=\"1875\"><strong data-start=\"1833\" data-end=\"1875\">Vilaju\u00efga: vino, historia y territorio<\/strong><\/h3><p class=\"\" data-start=\"1877\" data-end=\"2205\">En el interior, <strong data-start=\"1893\" data-end=\"1906\">Vilaju\u00efga<\/strong> destaca por sus bodegas y su historia ligada al agua mineral. Rodeado de naturaleza y cultura megal\u00edtica, este peque\u00f1o municipio es perfecto para los amantes del vino, la arqueolog\u00eda y la tranquilidad rural. Adem\u00e1s, es un excelente punto de partida para visitar el monasterio de <strong>Sant Pere de Rodes<\/strong>.<\/p><h3 data-start=\"2207\" data-end=\"2256\">\u00a0<\/h3><h3 class=\"\" data-start=\"2207\" data-end=\"2256\"><strong data-start=\"2211\" data-end=\"2256\">Peralada: elegancia medieval y enoturismo<\/strong><\/h3><p class=\"\" data-start=\"2258\" data-end=\"2592\">A unos 40 minutos de El Port de la Selva, <strong data-start=\"2300\" data-end=\"2312\">Peralada<\/strong> es sin\u00f3nimo de historia, vino y cultura. Su castillo, que acoge uno de los festivales de m\u00fasica m\u00e1s prestigiosos del pa\u00eds, alberga tambi\u00e9n un casino, jardines y una importante colecci\u00f3n art\u00edstica. El casco antiguo invita a perderse entre calles medievales y terrazas con encanto.<\/p><p class=\"\" data-start=\"2650\" data-end=\"2920\">Alojarse en <strong data-start=\"2662\" data-end=\"2673\">Allotjaments La Font<\/strong> te permite explorar todos estos pueblos con calma, disfrutando del ritmo pausado del Empord\u00e0 y de la riqueza cultural, natural y gastron\u00f3mica de la zona. Cada d\u00eda puede ser una nueva excursi\u00f3n, un nuevo paisaje y una nueva historia por descubrir.<\/p><p data-start=\"2650\" data-end=\"2920\"><img fetchpriority=\"high\" decoding=\"async\" class=\"aligncenter wp-image-5151 size-full\" src=\"https:\/\/allotjamentslafont.com\/wp-content\/uploads\/2025\/04\/cadaques-pueblos-costa-brava-la-font-port-de-la-seva-scaled.jpg\" alt=\"\" width=\"2560\" height=\"1707\" srcset=\"https:\/\/allotjamentslafont.com\/wp-content\/uploads\/2025\/04\/cadaques-pueblos-costa-brava-la-font-port-de-la-seva-scaled.jpg 2560w, https:\/\/allotjamentslafont.com\/wp-content\/uploads\/2025\/04\/cadaques-pueblos-costa-brava-la-font-port-de-la-seva-300x200.jpg 300w, https:\/\/allotjamentslafont.com\/wp-content\/uploads\/2025\/04\/cadaques-pueblos-costa-brava-la-font-port-de-la-seva-1024x683.jpg 1024w, https:\/\/allotjamentslafont.com\/wp-content\/uploads\/2025\/04\/cadaques-pueblos-costa-brava-la-font-port-de-la-seva-768x512.jpg 768w, https:\/\/allotjamentslafont.com\/wp-content\/uploads\/2025\/04\/cadaques-pueblos-costa-brava-la-font-port-de-la-seva-1536x1024.jpg 1536w, https:\/\/allotjamentslafont.com\/wp-content\/uploads\/2025\/04\/cadaques-pueblos-costa-brava-la-font-port-de-la-seva-2048x1365.jpg 2048w\" sizes=\"(max-width: 2560px) 100vw, 2560px\" \/><\/p>\t\t\t\t\t\t<\/div>\n\t\t\t\t<\/div>\n\t\t\t\t\t<\/div>\n\t\t\t\t<\/div>\n\t\t\t\t<\/div>\n\t\t","protected":false},"excerpt":{"rendered":"<p>Pueblos con encanto cerca de El Port de la Selva El Port de la Selva es mucho m\u00e1s que un bonito pueblo costero: es el punto de partida perfecto para descubrir otros rincones con personalidad propia en el Alt Empord\u00e0. Desde la costa hasta el interior, esta regi\u00f3n de la Costa Brava est\u00e1 llena de [&hellip;]<\/p>\n","protected":false},"author":4,"featured_media":5158,"parent":614,"menu_order":1,"comment_status":"closed","ping_status":"closed","template":"","meta":{"footnotes":""},"class_list":["post-3070","page","type-page","status-publish","has-post-thumbnail","hentry"],"yoast_head":"<!-- This site is optimized with the Yoast SEO plugin v23.4 - https:\/\/yoast.com\/wordpress\/plugins\/seo\/ -->\n<title>Pueblos - Allotjaments La Font, El Port de la Selva (Costa Brava)<\/title>\n<meta name=\"description\" content=\"Descubre los pueblos de la Costa Brava en la web de Allotjaments La Font: El Port de la Selva, Cadaqu\u00e9s, Girona, Figueres, Roses, Besal\u00fa, L&#039;Escala\u2026\" \/>\n<meta name=\"robots\" content=\"index, follow, max-snippet:-1, max-image-preview:large, max-video-preview:-1\" \/>\n<link rel=\"canonical\" href=\"https:\/\/allotjamentslafont.com\/es\/que-hacer-port-de-la-selva-costa-brava\/pueblos-con-encanto\/\" \/>\n<script type=\"application\/ld+json\" class=\"yoast-schema-graph\">{\"@context\":\"https:\/\/schema.org\",\"@graph\":[{\"@type\":\"WebPage\",\"@id\":\"https:\/\/allotjamentslafont.com\/es\/que-hacer-port-de-la-selva-costa-brava\/pueblos-con-encanto\/\",\"url\":\"https:\/\/allotjamentslafont.com\/es\/que-hacer-port-de-la-selva-costa-brava\/pueblos-con-encanto\/\",\"name\":\"Pueblos - Allotjaments La Font, El Port de la Selva (Costa Brava)\",\"isPartOf\":{\"@id\":\"https:\/\/allotjamentslafont.com\/es\/#website\"},\"primaryImageOfPage\":{\"@id\":\"https:\/\/allotjamentslafont.com\/es\/que-hacer-port-de-la-selva-costa-brava\/pueblos-con-encanto\/#primaryimage\"},\"image\":{\"@id\":\"https:\/\/allotjamentslafont.com\/es\/que-hacer-port-de-la-selva-costa-brava\/pueblos-con-encanto\/#primaryimage\"},\"thumbnailUrl\":\"https:\/\/allotjamentslafont.com\/wp-content\/uploads\/2025\/04\/pueblos-costa.brava-la-font-port-de-la-selva-scaled.jpg\",\"datePublished\":\"2024-05-21T13:47:19+00:00\",\"dateModified\":\"2025-04-22T10:43:13+00:00\",\"description\":\"Descubre los pueblos de la Costa Brava en la web de Allotjaments La Font: El Port de la Selva, Cadaqu\u00e9s, Girona, Figueres, Roses, Besal\u00fa, L'Escala\u2026\",\"breadcrumb\":{\"@id\":\"https:\/\/allotjamentslafont.com\/es\/que-hacer-port-de-la-selva-costa-brava\/pueblos-con-encanto\/#breadcrumb\"},\"inLanguage\":\"es\",\"potentialAction\":[{\"@type\":\"ReadAction\",\"target\":[\"https:\/\/allotjamentslafont.com\/es\/que-hacer-port-de-la-selva-costa-brava\/pueblos-con-encanto\/\"]}]},{\"@type\":\"ImageObject\",\"inLanguage\":\"es\",\"@id\":\"https:\/\/allotjamentslafont.com\/es\/que-hacer-port-de-la-selva-costa-brava\/pueblos-con-encanto\/#primaryimage\",\"url\":\"https:\/\/allotjamentslafont.com\/wp-content\/uploads\/2025\/04\/pueblos-costa.brava-la-font-port-de-la-selva-scaled.jpg\",\"contentUrl\":\"https:\/\/allotjamentslafont.com\/wp-content\/uploads\/2025\/04\/pueblos-costa.brava-la-font-port-de-la-selva-scaled.jpg\",\"width\":2560,\"height\":1700},{\"@type\":\"BreadcrumbList\",\"@id\":\"https:\/\/allotjamentslafont.com\/es\/que-hacer-port-de-la-selva-costa-brava\/pueblos-con-encanto\/#breadcrumb\",\"itemListElement\":[{\"@type\":\"ListItem\",\"position\":1,\"name\":\"Home\",\"item\":\"https:\/\/allotjamentslafont.com\/es\/\"},{\"@type\":\"ListItem\",\"position\":2,\"name\":\"Port de la Selva\",\"item\":\"https:\/\/allotjamentslafont.com\/es\/que-hacer-port-de-la-selva-costa-brava\/\"},{\"@type\":\"ListItem\",\"position\":3,\"name\":\"Pueblos con encanto\"}]},{\"@type\":\"WebSite\",\"@id\":\"https:\/\/allotjamentslafont.com\/es\/#website\",\"url\":\"https:\/\/allotjamentslafont.com\/es\/\",\"name\":\"Allotjaments La Font\",\"description\":\"\",\"publisher\":{\"@id\":\"https:\/\/allotjamentslafont.com\/es\/#organization\"},\"potentialAction\":[{\"@type\":\"SearchAction\",\"target\":{\"@type\":\"EntryPoint\",\"urlTemplate\":\"https:\/\/allotjamentslafont.com\/es\/?s={search_term_string}\"},\"query-input\":{\"@type\":\"PropertyValueSpecification\",\"valueRequired\":true,\"valueName\":\"search_term_string\"}}],\"inLanguage\":\"es\"},{\"@type\":\"Organization\",\"@id\":\"https:\/\/allotjamentslafont.com\/es\/#organization\",\"name\":\"Allotjaments La Font\",\"url\":\"https:\/\/allotjamentslafont.com\/es\/\",\"logo\":{\"@type\":\"ImageObject\",\"inLanguage\":\"es\",\"@id\":\"https:\/\/allotjamentslafont.com\/es\/#\/schema\/logo\/image\/\",\"url\":\"https:\/\/allotjamentslafont.com\/wp-content\/uploads\/2024\/02\/Favicon.svg\",\"contentUrl\":\"https:\/\/allotjamentslafont.com\/wp-content\/uploads\/2024\/02\/Favicon.svg\",\"width\":180,\"height\":180,\"caption\":\"Allotjaments La Font\"},\"image\":{\"@id\":\"https:\/\/allotjamentslafont.com\/es\/#\/schema\/logo\/image\/\"}}]}<\/script>\n<!-- \/ Yoast SEO plugin. -->","yoast_head_json":{"title":"Pueblos - Allotjaments La Font, El Port de la Selva (Costa Brava)","description":"Descubre los pueblos de la Costa Brava en la web de Allotjaments La Font: El Port de la Selva, Cadaqu\u00e9s, Girona, Figueres, Roses, Besal\u00fa, L'Escala\u2026","robots":{"index":"index","follow":"follow","max-snippet":"max-snippet:-1","max-image-preview":"max-image-preview:large","max-video-preview":"max-video-preview:-1"},"canonical":"https:\/\/allotjamentslafont.com\/es\/que-hacer-port-de-la-selva-costa-brava\/pueblos-con-encanto\/","schema":{"@context":"https:\/\/schema.org","@graph":[{"@type":"WebPage","@id":"https:\/\/allotjamentslafont.com\/es\/que-hacer-port-de-la-selva-costa-brava\/pueblos-con-encanto\/","url":"https:\/\/allotjamentslafont.com\/es\/que-hacer-port-de-la-selva-costa-brava\/pueblos-con-encanto\/","name":"Pueblos - Allotjaments La Font, El Port de la Selva (Costa Brava)","isPartOf":{"@id":"https:\/\/allotjamentslafont.com\/es\/#website"},"primaryImageOfPage":{"@id":"https:\/\/allotjamentslafont.com\/es\/que-hacer-port-de-la-selva-costa-brava\/pueblos-con-encanto\/#primaryimage"},"image":{"@id":"https:\/\/allotjamentslafont.com\/es\/que-hacer-port-de-la-selva-costa-brava\/pueblos-con-encanto\/#primaryimage"},"thumbnailUrl":"https:\/\/allotjamentslafont.com\/wp-content\/uploads\/2025\/04\/pueblos-costa.brava-la-font-port-de-la-selva-scaled.jpg","datePublished":"2024-05-21T13:47:19+00:00","dateModified":"2025-04-22T10:43:13+00:00","description":"Descubre los pueblos de la Costa Brava en la web de Allotjaments La Font: El Port de la Selva, Cadaqu\u00e9s, Girona, Figueres, Roses, Besal\u00fa, L'Escala\u2026","breadcrumb":{"@id":"https:\/\/allotjamentslafont.com\/es\/que-hacer-port-de-la-selva-costa-brava\/pueblos-con-encanto\/#breadcrumb"},"inLanguage":"es","potentialAction":[{"@type":"ReadAction","target":["https:\/\/allotjamentslafont.com\/es\/que-hacer-port-de-la-selva-costa-brava\/pueblos-con-encanto\/"]}]},{"@type":"ImageObject","inLanguage":"es","@id":"https:\/\/allotjamentslafont.com\/es\/que-hacer-port-de-la-selva-costa-brava\/pueblos-con-encanto\/#primaryimage","url":"https:\/\/allotjamentslafont.com\/wp-content\/uploads\/2025\/04\/pueblos-costa.brava-la-font-port-de-la-selva-scaled.jpg","contentUrl":"https:\/\/allotjamentslafont.com\/wp-content\/uploads\/2025\/04\/pueblos-costa.brava-la-font-port-de-la-selva-scaled.jpg","width":2560,"height":1700},{"@type":"BreadcrumbList","@id":"https:\/\/allotjamentslafont.com\/es\/que-hacer-port-de-la-selva-costa-brava\/pueblos-con-encanto\/#breadcrumb","itemListElement":[{"@type":"ListItem","position":1,"name":"Home","item":"https:\/\/allotjamentslafont.com\/es\/"},{"@type":"ListItem","position":2,"name":"Port de la Selva","item":"https:\/\/allotjamentslafont.com\/es\/que-hacer-port-de-la-selva-costa-brava\/"},{"@type":"ListItem","position":3,"name":"Pueblos con encanto"}]},{"@type":"WebSite","@id":"https:\/\/allotjamentslafont.com\/es\/#website","url":"https:\/\/allotjamentslafont.com\/es\/","name":"Allotjaments La Font","description":"","publisher":{"@id":"https:\/\/allotjamentslafont.com\/es\/#organization"},"potentialAction":[{"@type":"SearchAction","target":{"@type":"EntryPoint","urlTemplate":"https:\/\/allotjamentslafont.com\/es\/?s={search_term_string}"},"query-input":{"@type":"PropertyValueSpecification","valueRequired":true,"valueName":"search_term_string"}}],"inLanguage":"es"},{"@type":"Organization","@id":"https:\/\/allotjamentslafont.com\/es\/#organization","name":"Allotjaments La Font","url":"https:\/\/allotjamentslafont.com\/es\/","logo":{"@type":"ImageObject","inLanguage":"es","@id":"https:\/\/allotjamentslafont.com\/es\/#\/schema\/logo\/image\/","url":"https:\/\/allotjamentslafont.com\/wp-content\/uploads\/2024\/02\/Favicon.svg","contentUrl":"https:\/\/allotjamentslafont.com\/wp-content\/uploads\/2024\/02\/Favicon.svg","width":180,"height":180,"caption":"Allotjaments La Font"},"image":{"@id":"https:\/\/allotjamentslafont.com\/es\/#\/schema\/logo\/image\/"}}]}},"_links":{"self":[{"href":"https:\/\/allotjamentslafont.com\/es\/wp-json\/wp\/v2\/pages\/3070","targetHints":{"allow":["GET"]}}],"collection":[{"href":"https:\/\/allotjamentslafont.com\/es\/wp-json\/wp\/v2\/pages"}],"about":[{"href":"https:\/\/allotjamentslafont.com\/es\/wp-json\/wp\/v2\/types\/page"}],"author":[{"embeddable":true,"href":"https:\/\/allotjamentslafont.com\/es\/wp-json\/wp\/v2\/users\/4"}],"replies":[{"embeddable":true,"href":"https:\/\/allotjamentslafont.com\/es\/wp-json\/wp\/v2\/comments?post=3070"}],"version-history":[{"count":37,"href":"https:\/\/allotjamentslafont.com\/es\/wp-json\/wp\/v2\/pages\/3070\/revisions"}],"predecessor-version":[{"id":6205,"href":"https:\/\/allotjamentslafont.com\/es\/wp-json\/wp\/v2\/pages\/3070\/revisions\/6205"}],"up":[{"embeddable":true,"href":"https:\/\/allotjamentslafont.com\/es\/wp-json\/wp\/v2\/pages\/614"}],"wp:featuredmedia":[{"embeddable":true,"href":"https:\/\/allotjamentslafont.com\/es\/wp-json\/wp\/v2\/media\/5158"}],"wp:attachment":[{"href":"https:\/\/allotjamentslafont.com\/es\/wp-json\/wp\/v2\/media?parent=3070"}],"curies":[{"name":"wp","href":"https:\/\/api.w.org\/{rel}","templated":true}]}}