{"id":4899,"date":"2025-04-02T13:35:44","date_gmt":"2025-04-02T11:35:44","guid":{"rendered":"https:\/\/dev-hostallatina.gnahs.com\/?page_id=4899"},"modified":"2025-04-08T12:52:03","modified_gmt":"2025-04-08T10:52:03","slug":"naturaleza","status":"publish","type":"page","link":"https:\/\/allotjamentslafont.com\/es\/que-hacer-port-de-la-selva-costa-brava\/naturaleza\/","title":{"rendered":"Naturaleza"},"content":{"rendered":"\t\t<div data-elementor-type=\"wp-page\" data-elementor-id=\"4899\" class=\"elementor elementor-4899\" data-elementor-post-type=\"page\">\n\t\t\t\t<div class=\"elementor-element elementor-element-2fd9398b e-flex e-con-boxed e-con e-parent\" data-id=\"2fd9398b\" data-element_type=\"container\">\n\t\t\t\t\t<div class=\"e-con-inner\">\n\t\t\t\t<div class=\"elementor-element elementor-element-38186338 elementor-widget elementor-widget-text-editor\" data-id=\"38186338\" data-element_type=\"widget\" data-widget_type=\"text-editor.default\">\n\t\t\t\t<div class=\"elementor-widget-container\">\n\t\t\t\t\t\t\t<h2 class=\"\" style=\"text-align: center;\" data-start=\"197\" data-end=\"264\"><strong data-start=\"200\" data-end=\"264\">Naturaleza en El Port de la Selva<\/strong><\/h2>\n<p class=\"\" data-start=\"266\" data-end=\"573\"><strong>El Port de la Selva<\/strong> es uno de los rincones m\u00e1s aut\u00e9nticos de la Costa Brava, donde la <strong data-start=\"352\" data-end=\"392\">naturaleza se muestra en estado puro<\/strong>. Rodeado por el <strong data-start=\"409\" data-end=\"444\">Parque Natural del Cap de Creus<\/strong>, este peque\u00f1o pueblo de pescadores es un para\u00edso para los amantes del aire libre, la tranquilidad y los paisajes espectaculares.<\/p>\n<h3 class=\"\" data-start=\"575\" data-end=\"632\"><strong data-start=\"579\" data-end=\"632\">Cap de Creus: un paisaje \u00fanico en el Mediterr\u00e1neo<\/strong><\/h3>\n<p class=\"\" data-start=\"634\" data-end=\"1088\">El Port de la Selva forma parte del <strong data-start=\"670\" data-end=\"704\">Parque Natural de Cap de Creus<\/strong>, el primer parque natural mar\u00edtimo-terrestre de Catalu\u00f1a. Aqu\u00ed, los caminos se abren entre acantilados, calas escondidas, formaciones rocosas caprichosas y vegetaci\u00f3n t\u00edpica del litoral mediterr\u00e1neo. El contraste entre el mar y la monta\u00f1a crea un paisaje salvaje y a la vez delicado, perfecto para explorar a pie, en bicicleta o simplemente dejarse llevar por el silencio y la brisa.<\/p>\n<h3 class=\"\" data-start=\"1090\" data-end=\"1135\"><strong data-start=\"1094\" data-end=\"1135\">Rutas de senderismo con vistas al mar<\/strong><\/h3>\n<p class=\"\" data-start=\"1137\" data-end=\"1490\">Desde el propio pueblo salen numerosas <strong data-start=\"1176\" data-end=\"1199\">rutas de senderismo<\/strong> que permiten descubrir la zona a un ritmo pausado. Algunos de los caminos m\u00e1s populares son los que llevan hasta el <strong data-start=\"1316\" data-end=\"1352\">Monasterio de Sant Pere de Rodes<\/strong>, con vistas panor\u00e1micas al golfo de Roses, o los que bordean la costa hasta calas tranquilas como <strong data-start=\"1451\" data-end=\"1469\">Cala Tavallera<\/strong> o <strong data-start=\"1472\" data-end=\"1489\">Cala Tamariua<\/strong>.<\/p>\n<p class=\"\" data-start=\"1492\" data-end=\"1746\">Cada sendero ofrece una experiencia diferente: caminatas suaves con vistas al mar, tramos entre vi\u00f1as y olivares, o recorridos m\u00e1s exigentes para los aventureros. Todos, eso s\u00ed, comparten una misma recompensa: la <strong data-start=\"1705\" data-end=\"1745\">belleza natural y la paz del entorno<\/strong>.<\/p>\n<h3 class=\"\" data-start=\"1748\" data-end=\"1787\"><strong data-start=\"1752\" data-end=\"1787\">Playas y calas para desconectar<\/strong><\/h3>\n<p class=\"\" data-start=\"1789\" data-end=\"2132\">El litoral de El Port de la Selva est\u00e1 salpicado de <strong data-start=\"1841\" data-end=\"1859\">playas y calas<\/strong> que conservan su car\u00e1cter natural. Algunas de ellas son accesibles a pie o en coche, y otras requieren un poco de aventura para llegar, pero siempre merecen la pena. Lejos del bullicio, son lugares ideales para nadar, tomar el sol o simplemente escuchar el sonido del mar.<\/p>\n<h3 class=\"\" data-start=\"2134\" data-end=\"2177\"><strong data-start=\"2138\" data-end=\"2177\">Un destino para respirar naturaleza<\/strong><\/h3>\n<p class=\"\" data-start=\"2179\" data-end=\"2495\">Alojarse en <strong data-start=\"2191\" data-end=\"2202\">Allotjaments La Font<\/strong> te sit\u00faa a solo unos pasos de este para\u00edso natural. Ya sea para caminar por los senderos del Cap de Creus, descubrir peque\u00f1as calas o contemplar la salida del sol desde el paseo mar\u00edtimo, El Port de la Selva es un destino que invita a <strong data-start=\"2438\" data-end=\"2495\">desconectar, respirar y reconectar con la naturaleza.<\/strong><\/p>\n<p><\/p>\n<p data-start=\"2179\" data-end=\"2495\"><img fetchpriority=\"high\" decoding=\"async\" class=\"aligncenter wp-image-5166 size-full\" src=\"https:\/\/allotjamentslafont.com\/wp-content\/uploads\/2025\/04\/camino-de-ronda-port-de-la-selva-la-font-costa-brava-scaled.jpg\" alt=\"\" width=\"2560\" height=\"1707\" srcset=\"https:\/\/allotjamentslafont.com\/wp-content\/uploads\/2025\/04\/camino-de-ronda-port-de-la-selva-la-font-costa-brava-scaled.jpg 2560w, https:\/\/allotjamentslafont.com\/wp-content\/uploads\/2025\/04\/camino-de-ronda-port-de-la-selva-la-font-costa-brava-300x200.jpg 300w, https:\/\/allotjamentslafont.com\/wp-content\/uploads\/2025\/04\/camino-de-ronda-port-de-la-selva-la-font-costa-brava-1024x683.jpg 1024w, https:\/\/allotjamentslafont.com\/wp-content\/uploads\/2025\/04\/camino-de-ronda-port-de-la-selva-la-font-costa-brava-768x512.jpg 768w, https:\/\/allotjamentslafont.com\/wp-content\/uploads\/2025\/04\/camino-de-ronda-port-de-la-selva-la-font-costa-brava-1536x1024.jpg 1536w, https:\/\/allotjamentslafont.com\/wp-content\/uploads\/2025\/04\/camino-de-ronda-port-de-la-selva-la-font-costa-brava-2048x1365.jpg 2048w\" sizes=\"(max-width: 2560px) 100vw, 2560px\" \/><\/p>\t\t\t\t\t\t<\/div>\n\t\t\t\t<\/div>\n\t\t\t\t\t<\/div>\n\t\t\t\t<\/div>\n\t\t\t\t<\/div>\n\t\t","protected":false},"excerpt":{"rendered":"<p>Naturaleza en El Port de la Selva El Port de la Selva es uno de los rincones m\u00e1s aut\u00e9nticos de la Costa Brava, donde la naturaleza se muestra en estado puro. Rodeado por el Parque Natural del Cap de Creus, este peque\u00f1o pueblo de pescadores es un para\u00edso para los amantes del aire libre, la [&hellip;]<\/p>\n","protected":false},"author":5,"featured_media":5173,"parent":614,"menu_order":1,"comment_status":"closed","ping_status":"closed","template":"","meta":{"footnotes":""},"class_list":["post-4899","page","type-page","status-publish","has-post-thumbnail","hentry"],"yoast_head":"<!-- This site is optimized with the Yoast SEO plugin v23.4 - https:\/\/yoast.com\/wordpress\/plugins\/seo\/ -->\n<title>Naturaleza - Allotjaments La Font, El Port de la Selva (Costa Brava)<\/title>\n<meta name=\"description\" content=\"Descubre la naturaleza de la Costa Brava en la web de Allotjaments La Font, en El Port de la Selva: Cap de Creus, Aiguamolls de l&#039;Empord\u00e0, Sierra de l&#039;Albera\u2026\" \/>\n<meta name=\"robots\" content=\"index, follow, max-snippet:-1, max-image-preview:large, max-video-preview:-1\" \/>\n<link rel=\"canonical\" href=\"https:\/\/allotjamentslafont.com\/es\/que-hacer-port-de-la-selva-costa-brava\/naturaleza\/\" \/>\n<script type=\"application\/ld+json\" class=\"yoast-schema-graph\">{\"@context\":\"https:\/\/schema.org\",\"@graph\":[{\"@type\":\"WebPage\",\"@id\":\"https:\/\/allotjamentslafont.com\/es\/que-hacer-port-de-la-selva-costa-brava\/naturaleza\/\",\"url\":\"https:\/\/allotjamentslafont.com\/es\/que-hacer-port-de-la-selva-costa-brava\/naturaleza\/\",\"name\":\"Naturaleza - Allotjaments La Font, El Port de la Selva (Costa Brava)\",\"isPartOf\":{\"@id\":\"https:\/\/allotjamentslafont.com\/es\/#website\"},\"primaryImageOfPage\":{\"@id\":\"https:\/\/allotjamentslafont.com\/es\/que-hacer-port-de-la-selva-costa-brava\/naturaleza\/#primaryimage\"},\"image\":{\"@id\":\"https:\/\/allotjamentslafont.com\/es\/que-hacer-port-de-la-selva-costa-brava\/naturaleza\/#primaryimage\"},\"thumbnailUrl\":\"https:\/\/allotjamentslafont.com\/wp-content\/uploads\/2025\/04\/cap-de-creus-port-de-la-selva-naturaleza-la-font-costa-brava-scaled.jpg\",\"datePublished\":\"2025-04-02T11:35:44+00:00\",\"dateModified\":\"2025-04-08T10:52:03+00:00\",\"description\":\"Descubre la naturaleza de la Costa Brava en la web de Allotjaments La Font, en El Port de la Selva: Cap de Creus, Aiguamolls de l'Empord\u00e0, Sierra de l'Albera\u2026\",\"breadcrumb\":{\"@id\":\"https:\/\/allotjamentslafont.com\/es\/que-hacer-port-de-la-selva-costa-brava\/naturaleza\/#breadcrumb\"},\"inLanguage\":\"es\",\"potentialAction\":[{\"@type\":\"ReadAction\",\"target\":[\"https:\/\/allotjamentslafont.com\/es\/que-hacer-port-de-la-selva-costa-brava\/naturaleza\/\"]}]},{\"@type\":\"ImageObject\",\"inLanguage\":\"es\",\"@id\":\"https:\/\/allotjamentslafont.com\/es\/que-hacer-port-de-la-selva-costa-brava\/naturaleza\/#primaryimage\",\"url\":\"https:\/\/allotjamentslafont.com\/wp-content\/uploads\/2025\/04\/cap-de-creus-port-de-la-selva-naturaleza-la-font-costa-brava-scaled.jpg\",\"contentUrl\":\"https:\/\/allotjamentslafont.com\/wp-content\/uploads\/2025\/04\/cap-de-creus-port-de-la-selva-naturaleza-la-font-costa-brava-scaled.jpg\",\"width\":2560,\"height\":1920},{\"@type\":\"BreadcrumbList\",\"@id\":\"https:\/\/allotjamentslafont.com\/es\/que-hacer-port-de-la-selva-costa-brava\/naturaleza\/#breadcrumb\",\"itemListElement\":[{\"@type\":\"ListItem\",\"position\":1,\"name\":\"Home\",\"item\":\"https:\/\/allotjamentslafont.com\/es\/\"},{\"@type\":\"ListItem\",\"position\":2,\"name\":\"Port de la Selva\",\"item\":\"https:\/\/allotjamentslafont.com\/es\/que-hacer-port-de-la-selva-costa-brava\/\"},{\"@type\":\"ListItem\",\"position\":3,\"name\":\"Naturaleza\"}]},{\"@type\":\"WebSite\",\"@id\":\"https:\/\/allotjamentslafont.com\/es\/#website\",\"url\":\"https:\/\/allotjamentslafont.com\/es\/\",\"name\":\"Allotjaments La Font\",\"description\":\"\",\"publisher\":{\"@id\":\"https:\/\/allotjamentslafont.com\/es\/#organization\"},\"potentialAction\":[{\"@type\":\"SearchAction\",\"target\":{\"@type\":\"EntryPoint\",\"urlTemplate\":\"https:\/\/allotjamentslafont.com\/es\/?s={search_term_string}\"},\"query-input\":{\"@type\":\"PropertyValueSpecification\",\"valueRequired\":true,\"valueName\":\"search_term_string\"}}],\"inLanguage\":\"es\"},{\"@type\":\"Organization\",\"@id\":\"https:\/\/allotjamentslafont.com\/es\/#organization\",\"name\":\"Allotjaments La Font\",\"url\":\"https:\/\/allotjamentslafont.com\/es\/\",\"logo\":{\"@type\":\"ImageObject\",\"inLanguage\":\"es\",\"@id\":\"https:\/\/allotjamentslafont.com\/es\/#\/schema\/logo\/image\/\",\"url\":\"https:\/\/allotjamentslafont.com\/wp-content\/uploads\/2024\/02\/Favicon.svg\",\"contentUrl\":\"https:\/\/allotjamentslafont.com\/wp-content\/uploads\/2024\/02\/Favicon.svg\",\"width\":180,\"height\":180,\"caption\":\"Allotjaments La Font\"},\"image\":{\"@id\":\"https:\/\/allotjamentslafont.com\/es\/#\/schema\/logo\/image\/\"}}]}<\/script>\n<!-- \/ Yoast SEO plugin. -->","yoast_head_json":{"title":"Naturaleza - Allotjaments La Font, El Port de la Selva (Costa Brava)","description":"Descubre la naturaleza de la Costa Brava en la web de Allotjaments La Font, en El Port de la Selva: Cap de Creus, Aiguamolls de l'Empord\u00e0, Sierra de l'Albera\u2026","robots":{"index":"index","follow":"follow","max-snippet":"max-snippet:-1","max-image-preview":"max-image-preview:large","max-video-preview":"max-video-preview:-1"},"canonical":"https:\/\/allotjamentslafont.com\/es\/que-hacer-port-de-la-selva-costa-brava\/naturaleza\/","schema":{"@context":"https:\/\/schema.org","@graph":[{"@type":"WebPage","@id":"https:\/\/allotjamentslafont.com\/es\/que-hacer-port-de-la-selva-costa-brava\/naturaleza\/","url":"https:\/\/allotjamentslafont.com\/es\/que-hacer-port-de-la-selva-costa-brava\/naturaleza\/","name":"Naturaleza - Allotjaments La Font, El Port de la Selva (Costa Brava)","isPartOf":{"@id":"https:\/\/allotjamentslafont.com\/es\/#website"},"primaryImageOfPage":{"@id":"https:\/\/allotjamentslafont.com\/es\/que-hacer-port-de-la-selva-costa-brava\/naturaleza\/#primaryimage"},"image":{"@id":"https:\/\/allotjamentslafont.com\/es\/que-hacer-port-de-la-selva-costa-brava\/naturaleza\/#primaryimage"},"thumbnailUrl":"https:\/\/allotjamentslafont.com\/wp-content\/uploads\/2025\/04\/cap-de-creus-port-de-la-selva-naturaleza-la-font-costa-brava-scaled.jpg","datePublished":"2025-04-02T11:35:44+00:00","dateModified":"2025-04-08T10:52:03+00:00","description":"Descubre la naturaleza de la Costa Brava en la web de Allotjaments La Font, en El Port de la Selva: Cap de Creus, Aiguamolls de l'Empord\u00e0, Sierra de l'Albera\u2026","breadcrumb":{"@id":"https:\/\/allotjamentslafont.com\/es\/que-hacer-port-de-la-selva-costa-brava\/naturaleza\/#breadcrumb"},"inLanguage":"es","potentialAction":[{"@type":"ReadAction","target":["https:\/\/allotjamentslafont.com\/es\/que-hacer-port-de-la-selva-costa-brava\/naturaleza\/"]}]},{"@type":"ImageObject","inLanguage":"es","@id":"https:\/\/allotjamentslafont.com\/es\/que-hacer-port-de-la-selva-costa-brava\/naturaleza\/#primaryimage","url":"https:\/\/allotjamentslafont.com\/wp-content\/uploads\/2025\/04\/cap-de-creus-port-de-la-selva-naturaleza-la-font-costa-brava-scaled.jpg","contentUrl":"https:\/\/allotjamentslafont.com\/wp-content\/uploads\/2025\/04\/cap-de-creus-port-de-la-selva-naturaleza-la-font-costa-brava-scaled.jpg","width":2560,"height":1920},{"@type":"BreadcrumbList","@id":"https:\/\/allotjamentslafont.com\/es\/que-hacer-port-de-la-selva-costa-brava\/naturaleza\/#breadcrumb","itemListElement":[{"@type":"ListItem","position":1,"name":"Home","item":"https:\/\/allotjamentslafont.com\/es\/"},{"@type":"ListItem","position":2,"name":"Port de la Selva","item":"https:\/\/allotjamentslafont.com\/es\/que-hacer-port-de-la-selva-costa-brava\/"},{"@type":"ListItem","position":3,"name":"Naturaleza"}]},{"@type":"WebSite","@id":"https:\/\/allotjamentslafont.com\/es\/#website","url":"https:\/\/allotjamentslafont.com\/es\/","name":"Allotjaments La Font","description":"","publisher":{"@id":"https:\/\/allotjamentslafont.com\/es\/#organization"},"potentialAction":[{"@type":"SearchAction","target":{"@type":"EntryPoint","urlTemplate":"https:\/\/allotjamentslafont.com\/es\/?s={search_term_string}"},"query-input":{"@type":"PropertyValueSpecification","valueRequired":true,"valueName":"search_term_string"}}],"inLanguage":"es"},{"@type":"Organization","@id":"https:\/\/allotjamentslafont.com\/es\/#organization","name":"Allotjaments La Font","url":"https:\/\/allotjamentslafont.com\/es\/","logo":{"@type":"ImageObject","inLanguage":"es","@id":"https:\/\/allotjamentslafont.com\/es\/#\/schema\/logo\/image\/","url":"https:\/\/allotjamentslafont.com\/wp-content\/uploads\/2024\/02\/Favicon.svg","contentUrl":"https:\/\/allotjamentslafont.com\/wp-content\/uploads\/2024\/02\/Favicon.svg","width":180,"height":180,"caption":"Allotjaments La Font"},"image":{"@id":"https:\/\/allotjamentslafont.com\/es\/#\/schema\/logo\/image\/"}}]}},"_links":{"self":[{"href":"https:\/\/allotjamentslafont.com\/es\/wp-json\/wp\/v2\/pages\/4899","targetHints":{"allow":["GET"]}}],"collection":[{"href":"https:\/\/allotjamentslafont.com\/es\/wp-json\/wp\/v2\/pages"}],"about":[{"href":"https:\/\/allotjamentslafont.com\/es\/wp-json\/wp\/v2\/types\/page"}],"author":[{"embeddable":true,"href":"https:\/\/allotjamentslafont.com\/es\/wp-json\/wp\/v2\/users\/5"}],"replies":[{"embeddable":true,"href":"https:\/\/allotjamentslafont.com\/es\/wp-json\/wp\/v2\/comments?post=4899"}],"version-history":[{"count":12,"href":"https:\/\/allotjamentslafont.com\/es\/wp-json\/wp\/v2\/pages\/4899\/revisions"}],"predecessor-version":[{"id":5206,"href":"https:\/\/allotjamentslafont.com\/es\/wp-json\/wp\/v2\/pages\/4899\/revisions\/5206"}],"up":[{"embeddable":true,"href":"https:\/\/allotjamentslafont.com\/es\/wp-json\/wp\/v2\/pages\/614"}],"wp:featuredmedia":[{"embeddable":true,"href":"https:\/\/allotjamentslafont.com\/es\/wp-json\/wp\/v2\/media\/5173"}],"wp:attachment":[{"href":"https:\/\/allotjamentslafont.com\/es\/wp-json\/wp\/v2\/media?parent=4899"}],"curies":[{"name":"wp","href":"https:\/\/api.w.org\/{rel}","templated":true}]}}