{"id":4902,"date":"2025-04-02T15:25:07","date_gmt":"2025-04-02T13:25:07","guid":{"rendered":"https:\/\/dev-hostallatina.gnahs.com\/?page_id=4902"},"modified":"2025-04-15T08:45:53","modified_gmt":"2025-04-15T06:45:53","slug":"cultura-arte","status":"publish","type":"page","link":"https:\/\/allotjamentslafont.com\/es\/que-hacer-port-de-la-selva-costa-brava\/cultura-arte\/","title":{"rendered":"Cultura y arte"},"content":{"rendered":"\t\t<div data-elementor-type=\"wp-page\" data-elementor-id=\"4902\" class=\"elementor elementor-4902\" data-elementor-post-type=\"page\">\n\t\t\t\t<div class=\"elementor-element elementor-element-2fd9398b e-flex e-con-boxed e-con e-parent\" data-id=\"2fd9398b\" data-element_type=\"container\">\n\t\t\t\t\t<div class=\"e-con-inner\">\n\t\t\t\t<div class=\"elementor-element elementor-element-38186338 elementor-widget elementor-widget-text-editor\" data-id=\"38186338\" data-element_type=\"widget\" data-widget_type=\"text-editor.default\">\n\t\t\t\t<div class=\"elementor-widget-container\">\n\t\t\t\t\t\t\t<h2 style=\"text-align: center;\" data-start=\"150\" data-end=\"241\"><strong data-start=\"153\" data-end=\"241\">Cultura y arte en El Port de la Selva<\/strong><\/h2><p class=\"\" data-start=\"243\" data-end=\"585\">Enclavado entre el azul del Mediterr\u00e1neo y las colinas del Cap de Creus, <strong data-start=\"316\" data-end=\"339\">El Port de la Selva<\/strong> no solo enamora por su belleza natural, sino tambi\u00e9n por su rica oferta cultural y art\u00edstica. Este encantador pueblo de pescadores, situado en el norte de la Costa Brava, guarda siglos de historia, tradici\u00f3n y expresi\u00f3n art\u00edstica en cada rinc\u00f3n.<\/p><h3 data-start=\"592\" data-end=\"655\">\u00a0<\/h3><h3 class=\"\" data-start=\"592\" data-end=\"655\"><strong data-start=\"596\" data-end=\"655\">Un pasado con alma: el Monasterio de Sant Pere de Rodes<\/strong><\/h3><p class=\"\" data-start=\"657\" data-end=\"1064\">A pocos minutos del n\u00facleo urbano se alza uno de los tesoros patrimoniales m\u00e1s importantes de Catalu\u00f1a: el <strong data-start=\"764\" data-end=\"800\">Monasterio de Sant Pere de Rodes<\/strong>. Este imponente conjunto rom\u00e1nico del siglo X domina el paisaje y ofrece una experiencia \u00fanica donde arquitectura, historia y espiritualidad se fusionan. Visitarlo es viajar en el tiempo y comprender la importancia cultural que ha tenido esta zona durante siglos.<\/p><p data-start=\"657\" data-end=\"1064\">\u00a0<\/p><h3 class=\"\" data-start=\"1071\" data-end=\"1134\"><strong data-start=\"1075\" data-end=\"1134\">Paisaje que inspira: arte en contacto con la naturaleza<\/strong><\/h3><p class=\"\" data-start=\"1136\" data-end=\"1464\">El paisaje abrupto y salvaje del <strong data-start=\"1169\" data-end=\"1185\">Cap de Creus<\/strong> ha sido fuente de inspiraci\u00f3n para artistas de renombre, como <strong data-start=\"1248\" data-end=\"1265\">Salvador Dal\u00ed<\/strong>, que vivi\u00f3 muy cerca, en Portlligat. Su universo surrealista se entiende mejor al pasear por los caminos costeros de El Port de la Selva, donde la roca, el viento y la luz crean formas irrepetibles.<\/p><p class=\"\" data-start=\"1466\" data-end=\"1789\">A lo largo del a\u00f1o, el pueblo acoge <strong data-start=\"1502\" data-end=\"1555\">exposiciones, conciertos y actividades culturales<\/strong> que acercan el arte contempor\u00e1neo y tradicional tanto a residentes como a visitantes. Espacios como la <strong data-start=\"1659\" data-end=\"1697\">iglesia de Santa Maria de les Neus<\/strong> o el <strong data-start=\"1703\" data-end=\"1726\">auditorio municipal<\/strong> son puntos de encuentro para la m\u00fasica, el teatro y la poes\u00eda.<\/p><p data-start=\"1466\" data-end=\"1789\">\u00a0<\/p><h3 class=\"\" data-start=\"1796\" data-end=\"1859\"><strong data-start=\"1800\" data-end=\"1859\">Tradici\u00f3n viva: fiestas, patrimonio y expresi\u00f3n popular<\/strong><\/h3><p class=\"\" data-start=\"1861\" data-end=\"2293\">La cultura de El Port de la Selva tambi\u00e9n se expresa en sus <strong data-start=\"1921\" data-end=\"1942\">fiestas populares<\/strong>, su <strong data-start=\"1947\" data-end=\"1970\">patrimonio mar\u00edtimo<\/strong> y sus <strong data-start=\"1977\" data-end=\"2002\">oficios tradicionales<\/strong>. Las fiestas mayores, con bailes, m\u00fasica en directo y sardanas, son una magn\u00edfica oportunidad para sumergirse en el alma del pueblo. Tampoco faltan referencias al pasado pesquero en el peque\u00f1o puerto, los antiguos almacenes de redes o los relatos de quienes han vivido siempre junto al mar.<\/p><p data-start=\"1861\" data-end=\"2293\">\u00a0<\/p><p data-start=\"1861\" data-end=\"2293\"><img fetchpriority=\"high\" decoding=\"async\" class=\"aligncenter wp-image-5133 size-full\" src=\"https:\/\/allotjamentslafont.com\/wp-content\/uploads\/2025\/04\/sant-pere-de-rodes-monasterio-la-font-costa-brava-scaled.jpg\" alt=\"\" width=\"2560\" height=\"1701\" srcset=\"https:\/\/allotjamentslafont.com\/wp-content\/uploads\/2025\/04\/sant-pere-de-rodes-monasterio-la-font-costa-brava-scaled.jpg 2560w, https:\/\/allotjamentslafont.com\/wp-content\/uploads\/2025\/04\/sant-pere-de-rodes-monasterio-la-font-costa-brava-300x199.jpg 300w, https:\/\/allotjamentslafont.com\/wp-content\/uploads\/2025\/04\/sant-pere-de-rodes-monasterio-la-font-costa-brava-1024x680.jpg 1024w, https:\/\/allotjamentslafont.com\/wp-content\/uploads\/2025\/04\/sant-pere-de-rodes-monasterio-la-font-costa-brava-768x510.jpg 768w, https:\/\/allotjamentslafont.com\/wp-content\/uploads\/2025\/04\/sant-pere-de-rodes-monasterio-la-font-costa-brava-1536x1021.jpg 1536w, https:\/\/allotjamentslafont.com\/wp-content\/uploads\/2025\/04\/sant-pere-de-rodes-monasterio-la-font-costa-brava-2048x1361.jpg 2048w\" sizes=\"(max-width: 2560px) 100vw, 2560px\" \/><\/p><p data-start=\"1861\" data-end=\"2293\">\u00a0<\/p>\t\t\t\t\t\t<\/div>\n\t\t\t\t<\/div>\n\t\t\t\t\t<\/div>\n\t\t\t\t<\/div>\n\t\t\t\t<\/div>\n\t\t","protected":false},"excerpt":{"rendered":"<p>Cultura y arte en El Port de la Selva Enclavado entre el azul del Mediterr\u00e1neo y las colinas del Cap de Creus, El Port de la Selva no solo enamora por su belleza natural, sino tambi\u00e9n por su rica oferta cultural y art\u00edstica. Este encantador pueblo de pescadores, situado en el norte de la Costa [&hellip;]<\/p>\n","protected":false},"author":5,"featured_media":5143,"parent":614,"menu_order":1,"comment_status":"closed","ping_status":"closed","template":"","meta":{"footnotes":""},"class_list":["post-4902","page","type-page","status-publish","has-post-thumbnail","hentry"],"yoast_head":"<!-- This site is optimized with the Yoast SEO plugin v23.4 - https:\/\/yoast.com\/wordpress\/plugins\/seo\/ -->\n<title>Cultura y arte - Allotjaments La Font, El Port de la Selva (Costa Brava)<\/title>\n<meta name=\"description\" content=\"Descubre el arte y la cultura de la Costa Brava en la web de Allotjaments La Font, en El Port de la Selva: museos, yacimientos arqueol\u00f3gicos\u2026\" \/>\n<meta name=\"robots\" content=\"index, follow, max-snippet:-1, max-image-preview:large, max-video-preview:-1\" \/>\n<link rel=\"canonical\" href=\"https:\/\/allotjamentslafont.com\/es\/que-hacer-port-de-la-selva-costa-brava\/cultura-arte\/\" \/>\n<script type=\"application\/ld+json\" class=\"yoast-schema-graph\">{\"@context\":\"https:\/\/schema.org\",\"@graph\":[{\"@type\":\"WebPage\",\"@id\":\"https:\/\/allotjamentslafont.com\/es\/que-hacer-port-de-la-selva-costa-brava\/cultura-arte\/\",\"url\":\"https:\/\/allotjamentslafont.com\/es\/que-hacer-port-de-la-selva-costa-brava\/cultura-arte\/\",\"name\":\"Cultura y arte - Allotjaments La Font, El Port de la Selva (Costa Brava)\",\"isPartOf\":{\"@id\":\"https:\/\/allotjamentslafont.com\/es\/#website\"},\"primaryImageOfPage\":{\"@id\":\"https:\/\/allotjamentslafont.com\/es\/que-hacer-port-de-la-selva-costa-brava\/cultura-arte\/#primaryimage\"},\"image\":{\"@id\":\"https:\/\/allotjamentslafont.com\/es\/que-hacer-port-de-la-selva-costa-brava\/cultura-arte\/#primaryimage\"},\"thumbnailUrl\":\"https:\/\/allotjamentslafont.com\/wp-content\/uploads\/2025\/04\/sant-pere-de-rodes-port-de-la-selva-monasterio-paisaje-la-font-scaled.jpg\",\"datePublished\":\"2025-04-02T13:25:07+00:00\",\"dateModified\":\"2025-04-15T06:45:53+00:00\",\"description\":\"Descubre el arte y la cultura de la Costa Brava en la web de Allotjaments La Font, en El Port de la Selva: museos, yacimientos arqueol\u00f3gicos\u2026\",\"breadcrumb\":{\"@id\":\"https:\/\/allotjamentslafont.com\/es\/que-hacer-port-de-la-selva-costa-brava\/cultura-arte\/#breadcrumb\"},\"inLanguage\":\"es\",\"potentialAction\":[{\"@type\":\"ReadAction\",\"target\":[\"https:\/\/allotjamentslafont.com\/es\/que-hacer-port-de-la-selva-costa-brava\/cultura-arte\/\"]}]},{\"@type\":\"ImageObject\",\"inLanguage\":\"es\",\"@id\":\"https:\/\/allotjamentslafont.com\/es\/que-hacer-port-de-la-selva-costa-brava\/cultura-arte\/#primaryimage\",\"url\":\"https:\/\/allotjamentslafont.com\/wp-content\/uploads\/2025\/04\/sant-pere-de-rodes-port-de-la-selva-monasterio-paisaje-la-font-scaled.jpg\",\"contentUrl\":\"https:\/\/allotjamentslafont.com\/wp-content\/uploads\/2025\/04\/sant-pere-de-rodes-port-de-la-selva-monasterio-paisaje-la-font-scaled.jpg\",\"width\":2560,\"height\":1700},{\"@type\":\"BreadcrumbList\",\"@id\":\"https:\/\/allotjamentslafont.com\/es\/que-hacer-port-de-la-selva-costa-brava\/cultura-arte\/#breadcrumb\",\"itemListElement\":[{\"@type\":\"ListItem\",\"position\":1,\"name\":\"Home\",\"item\":\"https:\/\/allotjamentslafont.com\/es\/\"},{\"@type\":\"ListItem\",\"position\":2,\"name\":\"Port de la Selva\",\"item\":\"https:\/\/allotjamentslafont.com\/es\/que-hacer-port-de-la-selva-costa-brava\/\"},{\"@type\":\"ListItem\",\"position\":3,\"name\":\"Cultura y arte\"}]},{\"@type\":\"WebSite\",\"@id\":\"https:\/\/allotjamentslafont.com\/es\/#website\",\"url\":\"https:\/\/allotjamentslafont.com\/es\/\",\"name\":\"Allotjaments La Font\",\"description\":\"\",\"publisher\":{\"@id\":\"https:\/\/allotjamentslafont.com\/es\/#organization\"},\"potentialAction\":[{\"@type\":\"SearchAction\",\"target\":{\"@type\":\"EntryPoint\",\"urlTemplate\":\"https:\/\/allotjamentslafont.com\/es\/?s={search_term_string}\"},\"query-input\":{\"@type\":\"PropertyValueSpecification\",\"valueRequired\":true,\"valueName\":\"search_term_string\"}}],\"inLanguage\":\"es\"},{\"@type\":\"Organization\",\"@id\":\"https:\/\/allotjamentslafont.com\/es\/#organization\",\"name\":\"Allotjaments La Font\",\"url\":\"https:\/\/allotjamentslafont.com\/es\/\",\"logo\":{\"@type\":\"ImageObject\",\"inLanguage\":\"es\",\"@id\":\"https:\/\/allotjamentslafont.com\/es\/#\/schema\/logo\/image\/\",\"url\":\"https:\/\/allotjamentslafont.com\/wp-content\/uploads\/2024\/02\/Favicon.svg\",\"contentUrl\":\"https:\/\/allotjamentslafont.com\/wp-content\/uploads\/2024\/02\/Favicon.svg\",\"width\":180,\"height\":180,\"caption\":\"Allotjaments La Font\"},\"image\":{\"@id\":\"https:\/\/allotjamentslafont.com\/es\/#\/schema\/logo\/image\/\"}}]}<\/script>\n<!-- \/ Yoast SEO plugin. -->","yoast_head_json":{"title":"Cultura y arte - Allotjaments La Font, El Port de la Selva (Costa Brava)","description":"Descubre el arte y la cultura de la Costa Brava en la web de Allotjaments La Font, en El Port de la Selva: museos, yacimientos arqueol\u00f3gicos\u2026","robots":{"index":"index","follow":"follow","max-snippet":"max-snippet:-1","max-image-preview":"max-image-preview:large","max-video-preview":"max-video-preview:-1"},"canonical":"https:\/\/allotjamentslafont.com\/es\/que-hacer-port-de-la-selva-costa-brava\/cultura-arte\/","schema":{"@context":"https:\/\/schema.org","@graph":[{"@type":"WebPage","@id":"https:\/\/allotjamentslafont.com\/es\/que-hacer-port-de-la-selva-costa-brava\/cultura-arte\/","url":"https:\/\/allotjamentslafont.com\/es\/que-hacer-port-de-la-selva-costa-brava\/cultura-arte\/","name":"Cultura y arte - Allotjaments La Font, El Port de la Selva (Costa Brava)","isPartOf":{"@id":"https:\/\/allotjamentslafont.com\/es\/#website"},"primaryImageOfPage":{"@id":"https:\/\/allotjamentslafont.com\/es\/que-hacer-port-de-la-selva-costa-brava\/cultura-arte\/#primaryimage"},"image":{"@id":"https:\/\/allotjamentslafont.com\/es\/que-hacer-port-de-la-selva-costa-brava\/cultura-arte\/#primaryimage"},"thumbnailUrl":"https:\/\/allotjamentslafont.com\/wp-content\/uploads\/2025\/04\/sant-pere-de-rodes-port-de-la-selva-monasterio-paisaje-la-font-scaled.jpg","datePublished":"2025-04-02T13:25:07+00:00","dateModified":"2025-04-15T06:45:53+00:00","description":"Descubre el arte y la cultura de la Costa Brava en la web de Allotjaments La Font, en El Port de la Selva: museos, yacimientos arqueol\u00f3gicos\u2026","breadcrumb":{"@id":"https:\/\/allotjamentslafont.com\/es\/que-hacer-port-de-la-selva-costa-brava\/cultura-arte\/#breadcrumb"},"inLanguage":"es","potentialAction":[{"@type":"ReadAction","target":["https:\/\/allotjamentslafont.com\/es\/que-hacer-port-de-la-selva-costa-brava\/cultura-arte\/"]}]},{"@type":"ImageObject","inLanguage":"es","@id":"https:\/\/allotjamentslafont.com\/es\/que-hacer-port-de-la-selva-costa-brava\/cultura-arte\/#primaryimage","url":"https:\/\/allotjamentslafont.com\/wp-content\/uploads\/2025\/04\/sant-pere-de-rodes-port-de-la-selva-monasterio-paisaje-la-font-scaled.jpg","contentUrl":"https:\/\/allotjamentslafont.com\/wp-content\/uploads\/2025\/04\/sant-pere-de-rodes-port-de-la-selva-monasterio-paisaje-la-font-scaled.jpg","width":2560,"height":1700},{"@type":"BreadcrumbList","@id":"https:\/\/allotjamentslafont.com\/es\/que-hacer-port-de-la-selva-costa-brava\/cultura-arte\/#breadcrumb","itemListElement":[{"@type":"ListItem","position":1,"name":"Home","item":"https:\/\/allotjamentslafont.com\/es\/"},{"@type":"ListItem","position":2,"name":"Port de la Selva","item":"https:\/\/allotjamentslafont.com\/es\/que-hacer-port-de-la-selva-costa-brava\/"},{"@type":"ListItem","position":3,"name":"Cultura y arte"}]},{"@type":"WebSite","@id":"https:\/\/allotjamentslafont.com\/es\/#website","url":"https:\/\/allotjamentslafont.com\/es\/","name":"Allotjaments La Font","description":"","publisher":{"@id":"https:\/\/allotjamentslafont.com\/es\/#organization"},"potentialAction":[{"@type":"SearchAction","target":{"@type":"EntryPoint","urlTemplate":"https:\/\/allotjamentslafont.com\/es\/?s={search_term_string}"},"query-input":{"@type":"PropertyValueSpecification","valueRequired":true,"valueName":"search_term_string"}}],"inLanguage":"es"},{"@type":"Organization","@id":"https:\/\/allotjamentslafont.com\/es\/#organization","name":"Allotjaments La Font","url":"https:\/\/allotjamentslafont.com\/es\/","logo":{"@type":"ImageObject","inLanguage":"es","@id":"https:\/\/allotjamentslafont.com\/es\/#\/schema\/logo\/image\/","url":"https:\/\/allotjamentslafont.com\/wp-content\/uploads\/2024\/02\/Favicon.svg","contentUrl":"https:\/\/allotjamentslafont.com\/wp-content\/uploads\/2024\/02\/Favicon.svg","width":180,"height":180,"caption":"Allotjaments La Font"},"image":{"@id":"https:\/\/allotjamentslafont.com\/es\/#\/schema\/logo\/image\/"}}]}},"_links":{"self":[{"href":"https:\/\/allotjamentslafont.com\/es\/wp-json\/wp\/v2\/pages\/4902","targetHints":{"allow":["GET"]}}],"collection":[{"href":"https:\/\/allotjamentslafont.com\/es\/wp-json\/wp\/v2\/pages"}],"about":[{"href":"https:\/\/allotjamentslafont.com\/es\/wp-json\/wp\/v2\/types\/page"}],"author":[{"embeddable":true,"href":"https:\/\/allotjamentslafont.com\/es\/wp-json\/wp\/v2\/users\/5"}],"replies":[{"embeddable":true,"href":"https:\/\/allotjamentslafont.com\/es\/wp-json\/wp\/v2\/comments?post=4902"}],"version-history":[{"count":21,"href":"https:\/\/allotjamentslafont.com\/es\/wp-json\/wp\/v2\/pages\/4902\/revisions"}],"predecessor-version":[{"id":6088,"href":"https:\/\/allotjamentslafont.com\/es\/wp-json\/wp\/v2\/pages\/4902\/revisions\/6088"}],"up":[{"embeddable":true,"href":"https:\/\/allotjamentslafont.com\/es\/wp-json\/wp\/v2\/pages\/614"}],"wp:featuredmedia":[{"embeddable":true,"href":"https:\/\/allotjamentslafont.com\/es\/wp-json\/wp\/v2\/media\/5143"}],"wp:attachment":[{"href":"https:\/\/allotjamentslafont.com\/es\/wp-json\/wp\/v2\/media?parent=4902"}],"curies":[{"name":"wp","href":"https:\/\/api.w.org\/{rel}","templated":true}]}}