{"id":4905,"date":"2025-04-02T13:36:09","date_gmt":"2025-04-02T11:36:09","guid":{"rendered":"https:\/\/dev-hostallatina.gnahs.com\/?page_id=4905"},"modified":"2025-04-15T08:47:51","modified_gmt":"2025-04-15T06:47:51","slug":"historia-patrimonio","status":"publish","type":"page","link":"https:\/\/allotjamentslafont.com\/es\/que-hacer-port-de-la-selva-costa-brava\/historia-patrimonio\/","title":{"rendered":"Historia y patrimonio"},"content":{"rendered":"\t\t<div data-elementor-type=\"wp-page\" data-elementor-id=\"4905\" class=\"elementor elementor-4905\" data-elementor-post-type=\"page\">\n\t\t\t\t<div class=\"elementor-element elementor-element-2fd9398b e-flex e-con-boxed e-con e-parent\" data-id=\"2fd9398b\" data-element_type=\"container\">\n\t\t\t\t\t<div class=\"e-con-inner\">\n\t\t\t\t<div class=\"elementor-element elementor-element-38186338 elementor-widget elementor-widget-text-editor\" data-id=\"38186338\" data-element_type=\"widget\" data-widget_type=\"text-editor.default\">\n\t\t\t\t<div class=\"elementor-widget-container\">\n\t\t\t\t\t\t\t<h2 class=\"\" style=\"text-align: center;\" data-start=\"233\" data-end=\"321\"><strong data-start=\"236\" data-end=\"321\">Historia y patrimonio en El Port de la Selva<\/strong><\/h2><p class=\"\" data-start=\"323\" data-end=\"662\">Detr\u00e1s del paisaje tranquilo y marino de <strong data-start=\"364\" data-end=\"387\">El Port de la Selva<\/strong> se esconde un pasado rico en historia y tradici\u00f3n. Este peque\u00f1o pueblo de la <strong>Costa Brava<\/strong> no solo destaca por su belleza natural, sino tambi\u00e9n por su valioso <strong data-start=\"545\" data-end=\"568\">patrimonio cultural<\/strong>, que abarca desde construcciones medievales hasta testimonios vivos de su identidad marinera.<\/p><p data-start=\"323\" data-end=\"662\">\u00a0<\/p><h3 class=\"\" data-start=\"664\" data-end=\"712\"><strong data-start=\"668\" data-end=\"712\">Or\u00edgenes humildes, esp\u00edritu mediterr\u00e1neo<\/strong><\/h3><p class=\"\" data-start=\"714\" data-end=\"1102\"><strong>El Port de la Selva<\/strong> naci\u00f3 como un sencillo <strong data-start=\"757\" data-end=\"781\">pueblo de pescadores<\/strong> y agricultores, vinculado al cercano monasterio de <strong>Sant Pere de Rodes.<\/strong> A lo largo de los siglos, ha mantenido su esencia, creciendo de forma respetuosa con el entorno y conservando su car\u00e1cter aut\u00e9ntico. Caminar por sus calles blancas, su paseo mar\u00edtimo o su puerto es revivir la historia de generaciones ligadas al mar.<\/p><p data-start=\"714\" data-end=\"1102\">\u00a0<\/p><h3 class=\"\" data-start=\"1104\" data-end=\"1173\"><strong data-start=\"1108\" data-end=\"1173\">Monasterio de Sant Pere de Rodes<\/strong><\/h3><p class=\"\" data-start=\"1175\" data-end=\"1544\">Uno de los mayores tesoros del patrimonio catal\u00e1n se encuentra muy cerca del pueblo: el <strong data-start=\"1263\" data-end=\"1299\">Monasterio de Sant Pere de Rodes<\/strong>, un conjunto monumental de origen medieval que corona la sierra de Rodes. Este monasterio benedictino, del siglo X, es una muestra imponente del arte rom\u00e1nico y un lugar cargado de misticismo, historia y vistas espectaculares al <strong>golfo de Roses.<\/strong><\/p><p class=\"\" data-start=\"1546\" data-end=\"1737\">Su ubicaci\u00f3n estrat\u00e9gica, su arquitectura majestuosa y su influencia en la zona lo convierten en una visita imprescindible para entender el peso hist\u00f3rico de El Port de la Selva en la regi\u00f3n.<\/p><p data-start=\"1546\" data-end=\"1737\">\u00a0<\/p><h3 class=\"\" data-start=\"1739\" data-end=\"1791\"><strong data-start=\"1743\" data-end=\"1791\">Iglesias, ermitas y arquitectura tradicional<\/strong><\/h3><p class=\"\" data-start=\"1793\" data-end=\"2187\">Adem\u00e1s del monasterio, el pueblo conserva otros elementos de inter\u00e9s patrimonial, como la <b>I<\/b><strong data-start=\"1883\" data-end=\"1921\">glesia de Santa Maria de les Neus<\/strong>, que destaca por su sencillez y su v\u00ednculo con la vida cotidiana del pueblo. Tambi\u00e9n pueden visitarse ermitas diseminadas por el entorno, antiguos caminos de piedra seca, muros de cultivo y vestigios de una vida rural y marinera que todav\u00eda late bajo la superficie.<\/p><p data-start=\"1793\" data-end=\"2187\">\u00a0<\/p><h3 class=\"\" data-start=\"2189\" data-end=\"2221\"><strong data-start=\"2193\" data-end=\"2221\">Un pasado que sigue vivo<\/strong><\/h3><p class=\"\" data-start=\"2223\" data-end=\"2569\">El patrimonio de <strong>El Port de la Selva<\/strong> no se limita a sus monumentos: se encuentra tambi\u00e9n en sus <strong data-start=\"2319\" data-end=\"2344\">fiestas tradicionales<\/strong>, en las historias de los pescadores, en las recetas transmitidas de generaci\u00f3n en generaci\u00f3n y en su respeto por el entorno natural y cultural. Todo ello hace que cada estancia aqu\u00ed sea tambi\u00e9n un peque\u00f1o viaje en el tiempo.<\/p><p data-start=\"2223\" data-end=\"2569\">Desde <strong>Allotjaments La Font<\/strong>, puedes explorar todo este patrimonio con facilidad. Ya sea paseando por el casco antiguo, visitando el monasterio o charlando con los vecinos, descubrir\u00e1s que la historia de este lugar no solo se ve, se vive.\u00a0<\/p><p data-start=\"2223\" data-end=\"2569\">\u00a0<\/p><p data-start=\"2223\" data-end=\"2569\"><img fetchpriority=\"high\" decoding=\"async\" class=\"aligncenter wp-image-5181 size-full\" src=\"https:\/\/allotjamentslafont.com\/wp-content\/uploads\/2025\/04\/historia-y-patrimonio-la-font-el-port-de-la-selva-costa-brava-scaled.jpg\" alt=\"\" width=\"2560\" height=\"1700\" srcset=\"https:\/\/allotjamentslafont.com\/wp-content\/uploads\/2025\/04\/historia-y-patrimonio-la-font-el-port-de-la-selva-costa-brava-scaled.jpg 2560w, https:\/\/allotjamentslafont.com\/wp-content\/uploads\/2025\/04\/historia-y-patrimonio-la-font-el-port-de-la-selva-costa-brava-300x199.jpg 300w, https:\/\/allotjamentslafont.com\/wp-content\/uploads\/2025\/04\/historia-y-patrimonio-la-font-el-port-de-la-selva-costa-brava-1024x680.jpg 1024w, https:\/\/allotjamentslafont.com\/wp-content\/uploads\/2025\/04\/historia-y-patrimonio-la-font-el-port-de-la-selva-costa-brava-768x510.jpg 768w, https:\/\/allotjamentslafont.com\/wp-content\/uploads\/2025\/04\/historia-y-patrimonio-la-font-el-port-de-la-selva-costa-brava-1536x1020.jpg 1536w, https:\/\/allotjamentslafont.com\/wp-content\/uploads\/2025\/04\/historia-y-patrimonio-la-font-el-port-de-la-selva-costa-brava-2048x1360.jpg 2048w\" sizes=\"(max-width: 2560px) 100vw, 2560px\" \/><\/p>\t\t\t\t\t\t<\/div>\n\t\t\t\t<\/div>\n\t\t\t\t\t<\/div>\n\t\t\t\t<\/div>\n\t\t\t\t<\/div>\n\t\t","protected":false},"excerpt":{"rendered":"<p>Historia y patrimonio en El Port de la Selva Detr\u00e1s del paisaje tranquilo y marino de El Port de la Selva se esconde un pasado rico en historia y tradici\u00f3n. Este peque\u00f1o pueblo de la Costa Brava no solo destaca por su belleza natural, sino tambi\u00e9n por su valioso patrimonio cultural, que abarca desde construcciones [&hellip;]<\/p>\n","protected":false},"author":5,"featured_media":5188,"parent":614,"menu_order":1,"comment_status":"closed","ping_status":"closed","template":"","meta":{"footnotes":""},"class_list":["post-4905","page","type-page","status-publish","has-post-thumbnail","hentry"],"yoast_head":"<!-- This site is optimized with the Yoast SEO plugin v23.4 - https:\/\/yoast.com\/wordpress\/plugins\/seo\/ -->\n<title>Historia y patrimonio - Allotjaments La Font, El Port de la Selva (Costa Brava)<\/title>\n<meta name=\"description\" content=\"Descubre la historia y el patrimonio de la Costa Brava en la web de Allotjaments La Font, en El Port de la Selva: castillos, monasterios\u2026\" \/>\n<meta name=\"robots\" content=\"index, follow, max-snippet:-1, max-image-preview:large, max-video-preview:-1\" \/>\n<link rel=\"canonical\" href=\"https:\/\/allotjamentslafont.com\/es\/que-hacer-port-de-la-selva-costa-brava\/historia-patrimonio\/\" \/>\n<script type=\"application\/ld+json\" class=\"yoast-schema-graph\">{\"@context\":\"https:\/\/schema.org\",\"@graph\":[{\"@type\":\"WebPage\",\"@id\":\"https:\/\/allotjamentslafont.com\/es\/que-hacer-port-de-la-selva-costa-brava\/historia-patrimonio\/\",\"url\":\"https:\/\/allotjamentslafont.com\/es\/que-hacer-port-de-la-selva-costa-brava\/historia-patrimonio\/\",\"name\":\"Historia y patrimonio - Allotjaments La Font, El Port de la Selva (Costa Brava)\",\"isPartOf\":{\"@id\":\"https:\/\/allotjamentslafont.com\/es\/#website\"},\"primaryImageOfPage\":{\"@id\":\"https:\/\/allotjamentslafont.com\/es\/que-hacer-port-de-la-selva-costa-brava\/historia-patrimonio\/#primaryimage\"},\"image\":{\"@id\":\"https:\/\/allotjamentslafont.com\/es\/que-hacer-port-de-la-selva-costa-brava\/historia-patrimonio\/#primaryimage\"},\"thumbnailUrl\":\"https:\/\/allotjamentslafont.com\/wp-content\/uploads\/2025\/04\/iglesia-el-port-de-la-selva-la-font-costa-brava.jpg\",\"datePublished\":\"2025-04-02T11:36:09+00:00\",\"dateModified\":\"2025-04-15T06:47:51+00:00\",\"description\":\"Descubre la historia y el patrimonio de la Costa Brava en la web de Allotjaments La Font, en El Port de la Selva: castillos, monasterios\u2026\",\"breadcrumb\":{\"@id\":\"https:\/\/allotjamentslafont.com\/es\/que-hacer-port-de-la-selva-costa-brava\/historia-patrimonio\/#breadcrumb\"},\"inLanguage\":\"es\",\"potentialAction\":[{\"@type\":\"ReadAction\",\"target\":[\"https:\/\/allotjamentslafont.com\/es\/que-hacer-port-de-la-selva-costa-brava\/historia-patrimonio\/\"]}]},{\"@type\":\"ImageObject\",\"inLanguage\":\"es\",\"@id\":\"https:\/\/allotjamentslafont.com\/es\/que-hacer-port-de-la-selva-costa-brava\/historia-patrimonio\/#primaryimage\",\"url\":\"https:\/\/allotjamentslafont.com\/wp-content\/uploads\/2025\/04\/iglesia-el-port-de-la-selva-la-font-costa-brava.jpg\",\"contentUrl\":\"https:\/\/allotjamentslafont.com\/wp-content\/uploads\/2025\/04\/iglesia-el-port-de-la-selva-la-font-costa-brava.jpg\",\"width\":2544,\"height\":1696},{\"@type\":\"BreadcrumbList\",\"@id\":\"https:\/\/allotjamentslafont.com\/es\/que-hacer-port-de-la-selva-costa-brava\/historia-patrimonio\/#breadcrumb\",\"itemListElement\":[{\"@type\":\"ListItem\",\"position\":1,\"name\":\"Home\",\"item\":\"https:\/\/allotjamentslafont.com\/es\/\"},{\"@type\":\"ListItem\",\"position\":2,\"name\":\"Port de la Selva\",\"item\":\"https:\/\/allotjamentslafont.com\/es\/que-hacer-port-de-la-selva-costa-brava\/\"},{\"@type\":\"ListItem\",\"position\":3,\"name\":\"Historia y patrimonio\"}]},{\"@type\":\"WebSite\",\"@id\":\"https:\/\/allotjamentslafont.com\/es\/#website\",\"url\":\"https:\/\/allotjamentslafont.com\/es\/\",\"name\":\"Allotjaments La Font\",\"description\":\"\",\"publisher\":{\"@id\":\"https:\/\/allotjamentslafont.com\/es\/#organization\"},\"potentialAction\":[{\"@type\":\"SearchAction\",\"target\":{\"@type\":\"EntryPoint\",\"urlTemplate\":\"https:\/\/allotjamentslafont.com\/es\/?s={search_term_string}\"},\"query-input\":{\"@type\":\"PropertyValueSpecification\",\"valueRequired\":true,\"valueName\":\"search_term_string\"}}],\"inLanguage\":\"es\"},{\"@type\":\"Organization\",\"@id\":\"https:\/\/allotjamentslafont.com\/es\/#organization\",\"name\":\"Allotjaments La Font\",\"url\":\"https:\/\/allotjamentslafont.com\/es\/\",\"logo\":{\"@type\":\"ImageObject\",\"inLanguage\":\"es\",\"@id\":\"https:\/\/allotjamentslafont.com\/es\/#\/schema\/logo\/image\/\",\"url\":\"https:\/\/allotjamentslafont.com\/wp-content\/uploads\/2024\/02\/Favicon.svg\",\"contentUrl\":\"https:\/\/allotjamentslafont.com\/wp-content\/uploads\/2024\/02\/Favicon.svg\",\"width\":180,\"height\":180,\"caption\":\"Allotjaments La Font\"},\"image\":{\"@id\":\"https:\/\/allotjamentslafont.com\/es\/#\/schema\/logo\/image\/\"}}]}<\/script>\n<!-- \/ Yoast SEO plugin. -->","yoast_head_json":{"title":"Historia y patrimonio - Allotjaments La Font, El Port de la Selva (Costa Brava)","description":"Descubre la historia y el patrimonio de la Costa Brava en la web de Allotjaments La Font, en El Port de la Selva: castillos, monasterios\u2026","robots":{"index":"index","follow":"follow","max-snippet":"max-snippet:-1","max-image-preview":"max-image-preview:large","max-video-preview":"max-video-preview:-1"},"canonical":"https:\/\/allotjamentslafont.com\/es\/que-hacer-port-de-la-selva-costa-brava\/historia-patrimonio\/","schema":{"@context":"https:\/\/schema.org","@graph":[{"@type":"WebPage","@id":"https:\/\/allotjamentslafont.com\/es\/que-hacer-port-de-la-selva-costa-brava\/historia-patrimonio\/","url":"https:\/\/allotjamentslafont.com\/es\/que-hacer-port-de-la-selva-costa-brava\/historia-patrimonio\/","name":"Historia y patrimonio - Allotjaments La Font, El Port de la Selva (Costa Brava)","isPartOf":{"@id":"https:\/\/allotjamentslafont.com\/es\/#website"},"primaryImageOfPage":{"@id":"https:\/\/allotjamentslafont.com\/es\/que-hacer-port-de-la-selva-costa-brava\/historia-patrimonio\/#primaryimage"},"image":{"@id":"https:\/\/allotjamentslafont.com\/es\/que-hacer-port-de-la-selva-costa-brava\/historia-patrimonio\/#primaryimage"},"thumbnailUrl":"https:\/\/allotjamentslafont.com\/wp-content\/uploads\/2025\/04\/iglesia-el-port-de-la-selva-la-font-costa-brava.jpg","datePublished":"2025-04-02T11:36:09+00:00","dateModified":"2025-04-15T06:47:51+00:00","description":"Descubre la historia y el patrimonio de la Costa Brava en la web de Allotjaments La Font, en El Port de la Selva: castillos, monasterios\u2026","breadcrumb":{"@id":"https:\/\/allotjamentslafont.com\/es\/que-hacer-port-de-la-selva-costa-brava\/historia-patrimonio\/#breadcrumb"},"inLanguage":"es","potentialAction":[{"@type":"ReadAction","target":["https:\/\/allotjamentslafont.com\/es\/que-hacer-port-de-la-selva-costa-brava\/historia-patrimonio\/"]}]},{"@type":"ImageObject","inLanguage":"es","@id":"https:\/\/allotjamentslafont.com\/es\/que-hacer-port-de-la-selva-costa-brava\/historia-patrimonio\/#primaryimage","url":"https:\/\/allotjamentslafont.com\/wp-content\/uploads\/2025\/04\/iglesia-el-port-de-la-selva-la-font-costa-brava.jpg","contentUrl":"https:\/\/allotjamentslafont.com\/wp-content\/uploads\/2025\/04\/iglesia-el-port-de-la-selva-la-font-costa-brava.jpg","width":2544,"height":1696},{"@type":"BreadcrumbList","@id":"https:\/\/allotjamentslafont.com\/es\/que-hacer-port-de-la-selva-costa-brava\/historia-patrimonio\/#breadcrumb","itemListElement":[{"@type":"ListItem","position":1,"name":"Home","item":"https:\/\/allotjamentslafont.com\/es\/"},{"@type":"ListItem","position":2,"name":"Port de la Selva","item":"https:\/\/allotjamentslafont.com\/es\/que-hacer-port-de-la-selva-costa-brava\/"},{"@type":"ListItem","position":3,"name":"Historia y patrimonio"}]},{"@type":"WebSite","@id":"https:\/\/allotjamentslafont.com\/es\/#website","url":"https:\/\/allotjamentslafont.com\/es\/","name":"Allotjaments La Font","description":"","publisher":{"@id":"https:\/\/allotjamentslafont.com\/es\/#organization"},"potentialAction":[{"@type":"SearchAction","target":{"@type":"EntryPoint","urlTemplate":"https:\/\/allotjamentslafont.com\/es\/?s={search_term_string}"},"query-input":{"@type":"PropertyValueSpecification","valueRequired":true,"valueName":"search_term_string"}}],"inLanguage":"es"},{"@type":"Organization","@id":"https:\/\/allotjamentslafont.com\/es\/#organization","name":"Allotjaments La Font","url":"https:\/\/allotjamentslafont.com\/es\/","logo":{"@type":"ImageObject","inLanguage":"es","@id":"https:\/\/allotjamentslafont.com\/es\/#\/schema\/logo\/image\/","url":"https:\/\/allotjamentslafont.com\/wp-content\/uploads\/2024\/02\/Favicon.svg","contentUrl":"https:\/\/allotjamentslafont.com\/wp-content\/uploads\/2024\/02\/Favicon.svg","width":180,"height":180,"caption":"Allotjaments La Font"},"image":{"@id":"https:\/\/allotjamentslafont.com\/es\/#\/schema\/logo\/image\/"}}]}},"_links":{"self":[{"href":"https:\/\/allotjamentslafont.com\/es\/wp-json\/wp\/v2\/pages\/4905","targetHints":{"allow":["GET"]}}],"collection":[{"href":"https:\/\/allotjamentslafont.com\/es\/wp-json\/wp\/v2\/pages"}],"about":[{"href":"https:\/\/allotjamentslafont.com\/es\/wp-json\/wp\/v2\/types\/page"}],"author":[{"embeddable":true,"href":"https:\/\/allotjamentslafont.com\/es\/wp-json\/wp\/v2\/users\/5"}],"replies":[{"embeddable":true,"href":"https:\/\/allotjamentslafont.com\/es\/wp-json\/wp\/v2\/comments?post=4905"}],"version-history":[{"count":22,"href":"https:\/\/allotjamentslafont.com\/es\/wp-json\/wp\/v2\/pages\/4905\/revisions"}],"predecessor-version":[{"id":6093,"href":"https:\/\/allotjamentslafont.com\/es\/wp-json\/wp\/v2\/pages\/4905\/revisions\/6093"}],"up":[{"embeddable":true,"href":"https:\/\/allotjamentslafont.com\/es\/wp-json\/wp\/v2\/pages\/614"}],"wp:featuredmedia":[{"embeddable":true,"href":"https:\/\/allotjamentslafont.com\/es\/wp-json\/wp\/v2\/media\/5188"}],"wp:attachment":[{"href":"https:\/\/allotjamentslafont.com\/es\/wp-json\/wp\/v2\/media?parent=4905"}],"curies":[{"name":"wp","href":"https:\/\/api.w.org\/{rel}","templated":true}]}}