{"id":660,"date":"2024-03-07T10:36:45","date_gmt":"2024-03-07T10:36:45","guid":{"rendered":"https:\/\/dev-lascumbresapart.gnahs.com\/?page_id=660"},"modified":"2026-04-15T15:42:23","modified_gmt":"2026-04-15T13:42:23","slug":"politica-de-privacidad","status":"publish","type":"page","link":"https:\/\/allotjamentslafont.com\/es\/politica-de-privacidad\/","title":{"rendered":"Pol\u00edtica de privacidad"},"content":{"rendered":"\t\t<div data-elementor-type=\"wp-page\" data-elementor-id=\"660\" class=\"elementor elementor-660\" data-elementor-post-type=\"page\">\n\t\t\t\t<div class=\"elementor-element elementor-element-391e829 e-flex e-con-boxed e-con e-parent\" data-id=\"391e829\" data-element_type=\"container\" data-settings=\"{&quot;background_background&quot;:&quot;classic&quot;}\">\n\t\t\t\t\t<div class=\"e-con-inner\">\n\t\t\t\t<div class=\"elementor-element elementor-element-65252e79 elementor-widget elementor-widget-heading\" data-id=\"65252e79\" data-element_type=\"widget\" data-widget_type=\"heading.default\">\n\t\t\t\t<div class=\"elementor-widget-container\">\n\t\t\t<div class=\"elementor-heading-title elementor-size-default\">Pol\u00edtica de privacidad<\/div>\t\t<\/div>\n\t\t\t\t<\/div>\n\t\t\t\t<div class=\"elementor-element elementor-element-41191bc1 elementor-icon-list--layout-inline elementor-align-center elementor-list-item-link-full_width elementor-widget elementor-widget-icon-list\" data-id=\"41191bc1\" data-element_type=\"widget\" data-widget_type=\"icon-list.default\">\n\t\t\t\t<div class=\"elementor-widget-container\">\n\t\t\t\t\t<ul class=\"elementor-icon-list-items elementor-inline-items\">\n\t\t\t\t\t\t\t<li class=\"elementor-icon-list-item elementor-inline-item\">\n\t\t\t\t\t\t\t\t\t\t\t<a href=\"https:\/\/allotjamentslafont.com\/\">\n\n\t\t\t\t\t\t\t\t\t\t\t<span class=\"elementor-icon-list-text\">Home<\/span>\n\t\t\t\t\t\t\t\t\t\t\t<\/a>\n\t\t\t\t\t\t\t\t\t<\/li>\n\t\t\t\t\t\t\t\t<li class=\"elementor-icon-list-item elementor-inline-item\">\n\t\t\t\t\t\t\t\t\t\t\t<span class=\"elementor-icon-list-icon\">\n\t\t\t\t\t\t\t<svg aria-hidden=\"true\" class=\"e-font-icon-svg e-fas-chevron-right\" viewBox=\"0 0 320 512\" xmlns=\"http:\/\/www.w3.org\/2000\/svg\"><path d=\"M285.476 272.971L91.132 467.314c-9.373 9.373-24.569 9.373-33.941 0l-22.667-22.667c-9.357-9.357-9.375-24.522-.04-33.901L188.505 256 34.484 101.255c-9.335-9.379-9.317-24.544.04-33.901l22.667-22.667c9.373-9.373 24.569-9.373 33.941 0L285.475 239.03c9.373 9.372 9.373 24.568.001 33.941z\"><\/path><\/svg>\t\t\t\t\t\t<\/span>\n\t\t\t\t\t\t\t\t\t\t<span class=\"elementor-icon-list-text\">Pol\u00edtica de privacidad<\/span>\n\t\t\t\t\t\t\t\t\t<\/li>\n\t\t\t\t\t\t<\/ul>\n\t\t\t\t<\/div>\n\t\t\t\t<\/div>\n\t\t\t\t\t<\/div>\n\t\t\t\t<\/div>\n\t\t<div class=\"elementor-element elementor-element-4b916d17 e-flex e-con-boxed e-con e-parent\" data-id=\"4b916d17\" data-element_type=\"container\" data-settings=\"{&quot;motion_fx_motion_fx_scrolling&quot;:&quot;yes&quot;,&quot;motion_fx_translateY_effect&quot;:&quot;yes&quot;,&quot;motion_fx_devices&quot;:[&quot;desktop&quot;,&quot;tablet&quot;],&quot;motion_fx_translateY_speed&quot;:{&quot;unit&quot;:&quot;px&quot;,&quot;size&quot;:4,&quot;sizes&quot;:[]},&quot;motion_fx_translateY_affectedRange&quot;:{&quot;unit&quot;:&quot;%&quot;,&quot;size&quot;:&quot;&quot;,&quot;sizes&quot;:{&quot;start&quot;:0,&quot;end&quot;:100}}}\">\n\t\t\t\t\t<div class=\"e-con-inner\">\n\t\t<div class=\"elementor-element elementor-element-1704ffb1 e-flex e-con-boxed e-con e-child\" data-id=\"1704ffb1\" data-element_type=\"container\">\n\t\t\t\t\t<div class=\"e-con-inner\">\n\t\t\t\t<div class=\"elementor-element elementor-element-75e37d3a elementor-widget elementor-widget-heading\" data-id=\"75e37d3a\" data-element_type=\"widget\" data-widget_type=\"heading.default\">\n\t\t\t\t<div class=\"elementor-widget-container\">\n\t\t\t<div class=\"elementor-heading-title elementor-size-default\">TEXTOS LEGALES<\/div>\t\t<\/div>\n\t\t\t\t<\/div>\n\t\t\t\t<div class=\"elementor-element elementor-element-1252f59 elementor-widget elementor-widget-heading\" data-id=\"1252f59\" data-element_type=\"widget\" data-widget_type=\"heading.default\">\n\t\t\t\t<div class=\"elementor-widget-container\">\n\t\t\t<h1 class=\"elementor-heading-title elementor-size-default\">Pol\u00edtica de privacidad de Allotjaments La Font<\/h1>\t\t<\/div>\n\t\t\t\t<\/div>\n\t\t\t\t\t<\/div>\n\t\t\t\t<\/div>\n\t\t<div class=\"elementor-element elementor-element-4abb49fc e-flex e-con-boxed e-con e-child\" data-id=\"4abb49fc\" data-element_type=\"container\">\n\t\t\t\t\t<div class=\"e-con-inner\">\n\t\t\t\t<div class=\"elementor-element elementor-element-2f38bc9 elementor-widget elementor-widget-text-editor\" data-id=\"2f38bc9\" data-element_type=\"widget\" data-widget_type=\"text-editor.default\">\n\t\t\t\t<div class=\"elementor-widget-container\">\n\t\t\t\t\t\t\t<h2>Pol\u00edtica de privacidad<\/h2><p>Allotjaments La Font, a trav\u00e9s de su web <a href=\"https:\/\/allotjamentslafont.com\">allotjamentslafont.com<\/a> solicita al Usuario ciertos datos de car\u00e1cter personal. Los datos suministrados por el Usuario quedar\u00e1n incorporados a un fichero automatizado de datos de car\u00e1cter personal, titularidad de Allotjaments La Font el cual ser\u00e1 procesado con el fin de prestar los servicios solicitados por el Usuario. El Usuario autoriza el tratamiento automatizado de los datos personales suministrados, necesarios para la prestaci\u00f3n de los servicios pactados.<\/p><p>La informaci\u00f3n personal recabada de los clientes registrados es almacenada en una base de datos propiedad de Allotjaments La Font, que asume las medidas de \u00edndole t\u00e9cnica, organizativa y de seguridad que garanticen la confidencialidad e integridad de la informaci\u00f3n de acuerdo con lo establecido en la Ley Org\u00e1nica 15\/1999 de 13 de diciembre, de Protecci\u00f3n de Datos de Car\u00e1cter Personal, y dem\u00e1s legislaci\u00f3n aplicable.<\/p><p>Allotjaments La Font, a trav\u00e9s de su web, utilizar\u00e1 los datos suministrados por el Usuario de manera interna para dar a conocer al Usuario ofertas y promociones que pudiera considerar de inter\u00e9s para el mismo.<\/p><p>El usuario acepta que sus datos personales sean cedidos a otras empresas (hoteles) del grupo al que pertenece Allotjaments La Font, as\u00ed como a otras con las que concluya acuerdos de colaboraci\u00f3n con la \u00fanica finalidad de una mejor prestaci\u00f3n del servicio, respetando en todo caso, la legislaci\u00f3n espa\u00f1ola sobre la protecci\u00f3n de los datos de car\u00e1cter personal.<\/p><p>Allotjaments La Font, a trav\u00e9s de su web, utilizar\u00e1 cookies cuando el Usuario navegue por la web site de Allotjaments La Font. Las cookies se asocian \u00fanicamente con un Usuario an\u00f3nimo y su ordenador y no proporcionan referencias que permitan deducir el nombre y apellidos del Usuario. Gracias a las cookies, resulta posible que reconozca a los Usuarios registrados despu\u00e9s de que estos se hayan registrado por primera vez, sin que tengan que registrarse en cada visita para acceder a las \u00e1reas y servicios reservados exclusivamente a ellos. El Usuario tiene la opci\u00f3n de impedir la generaci\u00f3n de cookies, mediante la selecci\u00f3n de la correspondiente opci\u00f3n en su programa navegador.<\/p><p>Cualquier usuario registrado puede en cualquier momento ejercer el derecho a acceder, rectificar y, en su caso, cancelar sus datos de car\u00e1cter personal suministrados en la web <a href=\"https:\/\/allotjamentslafont.com\">allotjamentslafont.com<\/a>, mediante comunicaci\u00f3n escrita dirigida a Allotjaments La Font<span style=\"text-align: var(--text-align); color: var( --e-global-color-text ); font-family: var( --e-global-typography-text-font-family ), Sans-serif; font-size: var( --e-global-typography-text-font-size ); font-weight: var( --e-global-typography-text-font-weight ); text-transform: var( --e-global-typography-text-text-transform );\">, <a href=\"https:\/\/maps.app.goo.gl\/dvwvrLMvg6RUNs4S6\"><span class=\"elementor-icon-list-text\">Carrer Major, 15, 17489 El Port de la Selva, Girona, Espa\u00f1a<\/span><\/a>; esta comunicaci\u00f3n tambi\u00e9n podr\u00e1 ser realizada mediante el env\u00edo de un correo electr\u00f3nico a la direcci\u00f3n: <a href=\"mailto:info@allotjamentslafont.com\"><span class=\"elementor-icon-list-text\">info@allotjamentslafont.com<\/span><\/a><\/span><span style=\"text-align: var(--text-align); color: var( --e-global-color-text ); font-family: var( --e-global-typography-text-font-family ), Sans-serif; font-size: var( --e-global-typography-text-font-size ); font-weight: var( --e-global-typography-text-font-weight ); text-transform: var( --e-global-typography-text-text-transform );\">.<\/span><\/p><p>\u00a0<\/p><h2>Protecci\u00f3n de datos<\/h2><p>En cumplimiento del art\u00edculo 5 de la Ley Org\u00e1nica 17\/1999 del 3 de diciembre, de Protecci\u00f3n de Datos de Car\u00e1cter Personal, Allotjaments La Font informa que los datos personales recogidos desde este sitio Web ser\u00e1n tratados con el m\u00e1ximo grado de confidencialidad. Los datos recogidos se incorporar\u00e1n a los ficheros de Allotjaments La Font, y ser\u00e1n tratados de acuerdo con la normativa de protecci\u00f3n de datos y siempre con garant\u00eda del derecho de intimidad de los clientes. Solo ser\u00e1n cedidas a empresas del grupo Allotjaments La Font, con la misma finalidad de ofrecer los servicios de sus establecimientos. En ning\u00fan caso ser\u00e1n cedidas a terceros sin el consentimiento previo del interesado, excepto en los casos previstos legalmente.<\/p>\t\t\t\t\t\t<\/div>\n\t\t\t\t<\/div>\n\t\t\t\t\t<\/div>\n\t\t\t\t<\/div>\n\t\t\t\t\t<\/div>\n\t\t\t\t<\/div>\n\t\t\t\t<\/div>\n\t\t","protected":false},"excerpt":{"rendered":"<p>Pol\u00edtica de privacidad Home Pol\u00edtica de privacidad TEXTOS LEGALES Pol\u00edtica de privacidad de Allotjaments La Font Pol\u00edtica de privacidad Allotjaments La Font, a trav\u00e9s de su web allotjamentslafont.com solicita al Usuario ciertos datos de car\u00e1cter personal. Los datos suministrados por el Usuario quedar\u00e1n incorporados a un fichero automatizado de datos de car\u00e1cter personal, titularidad de [&hellip;]<\/p>\n","protected":false},"author":4,"featured_media":0,"parent":0,"menu_order":87,"comment_status":"closed","ping_status":"closed","template":"","meta":{"footnotes":""},"class_list":["post-660","page","type-page","status-publish","hentry"],"yoast_head":"<!-- This site is optimized with the Yoast SEO plugin v23.4 - https:\/\/yoast.com\/wordpress\/plugins\/seo\/ -->\n<title>Pol\u00edtica de privacidad - Allotjaments La Font, El Port de la Selva<\/title>\n<meta name=\"description\" content=\"Visita la pol\u00edtica de privacidad en la web de Allotjaments La Font, en El Port de la Selva (Girona), y reserva tus vacaciones en la Costa Brava.\" \/>\n<meta name=\"robots\" content=\"noindex, follow\" \/>\n<script type=\"application\/ld+json\" class=\"yoast-schema-graph\">{\"@context\":\"https:\/\/schema.org\",\"@graph\":[{\"@type\":\"WebPage\",\"@id\":\"https:\/\/allotjamentslafont.com\/es\/politica-de-privacidad\/\",\"url\":\"https:\/\/allotjamentslafont.com\/es\/politica-de-privacidad\/\",\"name\":\"Pol\u00edtica de privacidad - Allotjaments La Font, El Port de la Selva\",\"isPartOf\":{\"@id\":\"https:\/\/allotjamentslafont.com\/es\/#website\"},\"datePublished\":\"2024-03-07T10:36:45+00:00\",\"dateModified\":\"2026-04-15T13:42:23+00:00\",\"description\":\"Visita la pol\u00edtica de privacidad en la web de Allotjaments La Font, en El Port de la Selva (Girona), y reserva tus vacaciones en la Costa Brava.\",\"breadcrumb\":{\"@id\":\"https:\/\/allotjamentslafont.com\/es\/politica-de-privacidad\/#breadcrumb\"},\"inLanguage\":\"es\",\"potentialAction\":[{\"@type\":\"ReadAction\",\"target\":[\"https:\/\/allotjamentslafont.com\/es\/politica-de-privacidad\/\"]}]},{\"@type\":\"BreadcrumbList\",\"@id\":\"https:\/\/allotjamentslafont.com\/es\/politica-de-privacidad\/#breadcrumb\",\"itemListElement\":[{\"@type\":\"ListItem\",\"position\":1,\"name\":\"Home\",\"item\":\"https:\/\/allotjamentslafont.com\/es\/\"},{\"@type\":\"ListItem\",\"position\":2,\"name\":\"Pol\u00edtica de privacidad\"}]},{\"@type\":\"WebSite\",\"@id\":\"https:\/\/allotjamentslafont.com\/es\/#website\",\"url\":\"https:\/\/allotjamentslafont.com\/es\/\",\"name\":\"Allotjaments La Font\",\"description\":\"\",\"publisher\":{\"@id\":\"https:\/\/allotjamentslafont.com\/es\/#organization\"},\"potentialAction\":[{\"@type\":\"SearchAction\",\"target\":{\"@type\":\"EntryPoint\",\"urlTemplate\":\"https:\/\/allotjamentslafont.com\/es\/?s={search_term_string}\"},\"query-input\":{\"@type\":\"PropertyValueSpecification\",\"valueRequired\":true,\"valueName\":\"search_term_string\"}}],\"inLanguage\":\"es\"},{\"@type\":\"Organization\",\"@id\":\"https:\/\/allotjamentslafont.com\/es\/#organization\",\"name\":\"Allotjaments La Font\",\"url\":\"https:\/\/allotjamentslafont.com\/es\/\",\"logo\":{\"@type\":\"ImageObject\",\"inLanguage\":\"es\",\"@id\":\"https:\/\/allotjamentslafont.com\/es\/#\/schema\/logo\/image\/\",\"url\":\"https:\/\/allotjamentslafont.com\/wp-content\/uploads\/2024\/02\/Favicon.svg\",\"contentUrl\":\"https:\/\/allotjamentslafont.com\/wp-content\/uploads\/2024\/02\/Favicon.svg\",\"width\":180,\"height\":180,\"caption\":\"Allotjaments La Font\"},\"image\":{\"@id\":\"https:\/\/allotjamentslafont.com\/es\/#\/schema\/logo\/image\/\"}}]}<\/script>\n<!-- \/ Yoast SEO plugin. -->","yoast_head_json":{"title":"Pol\u00edtica de privacidad - Allotjaments La Font, El Port de la Selva","description":"Visita la pol\u00edtica de privacidad en la web de Allotjaments La Font, en El Port de la Selva (Girona), y reserva tus vacaciones en la Costa Brava.","robots":{"index":"noindex","follow":"follow"},"schema":{"@context":"https:\/\/schema.org","@graph":[{"@type":"WebPage","@id":"https:\/\/allotjamentslafont.com\/es\/politica-de-privacidad\/","url":"https:\/\/allotjamentslafont.com\/es\/politica-de-privacidad\/","name":"Pol\u00edtica de privacidad - Allotjaments La Font, El Port de la Selva","isPartOf":{"@id":"https:\/\/allotjamentslafont.com\/es\/#website"},"datePublished":"2024-03-07T10:36:45+00:00","dateModified":"2026-04-15T13:42:23+00:00","description":"Visita la pol\u00edtica de privacidad en la web de Allotjaments La Font, en El Port de la Selva (Girona), y reserva tus vacaciones en la Costa Brava.","breadcrumb":{"@id":"https:\/\/allotjamentslafont.com\/es\/politica-de-privacidad\/#breadcrumb"},"inLanguage":"es","potentialAction":[{"@type":"ReadAction","target":["https:\/\/allotjamentslafont.com\/es\/politica-de-privacidad\/"]}]},{"@type":"BreadcrumbList","@id":"https:\/\/allotjamentslafont.com\/es\/politica-de-privacidad\/#breadcrumb","itemListElement":[{"@type":"ListItem","position":1,"name":"Home","item":"https:\/\/allotjamentslafont.com\/es\/"},{"@type":"ListItem","position":2,"name":"Pol\u00edtica de privacidad"}]},{"@type":"WebSite","@id":"https:\/\/allotjamentslafont.com\/es\/#website","url":"https:\/\/allotjamentslafont.com\/es\/","name":"Allotjaments La Font","description":"","publisher":{"@id":"https:\/\/allotjamentslafont.com\/es\/#organization"},"potentialAction":[{"@type":"SearchAction","target":{"@type":"EntryPoint","urlTemplate":"https:\/\/allotjamentslafont.com\/es\/?s={search_term_string}"},"query-input":{"@type":"PropertyValueSpecification","valueRequired":true,"valueName":"search_term_string"}}],"inLanguage":"es"},{"@type":"Organization","@id":"https:\/\/allotjamentslafont.com\/es\/#organization","name":"Allotjaments La Font","url":"https:\/\/allotjamentslafont.com\/es\/","logo":{"@type":"ImageObject","inLanguage":"es","@id":"https:\/\/allotjamentslafont.com\/es\/#\/schema\/logo\/image\/","url":"https:\/\/allotjamentslafont.com\/wp-content\/uploads\/2024\/02\/Favicon.svg","contentUrl":"https:\/\/allotjamentslafont.com\/wp-content\/uploads\/2024\/02\/Favicon.svg","width":180,"height":180,"caption":"Allotjaments La Font"},"image":{"@id":"https:\/\/allotjamentslafont.com\/es\/#\/schema\/logo\/image\/"}}]}},"_links":{"self":[{"href":"https:\/\/allotjamentslafont.com\/es\/wp-json\/wp\/v2\/pages\/660","targetHints":{"allow":["GET"]}}],"collection":[{"href":"https:\/\/allotjamentslafont.com\/es\/wp-json\/wp\/v2\/pages"}],"about":[{"href":"https:\/\/allotjamentslafont.com\/es\/wp-json\/wp\/v2\/types\/page"}],"author":[{"embeddable":true,"href":"https:\/\/allotjamentslafont.com\/es\/wp-json\/wp\/v2\/users\/4"}],"replies":[{"embeddable":true,"href":"https:\/\/allotjamentslafont.com\/es\/wp-json\/wp\/v2\/comments?post=660"}],"version-history":[{"count":94,"href":"https:\/\/allotjamentslafont.com\/es\/wp-json\/wp\/v2\/pages\/660\/revisions"}],"predecessor-version":[{"id":7589,"href":"https:\/\/allotjamentslafont.com\/es\/wp-json\/wp\/v2\/pages\/660\/revisions\/7589"}],"wp:attachment":[{"href":"https:\/\/allotjamentslafont.com\/es\/wp-json\/wp\/v2\/media?parent=660"}],"curies":[{"name":"wp","href":"https:\/\/api.w.org\/{rel}","templated":true}]}}