{"id":5417,"date":"2024-03-07T10:52:01","date_gmt":"2024-03-07T09:52:01","guid":{"rendered":"https:\/\/dev-hostallatina.gnahs.com\/textes-juridiques\/"},"modified":"2025-05-07T10:08:31","modified_gmt":"2025-05-07T08:08:31","slug":"textes-juridiques","status":"publish","type":"page","link":"https:\/\/allotjamentslafont.com\/fr\/textes-juridiques\/","title":{"rendered":"Textes juridiques"},"content":{"rendered":"\t\t<div data-elementor-type=\"wp-page\" data-elementor-id=\"5417\" class=\"elementor elementor-5417 elementor-684\" data-elementor-post-type=\"page\">\n\t\t\t\t<div class=\"elementor-element elementor-element-391e829 e-flex e-con-boxed e-con e-parent\" data-id=\"391e829\" data-element_type=\"container\" data-settings=\"{&quot;background_background&quot;:&quot;classic&quot;}\">\n\t\t\t\t\t<div class=\"e-con-inner\">\n\t\t\t\t<div class=\"elementor-element elementor-element-65252e79 elementor-widget elementor-widget-heading\" data-id=\"65252e79\" data-element_type=\"widget\" data-widget_type=\"heading.default\">\n\t\t\t\t<div class=\"elementor-widget-container\">\n\t\t\t<div class=\"elementor-heading-title elementor-size-default\">Textes juridiques<\/div>\t\t<\/div>\n\t\t\t\t<\/div>\n\t\t\t\t<div class=\"elementor-element elementor-element-41191bc1 elementor-icon-list--layout-inline elementor-align-center elementor-list-item-link-full_width elementor-widget elementor-widget-icon-list\" data-id=\"41191bc1\" data-element_type=\"widget\" data-widget_type=\"icon-list.default\">\n\t\t\t\t<div class=\"elementor-widget-container\">\n\t\t\t\t\t<ul class=\"elementor-icon-list-items elementor-inline-items\">\n\t\t\t\t\t\t\t<li class=\"elementor-icon-list-item elementor-inline-item\">\n\t\t\t\t\t\t\t\t\t\t\t<a href=\"https:\/\/allotjamentslafont.com\">\n\n\t\t\t\t\t\t\t\t\t\t\t<span class=\"elementor-icon-list-text\">Accueil  <\/span>\n\t\t\t\t\t\t\t\t\t\t\t<\/a>\n\t\t\t\t\t\t\t\t\t<\/li>\n\t\t\t\t\t\t\t\t<li class=\"elementor-icon-list-item elementor-inline-item\">\n\t\t\t\t\t\t\t\t\t\t\t<span class=\"elementor-icon-list-icon\">\n\t\t\t\t\t\t\t<svg aria-hidden=\"true\" class=\"e-font-icon-svg e-fas-chevron-right\" viewBox=\"0 0 320 512\" xmlns=\"http:\/\/www.w3.org\/2000\/svg\"><path d=\"M285.476 272.971L91.132 467.314c-9.373 9.373-24.569 9.373-33.941 0l-22.667-22.667c-9.357-9.357-9.375-24.522-.04-33.901L188.505 256 34.484 101.255c-9.335-9.379-9.317-24.544.04-33.901l22.667-22.667c9.373-9.373 24.569-9.373 33.941 0L285.475 239.03c9.373 9.372 9.373 24.568.001 33.941z\"><\/path><\/svg>\t\t\t\t\t\t<\/span>\n\t\t\t\t\t\t\t\t\t\t<span class=\"elementor-icon-list-text\">Textes juridiques<\/span>\n\t\t\t\t\t\t\t\t\t<\/li>\n\t\t\t\t\t\t<\/ul>\n\t\t\t\t<\/div>\n\t\t\t\t<\/div>\n\t\t\t\t\t<\/div>\n\t\t\t\t<\/div>\n\t\t<div class=\"elementor-element elementor-element-f8b95bd e-flex e-con-boxed e-con e-parent\" data-id=\"f8b95bd\" data-element_type=\"container\" data-settings=\"{&quot;motion_fx_motion_fx_scrolling&quot;:&quot;yes&quot;,&quot;motion_fx_translateY_effect&quot;:&quot;yes&quot;,&quot;motion_fx_devices&quot;:[&quot;desktop&quot;,&quot;tablet&quot;],&quot;motion_fx_translateY_speed&quot;:{&quot;unit&quot;:&quot;px&quot;,&quot;size&quot;:4,&quot;sizes&quot;:[]},&quot;motion_fx_translateY_affectedRange&quot;:{&quot;unit&quot;:&quot;%&quot;,&quot;size&quot;:&quot;&quot;,&quot;sizes&quot;:{&quot;start&quot;:0,&quot;end&quot;:100}}}\">\n\t\t\t\t\t<div class=\"e-con-inner\">\n\t\t<div class=\"elementor-element elementor-element-234be06 e-flex e-con-boxed e-con e-child\" data-id=\"234be06\" data-element_type=\"container\">\n\t\t\t\t\t<div class=\"e-con-inner\">\n\t\t\t\t<div class=\"elementor-element elementor-element-8d67e4a elementor-widget elementor-widget-heading\" data-id=\"8d67e4a\" data-element_type=\"widget\" data-widget_type=\"heading.default\">\n\t\t\t\t<div class=\"elementor-widget-container\">\n\t\t\t<div class=\"elementor-heading-title elementor-size-default\">Textes juridiques<\/div>\t\t<\/div>\n\t\t\t\t<\/div>\n\t\t\t\t<div class=\"elementor-element elementor-element-35060b3 elementor-widget elementor-widget-heading\" data-id=\"35060b3\" data-element_type=\"widget\" data-widget_type=\"heading.default\">\n\t\t\t\t<div class=\"elementor-widget-container\">\n\t\t\t<h1 class=\"elementor-heading-title elementor-size-default\">Allotjaments La Font textes l\u00e9gaux<\/h1>\t\t<\/div>\n\t\t\t\t<\/div>\n\t\t\t\t\t<\/div>\n\t\t\t\t<\/div>\n\t\t<div class=\"elementor-element elementor-element-173c315 e-flex e-con-boxed e-con e-child\" data-id=\"173c315\" data-element_type=\"container\">\n\t\t\t\t\t<div class=\"e-con-inner\">\n\t\t\t\t<div class=\"elementor-element elementor-element-92132b6 elementor-widget elementor-widget-text-editor\" data-id=\"92132b6\" data-element_type=\"widget\" data-widget_type=\"text-editor.default\">\n\t\t\t\t<div class=\"elementor-widget-container\">\n\t\t\t\t\t\t\t<h2>Avis juridique<\/h2>\n<p>Les Allotjaments La Font n&rsquo;assument aucune responsabilit\u00e9 d\u00e9riv\u00e9e de l&rsquo;utilisation incorrecte, inappropri\u00e9e ou illicite des informations figurant sur le site web <a href=\"https:\/\/allotjamentslafont.com\/fr\">allotjamentslafont.com<\/a>. <\/p>\n<p>Dans les limites \u00e9tablies par la loi, les Allotjaments La Font n&rsquo;assument aucune responsabilit\u00e9 quant au manque de v\u00e9racit\u00e9, d&rsquo;exhaustivit\u00e9, de mise \u00e0 jour et d&rsquo;exactitude des donn\u00e9es ou des informations contenues dans son site Web.<\/p>\n<p>Le contenu et les informations n&rsquo;engagent pas les Allotjaments La Font et ne constituent pas des opinions, des conseils ou des avis juridiques de quelque nature que ce soit, car il s&rsquo;agit simplement d&rsquo;un service offert \u00e0 des fins d&rsquo;information et d&rsquo;information.<\/p>\n<p>Le site web des Allotjaments La Font peut contenir des liens vers des sites web de tiers que les Allotjaments La Font ne peuvent pas contr\u00f4ler. Par cons\u00e9quent, les Allotjaments La Font ne peuvent assumer la responsabilit\u00e9 du contenu qui peut appara\u00eetre sur les sites de tiers. <\/p>\n<p>Le texte, les images, les sons, les animations, le logiciel et tout autre contenu inclus dans ce site Web sont la propri\u00e9t\u00e9 exclusive d&rsquo;Allotjaments La Font ou de ses conc\u00e9dants de licence. Tout acte de transmission, de distribution, de transfert, de reproduction, de stockage ou de communication publique totale ou partielle doit faire l&rsquo;objet d&rsquo;une autorisation expresse des appartements Allotjaments La Font. <\/p>\n<p>De m\u00eame, pour acc\u00e9der \u00e0 certains des services que les Allotjaments La Font offrent \u00e0 travers le site web, vous devez fournir certaines donn\u00e9es personnelles. Conform\u00e9ment aux dispositions du R\u00e8glement (UE) 2016\/679 du Parlement europ\u00e9en et du Conseil du 27 avril 2016 relatif \u00e0 la protection des personnes physiques \u00e0 l&rsquo;\u00e9gard du traitement des donn\u00e9es \u00e0 caract\u00e8re personnel et \u00e0 la libre circulation de ces donn\u00e9es, nous vous informons qu&rsquo;en remplissant ces formulaires, vos donn\u00e9es personnelles seront stock\u00e9es et trait\u00e9es dans les fichiers d&rsquo;Allotjaments La Font afin de vous fournir et de vous offrir nos services, ainsi que pour vous informer des am\u00e9liorations apport\u00e9es au site web. Nous vous informons \u00e9galement de la possibilit\u00e9 d&rsquo;exercer vos droits d&rsquo;acc\u00e8s, de rectification, d&rsquo;annulation et d&rsquo;opposition de vos donn\u00e9es personnelles, gratuitement par courriel \u00e0 <a href=\"mailto:info@allotjamentslafont.com\"><span class=\"elementor-icon-list-text\">info@allotjamentslafont.com<\/span><\/a> ou \u00e0 l&rsquo;adresse <a href=\"https:\/\/g.co\/kgs\/r5mMTbK\">Carrer de Sant Baldiri, 14, 17489, El Port de la Selva, Girona, Espagne<\/a>. T\u00e9l. +34 686 52 85 52    <a href=\"http:\/\/+34%20686%2052%2085%2052.\" data-wplink-url-error=\"true\">+34 686 52 85 52.<\/a><\/p>\n\t\t\t\t\t\t<\/div>\n\t\t\t\t<\/div>\n\t\t\t\t\t<\/div>\n\t\t\t\t<\/div>\n\t\t\t\t\t<\/div>\n\t\t\t\t<\/div>\n\t\t\t\t<\/div>\n\t\t","protected":false},"excerpt":{"rendered":"<p>Textes juridiques Accueil Textes juridiques Textes juridiques Allotjaments La Font textes l\u00e9gaux Avis juridique Les Allotjaments La Font n&rsquo;assument aucune responsabilit\u00e9 d\u00e9riv\u00e9e de l&rsquo;utilisation incorrecte, inappropri\u00e9e ou illicite des informations figurant sur le site web allotjamentslafont.com. Dans les limites \u00e9tablies par la loi, les Allotjaments La Font n&rsquo;assument aucune responsabilit\u00e9 quant au manque de v\u00e9racit\u00e9, [&hellip;]<\/p>\n","protected":false},"author":4,"featured_media":0,"parent":0,"menu_order":92,"comment_status":"closed","ping_status":"closed","template":"","meta":{"footnotes":""},"class_list":["post-5417","page","type-page","status-publish","hentry"],"yoast_head":"<!-- This site is optimized with the Yoast SEO plugin v23.4 - https:\/\/yoast.com\/wordpress\/plugins\/seo\/ -->\n<title>Textes l\u00e9gaux - Allotjaments La Font, El Port de la Selva<\/title>\n<meta name=\"description\" content=\"Consultez les textes l\u00e9gaux sur le site web des Allotjaments La Font, \u00e0 El Port de la Selva (Girona), et profitez de vos vacances sur la Costa Brava.\" \/>\n<meta name=\"robots\" content=\"noindex, follow\" \/>\n<script type=\"application\/ld+json\" class=\"yoast-schema-graph\">{\"@context\":\"https:\/\/schema.org\",\"@graph\":[{\"@type\":\"WebPage\",\"@id\":\"https:\/\/allotjamentslafont.com\/fr\/textes-juridiques\/\",\"url\":\"https:\/\/allotjamentslafont.com\/fr\/textes-juridiques\/\",\"name\":\"Textes l\u00e9gaux - Allotjaments La Font, El Port de la Selva\",\"isPartOf\":{\"@id\":\"https:\/\/allotjamentslafont.com\/fr\/#website\"},\"datePublished\":\"2024-03-07T09:52:01+00:00\",\"dateModified\":\"2025-05-07T08:08:31+00:00\",\"description\":\"Consultez les textes l\u00e9gaux sur le site web des Allotjaments La Font, \u00e0 El Port de la Selva (Girona), et profitez de vos vacances sur la Costa Brava.\",\"breadcrumb\":{\"@id\":\"https:\/\/allotjamentslafont.com\/fr\/textes-juridiques\/#breadcrumb\"},\"inLanguage\":\"fr-FR\",\"potentialAction\":[{\"@type\":\"ReadAction\",\"target\":[\"https:\/\/allotjamentslafont.com\/fr\/textes-juridiques\/\"]}]},{\"@type\":\"BreadcrumbList\",\"@id\":\"https:\/\/allotjamentslafont.com\/fr\/textes-juridiques\/#breadcrumb\",\"itemListElement\":[{\"@type\":\"ListItem\",\"position\":1,\"name\":\"Home\",\"item\":\"https:\/\/allotjamentslafont.com\/fr\/\"},{\"@type\":\"ListItem\",\"position\":2,\"name\":\"Textes juridiques\"}]},{\"@type\":\"WebSite\",\"@id\":\"https:\/\/allotjamentslafont.com\/fr\/#website\",\"url\":\"https:\/\/allotjamentslafont.com\/fr\/\",\"name\":\"Allotjaments La Font\",\"description\":\"\",\"publisher\":{\"@id\":\"https:\/\/allotjamentslafont.com\/fr\/#organization\"},\"potentialAction\":[{\"@type\":\"SearchAction\",\"target\":{\"@type\":\"EntryPoint\",\"urlTemplate\":\"https:\/\/allotjamentslafont.com\/fr\/?s={search_term_string}\"},\"query-input\":{\"@type\":\"PropertyValueSpecification\",\"valueRequired\":true,\"valueName\":\"search_term_string\"}}],\"inLanguage\":\"fr-FR\"},{\"@type\":\"Organization\",\"@id\":\"https:\/\/allotjamentslafont.com\/fr\/#organization\",\"name\":\"Allotjaments La Font\",\"url\":\"https:\/\/allotjamentslafont.com\/fr\/\",\"logo\":{\"@type\":\"ImageObject\",\"inLanguage\":\"fr-FR\",\"@id\":\"https:\/\/allotjamentslafont.com\/fr\/#\/schema\/logo\/image\/\",\"url\":\"https:\/\/allotjamentslafont.com\/wp-content\/uploads\/2024\/02\/Favicon.svg\",\"contentUrl\":\"https:\/\/allotjamentslafont.com\/wp-content\/uploads\/2024\/02\/Favicon.svg\",\"width\":180,\"height\":180,\"caption\":\"Allotjaments La Font\"},\"image\":{\"@id\":\"https:\/\/allotjamentslafont.com\/fr\/#\/schema\/logo\/image\/\"}}]}<\/script>\n<!-- \/ Yoast SEO plugin. -->","yoast_head_json":{"title":"Textes l\u00e9gaux - Allotjaments La Font, El Port de la Selva","description":"Consultez les textes l\u00e9gaux sur le site web des Allotjaments La Font, \u00e0 El Port de la Selva (Girona), et profitez de vos vacances sur la Costa Brava.","robots":{"index":"noindex","follow":"follow"},"schema":{"@context":"https:\/\/schema.org","@graph":[{"@type":"WebPage","@id":"https:\/\/allotjamentslafont.com\/fr\/textes-juridiques\/","url":"https:\/\/allotjamentslafont.com\/fr\/textes-juridiques\/","name":"Textes l\u00e9gaux - Allotjaments La Font, El Port de la Selva","isPartOf":{"@id":"https:\/\/allotjamentslafont.com\/fr\/#website"},"datePublished":"2024-03-07T09:52:01+00:00","dateModified":"2025-05-07T08:08:31+00:00","description":"Consultez les textes l\u00e9gaux sur le site web des Allotjaments La Font, \u00e0 El Port de la Selva (Girona), et profitez de vos vacances sur la Costa Brava.","breadcrumb":{"@id":"https:\/\/allotjamentslafont.com\/fr\/textes-juridiques\/#breadcrumb"},"inLanguage":"fr-FR","potentialAction":[{"@type":"ReadAction","target":["https:\/\/allotjamentslafont.com\/fr\/textes-juridiques\/"]}]},{"@type":"BreadcrumbList","@id":"https:\/\/allotjamentslafont.com\/fr\/textes-juridiques\/#breadcrumb","itemListElement":[{"@type":"ListItem","position":1,"name":"Home","item":"https:\/\/allotjamentslafont.com\/fr\/"},{"@type":"ListItem","position":2,"name":"Textes juridiques"}]},{"@type":"WebSite","@id":"https:\/\/allotjamentslafont.com\/fr\/#website","url":"https:\/\/allotjamentslafont.com\/fr\/","name":"Allotjaments La Font","description":"","publisher":{"@id":"https:\/\/allotjamentslafont.com\/fr\/#organization"},"potentialAction":[{"@type":"SearchAction","target":{"@type":"EntryPoint","urlTemplate":"https:\/\/allotjamentslafont.com\/fr\/?s={search_term_string}"},"query-input":{"@type":"PropertyValueSpecification","valueRequired":true,"valueName":"search_term_string"}}],"inLanguage":"fr-FR"},{"@type":"Organization","@id":"https:\/\/allotjamentslafont.com\/fr\/#organization","name":"Allotjaments La Font","url":"https:\/\/allotjamentslafont.com\/fr\/","logo":{"@type":"ImageObject","inLanguage":"fr-FR","@id":"https:\/\/allotjamentslafont.com\/fr\/#\/schema\/logo\/image\/","url":"https:\/\/allotjamentslafont.com\/wp-content\/uploads\/2024\/02\/Favicon.svg","contentUrl":"https:\/\/allotjamentslafont.com\/wp-content\/uploads\/2024\/02\/Favicon.svg","width":180,"height":180,"caption":"Allotjaments La Font"},"image":{"@id":"https:\/\/allotjamentslafont.com\/fr\/#\/schema\/logo\/image\/"}}]}},"_links":{"self":[{"href":"https:\/\/allotjamentslafont.com\/fr\/wp-json\/wp\/v2\/pages\/5417","targetHints":{"allow":["GET"]}}],"collection":[{"href":"https:\/\/allotjamentslafont.com\/fr\/wp-json\/wp\/v2\/pages"}],"about":[{"href":"https:\/\/allotjamentslafont.com\/fr\/wp-json\/wp\/v2\/types\/page"}],"author":[{"embeddable":true,"href":"https:\/\/allotjamentslafont.com\/fr\/wp-json\/wp\/v2\/users\/4"}],"replies":[{"embeddable":true,"href":"https:\/\/allotjamentslafont.com\/fr\/wp-json\/wp\/v2\/comments?post=5417"}],"version-history":[{"count":8,"href":"https:\/\/allotjamentslafont.com\/fr\/wp-json\/wp\/v2\/pages\/5417\/revisions"}],"predecessor-version":[{"id":7214,"href":"https:\/\/allotjamentslafont.com\/fr\/wp-json\/wp\/v2\/pages\/5417\/revisions\/7214"}],"wp:attachment":[{"href":"https:\/\/allotjamentslafont.com\/fr\/wp-json\/wp\/v2\/media?parent=5417"}],"curies":[{"name":"wp","href":"https:\/\/api.w.org\/{rel}","templated":true}]}}