{"id":5426,"date":"2024-03-07T10:36:45","date_gmt":"2024-03-07T09:36:45","guid":{"rendered":"https:\/\/dev-hostallatina.gnahs.com\/politique-de-confidentialite\/"},"modified":"2025-04-23T13:01:09","modified_gmt":"2025-04-23T11:01:09","slug":"politique-de-confidentialite","status":"publish","type":"page","link":"https:\/\/allotjamentslafont.com\/fr\/politique-de-confidentialite\/","title":{"rendered":"Politique de confidentialit\u00e9"},"content":{"rendered":"\t\t<div data-elementor-type=\"wp-page\" data-elementor-id=\"5426\" class=\"elementor elementor-5426 elementor-660\" data-elementor-post-type=\"page\">\n\t\t\t\t<div class=\"elementor-element elementor-element-391e829 e-flex e-con-boxed e-con e-parent\" data-id=\"391e829\" data-element_type=\"container\" data-settings=\"{&quot;background_background&quot;:&quot;classic&quot;}\">\n\t\t\t\t\t<div class=\"e-con-inner\">\n\t\t\t\t<div class=\"elementor-element elementor-element-65252e79 elementor-widget elementor-widget-heading\" data-id=\"65252e79\" data-element_type=\"widget\" data-widget_type=\"heading.default\">\n\t\t\t\t<div class=\"elementor-widget-container\">\n\t\t\t<div class=\"elementor-heading-title elementor-size-default\">Politique de confidentialit\u00e9<\/div>\t\t<\/div>\n\t\t\t\t<\/div>\n\t\t\t\t<div class=\"elementor-element elementor-element-41191bc1 elementor-icon-list--layout-inline elementor-align-center elementor-list-item-link-full_width elementor-widget elementor-widget-icon-list\" data-id=\"41191bc1\" data-element_type=\"widget\" data-widget_type=\"icon-list.default\">\n\t\t\t\t<div class=\"elementor-widget-container\">\n\t\t\t\t\t<ul class=\"elementor-icon-list-items elementor-inline-items\">\n\t\t\t\t\t\t\t<li class=\"elementor-icon-list-item elementor-inline-item\">\n\t\t\t\t\t\t\t\t\t\t\t<a href=\"https:\/\/allotjamentslafont.com\/fr\">\n\n\t\t\t\t\t\t\t\t\t\t\t<span class=\"elementor-icon-list-text\">Accueil<\/span>\n\t\t\t\t\t\t\t\t\t\t\t<\/a>\n\t\t\t\t\t\t\t\t\t<\/li>\n\t\t\t\t\t\t\t\t<li class=\"elementor-icon-list-item elementor-inline-item\">\n\t\t\t\t\t\t\t\t\t\t\t<span class=\"elementor-icon-list-icon\">\n\t\t\t\t\t\t\t<svg aria-hidden=\"true\" class=\"e-font-icon-svg e-fas-chevron-right\" viewBox=\"0 0 320 512\" xmlns=\"http:\/\/www.w3.org\/2000\/svg\"><path d=\"M285.476 272.971L91.132 467.314c-9.373 9.373-24.569 9.373-33.941 0l-22.667-22.667c-9.357-9.357-9.375-24.522-.04-33.901L188.505 256 34.484 101.255c-9.335-9.379-9.317-24.544.04-33.901l22.667-22.667c9.373-9.373 24.569-9.373 33.941 0L285.475 239.03c9.373 9.372 9.373 24.568.001 33.941z\"><\/path><\/svg>\t\t\t\t\t\t<\/span>\n\t\t\t\t\t\t\t\t\t\t<span class=\"elementor-icon-list-text\">Politique de confidentialit\u00e9<\/span>\n\t\t\t\t\t\t\t\t\t<\/li>\n\t\t\t\t\t\t<\/ul>\n\t\t\t\t<\/div>\n\t\t\t\t<\/div>\n\t\t\t\t\t<\/div>\n\t\t\t\t<\/div>\n\t\t<div class=\"elementor-element elementor-element-4b916d17 e-flex e-con-boxed e-con e-parent\" data-id=\"4b916d17\" data-element_type=\"container\" data-settings=\"{&quot;motion_fx_motion_fx_scrolling&quot;:&quot;yes&quot;,&quot;motion_fx_translateY_effect&quot;:&quot;yes&quot;,&quot;motion_fx_devices&quot;:[&quot;desktop&quot;,&quot;tablet&quot;],&quot;motion_fx_translateY_speed&quot;:{&quot;unit&quot;:&quot;px&quot;,&quot;size&quot;:4,&quot;sizes&quot;:[]},&quot;motion_fx_translateY_affectedRange&quot;:{&quot;unit&quot;:&quot;%&quot;,&quot;size&quot;:&quot;&quot;,&quot;sizes&quot;:{&quot;start&quot;:0,&quot;end&quot;:100}}}\">\n\t\t\t\t\t<div class=\"e-con-inner\">\n\t\t<div class=\"elementor-element elementor-element-1704ffb1 e-flex e-con-boxed e-con e-child\" data-id=\"1704ffb1\" data-element_type=\"container\">\n\t\t\t\t\t<div class=\"e-con-inner\">\n\t\t\t\t<div class=\"elementor-element elementor-element-75e37d3a elementor-widget elementor-widget-heading\" data-id=\"75e37d3a\" data-element_type=\"widget\" data-widget_type=\"heading.default\">\n\t\t\t\t<div class=\"elementor-widget-container\">\n\t\t\t<div class=\"elementor-heading-title elementor-size-default\">TEXTES JURIDIQUES<\/div>\t\t<\/div>\n\t\t\t\t<\/div>\n\t\t\t\t<div class=\"elementor-element elementor-element-1252f59 elementor-widget elementor-widget-heading\" data-id=\"1252f59\" data-element_type=\"widget\" data-widget_type=\"heading.default\">\n\t\t\t\t<div class=\"elementor-widget-container\">\n\t\t\t<h1 class=\"elementor-heading-title elementor-size-default\">Politique de confidentialit\u00e9 de Allotjaments La Font<\/h1>\t\t<\/div>\n\t\t\t\t<\/div>\n\t\t\t\t\t<\/div>\n\t\t\t\t<\/div>\n\t\t<div class=\"elementor-element elementor-element-4abb49fc e-flex e-con-boxed e-con e-child\" data-id=\"4abb49fc\" data-element_type=\"container\">\n\t\t\t\t\t<div class=\"e-con-inner\">\n\t\t\t\t<div class=\"elementor-element elementor-element-2f38bc9 elementor-widget elementor-widget-text-editor\" data-id=\"2f38bc9\" data-element_type=\"widget\" data-widget_type=\"text-editor.default\">\n\t\t\t\t<div class=\"elementor-widget-container\">\n\t\t\t\t\t\t\t<h2>Politique de confidentialit\u00e9<\/h2>\n<p>Allotjaments La Font, \u00e0 travers son site web <a href=\"https:\/\/allotjamentslafont.com\/fr\">allotjamentslafont.com<\/a>, demande \u00e0 l&rsquo;utilisateur certaines donn\u00e9es personnelles. Les donn\u00e9es fournies par l&rsquo;utilisateur seront incorpor\u00e9es \u00e0 un fichier automatis\u00e9 de donn\u00e9es personnelles, propri\u00e9t\u00e9 de Allotjaments La Font, qui sera trait\u00e9 afin de fournir les services demand\u00e9s par l&rsquo;utilisateur. L&rsquo;utilisateur autorise le traitement automatis\u00e9 des donn\u00e9es personnelles fournies, n\u00e9cessaire \u00e0 la fourniture des services convenus.  <\/p>\n<p>Les informations personnelles recueillies aupr\u00e8s des clients enregistr\u00e9s sont stock\u00e9es dans une base de donn\u00e9es appartenant \u00e0 Allotjaments La Font, qui prend les mesures techniques, organisationnelles et de s\u00e9curit\u00e9 n\u00e9cessaires pour garantir la confidentialit\u00e9 et l&rsquo;int\u00e9grit\u00e9 des informations, conform\u00e9ment aux dispositions de la loi 15\/1999 du 13 d\u00e9cembre sur la protection des donn\u00e9es \u00e0 caract\u00e8re personnel et \u00e0 toute autre l\u00e9gislation applicable.<\/p>\n<p>Allotjaments La Font, \u00e0 travers son site web, utilisera les donn\u00e9es fournies par l&rsquo;utilisateur en interne pour informer l&rsquo;utilisateur des offres et des promotions qui pourraient \u00eatre consid\u00e9r\u00e9es comme int\u00e9ressantes pour lui.<\/p>\n<p>Vous acceptez que vos donn\u00e9es personnelles soient transf\u00e9r\u00e9es \u00e0 d&rsquo;autres entreprises (h\u00f4tels) du groupe auquel appartient Allotjaments La Font, ainsi qu&rsquo;\u00e0 d&rsquo;autres entreprises avec lesquelles elle conclut des accords de collaboration dans le seul but d&rsquo;am\u00e9liorer la prestation de services, en respectant dans tous les cas la l\u00e9gislation espagnole sur la protection des donn\u00e9es personnelles.<\/p>\n<p>Allotjaments La Font, par le biais de son site web, utilisera des cookies lorsque l&rsquo;utilisateur naviguera sur le site web de Allotjaments La Font. Les cookies sont uniquement associ\u00e9s \u00e0 un utilisateur anonyme et \u00e0 votre ordinateur et ne fournissent pas de r\u00e9f\u00e9rences permettant de d\u00e9duire le nom et le pr\u00e9nom de l&rsquo;utilisateur. Gr\u00e2ce aux cookies, il est possible de reconna\u00eetre les utilisateurs enregistr\u00e9s apr\u00e8s leur premier enregistrement, sans qu&rsquo;ils aient \u00e0 s&rsquo;enregistrer \u00e0 chaque visite pour acc\u00e9der aux zones et aux services qui leur sont exclusivement r\u00e9serv\u00e9s. L&rsquo;utilisateur a la possibilit\u00e9 d&#8217;emp\u00eacher la g\u00e9n\u00e9ration de cookies en s\u00e9lectionnant l&rsquo;option correspondante dans son navigateur.   <\/p>\n<p>Tout utilisateur enregistr\u00e9 peut \u00e0 tout moment exercer son droit d&rsquo;acc\u00e8s, de rectification et, le cas \u00e9ch\u00e9ant, d&rsquo;annulation des donn\u00e9es personnelles fournies sur le site web <a href=\"https:\/\/allotjamentslafont.com\/fr\">allotjamentslafont.com,<\/a> en envoyant une communication \u00e9crite \u00e0 Allotjaments La Font<span style=\"text-align: var(--text-align); color: var( --e-global-color-text ); font-family: var( --e-global-typography-text-font-family ), Sans-serif; font-size: var( --e-global-typography-text-font-size ); font-weight: var( --e-global-typography-text-font-weight ); text-transform: var( --e-global-typography-text-text-transform );\">, <a href=\"https:\/\/maps.app.goo.gl\/dvwvrLMvg6RUNs4S6\"><span class=\"elementor-icon-list-text\">Carrer Major, 15, 17489 El Port de la Selva, Girona, Espagne<\/span><\/a>; cette communication peut \u00e9galement \u00eatre effectu\u00e9e en envoyant un courrier \u00e9lectronique \u00e0 l&rsquo;adresse suivante :<\/span><span style=\"text-align: var(--text-align); color: var( --e-global-color-text ); font-family: var( --e-global-typography-text-font-family ), Sans-serif; font-size: var( --e-global-typography-text-font-size ); font-weight: var( --e-global-typography-text-font-weight ); text-transform: var( --e-global-typography-text-text-transform );\"> info@allotjamentslafont.com.<\/span><\/p>\n<h2> <\/h2>\n<h2>Protection des donn\u00e9es<\/h2>\n<p>Conform\u00e9ment \u00e0 l&rsquo;article 5 de la loi 17\/1999 du 3 d\u00e9cembre 1999 sur la protection des donn\u00e9es \u00e0 caract\u00e8re personnel, Allotjaments La Font signale que les donn\u00e9es \u00e0 caract\u00e8re personnel recueillies sur ce site Web seront trait\u00e9es avec le plus haut degr\u00e9 de confidentialit\u00e9. Les donn\u00e9es collect\u00e9es seront incorpor\u00e9es aux fichiers de Allotjaments La Font, et seront trait\u00e9es conform\u00e9ment \u00e0 la r\u00e9glementation sur la protection des donn\u00e9es et en garantissant toujours le droit \u00e0 la vie priv\u00e9e des clients. Elles ne seront transf\u00e9r\u00e9es qu&rsquo;aux entreprises du groupe Allotjaments La Font, dans le m\u00eame but d&rsquo;offrir les services de leurs \u00e9tablissements. En aucun cas elles ne seront c\u00e9d\u00e9es \u00e0 des tiers sans le consentement pr\u00e9alable de la personne concern\u00e9e, sauf dans les cas pr\u00e9vus par la loi.   <\/p>\n\t\t\t\t\t\t<\/div>\n\t\t\t\t<\/div>\n\t\t\t\t\t<\/div>\n\t\t\t\t<\/div>\n\t\t\t\t\t<\/div>\n\t\t\t\t<\/div>\n\t\t\t\t<\/div>\n\t\t","protected":false},"excerpt":{"rendered":"<p>Politique de confidentialit\u00e9 Accueil Politique de confidentialit\u00e9 TEXTES JURIDIQUES Politique de confidentialit\u00e9 de Allotjaments La Font Politique de confidentialit\u00e9 Allotjaments La Font, \u00e0 travers son site web allotjamentslafont.com, demande \u00e0 l&rsquo;utilisateur certaines donn\u00e9es personnelles. Les donn\u00e9es fournies par l&rsquo;utilisateur seront incorpor\u00e9es \u00e0 un fichier automatis\u00e9 de donn\u00e9es personnelles, propri\u00e9t\u00e9 de Allotjaments La Font, qui sera [&hellip;]<\/p>\n","protected":false},"author":4,"featured_media":0,"parent":0,"menu_order":87,"comment_status":"closed","ping_status":"closed","template":"","meta":{"footnotes":""},"class_list":["post-5426","page","type-page","status-publish","hentry"],"yoast_head":"<!-- This site is optimized with the Yoast SEO plugin v23.4 - https:\/\/yoast.com\/wordpress\/plugins\/seo\/ -->\n<title>Politique de confidentialit\u00e9 - Allotjaments La Font, El Port de la Selva<\/title>\n<meta name=\"description\" content=\"Consultez la politique de confidentialit\u00e9 sur le site de Allotjaments La Font, \u00e0 El Port de la Selva (Espagne), et r\u00e9servez vos vacances sur la Costa Brava.\" \/>\n<meta name=\"robots\" content=\"noindex, follow\" \/>\n<script type=\"application\/ld+json\" class=\"yoast-schema-graph\">{\"@context\":\"https:\/\/schema.org\",\"@graph\":[{\"@type\":\"WebPage\",\"@id\":\"https:\/\/allotjamentslafont.com\/fr\/politique-de-confidentialite\/\",\"url\":\"https:\/\/allotjamentslafont.com\/fr\/politique-de-confidentialite\/\",\"name\":\"Politique de confidentialit\u00e9 - Allotjaments La Font, El Port de la Selva\",\"isPartOf\":{\"@id\":\"https:\/\/allotjamentslafont.com\/fr\/#website\"},\"datePublished\":\"2024-03-07T09:36:45+00:00\",\"dateModified\":\"2025-04-23T11:01:09+00:00\",\"description\":\"Consultez la politique de confidentialit\u00e9 sur le site de Allotjaments La Font, \u00e0 El Port de la Selva (Espagne), et r\u00e9servez vos vacances sur la Costa Brava.\",\"breadcrumb\":{\"@id\":\"https:\/\/allotjamentslafont.com\/fr\/politique-de-confidentialite\/#breadcrumb\"},\"inLanguage\":\"fr-FR\",\"potentialAction\":[{\"@type\":\"ReadAction\",\"target\":[\"https:\/\/allotjamentslafont.com\/fr\/politique-de-confidentialite\/\"]}]},{\"@type\":\"BreadcrumbList\",\"@id\":\"https:\/\/allotjamentslafont.com\/fr\/politique-de-confidentialite\/#breadcrumb\",\"itemListElement\":[{\"@type\":\"ListItem\",\"position\":1,\"name\":\"Home\",\"item\":\"https:\/\/allotjamentslafont.com\/fr\/\"},{\"@type\":\"ListItem\",\"position\":2,\"name\":\"Politique de confidentialit\u00e9\"}]},{\"@type\":\"WebSite\",\"@id\":\"https:\/\/allotjamentslafont.com\/fr\/#website\",\"url\":\"https:\/\/allotjamentslafont.com\/fr\/\",\"name\":\"Allotjaments La Font\",\"description\":\"\",\"publisher\":{\"@id\":\"https:\/\/allotjamentslafont.com\/fr\/#organization\"},\"potentialAction\":[{\"@type\":\"SearchAction\",\"target\":{\"@type\":\"EntryPoint\",\"urlTemplate\":\"https:\/\/allotjamentslafont.com\/fr\/?s={search_term_string}\"},\"query-input\":{\"@type\":\"PropertyValueSpecification\",\"valueRequired\":true,\"valueName\":\"search_term_string\"}}],\"inLanguage\":\"fr-FR\"},{\"@type\":\"Organization\",\"@id\":\"https:\/\/allotjamentslafont.com\/fr\/#organization\",\"name\":\"Allotjaments La Font\",\"url\":\"https:\/\/allotjamentslafont.com\/fr\/\",\"logo\":{\"@type\":\"ImageObject\",\"inLanguage\":\"fr-FR\",\"@id\":\"https:\/\/allotjamentslafont.com\/fr\/#\/schema\/logo\/image\/\",\"url\":\"https:\/\/allotjamentslafont.com\/wp-content\/uploads\/2024\/02\/Favicon.svg\",\"contentUrl\":\"https:\/\/allotjamentslafont.com\/wp-content\/uploads\/2024\/02\/Favicon.svg\",\"width\":180,\"height\":180,\"caption\":\"Allotjaments La Font\"},\"image\":{\"@id\":\"https:\/\/allotjamentslafont.com\/fr\/#\/schema\/logo\/image\/\"}}]}<\/script>\n<!-- \/ Yoast SEO plugin. -->","yoast_head_json":{"title":"Politique de confidentialit\u00e9 - Allotjaments La Font, El Port de la Selva","description":"Consultez la politique de confidentialit\u00e9 sur le site de Allotjaments La Font, \u00e0 El Port de la Selva (Espagne), et r\u00e9servez vos vacances sur la Costa Brava.","robots":{"index":"noindex","follow":"follow"},"schema":{"@context":"https:\/\/schema.org","@graph":[{"@type":"WebPage","@id":"https:\/\/allotjamentslafont.com\/fr\/politique-de-confidentialite\/","url":"https:\/\/allotjamentslafont.com\/fr\/politique-de-confidentialite\/","name":"Politique de confidentialit\u00e9 - Allotjaments La Font, El Port de la Selva","isPartOf":{"@id":"https:\/\/allotjamentslafont.com\/fr\/#website"},"datePublished":"2024-03-07T09:36:45+00:00","dateModified":"2025-04-23T11:01:09+00:00","description":"Consultez la politique de confidentialit\u00e9 sur le site de Allotjaments La Font, \u00e0 El Port de la Selva (Espagne), et r\u00e9servez vos vacances sur la Costa Brava.","breadcrumb":{"@id":"https:\/\/allotjamentslafont.com\/fr\/politique-de-confidentialite\/#breadcrumb"},"inLanguage":"fr-FR","potentialAction":[{"@type":"ReadAction","target":["https:\/\/allotjamentslafont.com\/fr\/politique-de-confidentialite\/"]}]},{"@type":"BreadcrumbList","@id":"https:\/\/allotjamentslafont.com\/fr\/politique-de-confidentialite\/#breadcrumb","itemListElement":[{"@type":"ListItem","position":1,"name":"Home","item":"https:\/\/allotjamentslafont.com\/fr\/"},{"@type":"ListItem","position":2,"name":"Politique de confidentialit\u00e9"}]},{"@type":"WebSite","@id":"https:\/\/allotjamentslafont.com\/fr\/#website","url":"https:\/\/allotjamentslafont.com\/fr\/","name":"Allotjaments La Font","description":"","publisher":{"@id":"https:\/\/allotjamentslafont.com\/fr\/#organization"},"potentialAction":[{"@type":"SearchAction","target":{"@type":"EntryPoint","urlTemplate":"https:\/\/allotjamentslafont.com\/fr\/?s={search_term_string}"},"query-input":{"@type":"PropertyValueSpecification","valueRequired":true,"valueName":"search_term_string"}}],"inLanguage":"fr-FR"},{"@type":"Organization","@id":"https:\/\/allotjamentslafont.com\/fr\/#organization","name":"Allotjaments La Font","url":"https:\/\/allotjamentslafont.com\/fr\/","logo":{"@type":"ImageObject","inLanguage":"fr-FR","@id":"https:\/\/allotjamentslafont.com\/fr\/#\/schema\/logo\/image\/","url":"https:\/\/allotjamentslafont.com\/wp-content\/uploads\/2024\/02\/Favicon.svg","contentUrl":"https:\/\/allotjamentslafont.com\/wp-content\/uploads\/2024\/02\/Favicon.svg","width":180,"height":180,"caption":"Allotjaments La Font"},"image":{"@id":"https:\/\/allotjamentslafont.com\/fr\/#\/schema\/logo\/image\/"}}]}},"_links":{"self":[{"href":"https:\/\/allotjamentslafont.com\/fr\/wp-json\/wp\/v2\/pages\/5426","targetHints":{"allow":["GET"]}}],"collection":[{"href":"https:\/\/allotjamentslafont.com\/fr\/wp-json\/wp\/v2\/pages"}],"about":[{"href":"https:\/\/allotjamentslafont.com\/fr\/wp-json\/wp\/v2\/types\/page"}],"author":[{"embeddable":true,"href":"https:\/\/allotjamentslafont.com\/fr\/wp-json\/wp\/v2\/users\/4"}],"replies":[{"embeddable":true,"href":"https:\/\/allotjamentslafont.com\/fr\/wp-json\/wp\/v2\/comments?post=5426"}],"version-history":[{"count":5,"href":"https:\/\/allotjamentslafont.com\/fr\/wp-json\/wp\/v2\/pages\/5426\/revisions"}],"predecessor-version":[{"id":6630,"href":"https:\/\/allotjamentslafont.com\/fr\/wp-json\/wp\/v2\/pages\/5426\/revisions\/6630"}],"wp:attachment":[{"href":"https:\/\/allotjamentslafont.com\/fr\/wp-json\/wp\/v2\/media?parent=5426"}],"curies":[{"name":"wp","href":"https:\/\/api.w.org\/{rel}","templated":true}]}}