{"id":5432,"date":"2024-03-07T10:50:32","date_gmt":"2024-03-07T09:50:32","guid":{"rendered":"https:\/\/dev-hostallatina.gnahs.com\/politique-de-cookies\/"},"modified":"2025-05-07T11:15:29","modified_gmt":"2025-05-07T09:15:29","slug":"politique-de-cookies","status":"publish","type":"page","link":"https:\/\/allotjamentslafont.com\/fr\/politique-de-cookies\/","title":{"rendered":"Politique de cookies"},"content":{"rendered":"\t\t<div data-elementor-type=\"wp-page\" data-elementor-id=\"5432\" class=\"elementor elementor-5432 elementor-677\" data-elementor-post-type=\"page\">\n\t\t\t\t<div class=\"elementor-element elementor-element-391e829 e-flex e-con-boxed e-con e-parent\" data-id=\"391e829\" data-element_type=\"container\" data-settings=\"{&quot;background_background&quot;:&quot;classic&quot;}\">\n\t\t\t\t\t<div class=\"e-con-inner\">\n\t\t\t\t<div class=\"elementor-element elementor-element-65252e79 elementor-widget elementor-widget-heading\" data-id=\"65252e79\" data-element_type=\"widget\" data-widget_type=\"heading.default\">\n\t\t\t\t<div class=\"elementor-widget-container\">\n\t\t\t<div class=\"elementor-heading-title elementor-size-default\">Politique de cookies<\/div>\t\t<\/div>\n\t\t\t\t<\/div>\n\t\t\t\t<div class=\"elementor-element elementor-element-41191bc1 elementor-icon-list--layout-inline elementor-align-center elementor-list-item-link-full_width elementor-widget elementor-widget-icon-list\" data-id=\"41191bc1\" data-element_type=\"widget\" data-widget_type=\"icon-list.default\">\n\t\t\t\t<div class=\"elementor-widget-container\">\n\t\t\t\t\t<ul class=\"elementor-icon-list-items elementor-inline-items\">\n\t\t\t\t\t\t\t<li class=\"elementor-icon-list-item elementor-inline-item\">\n\t\t\t\t\t\t\t\t\t\t\t<a href=\"https:\/\/allotjamentslafont.com\/\">\n\n\t\t\t\t\t\t\t\t\t\t\t<span class=\"elementor-icon-list-text\">Accueil<\/span>\n\t\t\t\t\t\t\t\t\t\t\t<\/a>\n\t\t\t\t\t\t\t\t\t<\/li>\n\t\t\t\t\t\t\t\t<li class=\"elementor-icon-list-item elementor-inline-item\">\n\t\t\t\t\t\t\t\t\t\t\t<span class=\"elementor-icon-list-icon\">\n\t\t\t\t\t\t\t<svg aria-hidden=\"true\" class=\"e-font-icon-svg e-fas-chevron-right\" viewBox=\"0 0 320 512\" xmlns=\"http:\/\/www.w3.org\/2000\/svg\"><path d=\"M285.476 272.971L91.132 467.314c-9.373 9.373-24.569 9.373-33.941 0l-22.667-22.667c-9.357-9.357-9.375-24.522-.04-33.901L188.505 256 34.484 101.255c-9.335-9.379-9.317-24.544.04-33.901l22.667-22.667c9.373-9.373 24.569-9.373 33.941 0L285.475 239.03c9.373 9.372 9.373 24.568.001 33.941z\"><\/path><\/svg>\t\t\t\t\t\t<\/span>\n\t\t\t\t\t\t\t\t\t\t<span class=\"elementor-icon-list-text\">Politique de cookies<\/span>\n\t\t\t\t\t\t\t\t\t<\/li>\n\t\t\t\t\t\t<\/ul>\n\t\t\t\t<\/div>\n\t\t\t\t<\/div>\n\t\t\t\t\t<\/div>\n\t\t\t\t<\/div>\n\t\t<div class=\"elementor-element elementor-element-4b916d17 e-flex e-con-boxed e-con e-parent\" data-id=\"4b916d17\" data-element_type=\"container\" data-settings=\"{&quot;motion_fx_motion_fx_scrolling&quot;:&quot;yes&quot;,&quot;motion_fx_translateY_effect&quot;:&quot;yes&quot;,&quot;motion_fx_devices&quot;:[&quot;desktop&quot;,&quot;tablet&quot;],&quot;motion_fx_translateY_speed&quot;:{&quot;unit&quot;:&quot;px&quot;,&quot;size&quot;:4,&quot;sizes&quot;:[]},&quot;motion_fx_translateY_affectedRange&quot;:{&quot;unit&quot;:&quot;%&quot;,&quot;size&quot;:&quot;&quot;,&quot;sizes&quot;:{&quot;start&quot;:0,&quot;end&quot;:100}}}\">\n\t\t\t\t\t<div class=\"e-con-inner\">\n\t\t<div class=\"elementor-element elementor-element-1704ffb1 e-flex e-con-boxed e-con e-child\" data-id=\"1704ffb1\" data-element_type=\"container\">\n\t\t\t\t\t<div class=\"e-con-inner\">\n\t\t\t\t<div class=\"elementor-element elementor-element-75e37d3a elementor-widget elementor-widget-heading\" data-id=\"75e37d3a\" data-element_type=\"widget\" data-widget_type=\"heading.default\">\n\t\t\t\t<div class=\"elementor-widget-container\">\n\t\t\t<div class=\"elementor-heading-title elementor-size-default\">Textes juridiques<\/div>\t\t<\/div>\n\t\t\t\t<\/div>\n\t\t\t\t<div class=\"elementor-element elementor-element-1252f59 elementor-widget elementor-widget-heading\" data-id=\"1252f59\" data-element_type=\"widget\" data-widget_type=\"heading.default\">\n\t\t\t\t<div class=\"elementor-widget-container\">\n\t\t\t<h1 class=\"elementor-heading-title elementor-size-default\">Politique de cookies de Allotjaments La Font<\/h1>\t\t<\/div>\n\t\t\t\t<\/div>\n\t\t\t\t\t<\/div>\n\t\t\t\t<\/div>\n\t\t<div class=\"elementor-element elementor-element-4abb49fc e-flex e-con-boxed e-con e-child\" data-id=\"4abb49fc\" data-element_type=\"container\">\n\t\t\t\t\t<div class=\"e-con-inner\">\n\t\t\t\t<div class=\"elementor-element elementor-element-2f38bc9 elementor-widget elementor-widget-text-editor\" data-id=\"2f38bc9\" data-element_type=\"widget\" data-widget_type=\"text-editor.default\">\n\t\t\t\t<div class=\"elementor-widget-container\">\n\t\t\t\t\t\t\t<h2>Qu&rsquo;est-ce qu&rsquo;une cookie ?<\/h2>\n<p><span style=\"text-align: var(--text-align); color: var( --e-global-color-text ); font-family: var( --e-global-typography-text-font-family ), Sans-serif; font-size: var( --e-global-typography-text-font-size ); font-weight: var( --e-global-typography-text-font-weight ); text-transform: var( --e-global-typography-text-text-transform );\">Les cookies sont de petits fichiers de donn\u00e9es qui sont re\u00e7us sur le terminal \u00e0 partir du site web visit\u00e9 et qui sont utilis\u00e9s pour enregistrer certaines interactions de navigation sur un site web en stockant des donn\u00e9es qui peuvent \u00eatre mises \u00e0 jour et r\u00e9cup\u00e9r\u00e9es. Ces fichiers sont stock\u00e9s sur l&rsquo;ordinateur de l&rsquo;utilisateur et contiennent des donn\u00e9es anonymes qui ne nuisent pas \u00e0 votre ordinateur. Ils sont utilis\u00e9s pour m\u00e9moriser les pr\u00e9f\u00e9rences de l&rsquo;utilisateur, telles que la langue s\u00e9lectionn\u00e9e, les donn\u00e9es d&rsquo;acc\u00e8s ou la personnalisation de la page.  <\/span><\/p>\n<p>Les cookies peuvent \u00e9galement \u00eatre utilis\u00e9s pour enregistrer des informations anonymes sur la mani\u00e8re dont un visiteur utilise un site. Par exemple, \u00e0 partir de quelle page web vous avez acc\u00e9d\u00e9 au site, ou si vous avez utilis\u00e9 une banni\u00e8re publicitaire pour y arriver. <\/p>\n<h2> <\/h2>\n<h2>Pourquoi Apartament Allotjaments La Font utilisent-ils des cookies ?<\/h2>\n<p>Nous utilisons des cookies qui sont strictement n\u00e9cessaires et essentiels pour que vous puissiez utiliser notre site web et vous permettre de vous d\u00e9placer librement, d&rsquo;utiliser des zones s\u00e9curis\u00e9es, des options personnalis\u00e9es, etc. En outre, nous utilisons des cookies qui collectent des donn\u00e9es relatives \u00e0 l&rsquo;analyse de l&rsquo;utilisation du web. Ils sont utilis\u00e9s pour am\u00e9liorer le service \u00e0 l&rsquo;utilisateur, en mesurant l&rsquo;utilisation et les performances de la page, pour l&rsquo;optimiser et la personnaliser.  <\/p>\n<p>Nos sites peuvent \u00e9galement contenir des liens vers des r\u00e9seaux sociaux (tels que Facebook ou Twitter). Les Allotjaments La Font ne contr\u00f4lent pas les cookies utilis\u00e9s par ces sites externes. Pour plus d&rsquo;informations sur les cookies des r\u00e9seaux sociaux ou d&rsquo;autres sites web externes, nous vous conseillons de consulter leur propre politique en mati\u00e8re de cookies.  <\/p>\n<h2> <\/h2>\n<h2>Types de cookies<\/h2>\n<p><b>&#8211; Selon l&rsquo;entit\u00e9 qui les g\u00e8re :<\/b><\/p>\n<div>\n<p><b>Cookies propres<\/b><br \/>Les cookies propres sont ceux g\u00e9n\u00e9r\u00e9s par la page que vous visitez.<\/p>\n<p><b>Cookies de tiers<\/b><br \/>Les cookies de tiers sont ceux qui sont g\u00e9n\u00e9r\u00e9s par des services ou des fournisseurs externes, tels que Facebook, Twitter, Google, etc.<\/p>\n<\/div>\n<p><b>&#8211; En fonction de leur objectif :<\/b><\/p>\n<div>\n<p><b>Cookies techniques<\/b><br \/>Les cookies techniques sont ceux qui sont essentiels et strictement n\u00e9cessaires au bon fonctionnement d&rsquo;un portail web et \u00e0 l&rsquo;utilisation des diff\u00e9rentes options et services qu&rsquo;il propose.<br \/>Par exemple, ceux qui servent \u00e0 maintenir la session, \u00e0 g\u00e9rer le temps de r\u00e9ponse, les performances ou la validation des options, \u00e0 utiliser des \u00e9l\u00e9ments de s\u00e9curit\u00e9, \u00e0 partager des contenus avec les r\u00e9seaux sociaux, etc.<\/p>\n<p><b>Cookies de personnalisation<\/b><br \/>Ces cookies permettent \u00e0 l&rsquo;utilisateur de sp\u00e9cifier ou de personnaliser certaines caract\u00e9ristiques des options g\u00e9n\u00e9rales du site web, par exemple en d\u00e9finissant la langue, la configuration r\u00e9gionale ou le type de navigateur.<\/p>\n<p><b>Cookies analytiques<\/b><br \/>Les cookies analytiques sont ceux utilis\u00e9s par nos portails web pour cr\u00e9er des profils de navigation et conna\u00eetre les pr\u00e9f\u00e9rences des utilisateurs afin d&rsquo;am\u00e9liorer l&rsquo;offre de produits et de services.<br \/>Par exemple, un cookie analytique peut \u00eatre utilis\u00e9 pour contr\u00f4ler les zones g\u00e9ographiques les plus int\u00e9ressantes pour un utilisateur, le produit le plus populaire, etc.<\/p>\n<p><b>Cookies publicitaires \/ cookies publicitaires<\/b><br \/>Les cookies publicitaires permettent de g\u00e9rer les espaces publicitaires en fonction de crit\u00e8res sp\u00e9cifiques. Par exemple, la fr\u00e9quence d&rsquo;acc\u00e8s, le contenu \u00e9dit\u00e9, etc.<br \/>Les cookies publicitaires permettent, par le biais de la gestion de la publicit\u00e9, de stocker des informations comportementales gr\u00e2ce \u00e0 l&rsquo;observation des habitudes, \u00e0 l&rsquo;\u00e9tude des acc\u00e8s et \u00e0 la formation d&rsquo;un profil des pr\u00e9f\u00e9rences de l&rsquo;utilisateur, afin de lui proposer des publicit\u00e9s en rapport avec les int\u00e9r\u00eats de son profil. <\/p>\n<\/div>\n<p><b>&#8211; Selon la date limite :<\/b><\/p>\n<div>\n<p><b>Cookies de session<\/b><br \/>Les cookies de session sont ceux qui durent aussi longtemps que l&rsquo;utilisateur navigue sur le site web et sont supprim\u00e9s \u00e0 la fin de la session.<\/p>\n<p><b>Cookies persistants<\/b><br \/>Ces cookies sont stock\u00e9s dans le terminal de l&rsquo;utilisateur pour une p\u00e9riode plus longue, ce qui permet de contr\u00f4ler plus facilement les pr\u00e9f\u00e9rences choisies sans avoir \u00e0 r\u00e9p\u00e9ter certains param\u00e8tres \u00e0 chaque fois que l&rsquo;on visite le site web.<\/p>\n<\/div>\n<h2>Identification des cookies sur cette page<\/h2>\n<p>Les cookies utilis\u00e9s sur ce site web peuvent \u00eatre trait\u00e9s par nous-m\u00eames ainsi que par les tiers \u00e9num\u00e9r\u00e9s ci-dessous, avec lesquels nous avons pass\u00e9 un contrat pour fournir des services pour lesquels l&rsquo;utilisation de cookies est n\u00e9cessaire :<\/p>\n<ul>\n<li>Analyse<\/li>\n<\/ul>\n<h2> <\/h2>\n<h2>Comment d\u00e9sactiver ou supprimer les cookies ?<\/h2>\n<p>Afin de respecter la l\u00e9gislation en vigueur, nous devons vous demander l&rsquo;autorisation de g\u00e9rer les cookies. Si vous d\u00e9cidez de ne pas autoriser le traitement en indiquant votre non-conformit\u00e9, nous n&rsquo;utiliserons que des cookies techniques, car ils sont indispensables \u00e0 la navigation sur notre site web. Dans ce cas, nous ne stockerons aucun cookie. Si vous continuez \u00e0 naviguer sur notre site web sans refuser votre autorisation, cela implique que vous acceptez leur utilisation.   <\/p>\n<p>Veuillez noter que si vous refusez ou supprimez les cookies en naviguant sur le site des Allotjaments La Font, nous ne pourrons pas conserver vos pr\u00e9f\u00e9rences, certaines fonctionnalit\u00e9s des pages ne seront pas op\u00e9rationnelles, nous ne pourrons pas vous offrir des services personnalis\u00e9s et \u00e0 chaque fois que vous naviguerez sur notre site, nous devrons vous demander \u00e0 nouveau l&rsquo;autorisation d&rsquo;utiliser des cookies.<\/p>\n<p>Si vous d\u00e9cidez malgr\u00e9 tout de modifier la configuration de votre acc\u00e8s au site, sachez qu&rsquo;il est possible \u00e0 tout moment de supprimer les cookies ou d&#8217;emp\u00eacher l&rsquo;enregistrement de ces informations sur votre ordinateur en modifiant les param\u00e8tres de configuration de votre navigateur :<\/p>\n<p><a href=\"http:\/\/windows.microsoft.com\/es-es\/windows-vista\/block-or-allow-cookies\" target=\"_blank\" rel=\"noopener\">Param\u00e8tres des cookies d&rsquo;Internet Explorer<\/a><br \/><a href=\"http:\/\/support.mozilla.org\/es\/kb\/habilitar-y-deshabilitar-cookies-que-los-sitios-we\" target=\"_blank\" rel=\"noopener\">Param\u00e8tres des cookies de Firefox<\/a><br \/><a href=\"https:\/\/support.google.com\/chrome\/answer\/95647?hl=es\" target=\"_blank\" rel=\"noopener\">Param\u00e8tres des cookies de Google Chrome<\/a><br \/><a href=\"http:\/\/support.apple.com\/kb\/HT1677?viewlocale=es_ES&amp;locale=es_ES\" target=\"_blank\" rel=\"noopener\">Param\u00e8tres des cookies de Safari<\/a><\/p>\n<p>Ces navigateurs font l&rsquo;objet de mises \u00e0 jour ou de modifications et nous ne pouvons donc pas garantir qu&rsquo;ils seront compl\u00e8tement adapt\u00e9s \u00e0 la version de votre navigateur. Pour \u00e9viter ces d\u00e9calages, vous pouvez y acc\u00e9der directement \u00e0 partir des options de votre navigateur, qui se trouvent g\u00e9n\u00e9ralement dans le menu Options, dans la section \u00ab\u00a0Vie priv\u00e9e\u00a0\u00bb. (Veuillez consulter l&rsquo;aide de votre navigateur pour plus d&rsquo;informations).  <\/p>\n<h2> <\/h2>\n<h2>Que signifie accepter les cookies ?<\/h2>\n<p>Si vous acceptez nos cookies, vous nous permettez d&rsquo;am\u00e9liorer le site web des Allotjaments La Font afin de vous offrir un acc\u00e8s optimal et de vous fournir un service plus efficace et personnalis\u00e9.<br \/>Vous pouvez \u00e9galement configurer votre navigateur pour que seuls les sites web de confiance ou les pages que vous \u00eates en train de parcourir puissent g\u00e9rer les cookies, ce qui vous permet de s\u00e9lectionner vos pr\u00e9f\u00e9rences.<\/p>\n<p>En fournissant cette politique, les Allotjaments La Font d\u00e9montrent leur engagement envers la l\u00e9gislation actuelle sur l&rsquo;utilisation des cookies, en fournissant des informations pour que vous puissiez comprendre quel type de cookies nous utilisons et pourquoi nous le faisons. Nous souhaitons ainsi assurer la transparence des donn\u00e9es trait\u00e9es concernant la navigation effectu\u00e9e depuis votre ordinateur sur notre site web. <\/p>\n<p>Cette politique est revue p\u00e9riodiquement pour s&rsquo;assurer qu&rsquo;elle est \u00e0 jour et peut \u00eatre modifi\u00e9e. Nous vous recommandons de visiter r\u00e9guli\u00e8rement le site, o\u00f9 nous vous informerons de toute mise \u00e0 jour. <\/p>\n\t\t\t\t\t\t<\/div>\n\t\t\t\t<\/div>\n\t\t\t\t\t<\/div>\n\t\t\t\t<\/div>\n\t\t\t\t\t<\/div>\n\t\t\t\t<\/div>\n\t\t\t\t<\/div>\n\t\t","protected":false},"excerpt":{"rendered":"<p>Politique de cookies Accueil Politique de cookies Textes juridiques Politique de cookies de Allotjaments La Font Qu&rsquo;est-ce qu&rsquo;une cookie ? Les cookies sont de petits fichiers de donn\u00e9es qui sont re\u00e7us sur le terminal \u00e0 partir du site web visit\u00e9 et qui sont utilis\u00e9s pour enregistrer certaines interactions de navigation sur un site web en [&hellip;]<\/p>\n","protected":false},"author":4,"featured_media":0,"parent":0,"menu_order":75,"comment_status":"closed","ping_status":"closed","template":"","meta":{"footnotes":""},"class_list":["post-5432","page","type-page","status-publish","hentry"],"yoast_head":"<!-- This site is optimized with the Yoast SEO plugin v23.4 - https:\/\/yoast.com\/wordpress\/plugins\/seo\/ -->\n<title>Politique de cookies - Allotjaments La Font, El Port de la Selva<\/title>\n<meta name=\"description\" content=\"Consultez la politique en mati\u00e8re de cookies sur le site des Allotjaments La Font, \u00e0 El Port de la Selva (Girona), et r\u00e9servez vos vacances sur la Costa Brava.\" \/>\n<meta name=\"robots\" content=\"noindex, follow\" \/>\n<script type=\"application\/ld+json\" class=\"yoast-schema-graph\">{\"@context\":\"https:\/\/schema.org\",\"@graph\":[{\"@type\":\"WebPage\",\"@id\":\"https:\/\/allotjamentslafont.com\/fr\/politique-de-cookies\/\",\"url\":\"https:\/\/allotjamentslafont.com\/fr\/politique-de-cookies\/\",\"name\":\"Politique de cookies - Allotjaments La Font, El Port de la Selva\",\"isPartOf\":{\"@id\":\"https:\/\/allotjamentslafont.com\/fr\/#website\"},\"datePublished\":\"2024-03-07T09:50:32+00:00\",\"dateModified\":\"2025-05-07T09:15:29+00:00\",\"description\":\"Consultez la politique en mati\u00e8re de cookies sur le site des Allotjaments La Font, \u00e0 El Port de la Selva (Girona), et r\u00e9servez vos vacances sur la Costa Brava.\",\"breadcrumb\":{\"@id\":\"https:\/\/allotjamentslafont.com\/fr\/politique-de-cookies\/#breadcrumb\"},\"inLanguage\":\"fr-FR\",\"potentialAction\":[{\"@type\":\"ReadAction\",\"target\":[\"https:\/\/allotjamentslafont.com\/fr\/politique-de-cookies\/\"]}]},{\"@type\":\"BreadcrumbList\",\"@id\":\"https:\/\/allotjamentslafont.com\/fr\/politique-de-cookies\/#breadcrumb\",\"itemListElement\":[{\"@type\":\"ListItem\",\"position\":1,\"name\":\"Home\",\"item\":\"https:\/\/allotjamentslafont.com\/fr\/\"},{\"@type\":\"ListItem\",\"position\":2,\"name\":\"Politique de cookies\"}]},{\"@type\":\"WebSite\",\"@id\":\"https:\/\/allotjamentslafont.com\/fr\/#website\",\"url\":\"https:\/\/allotjamentslafont.com\/fr\/\",\"name\":\"Allotjaments La Font\",\"description\":\"\",\"publisher\":{\"@id\":\"https:\/\/allotjamentslafont.com\/fr\/#organization\"},\"potentialAction\":[{\"@type\":\"SearchAction\",\"target\":{\"@type\":\"EntryPoint\",\"urlTemplate\":\"https:\/\/allotjamentslafont.com\/fr\/?s={search_term_string}\"},\"query-input\":{\"@type\":\"PropertyValueSpecification\",\"valueRequired\":true,\"valueName\":\"search_term_string\"}}],\"inLanguage\":\"fr-FR\"},{\"@type\":\"Organization\",\"@id\":\"https:\/\/allotjamentslafont.com\/fr\/#organization\",\"name\":\"Allotjaments La Font\",\"url\":\"https:\/\/allotjamentslafont.com\/fr\/\",\"logo\":{\"@type\":\"ImageObject\",\"inLanguage\":\"fr-FR\",\"@id\":\"https:\/\/allotjamentslafont.com\/fr\/#\/schema\/logo\/image\/\",\"url\":\"https:\/\/allotjamentslafont.com\/wp-content\/uploads\/2024\/02\/Favicon.svg\",\"contentUrl\":\"https:\/\/allotjamentslafont.com\/wp-content\/uploads\/2024\/02\/Favicon.svg\",\"width\":180,\"height\":180,\"caption\":\"Allotjaments La Font\"},\"image\":{\"@id\":\"https:\/\/allotjamentslafont.com\/fr\/#\/schema\/logo\/image\/\"}}]}<\/script>\n<!-- \/ Yoast SEO plugin. -->","yoast_head_json":{"title":"Politique de cookies - Allotjaments La Font, El Port de la Selva","description":"Consultez la politique en mati\u00e8re de cookies sur le site des Allotjaments La Font, \u00e0 El Port de la Selva (Girona), et r\u00e9servez vos vacances sur la Costa Brava.","robots":{"index":"noindex","follow":"follow"},"schema":{"@context":"https:\/\/schema.org","@graph":[{"@type":"WebPage","@id":"https:\/\/allotjamentslafont.com\/fr\/politique-de-cookies\/","url":"https:\/\/allotjamentslafont.com\/fr\/politique-de-cookies\/","name":"Politique de cookies - Allotjaments La Font, El Port de la Selva","isPartOf":{"@id":"https:\/\/allotjamentslafont.com\/fr\/#website"},"datePublished":"2024-03-07T09:50:32+00:00","dateModified":"2025-05-07T09:15:29+00:00","description":"Consultez la politique en mati\u00e8re de cookies sur le site des Allotjaments La Font, \u00e0 El Port de la Selva (Girona), et r\u00e9servez vos vacances sur la Costa Brava.","breadcrumb":{"@id":"https:\/\/allotjamentslafont.com\/fr\/politique-de-cookies\/#breadcrumb"},"inLanguage":"fr-FR","potentialAction":[{"@type":"ReadAction","target":["https:\/\/allotjamentslafont.com\/fr\/politique-de-cookies\/"]}]},{"@type":"BreadcrumbList","@id":"https:\/\/allotjamentslafont.com\/fr\/politique-de-cookies\/#breadcrumb","itemListElement":[{"@type":"ListItem","position":1,"name":"Home","item":"https:\/\/allotjamentslafont.com\/fr\/"},{"@type":"ListItem","position":2,"name":"Politique de cookies"}]},{"@type":"WebSite","@id":"https:\/\/allotjamentslafont.com\/fr\/#website","url":"https:\/\/allotjamentslafont.com\/fr\/","name":"Allotjaments La Font","description":"","publisher":{"@id":"https:\/\/allotjamentslafont.com\/fr\/#organization"},"potentialAction":[{"@type":"SearchAction","target":{"@type":"EntryPoint","urlTemplate":"https:\/\/allotjamentslafont.com\/fr\/?s={search_term_string}"},"query-input":{"@type":"PropertyValueSpecification","valueRequired":true,"valueName":"search_term_string"}}],"inLanguage":"fr-FR"},{"@type":"Organization","@id":"https:\/\/allotjamentslafont.com\/fr\/#organization","name":"Allotjaments La Font","url":"https:\/\/allotjamentslafont.com\/fr\/","logo":{"@type":"ImageObject","inLanguage":"fr-FR","@id":"https:\/\/allotjamentslafont.com\/fr\/#\/schema\/logo\/image\/","url":"https:\/\/allotjamentslafont.com\/wp-content\/uploads\/2024\/02\/Favicon.svg","contentUrl":"https:\/\/allotjamentslafont.com\/wp-content\/uploads\/2024\/02\/Favicon.svg","width":180,"height":180,"caption":"Allotjaments La Font"},"image":{"@id":"https:\/\/allotjamentslafont.com\/fr\/#\/schema\/logo\/image\/"}}]}},"_links":{"self":[{"href":"https:\/\/allotjamentslafont.com\/fr\/wp-json\/wp\/v2\/pages\/5432","targetHints":{"allow":["GET"]}}],"collection":[{"href":"https:\/\/allotjamentslafont.com\/fr\/wp-json\/wp\/v2\/pages"}],"about":[{"href":"https:\/\/allotjamentslafont.com\/fr\/wp-json\/wp\/v2\/types\/page"}],"author":[{"embeddable":true,"href":"https:\/\/allotjamentslafont.com\/fr\/wp-json\/wp\/v2\/users\/4"}],"replies":[{"embeddable":true,"href":"https:\/\/allotjamentslafont.com\/fr\/wp-json\/wp\/v2\/comments?post=5432"}],"version-history":[{"count":10,"href":"https:\/\/allotjamentslafont.com\/fr\/wp-json\/wp\/v2\/pages\/5432\/revisions"}],"predecessor-version":[{"id":7225,"href":"https:\/\/allotjamentslafont.com\/fr\/wp-json\/wp\/v2\/pages\/5432\/revisions\/7225"}],"wp:attachment":[{"href":"https:\/\/allotjamentslafont.com\/fr\/wp-json\/wp\/v2\/media?parent=5432"}],"curies":[{"name":"wp","href":"https:\/\/api.w.org\/{rel}","templated":true}]}}