{"id":5437,"date":"2024-05-21T13:47:19","date_gmt":"2024-05-21T11:47:19","guid":{"rendered":"https:\/\/dev-hostallatina.gnahs.com\/villages\/"},"modified":"2025-04-23T13:02:19","modified_gmt":"2025-04-23T11:02:19","slug":"villages-de-charme","status":"publish","type":"page","link":"https:\/\/allotjamentslafont.com\/fr\/el-port-de-la-selva\/villages-de-charme\/","title":{"rendered":"Villages de charme"},"content":{"rendered":"\t\t<div data-elementor-type=\"wp-page\" data-elementor-id=\"5437\" class=\"elementor elementor-5437 elementor-3070\" data-elementor-post-type=\"page\">\n\t\t\t\t<div class=\"elementor-element elementor-element-2fd9398b e-flex e-con-boxed e-con e-parent\" data-id=\"2fd9398b\" data-element_type=\"container\">\n\t\t\t\t\t<div class=\"e-con-inner\">\n\t\t\t\t<div class=\"elementor-element elementor-element-38186338 elementor-widget elementor-widget-text-editor\" data-id=\"38186338\" data-element_type=\"widget\" data-widget_type=\"text-editor.default\">\n\t\t\t\t<div class=\"elementor-widget-container\">\n\t\t\t\t\t\t\t<h2 class=\"\" style=\"text-align: center;\" data-start=\"144\" data-end=\"234\"><strong data-start=\"147\" data-end=\"234\">Villages de charme pr\u00e8s de El Port de la Selva<\/strong><\/h2>\n<p class=\"\" data-start=\"236\" data-end=\"593\"><strong>Port de la Selva<\/strong> est bien plus qu&rsquo;une jolie ville baln\u00e9aire : c&rsquo;est le point de d\u00e9part id\u00e9al pour d\u00e9couvrir d&rsquo;autres lieux de l&rsquo;<strong>Alt Empord\u00e0<\/strong> qui ont leur propre personnalit\u00e9. De la c\u00f4te \u00e0 l&rsquo;int\u00e9rieur des terres, cette r\u00e9gion de la <strong>Costa Brava<\/strong> regorge de villages qui ont conserv\u00e9 leur essence, o\u00f9 l&rsquo;histoire, la gastronomie et la nature se conjuguent \u00e0 chaque visite. <\/p>\n<h3 class=\"\" data-start=\"595\" data-end=\"660\"><strong data-start=\"599\" data-end=\"660\">El Port de la Selva : l&rsquo;authenticit\u00e9 maritime \u00e0 l&rsquo;\u00e9tat pur<\/strong><\/h3>\n<p class=\"\" data-start=\"662\" data-end=\"1081\">Entour\u00e9 par la mer et la montagne, El Port de la Selva est un village de p\u00eacheurs qui a su conserver son identit\u00e9 au fil du temps. Ses maisons blanchies \u00e0 la chaux, son petit port et son atmosph\u00e8re paisible en font une desfonttion id\u00e9ale pour d\u00e9connecter et profiter de la M\u00e9diterran\u00e9e. Vous pourrez y fl\u00e2ner au bord de la mer, savourer les produits frais du jour et d\u00e9couvrir des endroits uniques dans le <strong>parc naturel du Cap de Creus<\/strong>.  <\/p>\n<h3 data-start=\"1083\" data-end=\"1126\"> <\/h3>\n<h3 class=\"\" data-start=\"1083\" data-end=\"1126\"><strong data-start=\"1087\" data-end=\"1126\">Cadaqu\u00e9s : art et magie en bord de mer<\/strong><\/h3>\n<p class=\"\" data-start=\"1128\" data-end=\"1474\">\u00c0 environ 30 minutes de route, <strong data-start=\"1161\" data-end=\"1173\">Cadaqu\u00e9s<\/strong> est l&rsquo;un des villages les plus embl\u00e9matiques de la Costa Brava. C\u00e9l\u00e8bre pour sa beaut\u00e9 blanche, ses rues pav\u00e9es et son lien avec <strong>Salvador Dal\u00ed<\/strong>, ce lieu magique est un refuge pour les artistes et une source d&rsquo;inspiration pour des g\u00e9n\u00e9rations. Son air boh\u00e8me, ses petites criques et son atmosph\u00e8re culturelle le rendent irr\u00e9sistible.  <\/p>\n<h3 data-start=\"1476\" data-end=\"1525\"> <\/h3>\n<h3 class=\"\" data-start=\"1476\" data-end=\"1525\"><strong data-start=\"1480\" data-end=\"1525\">Llan\u00e7\u00e0 : plages, randonn\u00e9es et tranquillit\u00e9<\/strong><\/h3>\n<p class=\"\" data-start=\"1527\" data-end=\"1827\">Tr\u00e8s proche d&rsquo;El Port de la Selva, <strong data-start=\"1561\" data-end=\"1571\">Llan\u00e7\u00e0<\/strong> allie nature, culture et tradition. Ses plages, id\u00e9ales pour les familles, cohabitent avec des itin\u00e9raires de randonn\u00e9e qui s&rsquo;enfoncent dans le Cap de Creus. Vous pourrez \u00e9galement visiter son port, son vieux quartier et profiter d&rsquo;une gastronomie aux fortes racines maritimes.  <\/p>\n<h3 data-start=\"1829\" data-end=\"1875\"> <\/h3>\n<h3 class=\"\" data-start=\"1829\" data-end=\"1875\"><strong data-start=\"1833\" data-end=\"1875\">Vilaju\u00efga : vin, histoire et territoire<\/strong><\/h3>\n<p class=\"\" data-start=\"1877\" data-end=\"2205\">\u00c0 l&rsquo;int\u00e9rieur des terres, <strong data-start=\"1893\" data-end=\"1906\">Vilaju\u00efga<\/strong> se distingue par ses caves \u00e0 vin et son histoire li\u00e9e \u00e0 l&rsquo;eau min\u00e9rale. Entour\u00e9e de nature et de culture m\u00e9galithique, cette petite commune est id\u00e9ale pour les amateurs de vin, d&rsquo;arch\u00e9ologie et de tranquillit\u00e9 rurale. C&rsquo;est \u00e9galement un excellent point de d\u00e9part pour visiter le monast\u00e8re de <strong>Sant Pere de Rodes<\/strong>.  <\/p>\n<h3 data-start=\"2207\" data-end=\"2256\"> <\/h3>\n<h3 class=\"\" data-start=\"2207\" data-end=\"2256\"><strong data-start=\"2211\" data-end=\"2256\">Peralada : \u00e9l\u00e9gance m\u00e9di\u00e9vale et \u0153notourisme<\/strong><\/h3>\n<p class=\"\" data-start=\"2258\" data-end=\"2592\">\u00c0 environ 40 minutes d&rsquo;El Port de la Selva, <strong data-start=\"2300\" data-end=\"2312\">Peralada<\/strong> est synonyme d&rsquo;histoire, de vin et de culture. Son ch\u00e2teau, qui accueille l&rsquo;un des festivals de musique les plus prestigieux du pays, abrite \u00e9galement un casino, des jardins et une importante collection d&rsquo;\u0153uvres d&rsquo;art. La vieille ville vous invite \u00e0 vous perdre dans les rues m\u00e9di\u00e9vales et les charmantes terrasses.  <\/p>\n<p class=\"\" data-start=\"2650\" data-end=\"2920\">En s\u00e9journant \u00e0 <strong data-start=\"2662\" data-end=\"2673\">Allotjaments La Font<\/strong>, vous pourrez explorer tous ces villages \u00e0 votre guise, en profitant du rythme tranquille de l&rsquo;Empord\u00e0 et de la richesse culturelle, naturelle et gastronomique de la r\u00e9gion. Chaque jour peut \u00eatre une nouvelle excursion, un nouveau paysage et une nouvelle histoire \u00e0 d\u00e9couvrir. <\/p>\n<p data-start=\"2650\" data-end=\"2920\"><img fetchpriority=\"high\" decoding=\"async\" class=\"aligncenter wp-image-5151 size-full\" src=\"https:\/\/allotjamentslafont.com\/wp-content\/uploads\/2025\/04\/cadaques-pueblos-costa-brava-la-font-port-de-la-seva-scaled.jpg\" alt=\"\" width=\"2560\" height=\"1707\" srcset=\"https:\/\/allotjamentslafont.com\/wp-content\/uploads\/2025\/04\/cadaques-pueblos-costa-brava-la-font-port-de-la-seva-scaled.jpg 2560w, https:\/\/allotjamentslafont.com\/wp-content\/uploads\/2025\/04\/cadaques-pueblos-costa-brava-la-font-port-de-la-seva-300x200.jpg 300w, https:\/\/allotjamentslafont.com\/wp-content\/uploads\/2025\/04\/cadaques-pueblos-costa-brava-la-font-port-de-la-seva-1024x683.jpg 1024w, https:\/\/allotjamentslafont.com\/wp-content\/uploads\/2025\/04\/cadaques-pueblos-costa-brava-la-font-port-de-la-seva-768x512.jpg 768w, https:\/\/allotjamentslafont.com\/wp-content\/uploads\/2025\/04\/cadaques-pueblos-costa-brava-la-font-port-de-la-seva-1536x1024.jpg 1536w, https:\/\/allotjamentslafont.com\/wp-content\/uploads\/2025\/04\/cadaques-pueblos-costa-brava-la-font-port-de-la-seva-2048x1365.jpg 2048w\" sizes=\"(max-width: 2560px) 100vw, 2560px\" \/><\/p>\n\t\t\t\t\t\t<\/div>\n\t\t\t\t<\/div>\n\t\t\t\t\t<\/div>\n\t\t\t\t<\/div>\n\t\t\t\t<\/div>\n\t\t","protected":false},"excerpt":{"rendered":"<p>Villages de charme pr\u00e8s de El Port de la Selva Port de la Selva est bien plus qu&rsquo;une jolie ville baln\u00e9aire : c&rsquo;est le point de d\u00e9part id\u00e9al pour d\u00e9couvrir d&rsquo;autres lieux de l&rsquo;Alt Empord\u00e0 qui ont leur propre personnalit\u00e9. De la c\u00f4te \u00e0 l&rsquo;int\u00e9rieur des terres, cette r\u00e9gion de la Costa Brava regorge de [&hellip;]<\/p>\n","protected":false},"author":4,"featured_media":5161,"parent":5457,"menu_order":1,"comment_status":"closed","ping_status":"closed","template":"","meta":{"footnotes":""},"class_list":["post-5437","page","type-page","status-publish","has-post-thumbnail","hentry"],"yoast_head":"<!-- This site is optimized with the Yoast SEO plugin v23.4 - https:\/\/yoast.com\/wordpress\/plugins\/seo\/ -->\n<title>Villages - Allotjaments La Font, El Port de la Selva (Espagne)<\/title>\n<meta name=\"description\" content=\"D\u00e9couvrez les villes de la Costa Brava sur le site de Allotjaments La Font : El Port de la Selva, Cadaqu\u00e9s, G\u00e9rone, Figueres, Roses, Besal\u00fa, L&#039;Escala\u2026\" \/>\n<meta name=\"robots\" content=\"index, follow, max-snippet:-1, max-image-preview:large, max-video-preview:-1\" \/>\n<link rel=\"canonical\" href=\"https:\/\/allotjamentslafont.com\/fr\/el-port-de-la-selva\/villages-de-charme\/\" \/>\n<script type=\"application\/ld+json\" class=\"yoast-schema-graph\">{\"@context\":\"https:\/\/schema.org\",\"@graph\":[{\"@type\":\"WebPage\",\"@id\":\"https:\/\/allotjamentslafont.com\/fr\/el-port-de-la-selva\/villages-de-charme\/\",\"url\":\"https:\/\/allotjamentslafont.com\/fr\/el-port-de-la-selva\/villages-de-charme\/\",\"name\":\"Villages - Allotjaments La Font, El Port de la Selva (Espagne)\",\"isPartOf\":{\"@id\":\"https:\/\/allotjamentslafont.com\/fr\/#website\"},\"primaryImageOfPage\":{\"@id\":\"https:\/\/allotjamentslafont.com\/fr\/el-port-de-la-selva\/villages-de-charme\/#primaryimage\"},\"image\":{\"@id\":\"https:\/\/allotjamentslafont.com\/fr\/el-port-de-la-selva\/villages-de-charme\/#primaryimage\"},\"thumbnailUrl\":\"https:\/\/allotjamentslafont.com\/wp-content\/uploads\/2025\/04\/pueblos-costa.brava-la-font-port-de-la-selva-scaled.jpg\",\"datePublished\":\"2024-05-21T11:47:19+00:00\",\"dateModified\":\"2025-04-23T11:02:19+00:00\",\"description\":\"D\u00e9couvrez les villes de la Costa Brava sur le site de Allotjaments La Font : El Port de la Selva, Cadaqu\u00e9s, G\u00e9rone, Figueres, Roses, Besal\u00fa, L'Escala\u2026\",\"breadcrumb\":{\"@id\":\"https:\/\/allotjamentslafont.com\/fr\/el-port-de-la-selva\/villages-de-charme\/#breadcrumb\"},\"inLanguage\":\"fr-FR\",\"potentialAction\":[{\"@type\":\"ReadAction\",\"target\":[\"https:\/\/allotjamentslafont.com\/fr\/el-port-de-la-selva\/villages-de-charme\/\"]}]},{\"@type\":\"ImageObject\",\"inLanguage\":\"fr-FR\",\"@id\":\"https:\/\/allotjamentslafont.com\/fr\/el-port-de-la-selva\/villages-de-charme\/#primaryimage\",\"url\":\"https:\/\/allotjamentslafont.com\/wp-content\/uploads\/2025\/04\/pueblos-costa.brava-la-font-port-de-la-selva-scaled.jpg\",\"contentUrl\":\"https:\/\/allotjamentslafont.com\/wp-content\/uploads\/2025\/04\/pueblos-costa.brava-la-font-port-de-la-selva-scaled.jpg\",\"width\":2560,\"height\":1700},{\"@type\":\"BreadcrumbList\",\"@id\":\"https:\/\/allotjamentslafont.com\/fr\/el-port-de-la-selva\/villages-de-charme\/#breadcrumb\",\"itemListElement\":[{\"@type\":\"ListItem\",\"position\":1,\"name\":\"Home\",\"item\":\"https:\/\/allotjamentslafont.com\/fr\/\"},{\"@type\":\"ListItem\",\"position\":2,\"name\":\"El Port de la Selva\",\"item\":\"https:\/\/allotjamentslafont.com\/fr\/el-port-de-la-selva\/\"},{\"@type\":\"ListItem\",\"position\":3,\"name\":\"Villages de charme\"}]},{\"@type\":\"WebSite\",\"@id\":\"https:\/\/allotjamentslafont.com\/fr\/#website\",\"url\":\"https:\/\/allotjamentslafont.com\/fr\/\",\"name\":\"Allotjaments La Font\",\"description\":\"\",\"publisher\":{\"@id\":\"https:\/\/allotjamentslafont.com\/fr\/#organization\"},\"potentialAction\":[{\"@type\":\"SearchAction\",\"target\":{\"@type\":\"EntryPoint\",\"urlTemplate\":\"https:\/\/allotjamentslafont.com\/fr\/?s={search_term_string}\"},\"query-input\":{\"@type\":\"PropertyValueSpecification\",\"valueRequired\":true,\"valueName\":\"search_term_string\"}}],\"inLanguage\":\"fr-FR\"},{\"@type\":\"Organization\",\"@id\":\"https:\/\/allotjamentslafont.com\/fr\/#organization\",\"name\":\"Allotjaments La Font\",\"url\":\"https:\/\/allotjamentslafont.com\/fr\/\",\"logo\":{\"@type\":\"ImageObject\",\"inLanguage\":\"fr-FR\",\"@id\":\"https:\/\/allotjamentslafont.com\/fr\/#\/schema\/logo\/image\/\",\"url\":\"https:\/\/allotjamentslafont.com\/wp-content\/uploads\/2024\/02\/Favicon.svg\",\"contentUrl\":\"https:\/\/allotjamentslafont.com\/wp-content\/uploads\/2024\/02\/Favicon.svg\",\"width\":180,\"height\":180,\"caption\":\"Allotjaments La Font\"},\"image\":{\"@id\":\"https:\/\/allotjamentslafont.com\/fr\/#\/schema\/logo\/image\/\"}}]}<\/script>\n<!-- \/ Yoast SEO plugin. -->","yoast_head_json":{"title":"Villages - Allotjaments La Font, El Port de la Selva (Espagne)","description":"D\u00e9couvrez les villes de la Costa Brava sur le site de Allotjaments La Font : El Port de la Selva, Cadaqu\u00e9s, G\u00e9rone, Figueres, Roses, Besal\u00fa, L'Escala\u2026","robots":{"index":"index","follow":"follow","max-snippet":"max-snippet:-1","max-image-preview":"max-image-preview:large","max-video-preview":"max-video-preview:-1"},"canonical":"https:\/\/allotjamentslafont.com\/fr\/el-port-de-la-selva\/villages-de-charme\/","schema":{"@context":"https:\/\/schema.org","@graph":[{"@type":"WebPage","@id":"https:\/\/allotjamentslafont.com\/fr\/el-port-de-la-selva\/villages-de-charme\/","url":"https:\/\/allotjamentslafont.com\/fr\/el-port-de-la-selva\/villages-de-charme\/","name":"Villages - Allotjaments La Font, El Port de la Selva (Espagne)","isPartOf":{"@id":"https:\/\/allotjamentslafont.com\/fr\/#website"},"primaryImageOfPage":{"@id":"https:\/\/allotjamentslafont.com\/fr\/el-port-de-la-selva\/villages-de-charme\/#primaryimage"},"image":{"@id":"https:\/\/allotjamentslafont.com\/fr\/el-port-de-la-selva\/villages-de-charme\/#primaryimage"},"thumbnailUrl":"https:\/\/allotjamentslafont.com\/wp-content\/uploads\/2025\/04\/pueblos-costa.brava-la-font-port-de-la-selva-scaled.jpg","datePublished":"2024-05-21T11:47:19+00:00","dateModified":"2025-04-23T11:02:19+00:00","description":"D\u00e9couvrez les villes de la Costa Brava sur le site de Allotjaments La Font : El Port de la Selva, Cadaqu\u00e9s, G\u00e9rone, Figueres, Roses, Besal\u00fa, L'Escala\u2026","breadcrumb":{"@id":"https:\/\/allotjamentslafont.com\/fr\/el-port-de-la-selva\/villages-de-charme\/#breadcrumb"},"inLanguage":"fr-FR","potentialAction":[{"@type":"ReadAction","target":["https:\/\/allotjamentslafont.com\/fr\/el-port-de-la-selva\/villages-de-charme\/"]}]},{"@type":"ImageObject","inLanguage":"fr-FR","@id":"https:\/\/allotjamentslafont.com\/fr\/el-port-de-la-selva\/villages-de-charme\/#primaryimage","url":"https:\/\/allotjamentslafont.com\/wp-content\/uploads\/2025\/04\/pueblos-costa.brava-la-font-port-de-la-selva-scaled.jpg","contentUrl":"https:\/\/allotjamentslafont.com\/wp-content\/uploads\/2025\/04\/pueblos-costa.brava-la-font-port-de-la-selva-scaled.jpg","width":2560,"height":1700},{"@type":"BreadcrumbList","@id":"https:\/\/allotjamentslafont.com\/fr\/el-port-de-la-selva\/villages-de-charme\/#breadcrumb","itemListElement":[{"@type":"ListItem","position":1,"name":"Home","item":"https:\/\/allotjamentslafont.com\/fr\/"},{"@type":"ListItem","position":2,"name":"El Port de la Selva","item":"https:\/\/allotjamentslafont.com\/fr\/el-port-de-la-selva\/"},{"@type":"ListItem","position":3,"name":"Villages de charme"}]},{"@type":"WebSite","@id":"https:\/\/allotjamentslafont.com\/fr\/#website","url":"https:\/\/allotjamentslafont.com\/fr\/","name":"Allotjaments La Font","description":"","publisher":{"@id":"https:\/\/allotjamentslafont.com\/fr\/#organization"},"potentialAction":[{"@type":"SearchAction","target":{"@type":"EntryPoint","urlTemplate":"https:\/\/allotjamentslafont.com\/fr\/?s={search_term_string}"},"query-input":{"@type":"PropertyValueSpecification","valueRequired":true,"valueName":"search_term_string"}}],"inLanguage":"fr-FR"},{"@type":"Organization","@id":"https:\/\/allotjamentslafont.com\/fr\/#organization","name":"Allotjaments La Font","url":"https:\/\/allotjamentslafont.com\/fr\/","logo":{"@type":"ImageObject","inLanguage":"fr-FR","@id":"https:\/\/allotjamentslafont.com\/fr\/#\/schema\/logo\/image\/","url":"https:\/\/allotjamentslafont.com\/wp-content\/uploads\/2024\/02\/Favicon.svg","contentUrl":"https:\/\/allotjamentslafont.com\/wp-content\/uploads\/2024\/02\/Favicon.svg","width":180,"height":180,"caption":"Allotjaments La Font"},"image":{"@id":"https:\/\/allotjamentslafont.com\/fr\/#\/schema\/logo\/image\/"}}]}},"_links":{"self":[{"href":"https:\/\/allotjamentslafont.com\/fr\/wp-json\/wp\/v2\/pages\/5437","targetHints":{"allow":["GET"]}}],"collection":[{"href":"https:\/\/allotjamentslafont.com\/fr\/wp-json\/wp\/v2\/pages"}],"about":[{"href":"https:\/\/allotjamentslafont.com\/fr\/wp-json\/wp\/v2\/types\/page"}],"author":[{"embeddable":true,"href":"https:\/\/allotjamentslafont.com\/fr\/wp-json\/wp\/v2\/users\/4"}],"replies":[{"embeddable":true,"href":"https:\/\/allotjamentslafont.com\/fr\/wp-json\/wp\/v2\/comments?post=5437"}],"version-history":[{"count":8,"href":"https:\/\/allotjamentslafont.com\/fr\/wp-json\/wp\/v2\/pages\/5437\/revisions"}],"predecessor-version":[{"id":6642,"href":"https:\/\/allotjamentslafont.com\/fr\/wp-json\/wp\/v2\/pages\/5437\/revisions\/6642"}],"up":[{"embeddable":true,"href":"https:\/\/allotjamentslafont.com\/fr\/wp-json\/wp\/v2\/pages\/5457"}],"wp:featuredmedia":[{"embeddable":true,"href":"https:\/\/allotjamentslafont.com\/fr\/wp-json\/wp\/v2\/media\/5161"}],"wp:attachment":[{"href":"https:\/\/allotjamentslafont.com\/fr\/wp-json\/wp\/v2\/media?parent=5437"}],"curies":[{"name":"wp","href":"https:\/\/api.w.org\/{rel}","templated":true}]}}