{"id":5445,"date":"2025-04-02T13:35:44","date_gmt":"2025-04-02T11:35:44","guid":{"rendered":"https:\/\/dev-hostallatina.gnahs.com\/nature\/"},"modified":"2025-04-23T13:03:00","modified_gmt":"2025-04-23T11:03:00","slug":"nature","status":"publish","type":"page","link":"https:\/\/allotjamentslafont.com\/fr\/el-port-de-la-selva\/nature\/","title":{"rendered":"Nature"},"content":{"rendered":"\t\t<div data-elementor-type=\"wp-page\" data-elementor-id=\"5445\" class=\"elementor elementor-5445 elementor-4899\" data-elementor-post-type=\"page\">\n\t\t\t\t<div class=\"elementor-element elementor-element-2fd9398b e-flex e-con-boxed e-con e-parent\" data-id=\"2fd9398b\" data-element_type=\"container\">\n\t\t\t\t\t<div class=\"e-con-inner\">\n\t\t\t\t<div class=\"elementor-element elementor-element-38186338 elementor-widget elementor-widget-text-editor\" data-id=\"38186338\" data-element_type=\"widget\" data-widget_type=\"text-editor.default\">\n\t\t\t\t<div class=\"elementor-widget-container\">\n\t\t\t\t\t\t\t<h2 class=\"\" style=\"text-align: center;\" data-start=\"197\" data-end=\"264\"><strong data-start=\"200\" data-end=\"264\">Nature \u00e0 El Port de la Selva<\/strong><\/h2>\n<p class=\"\" data-start=\"266\" data-end=\"573\"><strong>Port de la Selva<\/strong> est l&rsquo;un des coins les plus authentiques de la Costa Brava, o\u00f9 <strong data-start=\"352\" data-end=\"392\">la nature est \u00e0 l&rsquo;\u00e9tat pur<\/strong>. Entour\u00e9 par le <strong data-start=\"409\" data-end=\"444\">parc naturel du Cap de Creus<\/strong>, ce petit village de p\u00eacheurs est un paradis pour les amateurs de plein air, de tranquillit\u00e9 et de paysages spectaculaires. <\/p>\n<h3 class=\"\" data-start=\"575\" data-end=\"632\"><strong data-start=\"579\" data-end=\"632\">Cap de Creus : un paysage m\u00e9diterran\u00e9en unique<\/strong><\/h3>\n<p class=\"\" data-start=\"634\" data-end=\"1088\">El Port de la Selva fait partie du <strong data-start=\"670\" data-end=\"704\">parc naturel du Cap de Creus<\/strong>, le premier parc naturel maritime-terrestre de Catalogne. Ici, les sentiers s&rsquo;ouvrent entre les falaises, les criques cach\u00e9es, les formations rocheuses fantaisistes et la v\u00e9g\u00e9tation typique du littoral m\u00e9diterran\u00e9en. Le contraste entre la mer et la montagne cr\u00e9e un paysage \u00e0 la fois sauvage et d\u00e9licat, id\u00e9al pour explorer \u00e0 pied, \u00e0 v\u00e9lo ou simplement pour se laisser porter par le silence et la brise.  <\/p>\n<h3 class=\"\" data-start=\"1090\" data-end=\"1135\"><strong data-start=\"1094\" data-end=\"1135\">Sentiers de randonn\u00e9e avec vue sur la mer<\/strong><\/h3>\n<p class=\"\" data-start=\"1137\" data-end=\"1490\">Depuis le village, de nombreux <strong data-start=\"1176\" data-end=\"1199\">itin\u00e9raires de randonn\u00e9e<\/strong> permettent de d\u00e9couvrir la r\u00e9gion \u00e0 un rythme tranquille. Parmi les itin\u00e9raires les plus populaires, citons ceux qui m\u00e8nent au <strong data-start=\"1316\" data-end=\"1352\">monast\u00e8re de Sant Pere de Rodes<\/strong>, avec des vues panoramiques sur le golfe de Roses, ou ceux qui longent la c\u00f4te jusqu&rsquo;\u00e0 des criques tranquilles comme <strong data-start=\"1451\" data-end=\"1469\">Cala Tavallera<\/strong> ou <strong data-start=\"1472\" data-end=\"1489\">Cala Tamariua<\/strong>. <\/p>\n<p class=\"\" data-start=\"1492\" data-end=\"1746\">Chaque sentier offre une exp\u00e9rience diff\u00e9rente : des promenades douces avec vue sur la mer, des parcours \u00e0 travers les vignobles et les oliveraies, ou des itin\u00e9raires plus exigeants pour les aventuriers. Tous partagent cependant la m\u00eame r\u00e9compense : la <strong data-start=\"1705\" data-end=\"1745\">beaut\u00e9 naturelle et la paix de l&rsquo;environnement<\/strong>. <\/p>\n<h3 class=\"\" data-start=\"1748\" data-end=\"1787\"><strong data-start=\"1752\" data-end=\"1787\">Plages et criques pour se d\u00e9connecter<\/strong><\/h3>\n<p class=\"\" data-start=\"1789\" data-end=\"2132\">Le littoral d&rsquo;El Port de la Selva est parsem\u00e9 de <strong data-start=\"1841\" data-end=\"1859\">plages et de criques<\/strong> qui conservent leur caract\u00e8re naturel. Certaines sont accessibles \u00e0 pied ou en voiture, d&rsquo;autres n\u00e9cessitent un peu d&rsquo;aventure pour y acc\u00e9der, mais elles en valent toujours la peine. Loin de l&rsquo;agitation, ce sont des endroits id\u00e9aux pour nager, prendre un bain de soleil ou simplement \u00e9couter le bruit de la mer.  <\/p>\n<h3 class=\"\" data-start=\"2134\" data-end=\"2177\"><strong data-start=\"2138\" data-end=\"2177\">Une desfonttion pour respirer la nature<\/strong><\/h3>\n<p class=\"\" data-start=\"2179\" data-end=\"2495\">En s\u00e9journant \u00e0 <strong data-start=\"2191\" data-end=\"2202\">Allotjaments La Font<\/strong>, vous serez \u00e0 quelques pas de ce paradis naturel. Que vous souhaitiez vous promener sur les sentiers du Cap de Creus, d\u00e9couvrir de petites criques ou admirer le lever du soleil depuis la promenade, El Port de la Selva est une desfonttion qui vous invite \u00e0 <strong data-start=\"2438\" data-end=\"2495\">vous d\u00e9connecter, \u00e0 respirer et \u00e0 vous reconnecter avec la nature<\/strong>. <\/p>\n<p><\/p>\n<p data-start=\"2179\" data-end=\"2495\"><img fetchpriority=\"high\" decoding=\"async\" class=\"aligncenter wp-image-5166 size-full\" src=\"https:\/\/allotjamentslafont.com\/wp-content\/uploads\/2025\/04\/camino-de-ronda-port-de-la-selva-la-font-costa-brava-scaled.jpg\" alt=\"\" width=\"2560\" height=\"1707\" srcset=\"https:\/\/allotjamentslafont.com\/wp-content\/uploads\/2025\/04\/camino-de-ronda-port-de-la-selva-la-font-costa-brava-scaled.jpg 2560w, https:\/\/allotjamentslafont.com\/wp-content\/uploads\/2025\/04\/camino-de-ronda-port-de-la-selva-la-font-costa-brava-300x200.jpg 300w, https:\/\/allotjamentslafont.com\/wp-content\/uploads\/2025\/04\/camino-de-ronda-port-de-la-selva-la-font-costa-brava-1024x683.jpg 1024w, https:\/\/allotjamentslafont.com\/wp-content\/uploads\/2025\/04\/camino-de-ronda-port-de-la-selva-la-font-costa-brava-768x512.jpg 768w, https:\/\/allotjamentslafont.com\/wp-content\/uploads\/2025\/04\/camino-de-ronda-port-de-la-selva-la-font-costa-brava-1536x1024.jpg 1536w, https:\/\/allotjamentslafont.com\/wp-content\/uploads\/2025\/04\/camino-de-ronda-port-de-la-selva-la-font-costa-brava-2048x1365.jpg 2048w\" sizes=\"(max-width: 2560px) 100vw, 2560px\" \/><\/p>\t\t\t\t\t\t<\/div>\n\t\t\t\t<\/div>\n\t\t\t\t\t<\/div>\n\t\t\t\t<\/div>\n\t\t\t\t<\/div>\n\t\t","protected":false},"excerpt":{"rendered":"<p>Nature \u00e0 El Port de la Selva Port de la Selva est l&rsquo;un des coins les plus authentiques de la Costa Brava, o\u00f9 la nature est \u00e0 l&rsquo;\u00e9tat pur. Entour\u00e9 par le parc naturel du Cap de Creus, ce petit village de p\u00eacheurs est un paradis pour les amateurs de plein air, de tranquillit\u00e9 et [&hellip;]<\/p>\n","protected":false},"author":5,"featured_media":5176,"parent":5457,"menu_order":1,"comment_status":"closed","ping_status":"closed","template":"","meta":{"footnotes":""},"class_list":["post-5445","page","type-page","status-publish","has-post-thumbnail","hentry"],"yoast_head":"<!-- This site is optimized with the Yoast SEO plugin v23.4 - https:\/\/yoast.com\/wordpress\/plugins\/seo\/ -->\n<title>Nature - Allotjaments La Font, El Port de la Selva (Espagne)<\/title>\n<meta name=\"description\" content=\"D\u00e9couvrez la nature de la Costa Brava sur le site de Allotjaments La Font, \u00e0 El Port de la Selva : Cap de Creus, Aiguamolls de l&#039;Empord\u00e0, Sierra de l&#039;Albera...\" \/>\n<meta name=\"robots\" content=\"index, follow, max-snippet:-1, max-image-preview:large, max-video-preview:-1\" \/>\n<link rel=\"canonical\" href=\"https:\/\/allotjamentslafont.com\/fr\/el-port-de-la-selva\/nature\/\" \/>\n<script type=\"application\/ld+json\" class=\"yoast-schema-graph\">{\"@context\":\"https:\/\/schema.org\",\"@graph\":[{\"@type\":\"WebPage\",\"@id\":\"https:\/\/allotjamentslafont.com\/fr\/el-port-de-la-selva\/nature\/\",\"url\":\"https:\/\/allotjamentslafont.com\/fr\/el-port-de-la-selva\/nature\/\",\"name\":\"Nature - Allotjaments La Font, El Port de la Selva (Espagne)\",\"isPartOf\":{\"@id\":\"https:\/\/allotjamentslafont.com\/fr\/#website\"},\"primaryImageOfPage\":{\"@id\":\"https:\/\/allotjamentslafont.com\/fr\/el-port-de-la-selva\/nature\/#primaryimage\"},\"image\":{\"@id\":\"https:\/\/allotjamentslafont.com\/fr\/el-port-de-la-selva\/nature\/#primaryimage\"},\"thumbnailUrl\":\"https:\/\/allotjamentslafont.com\/wp-content\/uploads\/2025\/04\/cap-de-creus-port-de-la-selva-naturaleza-la-font-costa-brava-scaled.jpg\",\"datePublished\":\"2025-04-02T11:35:44+00:00\",\"dateModified\":\"2025-04-23T11:03:00+00:00\",\"description\":\"D\u00e9couvrez la nature de la Costa Brava sur le site de Allotjaments La Font, \u00e0 El Port de la Selva : Cap de Creus, Aiguamolls de l'Empord\u00e0, Sierra de l'Albera...\",\"breadcrumb\":{\"@id\":\"https:\/\/allotjamentslafont.com\/fr\/el-port-de-la-selva\/nature\/#breadcrumb\"},\"inLanguage\":\"fr-FR\",\"potentialAction\":[{\"@type\":\"ReadAction\",\"target\":[\"https:\/\/allotjamentslafont.com\/fr\/el-port-de-la-selva\/nature\/\"]}]},{\"@type\":\"ImageObject\",\"inLanguage\":\"fr-FR\",\"@id\":\"https:\/\/allotjamentslafont.com\/fr\/el-port-de-la-selva\/nature\/#primaryimage\",\"url\":\"https:\/\/allotjamentslafont.com\/wp-content\/uploads\/2025\/04\/cap-de-creus-port-de-la-selva-naturaleza-la-font-costa-brava-scaled.jpg\",\"contentUrl\":\"https:\/\/allotjamentslafont.com\/wp-content\/uploads\/2025\/04\/cap-de-creus-port-de-la-selva-naturaleza-la-font-costa-brava-scaled.jpg\",\"width\":2560,\"height\":1920},{\"@type\":\"BreadcrumbList\",\"@id\":\"https:\/\/allotjamentslafont.com\/fr\/el-port-de-la-selva\/nature\/#breadcrumb\",\"itemListElement\":[{\"@type\":\"ListItem\",\"position\":1,\"name\":\"Home\",\"item\":\"https:\/\/allotjamentslafont.com\/fr\/\"},{\"@type\":\"ListItem\",\"position\":2,\"name\":\"El Port de la Selva\",\"item\":\"https:\/\/allotjamentslafont.com\/fr\/el-port-de-la-selva\/\"},{\"@type\":\"ListItem\",\"position\":3,\"name\":\"Nature\"}]},{\"@type\":\"WebSite\",\"@id\":\"https:\/\/allotjamentslafont.com\/fr\/#website\",\"url\":\"https:\/\/allotjamentslafont.com\/fr\/\",\"name\":\"Allotjaments La Font\",\"description\":\"\",\"publisher\":{\"@id\":\"https:\/\/allotjamentslafont.com\/fr\/#organization\"},\"potentialAction\":[{\"@type\":\"SearchAction\",\"target\":{\"@type\":\"EntryPoint\",\"urlTemplate\":\"https:\/\/allotjamentslafont.com\/fr\/?s={search_term_string}\"},\"query-input\":{\"@type\":\"PropertyValueSpecification\",\"valueRequired\":true,\"valueName\":\"search_term_string\"}}],\"inLanguage\":\"fr-FR\"},{\"@type\":\"Organization\",\"@id\":\"https:\/\/allotjamentslafont.com\/fr\/#organization\",\"name\":\"Allotjaments La Font\",\"url\":\"https:\/\/allotjamentslafont.com\/fr\/\",\"logo\":{\"@type\":\"ImageObject\",\"inLanguage\":\"fr-FR\",\"@id\":\"https:\/\/allotjamentslafont.com\/fr\/#\/schema\/logo\/image\/\",\"url\":\"https:\/\/allotjamentslafont.com\/wp-content\/uploads\/2024\/02\/Favicon.svg\",\"contentUrl\":\"https:\/\/allotjamentslafont.com\/wp-content\/uploads\/2024\/02\/Favicon.svg\",\"width\":180,\"height\":180,\"caption\":\"Allotjaments La Font\"},\"image\":{\"@id\":\"https:\/\/allotjamentslafont.com\/fr\/#\/schema\/logo\/image\/\"}}]}<\/script>\n<!-- \/ Yoast SEO plugin. -->","yoast_head_json":{"title":"Nature - Allotjaments La Font, El Port de la Selva (Espagne)","description":"D\u00e9couvrez la nature de la Costa Brava sur le site de Allotjaments La Font, \u00e0 El Port de la Selva : Cap de Creus, Aiguamolls de l'Empord\u00e0, Sierra de l'Albera...","robots":{"index":"index","follow":"follow","max-snippet":"max-snippet:-1","max-image-preview":"max-image-preview:large","max-video-preview":"max-video-preview:-1"},"canonical":"https:\/\/allotjamentslafont.com\/fr\/el-port-de-la-selva\/nature\/","schema":{"@context":"https:\/\/schema.org","@graph":[{"@type":"WebPage","@id":"https:\/\/allotjamentslafont.com\/fr\/el-port-de-la-selva\/nature\/","url":"https:\/\/allotjamentslafont.com\/fr\/el-port-de-la-selva\/nature\/","name":"Nature - Allotjaments La Font, El Port de la Selva (Espagne)","isPartOf":{"@id":"https:\/\/allotjamentslafont.com\/fr\/#website"},"primaryImageOfPage":{"@id":"https:\/\/allotjamentslafont.com\/fr\/el-port-de-la-selva\/nature\/#primaryimage"},"image":{"@id":"https:\/\/allotjamentslafont.com\/fr\/el-port-de-la-selva\/nature\/#primaryimage"},"thumbnailUrl":"https:\/\/allotjamentslafont.com\/wp-content\/uploads\/2025\/04\/cap-de-creus-port-de-la-selva-naturaleza-la-font-costa-brava-scaled.jpg","datePublished":"2025-04-02T11:35:44+00:00","dateModified":"2025-04-23T11:03:00+00:00","description":"D\u00e9couvrez la nature de la Costa Brava sur le site de Allotjaments La Font, \u00e0 El Port de la Selva : Cap de Creus, Aiguamolls de l'Empord\u00e0, Sierra de l'Albera...","breadcrumb":{"@id":"https:\/\/allotjamentslafont.com\/fr\/el-port-de-la-selva\/nature\/#breadcrumb"},"inLanguage":"fr-FR","potentialAction":[{"@type":"ReadAction","target":["https:\/\/allotjamentslafont.com\/fr\/el-port-de-la-selva\/nature\/"]}]},{"@type":"ImageObject","inLanguage":"fr-FR","@id":"https:\/\/allotjamentslafont.com\/fr\/el-port-de-la-selva\/nature\/#primaryimage","url":"https:\/\/allotjamentslafont.com\/wp-content\/uploads\/2025\/04\/cap-de-creus-port-de-la-selva-naturaleza-la-font-costa-brava-scaled.jpg","contentUrl":"https:\/\/allotjamentslafont.com\/wp-content\/uploads\/2025\/04\/cap-de-creus-port-de-la-selva-naturaleza-la-font-costa-brava-scaled.jpg","width":2560,"height":1920},{"@type":"BreadcrumbList","@id":"https:\/\/allotjamentslafont.com\/fr\/el-port-de-la-selva\/nature\/#breadcrumb","itemListElement":[{"@type":"ListItem","position":1,"name":"Home","item":"https:\/\/allotjamentslafont.com\/fr\/"},{"@type":"ListItem","position":2,"name":"El Port de la Selva","item":"https:\/\/allotjamentslafont.com\/fr\/el-port-de-la-selva\/"},{"@type":"ListItem","position":3,"name":"Nature"}]},{"@type":"WebSite","@id":"https:\/\/allotjamentslafont.com\/fr\/#website","url":"https:\/\/allotjamentslafont.com\/fr\/","name":"Allotjaments La Font","description":"","publisher":{"@id":"https:\/\/allotjamentslafont.com\/fr\/#organization"},"potentialAction":[{"@type":"SearchAction","target":{"@type":"EntryPoint","urlTemplate":"https:\/\/allotjamentslafont.com\/fr\/?s={search_term_string}"},"query-input":{"@type":"PropertyValueSpecification","valueRequired":true,"valueName":"search_term_string"}}],"inLanguage":"fr-FR"},{"@type":"Organization","@id":"https:\/\/allotjamentslafont.com\/fr\/#organization","name":"Allotjaments La Font","url":"https:\/\/allotjamentslafont.com\/fr\/","logo":{"@type":"ImageObject","inLanguage":"fr-FR","@id":"https:\/\/allotjamentslafont.com\/fr\/#\/schema\/logo\/image\/","url":"https:\/\/allotjamentslafont.com\/wp-content\/uploads\/2024\/02\/Favicon.svg","contentUrl":"https:\/\/allotjamentslafont.com\/wp-content\/uploads\/2024\/02\/Favicon.svg","width":180,"height":180,"caption":"Allotjaments La Font"},"image":{"@id":"https:\/\/allotjamentslafont.com\/fr\/#\/schema\/logo\/image\/"}}]}},"_links":{"self":[{"href":"https:\/\/allotjamentslafont.com\/fr\/wp-json\/wp\/v2\/pages\/5445","targetHints":{"allow":["GET"]}}],"collection":[{"href":"https:\/\/allotjamentslafont.com\/fr\/wp-json\/wp\/v2\/pages"}],"about":[{"href":"https:\/\/allotjamentslafont.com\/fr\/wp-json\/wp\/v2\/types\/page"}],"author":[{"embeddable":true,"href":"https:\/\/allotjamentslafont.com\/fr\/wp-json\/wp\/v2\/users\/5"}],"replies":[{"embeddable":true,"href":"https:\/\/allotjamentslafont.com\/fr\/wp-json\/wp\/v2\/comments?post=5445"}],"version-history":[{"count":3,"href":"https:\/\/allotjamentslafont.com\/fr\/wp-json\/wp\/v2\/pages\/5445\/revisions"}],"predecessor-version":[{"id":6650,"href":"https:\/\/allotjamentslafont.com\/fr\/wp-json\/wp\/v2\/pages\/5445\/revisions\/6650"}],"up":[{"embeddable":true,"href":"https:\/\/allotjamentslafont.com\/fr\/wp-json\/wp\/v2\/pages\/5457"}],"wp:featuredmedia":[{"embeddable":true,"href":"https:\/\/allotjamentslafont.com\/fr\/wp-json\/wp\/v2\/media\/5176"}],"wp:attachment":[{"href":"https:\/\/allotjamentslafont.com\/fr\/wp-json\/wp\/v2\/media?parent=5445"}],"curies":[{"name":"wp","href":"https:\/\/api.w.org\/{rel}","templated":true}]}}