{"id":5449,"date":"2025-04-02T13:36:09","date_gmt":"2025-04-02T11:36:09","guid":{"rendered":"https:\/\/dev-hostallatina.gnahs.com\/histoire-et-patrimoine\/"},"modified":"2025-04-23T13:03:40","modified_gmt":"2025-04-23T11:03:40","slug":"histoire-et-patrimoine","status":"publish","type":"page","link":"https:\/\/allotjamentslafont.com\/fr\/el-port-de-la-selva\/histoire-et-patrimoine\/","title":{"rendered":"Histoire et patrimoine"},"content":{"rendered":"\t\t<div data-elementor-type=\"wp-page\" data-elementor-id=\"5449\" class=\"elementor elementor-5449 elementor-4905\" data-elementor-post-type=\"page\">\n\t\t\t\t<div class=\"elementor-element elementor-element-2fd9398b e-flex e-con-boxed e-con e-parent\" data-id=\"2fd9398b\" data-element_type=\"container\">\n\t\t\t\t\t<div class=\"e-con-inner\">\n\t\t\t\t<div class=\"elementor-element elementor-element-38186338 elementor-widget elementor-widget-text-editor\" data-id=\"38186338\" data-element_type=\"widget\" data-widget_type=\"text-editor.default\">\n\t\t\t\t<div class=\"elementor-widget-container\">\n\t\t\t\t\t\t\t<h2 class=\"\" style=\"text-align: center;\" data-start=\"233\" data-end=\"321\"><strong data-start=\"236\" data-end=\"321\">Histoire et patrimoine \u00e0 El Port de la Selva<\/strong><\/h2>\n<p class=\"\" data-start=\"323\" data-end=\"662\">Derri\u00e8re le paysage marin paisible d&rsquo;<strong data-start=\"364\" data-end=\"387\">El Port de la Selva<\/strong> se cache un pass\u00e9 riche en histoire et en traditions. Cette petite ville de la <strong>Costa Brava<\/strong> se distingue non seulement par sa beaut\u00e9 naturelle, mais aussi par son pr\u00e9cieux <strong data-start=\"545\" data-end=\"568\">patrimoine culturel<\/strong>, qui va des b\u00e2timents m\u00e9di\u00e9vaux aux t\u00e9moignages vivants de son identit\u00e9 maritime. <\/p>\n<p data-start=\"323\" data-end=\"662\">\n<h3 class=\"\" data-start=\"664\" data-end=\"712\"><strong data-start=\"668\" data-end=\"712\">Des origines modestes, un esprit m\u00e9diterran\u00e9en<\/strong><\/h3>\n<p class=\"\" data-start=\"714\" data-end=\"1102\"><strong>El Port de la Selva<\/strong> est n\u00e9 comme un simple <strong data-start=\"757\" data-end=\"781\">village de p\u00eacheurs<\/strong> et d&rsquo;agriculteurs, li\u00e9 au monast\u00e8re voisin de <strong>Sant Pere de Rodes<\/strong>. Au fil des si\u00e8cles, il a conserv\u00e9 son essence, \u00e9voluant dans le respect de l&rsquo;environnement et pr\u00e9servant son caract\u00e8re authentique. Se promener dans ses rues blanches, sur sa promenade ou dans son port, c&rsquo;est revivre l&rsquo;histoire de g\u00e9n\u00e9rations li\u00e9es \u00e0 la mer. <\/p>\n<p data-start=\"714\" data-end=\"1102\">\n<h3 class=\"\" data-start=\"1104\" data-end=\"1173\"><strong data-start=\"1108\" data-end=\"1173\">Monast\u00e8re de Sant Pere de Rodes<\/strong><\/h3>\n<p class=\"\" data-start=\"1175\" data-end=\"1544\">L&rsquo;un des plus grands tr\u00e9sors du patrimoine catalan se trouve tout pr\u00e8s du village : le <strong data-start=\"1263\" data-end=\"1299\">monast\u00e8re de Sant Pere de Rodes<\/strong>, un complexe monumental d&rsquo;origine m\u00e9di\u00e9vale qui couronne la cha\u00eene de montagnes de Rodes. Ce monast\u00e8re b\u00e9n\u00e9dictin du Xe si\u00e8cle est un imposant exemple d&rsquo;art roman et un lieu charg\u00e9 de mysticisme, d&rsquo;histoire et de vues spectaculaires sur le <strong>golfe de Roses<\/strong>. <\/p>\n<p class=\"\" data-start=\"1546\" data-end=\"1737\">Sa situation strat\u00e9gique, son architecture majestueuse et son influence sur la r\u00e9gion en font une visite indispensable pour comprendre l&rsquo;importance historique d&rsquo;El Port de la Selva dans la r\u00e9gion.<\/p>\n<p data-start=\"1546\" data-end=\"1737\">\n<h3 class=\"\" data-start=\"1739\" data-end=\"1791\"><strong data-start=\"1743\" data-end=\"1791\">\u00c9glises, ermitages et architecture traditionnelle<\/strong><\/h3>\n<p class=\"\" data-start=\"1793\" data-end=\"2187\">Outre le monast\u00e8re, le village conserve d&rsquo;autres \u00e9l\u00e9ments d&rsquo;int\u00e9r\u00eat patrimonial, comme <b>l&rsquo;<\/b><strong data-start=\"1883\" data-end=\"1921\">\u00e9glise de Santa Maria de les Neus<\/strong>, qui se distingue par sa simplicit\u00e9 et son lien avec la vie quotidienne du village. Vous pourrez \u00e9galement visiter les ermitages diss\u00e9min\u00e9s dans la r\u00e9gion, les vieux chemins de pierres s\u00e8ches, les murs de ferme et les vestiges d&rsquo;une vie rurale et maritime qui bat encore sous la surface. <\/p>\n<p data-start=\"1793\" data-end=\"2187\">\n<h3 class=\"\" data-start=\"2189\" data-end=\"2221\"><strong data-start=\"2193\" data-end=\"2221\">Un pass\u00e9 qui perdure<\/strong><\/h3>\n<p class=\"\" data-start=\"2223\" data-end=\"2569\">Le patrimoine d&rsquo;<strong>El Port de la Selva<\/strong> ne se limite pas \u00e0 ses monuments : il se trouve \u00e9galement dans ses <strong data-start=\"2319\" data-end=\"2344\">f\u00eates traditionnelles<\/strong>, dans les histoires des p\u00eacheurs, dans les recettes transmises de g\u00e9n\u00e9ration en g\u00e9n\u00e9ration et dans le respect de l&rsquo;environnement naturel et culturel. Tout cela fait que chaque s\u00e9jour ici est aussi un petit voyage dans le temps. <\/p>\n<p data-start=\"2223\" data-end=\"2569\">Depuis <strong>Allotjaments La Font<\/strong>, vous pouvez explorer tout ce patrimoine en toute simplicit\u00e9. Que vous vous promeniez dans la vieille ville, que vous visitiez le monast\u00e8re ou que vous discutiez avec les habitants, vous d\u00e9couvrirez que l&rsquo;histoire de ce lieu ne se voit pas seulement, elle se vit.   <\/p>\n<p data-start=\"2223\" data-end=\"2569\">\n<p data-start=\"2223\" data-end=\"2569\"><img fetchpriority=\"high\" decoding=\"async\" class=\"aligncenter wp-image-5181 size-full\" src=\"https:\/\/allotjamentslafont.com\/wp-content\/uploads\/2025\/04\/historia-y-patrimonio-la-font-el-port-de-la-selva-costa-brava-scaled.jpg\" alt=\"\" width=\"2560\" height=\"1700\" srcset=\"https:\/\/allotjamentslafont.com\/wp-content\/uploads\/2025\/04\/historia-y-patrimonio-la-font-el-port-de-la-selva-costa-brava-scaled.jpg 2560w, https:\/\/allotjamentslafont.com\/wp-content\/uploads\/2025\/04\/historia-y-patrimonio-la-font-el-port-de-la-selva-costa-brava-300x199.jpg 300w, https:\/\/allotjamentslafont.com\/wp-content\/uploads\/2025\/04\/historia-y-patrimonio-la-font-el-port-de-la-selva-costa-brava-1024x680.jpg 1024w, https:\/\/allotjamentslafont.com\/wp-content\/uploads\/2025\/04\/historia-y-patrimonio-la-font-el-port-de-la-selva-costa-brava-768x510.jpg 768w, https:\/\/allotjamentslafont.com\/wp-content\/uploads\/2025\/04\/historia-y-patrimonio-la-font-el-port-de-la-selva-costa-brava-1536x1020.jpg 1536w, https:\/\/allotjamentslafont.com\/wp-content\/uploads\/2025\/04\/historia-y-patrimonio-la-font-el-port-de-la-selva-costa-brava-2048x1360.jpg 2048w\" sizes=\"(max-width: 2560px) 100vw, 2560px\" \/><\/p>\n\t\t\t\t\t\t<\/div>\n\t\t\t\t<\/div>\n\t\t\t\t\t<\/div>\n\t\t\t\t<\/div>\n\t\t\t\t<\/div>\n\t\t","protected":false},"excerpt":{"rendered":"<p>Histoire et patrimoine \u00e0 El Port de la Selva Derri\u00e8re le paysage marin paisible d&rsquo;El Port de la Selva se cache un pass\u00e9 riche en histoire et en traditions. Cette petite ville de la Costa Brava se distingue non seulement par sa beaut\u00e9 naturelle, mais aussi par son pr\u00e9cieux patrimoine culturel, qui va des b\u00e2timents [&hellip;]<\/p>\n","protected":false},"author":5,"featured_media":5191,"parent":5457,"menu_order":1,"comment_status":"closed","ping_status":"closed","template":"","meta":{"footnotes":""},"class_list":["post-5449","page","type-page","status-publish","has-post-thumbnail","hentry"],"yoast_head":"<!-- This site is optimized with the Yoast SEO plugin v23.4 - https:\/\/yoast.com\/wordpress\/plugins\/seo\/ -->\n<title>Histoire et patrimoine - Allotjaments La Font, El Port de la Selva (Espagne)<\/title>\n<meta name=\"description\" content=\"D\u00e9couvrez l&#039;histoire et le patrimoine de la Costa Brava sur le site de Allotjaments La Font, \u00e0 El Port de la Selva : ch\u00e2teaux, monast\u00e8res...\" \/>\n<meta name=\"robots\" content=\"index, follow, max-snippet:-1, max-image-preview:large, max-video-preview:-1\" \/>\n<link rel=\"canonical\" href=\"https:\/\/allotjamentslafont.com\/fr\/el-port-de-la-selva\/histoire-et-patrimoine\/\" \/>\n<script type=\"application\/ld+json\" class=\"yoast-schema-graph\">{\"@context\":\"https:\/\/schema.org\",\"@graph\":[{\"@type\":\"WebPage\",\"@id\":\"https:\/\/allotjamentslafont.com\/fr\/el-port-de-la-selva\/histoire-et-patrimoine\/\",\"url\":\"https:\/\/allotjamentslafont.com\/fr\/el-port-de-la-selva\/histoire-et-patrimoine\/\",\"name\":\"Histoire et patrimoine - Allotjaments La Font, El Port de la Selva (Espagne)\",\"isPartOf\":{\"@id\":\"https:\/\/allotjamentslafont.com\/fr\/#website\"},\"primaryImageOfPage\":{\"@id\":\"https:\/\/allotjamentslafont.com\/fr\/el-port-de-la-selva\/histoire-et-patrimoine\/#primaryimage\"},\"image\":{\"@id\":\"https:\/\/allotjamentslafont.com\/fr\/el-port-de-la-selva\/histoire-et-patrimoine\/#primaryimage\"},\"thumbnailUrl\":\"https:\/\/allotjamentslafont.com\/wp-content\/uploads\/2025\/04\/iglesia-el-port-de-la-selva-la-font-costa-brava.jpg\",\"datePublished\":\"2025-04-02T11:36:09+00:00\",\"dateModified\":\"2025-04-23T11:03:40+00:00\",\"description\":\"D\u00e9couvrez l'histoire et le patrimoine de la Costa Brava sur le site de Allotjaments La Font, \u00e0 El Port de la Selva : ch\u00e2teaux, monast\u00e8res...\",\"breadcrumb\":{\"@id\":\"https:\/\/allotjamentslafont.com\/fr\/el-port-de-la-selva\/histoire-et-patrimoine\/#breadcrumb\"},\"inLanguage\":\"fr-FR\",\"potentialAction\":[{\"@type\":\"ReadAction\",\"target\":[\"https:\/\/allotjamentslafont.com\/fr\/el-port-de-la-selva\/histoire-et-patrimoine\/\"]}]},{\"@type\":\"ImageObject\",\"inLanguage\":\"fr-FR\",\"@id\":\"https:\/\/allotjamentslafont.com\/fr\/el-port-de-la-selva\/histoire-et-patrimoine\/#primaryimage\",\"url\":\"https:\/\/allotjamentslafont.com\/wp-content\/uploads\/2025\/04\/iglesia-el-port-de-la-selva-la-font-costa-brava.jpg\",\"contentUrl\":\"https:\/\/allotjamentslafont.com\/wp-content\/uploads\/2025\/04\/iglesia-el-port-de-la-selva-la-font-costa-brava.jpg\",\"width\":2544,\"height\":1696},{\"@type\":\"BreadcrumbList\",\"@id\":\"https:\/\/allotjamentslafont.com\/fr\/el-port-de-la-selva\/histoire-et-patrimoine\/#breadcrumb\",\"itemListElement\":[{\"@type\":\"ListItem\",\"position\":1,\"name\":\"Home\",\"item\":\"https:\/\/allotjamentslafont.com\/fr\/\"},{\"@type\":\"ListItem\",\"position\":2,\"name\":\"El Port de la Selva\",\"item\":\"https:\/\/allotjamentslafont.com\/fr\/el-port-de-la-selva\/\"},{\"@type\":\"ListItem\",\"position\":3,\"name\":\"Histoire et patrimoine\"}]},{\"@type\":\"WebSite\",\"@id\":\"https:\/\/allotjamentslafont.com\/fr\/#website\",\"url\":\"https:\/\/allotjamentslafont.com\/fr\/\",\"name\":\"Allotjaments La Font\",\"description\":\"\",\"publisher\":{\"@id\":\"https:\/\/allotjamentslafont.com\/fr\/#organization\"},\"potentialAction\":[{\"@type\":\"SearchAction\",\"target\":{\"@type\":\"EntryPoint\",\"urlTemplate\":\"https:\/\/allotjamentslafont.com\/fr\/?s={search_term_string}\"},\"query-input\":{\"@type\":\"PropertyValueSpecification\",\"valueRequired\":true,\"valueName\":\"search_term_string\"}}],\"inLanguage\":\"fr-FR\"},{\"@type\":\"Organization\",\"@id\":\"https:\/\/allotjamentslafont.com\/fr\/#organization\",\"name\":\"Allotjaments La Font\",\"url\":\"https:\/\/allotjamentslafont.com\/fr\/\",\"logo\":{\"@type\":\"ImageObject\",\"inLanguage\":\"fr-FR\",\"@id\":\"https:\/\/allotjamentslafont.com\/fr\/#\/schema\/logo\/image\/\",\"url\":\"https:\/\/allotjamentslafont.com\/wp-content\/uploads\/2024\/02\/Favicon.svg\",\"contentUrl\":\"https:\/\/allotjamentslafont.com\/wp-content\/uploads\/2024\/02\/Favicon.svg\",\"width\":180,\"height\":180,\"caption\":\"Allotjaments La Font\"},\"image\":{\"@id\":\"https:\/\/allotjamentslafont.com\/fr\/#\/schema\/logo\/image\/\"}}]}<\/script>\n<!-- \/ Yoast SEO plugin. -->","yoast_head_json":{"title":"Histoire et patrimoine - Allotjaments La Font, El Port de la Selva (Espagne)","description":"D\u00e9couvrez l'histoire et le patrimoine de la Costa Brava sur le site de Allotjaments La Font, \u00e0 El Port de la Selva : ch\u00e2teaux, monast\u00e8res...","robots":{"index":"index","follow":"follow","max-snippet":"max-snippet:-1","max-image-preview":"max-image-preview:large","max-video-preview":"max-video-preview:-1"},"canonical":"https:\/\/allotjamentslafont.com\/fr\/el-port-de-la-selva\/histoire-et-patrimoine\/","schema":{"@context":"https:\/\/schema.org","@graph":[{"@type":"WebPage","@id":"https:\/\/allotjamentslafont.com\/fr\/el-port-de-la-selva\/histoire-et-patrimoine\/","url":"https:\/\/allotjamentslafont.com\/fr\/el-port-de-la-selva\/histoire-et-patrimoine\/","name":"Histoire et patrimoine - Allotjaments La Font, El Port de la Selva (Espagne)","isPartOf":{"@id":"https:\/\/allotjamentslafont.com\/fr\/#website"},"primaryImageOfPage":{"@id":"https:\/\/allotjamentslafont.com\/fr\/el-port-de-la-selva\/histoire-et-patrimoine\/#primaryimage"},"image":{"@id":"https:\/\/allotjamentslafont.com\/fr\/el-port-de-la-selva\/histoire-et-patrimoine\/#primaryimage"},"thumbnailUrl":"https:\/\/allotjamentslafont.com\/wp-content\/uploads\/2025\/04\/iglesia-el-port-de-la-selva-la-font-costa-brava.jpg","datePublished":"2025-04-02T11:36:09+00:00","dateModified":"2025-04-23T11:03:40+00:00","description":"D\u00e9couvrez l'histoire et le patrimoine de la Costa Brava sur le site de Allotjaments La Font, \u00e0 El Port de la Selva : ch\u00e2teaux, monast\u00e8res...","breadcrumb":{"@id":"https:\/\/allotjamentslafont.com\/fr\/el-port-de-la-selva\/histoire-et-patrimoine\/#breadcrumb"},"inLanguage":"fr-FR","potentialAction":[{"@type":"ReadAction","target":["https:\/\/allotjamentslafont.com\/fr\/el-port-de-la-selva\/histoire-et-patrimoine\/"]}]},{"@type":"ImageObject","inLanguage":"fr-FR","@id":"https:\/\/allotjamentslafont.com\/fr\/el-port-de-la-selva\/histoire-et-patrimoine\/#primaryimage","url":"https:\/\/allotjamentslafont.com\/wp-content\/uploads\/2025\/04\/iglesia-el-port-de-la-selva-la-font-costa-brava.jpg","contentUrl":"https:\/\/allotjamentslafont.com\/wp-content\/uploads\/2025\/04\/iglesia-el-port-de-la-selva-la-font-costa-brava.jpg","width":2544,"height":1696},{"@type":"BreadcrumbList","@id":"https:\/\/allotjamentslafont.com\/fr\/el-port-de-la-selva\/histoire-et-patrimoine\/#breadcrumb","itemListElement":[{"@type":"ListItem","position":1,"name":"Home","item":"https:\/\/allotjamentslafont.com\/fr\/"},{"@type":"ListItem","position":2,"name":"El Port de la Selva","item":"https:\/\/allotjamentslafont.com\/fr\/el-port-de-la-selva\/"},{"@type":"ListItem","position":3,"name":"Histoire et patrimoine"}]},{"@type":"WebSite","@id":"https:\/\/allotjamentslafont.com\/fr\/#website","url":"https:\/\/allotjamentslafont.com\/fr\/","name":"Allotjaments La Font","description":"","publisher":{"@id":"https:\/\/allotjamentslafont.com\/fr\/#organization"},"potentialAction":[{"@type":"SearchAction","target":{"@type":"EntryPoint","urlTemplate":"https:\/\/allotjamentslafont.com\/fr\/?s={search_term_string}"},"query-input":{"@type":"PropertyValueSpecification","valueRequired":true,"valueName":"search_term_string"}}],"inLanguage":"fr-FR"},{"@type":"Organization","@id":"https:\/\/allotjamentslafont.com\/fr\/#organization","name":"Allotjaments La Font","url":"https:\/\/allotjamentslafont.com\/fr\/","logo":{"@type":"ImageObject","inLanguage":"fr-FR","@id":"https:\/\/allotjamentslafont.com\/fr\/#\/schema\/logo\/image\/","url":"https:\/\/allotjamentslafont.com\/wp-content\/uploads\/2024\/02\/Favicon.svg","contentUrl":"https:\/\/allotjamentslafont.com\/wp-content\/uploads\/2024\/02\/Favicon.svg","width":180,"height":180,"caption":"Allotjaments La Font"},"image":{"@id":"https:\/\/allotjamentslafont.com\/fr\/#\/schema\/logo\/image\/"}}]}},"_links":{"self":[{"href":"https:\/\/allotjamentslafont.com\/fr\/wp-json\/wp\/v2\/pages\/5449","targetHints":{"allow":["GET"]}}],"collection":[{"href":"https:\/\/allotjamentslafont.com\/fr\/wp-json\/wp\/v2\/pages"}],"about":[{"href":"https:\/\/allotjamentslafont.com\/fr\/wp-json\/wp\/v2\/types\/page"}],"author":[{"embeddable":true,"href":"https:\/\/allotjamentslafont.com\/fr\/wp-json\/wp\/v2\/users\/5"}],"replies":[{"embeddable":true,"href":"https:\/\/allotjamentslafont.com\/fr\/wp-json\/wp\/v2\/comments?post=5449"}],"version-history":[{"count":4,"href":"https:\/\/allotjamentslafont.com\/fr\/wp-json\/wp\/v2\/pages\/5449\/revisions"}],"predecessor-version":[{"id":6658,"href":"https:\/\/allotjamentslafont.com\/fr\/wp-json\/wp\/v2\/pages\/5449\/revisions\/6658"}],"up":[{"embeddable":true,"href":"https:\/\/allotjamentslafont.com\/fr\/wp-json\/wp\/v2\/pages\/5457"}],"wp:featuredmedia":[{"embeddable":true,"href":"https:\/\/allotjamentslafont.com\/fr\/wp-json\/wp\/v2\/media\/5191"}],"wp:attachment":[{"href":"https:\/\/allotjamentslafont.com\/fr\/wp-json\/wp\/v2\/media?parent=5449"}],"curies":[{"name":"wp","href":"https:\/\/api.w.org\/{rel}","templated":true}]}}