{"id":5457,"date":"2024-03-07T07:12:11","date_gmt":"2024-03-07T06:12:11","guid":{"rendered":"https:\/\/dev-hostallatina.gnahs.com\/el-port-de-la-selva\/"},"modified":"2025-04-23T13:04:25","modified_gmt":"2025-04-23T11:04:25","slug":"el-port-de-la-selva","status":"publish","type":"page","link":"https:\/\/allotjamentslafont.com\/fr\/el-port-de-la-selva\/","title":{"rendered":"El Port de la Selva"},"content":{"rendered":"\t\t<div data-elementor-type=\"wp-page\" data-elementor-id=\"5457\" class=\"elementor elementor-5457 elementor-614\" data-elementor-post-type=\"page\">\n\t\t\t\t<div class=\"elementor-element elementor-element-2218ce51 e-flex e-con-boxed e-con e-parent\" data-id=\"2218ce51\" data-element_type=\"container\" data-settings=\"{&quot;background_background&quot;:&quot;classic&quot;}\">\n\t\t\t\t\t<div class=\"e-con-inner\">\n\t\t\t\t<div class=\"elementor-element elementor-element-10448dc6 elementor-widget elementor-widget-heading\" data-id=\"10448dc6\" data-element_type=\"widget\" data-widget_type=\"heading.default\">\n\t\t\t\t<div class=\"elementor-widget-container\">\n\t\t\t<div class=\"elementor-heading-title elementor-size-default\">Explorez l'essence maritime d'El Port de la Selva<\/div>\t\t<\/div>\n\t\t\t\t<\/div>\n\t\t\t\t<div class=\"elementor-element elementor-element-52988daa elementor-icon-list--layout-inline elementor-align-center elementor-list-item-link-full_width elementor-widget elementor-widget-icon-list\" data-id=\"52988daa\" data-element_type=\"widget\" data-widget_type=\"icon-list.default\">\n\t\t\t\t<div class=\"elementor-widget-container\">\n\t\t\t\t\t<ul class=\"elementor-icon-list-items elementor-inline-items\">\n\t\t\t\t\t\t\t<li class=\"elementor-icon-list-item elementor-inline-item\">\n\t\t\t\t\t\t\t\t\t\t\t<a href=\"https:\/\/allotjamentslafont.com\/fr\">\n\n\t\t\t\t\t\t\t\t\t\t\t<span class=\"elementor-icon-list-text\">Accueil  <\/span>\n\t\t\t\t\t\t\t\t\t\t\t<\/a>\n\t\t\t\t\t\t\t\t\t<\/li>\n\t\t\t\t\t\t\t\t<li class=\"elementor-icon-list-item elementor-inline-item\">\n\t\t\t\t\t\t\t\t\t\t\t<span class=\"elementor-icon-list-icon\">\n\t\t\t\t\t\t\t<svg aria-hidden=\"true\" class=\"e-font-icon-svg e-fas-chevron-right\" viewBox=\"0 0 320 512\" xmlns=\"http:\/\/www.w3.org\/2000\/svg\"><path d=\"M285.476 272.971L91.132 467.314c-9.373 9.373-24.569 9.373-33.941 0l-22.667-22.667c-9.357-9.357-9.375-24.522-.04-33.901L188.505 256 34.484 101.255c-9.335-9.379-9.317-24.544.04-33.901l22.667-22.667c9.373-9.373 24.569-9.373 33.941 0L285.475 239.03c9.373 9.372 9.373 24.568.001 33.941z\"><\/path><\/svg>\t\t\t\t\t\t<\/span>\n\t\t\t\t\t\t\t\t\t\t<span class=\"elementor-icon-list-text\">Que faire \u00e0 El Port de la Selva ?<\/span>\n\t\t\t\t\t\t\t\t\t<\/li>\n\t\t\t\t\t\t<\/ul>\n\t\t\t\t<\/div>\n\t\t\t\t<\/div>\n\t\t\t\t\t<\/div>\n\t\t\t\t<\/div>\n\t\t<div class=\"elementor-element elementor-element-7aa6126d e-flex e-con-boxed e-con e-parent\" data-id=\"7aa6126d\" data-element_type=\"container\" data-settings=\"{&quot;motion_fx_motion_fx_scrolling&quot;:&quot;yes&quot;,&quot;motion_fx_translateY_effect&quot;:&quot;yes&quot;,&quot;motion_fx_devices&quot;:[&quot;desktop&quot;,&quot;tablet&quot;],&quot;motion_fx_translateY_speed&quot;:{&quot;unit&quot;:&quot;px&quot;,&quot;size&quot;:4,&quot;sizes&quot;:[]},&quot;motion_fx_translateY_affectedRange&quot;:{&quot;unit&quot;:&quot;%&quot;,&quot;size&quot;:&quot;&quot;,&quot;sizes&quot;:{&quot;start&quot;:0,&quot;end&quot;:100}}}\">\n\t\t\t\t\t<div class=\"e-con-inner\">\n\t\t<div class=\"elementor-element elementor-element-64e106a8 e-flex e-con-boxed e-con e-child\" data-id=\"64e106a8\" data-element_type=\"container\">\n\t\t\t\t\t<div class=\"e-con-inner\">\n\t\t<div class=\"elementor-element elementor-element-d9eca46 e-flex e-con-boxed e-con e-child\" data-id=\"d9eca46\" data-element_type=\"container\">\n\t\t\t\t\t<div class=\"e-con-inner\">\n\t\t\t\t<div class=\"elementor-element elementor-element-3a2c1b21 elementor-widget elementor-widget-heading\" data-id=\"3a2c1b21\" data-element_type=\"widget\" data-widget_type=\"heading.default\">\n\t\t\t\t<div class=\"elementor-widget-container\">\n\t\t\t<div class=\"elementor-heading-title elementor-size-default\">Explorez et d\u00e9couvrez !<\/div>\t\t<\/div>\n\t\t\t\t<\/div>\n\t\t\t\t<div class=\"elementor-element elementor-element-5c70a3c elementor-widget elementor-widget-heading\" data-id=\"5c70a3c\" data-element_type=\"widget\" data-widget_type=\"heading.default\">\n\t\t\t\t<div class=\"elementor-widget-container\">\n\t\t\t<h1 class=\"elementor-heading-title elementor-size-default\">Que faire \u00e0 El Port de la Selva ?<\/h1>\t\t<\/div>\n\t\t\t\t<\/div>\n\t\t\t\t\t<\/div>\n\t\t\t\t<\/div>\n\t\t<div class=\"elementor-element elementor-element-159e103d e-flex e-con-boxed e-con e-child\" data-id=\"159e103d\" data-element_type=\"container\">\n\t\t\t\t\t<div class=\"e-con-inner\">\n\t\t\t\t<div class=\"elementor-element elementor-element-3cf8410b elementor-widget elementor-widget-text-editor\" data-id=\"3cf8410b\" data-element_type=\"widget\" data-widget_type=\"text-editor.default\">\n\t\t\t\t<div class=\"elementor-widget-container\">\n\t\t\t\t\t\t\t<p class=\"\" data-start=\"123\" data-end=\"431\"><strong>El Port de la Selva<\/strong> est un pittoresque village de p\u00eacheurs de <strong>la<\/strong> <strong>Costa Brava<\/strong>, entour\u00e9 de nature et de mer. Avec son port, ses maisons blanches et sa tranquillit\u00e9 m\u00e9diterran\u00e9enne, c&rsquo;est l&rsquo;endroit id\u00e9al pour d\u00e9connecter, d\u00e9couvrir les sentiers du<strong> Cap de Creus<\/strong> et profiter de la culture, de l&rsquo;histoire et de la gastronomie locales. <\/p>\n\t\t\t\t\t\t<\/div>\n\t\t\t\t<\/div>\n\t\t\t\t\t<\/div>\n\t\t\t\t<\/div>\n\t\t\t\t\t<\/div>\n\t\t\t\t<\/div>\n\t\t\t\t\t<\/div>\n\t\t\t\t<\/div>\n\t\t<div class=\"elementor-element elementor-element-e3f754d e-flex e-con-boxed e-con e-parent\" data-id=\"e3f754d\" data-element_type=\"container\">\n\t\t\t\t\t<div class=\"e-con-inner\">\n\t\t<div class=\"elementor-element elementor-element-6104a50 e-con-full e-flex e-con e-child\" data-id=\"6104a50\" data-element_type=\"container\">\n\t\t\t\t<div class=\"elementor-element elementor-element-dcb6b6b elementor-widget elementor-widget-jkit_post_block\" data-id=\"dcb6b6b\" data-element_type=\"widget\" data-widget_type=\"jkit_post_block.default\">\n\t\t\t\t<div class=\"elementor-widget-container\">\n\t\t\t<div  class=\"jeg-elementor-kit jkit-postblock postblock-type-5 jkit-pagination-disable post-element jeg_module___69e14ea3d5188\"  data-id=\"jeg_module___69e14ea3d5188\" data-settings=\"{&quot;post_type&quot;:&quot;page&quot;,&quot;number_post&quot;:{&quot;unit&quot;:&quot;px&quot;,&quot;size&quot;:30,&quot;sizes&quot;:[]},&quot;post_offset&quot;:0,&quot;unique_content&quot;:&quot;disable&quot;,&quot;include_post&quot;:&quot;3070,4899,4905,4902&quot;,&quot;exclude_post&quot;:&quot;&quot;,&quot;include_category&quot;:&quot;&quot;,&quot;exclude_category&quot;:&quot;&quot;,&quot;include_author&quot;:&quot;&quot;,&quot;include_tag&quot;:&quot;&quot;,&quot;exclude_tag&quot;:&quot;&quot;,&quot;sort_by&quot;:&quot;alphabet_desc&quot;,&quot;pagination_mode&quot;:&quot;disable&quot;,&quot;pagination_loadmore_text&quot;:&quot;Load More&quot;,&quot;pagination_loading_text&quot;:&quot;Loading...&quot;,&quot;pagination_number_post&quot;:{&quot;unit&quot;:&quot;px&quot;,&quot;size&quot;:3,&quot;sizes&quot;:[]},&quot;pagination_scroll_limit&quot;:0,&quot;pagination_icon&quot;:{&quot;value&quot;:&quot;&quot;,&quot;library&quot;:&quot;&quot;},&quot;pagination_icon_position&quot;:&quot;before&quot;,&quot;st_category_position&quot;:&quot;center&quot;,&quot;sg_content_postblock_type&quot;:&quot;type-5&quot;,&quot;sg_content_element_order&quot;:&quot;title&quot;,&quot;sg_content_breakpoint&quot;:&quot;tablet&quot;,&quot;sg_content_title_html_tag&quot;:&quot;h2&quot;,&quot;sg_content_category_enable&quot;:&quot;&quot;,&quot;sg_content_excerpt_enable&quot;:&quot;&quot;,&quot;sg_content_excerpt_length&quot;:{&quot;unit&quot;:&quot;px&quot;,&quot;size&quot;:0,&quot;sizes&quot;:[]},&quot;sg_content_excerpt_more&quot;:&quot;...&quot;,&quot;sg_content_readmore_enable&quot;:&quot;yes&quot;,&quot;sg_content_readmore_icon&quot;:{&quot;value&quot;:&quot;jki jki-right-arrow2-light&quot;,&quot;library&quot;:&quot;jkiticon&quot;},&quot;sg_content_readmore_icon_position&quot;:&quot;after&quot;,&quot;sg_content_readmore_text&quot;:&quot;Read More&quot;,&quot;sg_content_comment_enable&quot;:&quot;yes&quot;,&quot;sg_content_comment_icon&quot;:{&quot;value&quot;:&quot;fas fa-comment&quot;,&quot;library&quot;:&quot;fa-solid&quot;},&quot;sg_content_comment_icon_position&quot;:&quot;before&quot;,&quot;sg_content_meta_enable&quot;:&quot;&quot;,&quot;sg_content_meta_author_enable&quot;:&quot;&quot;,&quot;sg_content_meta_author_by_text&quot;:&quot;by&quot;,&quot;sg_content_meta_author_icon&quot;:{&quot;value&quot;:&quot;fas fa-user&quot;,&quot;library&quot;:&quot;fa-solid&quot;},&quot;sg_content_meta_author_icon_position&quot;:&quot;before&quot;,&quot;sg_content_meta_date_enable&quot;:&quot;&quot;,&quot;sg_content_meta_date_type&quot;:&quot;published&quot;,&quot;sg_content_meta_date_format&quot;:&quot;default&quot;,&quot;sg_content_meta_date_format_custom&quot;:&quot;F j, Y&quot;,&quot;sg_content_meta_date_icon&quot;:{&quot;value&quot;:&quot;fas fa-clock&quot;,&quot;library&quot;:&quot;fa-solid&quot;},&quot;sg_content_meta_date_icon_position&quot;:&quot;before&quot;,&quot;sg_content_image_size_imagesize_size&quot;:&quot;full&quot;,&quot;lang&quot;:&quot;fr&quot;,&quot;paged&quot;:1,&quot;class&quot;:&quot;jkit_post_block&quot;}\"><div class=\"jkit-block-container\"><div class=\"jkit-posts jkit-ajax-flag\">\n            <article class=\"jkit-post post-5437 page type-page status-publish has-post-thumbnail hentry\">\n                    <div class=\"jkit-thumb\"><a aria-label=\"Villages de charme\" href=\"https:\/\/allotjamentslafont.com\/fr\/el-port-de-la-selva\/villages-de-charme\/\"><div class=\"thumbnail-container \">\n            <img loading=\"lazy\" decoding=\"async\" width=\"2560\" height=\"1700\" src=\"https:\/\/allotjamentslafont.com\/wp-content\/uploads\/2025\/04\/pueblos-costa.brava-la-font-port-de-la-selva-scaled.jpg\" class=\"attachment-full size-full wp-post-image\" alt=\"\" loading=\"lazy\" srcset=\"https:\/\/allotjamentslafont.com\/wp-content\/uploads\/2025\/04\/pueblos-costa.brava-la-font-port-de-la-selva-scaled.jpg 2560w, https:\/\/allotjamentslafont.com\/wp-content\/uploads\/2025\/04\/pueblos-costa.brava-la-font-port-de-la-selva-300x199.jpg 300w, https:\/\/allotjamentslafont.com\/wp-content\/uploads\/2025\/04\/pueblos-costa.brava-la-font-port-de-la-selva-1024x680.jpg 1024w, https:\/\/allotjamentslafont.com\/wp-content\/uploads\/2025\/04\/pueblos-costa.brava-la-font-port-de-la-selva-768x510.jpg 768w, https:\/\/allotjamentslafont.com\/wp-content\/uploads\/2025\/04\/pueblos-costa.brava-la-font-port-de-la-selva-1536x1020.jpg 1536w, https:\/\/allotjamentslafont.com\/wp-content\/uploads\/2025\/04\/pueblos-costa.brava-la-font-port-de-la-selva-2048x1360.jpg 2048w\" sizes=\"auto, (max-width: 2560px) 100vw, 2560px\" \/>\n        <\/div><\/a><\/div>\n                    <div class=\"jkit-postblock-content\"><h2 class=\"jkit-post-title\">\n\t\t\t\t\t\t\t<a href=\"https:\/\/allotjamentslafont.com\/fr\/el-port-de-la-selva\/villages-de-charme\/\">Villages de charme<\/a>\n\t\t\t\t\t\t<\/h2><\/div>\n                <\/article><article class=\"jkit-post post-5445 page type-page status-publish has-post-thumbnail hentry\">\n                    <div class=\"jkit-thumb\"><a aria-label=\"Nature\" href=\"https:\/\/allotjamentslafont.com\/fr\/el-port-de-la-selva\/nature\/\"><div class=\"thumbnail-container \">\n            <img loading=\"lazy\" decoding=\"async\" width=\"2560\" height=\"1920\" src=\"https:\/\/allotjamentslafont.com\/wp-content\/uploads\/2025\/04\/cap-de-creus-port-de-la-selva-naturaleza-la-font-costa-brava-scaled.jpg\" class=\"attachment-full size-full wp-post-image\" alt=\"\" loading=\"lazy\" srcset=\"https:\/\/allotjamentslafont.com\/wp-content\/uploads\/2025\/04\/cap-de-creus-port-de-la-selva-naturaleza-la-font-costa-brava-scaled.jpg 2560w, https:\/\/allotjamentslafont.com\/wp-content\/uploads\/2025\/04\/cap-de-creus-port-de-la-selva-naturaleza-la-font-costa-brava-300x225.jpg 300w, https:\/\/allotjamentslafont.com\/wp-content\/uploads\/2025\/04\/cap-de-creus-port-de-la-selva-naturaleza-la-font-costa-brava-1024x768.jpg 1024w, https:\/\/allotjamentslafont.com\/wp-content\/uploads\/2025\/04\/cap-de-creus-port-de-la-selva-naturaleza-la-font-costa-brava-768x576.jpg 768w, https:\/\/allotjamentslafont.com\/wp-content\/uploads\/2025\/04\/cap-de-creus-port-de-la-selva-naturaleza-la-font-costa-brava-1536x1152.jpg 1536w, https:\/\/allotjamentslafont.com\/wp-content\/uploads\/2025\/04\/cap-de-creus-port-de-la-selva-naturaleza-la-font-costa-brava-2048x1536.jpg 2048w\" sizes=\"auto, (max-width: 2560px) 100vw, 2560px\" \/>\n        <\/div><\/a><\/div>\n                    <div class=\"jkit-postblock-content\"><h2 class=\"jkit-post-title\">\n\t\t\t\t\t\t\t<a href=\"https:\/\/allotjamentslafont.com\/fr\/el-port-de-la-selva\/nature\/\">Nature<\/a>\n\t\t\t\t\t\t<\/h2><\/div>\n                <\/article><article class=\"jkit-post post-5449 page type-page status-publish has-post-thumbnail hentry\">\n                    <div class=\"jkit-thumb\"><a aria-label=\"Histoire et patrimoine\" href=\"https:\/\/allotjamentslafont.com\/fr\/el-port-de-la-selva\/histoire-et-patrimoine\/\"><div class=\"thumbnail-container \">\n            <img loading=\"lazy\" decoding=\"async\" width=\"2544\" height=\"1696\" src=\"https:\/\/allotjamentslafont.com\/wp-content\/uploads\/2025\/04\/iglesia-el-port-de-la-selva-la-font-costa-brava.jpg\" class=\"attachment-full size-full wp-post-image\" alt=\"\" loading=\"lazy\" srcset=\"https:\/\/allotjamentslafont.com\/wp-content\/uploads\/2025\/04\/iglesia-el-port-de-la-selva-la-font-costa-brava.jpg 2544w, https:\/\/allotjamentslafont.com\/wp-content\/uploads\/2025\/04\/iglesia-el-port-de-la-selva-la-font-costa-brava-300x200.jpg 300w, https:\/\/allotjamentslafont.com\/wp-content\/uploads\/2025\/04\/iglesia-el-port-de-la-selva-la-font-costa-brava-1024x683.jpg 1024w, https:\/\/allotjamentslafont.com\/wp-content\/uploads\/2025\/04\/iglesia-el-port-de-la-selva-la-font-costa-brava-768x512.jpg 768w, https:\/\/allotjamentslafont.com\/wp-content\/uploads\/2025\/04\/iglesia-el-port-de-la-selva-la-font-costa-brava-1536x1024.jpg 1536w, https:\/\/allotjamentslafont.com\/wp-content\/uploads\/2025\/04\/iglesia-el-port-de-la-selva-la-font-costa-brava-2048x1365.jpg 2048w\" sizes=\"auto, (max-width: 2544px) 100vw, 2544px\" \/>\n        <\/div><\/a><\/div>\n                    <div class=\"jkit-postblock-content\"><h2 class=\"jkit-post-title\">\n\t\t\t\t\t\t\t<a href=\"https:\/\/allotjamentslafont.com\/fr\/el-port-de-la-selva\/histoire-et-patrimoine\/\">Histoire et patrimoine<\/a>\n\t\t\t\t\t\t<\/h2><\/div>\n                <\/article><article class=\"jkit-post post-5461 page type-page status-publish has-post-thumbnail hentry\">\n                    <div class=\"jkit-thumb\"><a aria-label=\"Culture et art\" href=\"https:\/\/allotjamentslafont.com\/fr\/el-port-de-la-selva\/culture-et-art\/\"><div class=\"thumbnail-container \">\n            <img loading=\"lazy\" decoding=\"async\" width=\"2560\" height=\"1700\" src=\"https:\/\/allotjamentslafont.com\/wp-content\/uploads\/2025\/04\/sant-pere-de-rodes-port-de-la-selva-monasterio-paisaje-la-font-scaled.jpg\" class=\"attachment-full size-full wp-post-image\" alt=\"\" loading=\"lazy\" srcset=\"https:\/\/allotjamentslafont.com\/wp-content\/uploads\/2025\/04\/sant-pere-de-rodes-port-de-la-selva-monasterio-paisaje-la-font-scaled.jpg 2560w, https:\/\/allotjamentslafont.com\/wp-content\/uploads\/2025\/04\/sant-pere-de-rodes-port-de-la-selva-monasterio-paisaje-la-font-300x199.jpg 300w, https:\/\/allotjamentslafont.com\/wp-content\/uploads\/2025\/04\/sant-pere-de-rodes-port-de-la-selva-monasterio-paisaje-la-font-1024x680.jpg 1024w, https:\/\/allotjamentslafont.com\/wp-content\/uploads\/2025\/04\/sant-pere-de-rodes-port-de-la-selva-monasterio-paisaje-la-font-768x510.jpg 768w, https:\/\/allotjamentslafont.com\/wp-content\/uploads\/2025\/04\/sant-pere-de-rodes-port-de-la-selva-monasterio-paisaje-la-font-1536x1020.jpg 1536w, https:\/\/allotjamentslafont.com\/wp-content\/uploads\/2025\/04\/sant-pere-de-rodes-port-de-la-selva-monasterio-paisaje-la-font-2048x1360.jpg 2048w\" sizes=\"auto, (max-width: 2560px) 100vw, 2560px\" \/>\n        <\/div><\/a><\/div>\n                    <div class=\"jkit-postblock-content\"><h2 class=\"jkit-post-title\">\n\t\t\t\t\t\t\t<a href=\"https:\/\/allotjamentslafont.com\/fr\/el-port-de-la-selva\/culture-et-art\/\">Culture et art<\/a>\n\t\t\t\t\t\t<\/h2><\/div>\n                <\/article>\n        <\/div><\/div><\/div>\t\t<\/div>\n\t\t\t\t<\/div>\n\t\t\t\t<\/div>\n\t\t\t\t\t<\/div>\n\t\t\t\t<\/div>\n\t\t\t\t<\/div>\n\t\t","protected":false},"excerpt":{"rendered":"<p>Explorez l&rsquo;essence maritime d&rsquo;El Port de la Selva Accueil Que faire \u00e0 El Port de la Selva ? Explorez et d\u00e9couvrez ! Que faire \u00e0 El Port de la Selva ? El Port de la Selva est un pittoresque village de p\u00eacheurs de la Costa Brava, entour\u00e9 de nature et de mer. Avec son port, [&hellip;]<\/p>\n","protected":false},"author":4,"featured_media":5458,"parent":0,"menu_order":67,"comment_status":"closed","ping_status":"closed","template":"","meta":{"footnotes":""},"class_list":["post-5457","page","type-page","status-publish","has-post-thumbnail","hentry"],"yoast_head":"<!-- This site is optimized with the Yoast SEO plugin v23.4 - https:\/\/yoast.com\/wordpress\/plugins\/seo\/ -->\n<title>Que faire \u00e0 El Port de la Selva ? - Allotjaments La Font<\/title>\n<meta name=\"description\" content=\"D\u00e9couvrez les meilleures choses \u00e0 faire \u00e0 El Port de la Selva sur le site de Allotjaments La Font : nature, culture et art, histoire, villes \u00e0 proximit\u00e9...\" \/>\n<meta name=\"robots\" content=\"index, follow, max-snippet:-1, max-image-preview:large, max-video-preview:-1\" \/>\n<link rel=\"canonical\" href=\"https:\/\/allotjamentslafont.com\/fr\/el-port-de-la-selva\/\" \/>\n<script type=\"application\/ld+json\" class=\"yoast-schema-graph\">{\"@context\":\"https:\/\/schema.org\",\"@graph\":[{\"@type\":\"WebPage\",\"@id\":\"https:\/\/allotjamentslafont.com\/fr\/el-port-de-la-selva\/\",\"url\":\"https:\/\/allotjamentslafont.com\/fr\/el-port-de-la-selva\/\",\"name\":\"Que faire \u00e0 El Port de la Selva ? - Allotjaments La Font\",\"isPartOf\":{\"@id\":\"https:\/\/allotjamentslafont.com\/fr\/#website\"},\"primaryImageOfPage\":{\"@id\":\"https:\/\/allotjamentslafont.com\/fr\/el-port-de-la-selva\/#primaryimage\"},\"image\":{\"@id\":\"https:\/\/allotjamentslafont.com\/fr\/el-port-de-la-selva\/#primaryimage\"},\"thumbnailUrl\":\"https:\/\/allotjamentslafont.com\/wp-content\/uploads\/2024\/04\/san-martin-de-los-andes-las-cumbres-apart-suites-patagonia-argenfont-scaled.webp\",\"datePublished\":\"2024-03-07T06:12:11+00:00\",\"dateModified\":\"2025-04-23T11:04:25+00:00\",\"description\":\"D\u00e9couvrez les meilleures choses \u00e0 faire \u00e0 El Port de la Selva sur le site de Allotjaments La Font : nature, culture et art, histoire, villes \u00e0 proximit\u00e9...\",\"breadcrumb\":{\"@id\":\"https:\/\/allotjamentslafont.com\/fr\/el-port-de-la-selva\/#breadcrumb\"},\"inLanguage\":\"fr-FR\",\"potentialAction\":[{\"@type\":\"ReadAction\",\"target\":[\"https:\/\/allotjamentslafont.com\/fr\/el-port-de-la-selva\/\"]}]},{\"@type\":\"ImageObject\",\"inLanguage\":\"fr-FR\",\"@id\":\"https:\/\/allotjamentslafont.com\/fr\/el-port-de-la-selva\/#primaryimage\",\"url\":\"https:\/\/allotjamentslafont.com\/wp-content\/uploads\/2024\/04\/san-martin-de-los-andes-las-cumbres-apart-suites-patagonia-argenfont-scaled.webp\",\"contentUrl\":\"https:\/\/allotjamentslafont.com\/wp-content\/uploads\/2024\/04\/san-martin-de-los-andes-las-cumbres-apart-suites-patagonia-argenfont-scaled.webp\",\"width\":1920,\"height\":1260},{\"@type\":\"BreadcrumbList\",\"@id\":\"https:\/\/allotjamentslafont.com\/fr\/el-port-de-la-selva\/#breadcrumb\",\"itemListElement\":[{\"@type\":\"ListItem\",\"position\":1,\"name\":\"Home\",\"item\":\"https:\/\/allotjamentslafont.com\/fr\/\"},{\"@type\":\"ListItem\",\"position\":2,\"name\":\"El Port de la Selva\"}]},{\"@type\":\"WebSite\",\"@id\":\"https:\/\/allotjamentslafont.com\/fr\/#website\",\"url\":\"https:\/\/allotjamentslafont.com\/fr\/\",\"name\":\"Allotjaments La Font\",\"description\":\"\",\"publisher\":{\"@id\":\"https:\/\/allotjamentslafont.com\/fr\/#organization\"},\"potentialAction\":[{\"@type\":\"SearchAction\",\"target\":{\"@type\":\"EntryPoint\",\"urlTemplate\":\"https:\/\/allotjamentslafont.com\/fr\/?s={search_term_string}\"},\"query-input\":{\"@type\":\"PropertyValueSpecification\",\"valueRequired\":true,\"valueName\":\"search_term_string\"}}],\"inLanguage\":\"fr-FR\"},{\"@type\":\"Organization\",\"@id\":\"https:\/\/allotjamentslafont.com\/fr\/#organization\",\"name\":\"Allotjaments La Font\",\"url\":\"https:\/\/allotjamentslafont.com\/fr\/\",\"logo\":{\"@type\":\"ImageObject\",\"inLanguage\":\"fr-FR\",\"@id\":\"https:\/\/allotjamentslafont.com\/fr\/#\/schema\/logo\/image\/\",\"url\":\"https:\/\/allotjamentslafont.com\/wp-content\/uploads\/2024\/02\/Favicon.svg\",\"contentUrl\":\"https:\/\/allotjamentslafont.com\/wp-content\/uploads\/2024\/02\/Favicon.svg\",\"width\":180,\"height\":180,\"caption\":\"Allotjaments La Font\"},\"image\":{\"@id\":\"https:\/\/allotjamentslafont.com\/fr\/#\/schema\/logo\/image\/\"}}]}<\/script>\n<!-- \/ Yoast SEO plugin. -->","yoast_head_json":{"title":"Que faire \u00e0 El Port de la Selva ? - Allotjaments La Font","description":"D\u00e9couvrez les meilleures choses \u00e0 faire \u00e0 El Port de la Selva sur le site de Allotjaments La Font : nature, culture et art, histoire, villes \u00e0 proximit\u00e9...","robots":{"index":"index","follow":"follow","max-snippet":"max-snippet:-1","max-image-preview":"max-image-preview:large","max-video-preview":"max-video-preview:-1"},"canonical":"https:\/\/allotjamentslafont.com\/fr\/el-port-de-la-selva\/","schema":{"@context":"https:\/\/schema.org","@graph":[{"@type":"WebPage","@id":"https:\/\/allotjamentslafont.com\/fr\/el-port-de-la-selva\/","url":"https:\/\/allotjamentslafont.com\/fr\/el-port-de-la-selva\/","name":"Que faire \u00e0 El Port de la Selva ? - Allotjaments La Font","isPartOf":{"@id":"https:\/\/allotjamentslafont.com\/fr\/#website"},"primaryImageOfPage":{"@id":"https:\/\/allotjamentslafont.com\/fr\/el-port-de-la-selva\/#primaryimage"},"image":{"@id":"https:\/\/allotjamentslafont.com\/fr\/el-port-de-la-selva\/#primaryimage"},"thumbnailUrl":"https:\/\/allotjamentslafont.com\/wp-content\/uploads\/2024\/04\/san-martin-de-los-andes-las-cumbres-apart-suites-patagonia-argenfont-scaled.webp","datePublished":"2024-03-07T06:12:11+00:00","dateModified":"2025-04-23T11:04:25+00:00","description":"D\u00e9couvrez les meilleures choses \u00e0 faire \u00e0 El Port de la Selva sur le site de Allotjaments La Font : nature, culture et art, histoire, villes \u00e0 proximit\u00e9...","breadcrumb":{"@id":"https:\/\/allotjamentslafont.com\/fr\/el-port-de-la-selva\/#breadcrumb"},"inLanguage":"fr-FR","potentialAction":[{"@type":"ReadAction","target":["https:\/\/allotjamentslafont.com\/fr\/el-port-de-la-selva\/"]}]},{"@type":"ImageObject","inLanguage":"fr-FR","@id":"https:\/\/allotjamentslafont.com\/fr\/el-port-de-la-selva\/#primaryimage","url":"https:\/\/allotjamentslafont.com\/wp-content\/uploads\/2024\/04\/san-martin-de-los-andes-las-cumbres-apart-suites-patagonia-argenfont-scaled.webp","contentUrl":"https:\/\/allotjamentslafont.com\/wp-content\/uploads\/2024\/04\/san-martin-de-los-andes-las-cumbres-apart-suites-patagonia-argenfont-scaled.webp","width":1920,"height":1260},{"@type":"BreadcrumbList","@id":"https:\/\/allotjamentslafont.com\/fr\/el-port-de-la-selva\/#breadcrumb","itemListElement":[{"@type":"ListItem","position":1,"name":"Home","item":"https:\/\/allotjamentslafont.com\/fr\/"},{"@type":"ListItem","position":2,"name":"El Port de la Selva"}]},{"@type":"WebSite","@id":"https:\/\/allotjamentslafont.com\/fr\/#website","url":"https:\/\/allotjamentslafont.com\/fr\/","name":"Allotjaments La Font","description":"","publisher":{"@id":"https:\/\/allotjamentslafont.com\/fr\/#organization"},"potentialAction":[{"@type":"SearchAction","target":{"@type":"EntryPoint","urlTemplate":"https:\/\/allotjamentslafont.com\/fr\/?s={search_term_string}"},"query-input":{"@type":"PropertyValueSpecification","valueRequired":true,"valueName":"search_term_string"}}],"inLanguage":"fr-FR"},{"@type":"Organization","@id":"https:\/\/allotjamentslafont.com\/fr\/#organization","name":"Allotjaments La Font","url":"https:\/\/allotjamentslafont.com\/fr\/","logo":{"@type":"ImageObject","inLanguage":"fr-FR","@id":"https:\/\/allotjamentslafont.com\/fr\/#\/schema\/logo\/image\/","url":"https:\/\/allotjamentslafont.com\/wp-content\/uploads\/2024\/02\/Favicon.svg","contentUrl":"https:\/\/allotjamentslafont.com\/wp-content\/uploads\/2024\/02\/Favicon.svg","width":180,"height":180,"caption":"Allotjaments La Font"},"image":{"@id":"https:\/\/allotjamentslafont.com\/fr\/#\/schema\/logo\/image\/"}}]}},"_links":{"self":[{"href":"https:\/\/allotjamentslafont.com\/fr\/wp-json\/wp\/v2\/pages\/5457","targetHints":{"allow":["GET"]}}],"collection":[{"href":"https:\/\/allotjamentslafont.com\/fr\/wp-json\/wp\/v2\/pages"}],"about":[{"href":"https:\/\/allotjamentslafont.com\/fr\/wp-json\/wp\/v2\/types\/page"}],"author":[{"embeddable":true,"href":"https:\/\/allotjamentslafont.com\/fr\/wp-json\/wp\/v2\/users\/4"}],"replies":[{"embeddable":true,"href":"https:\/\/allotjamentslafont.com\/fr\/wp-json\/wp\/v2\/comments?post=5457"}],"version-history":[{"count":6,"href":"https:\/\/allotjamentslafont.com\/fr\/wp-json\/wp\/v2\/pages\/5457\/revisions"}],"predecessor-version":[{"id":6668,"href":"https:\/\/allotjamentslafont.com\/fr\/wp-json\/wp\/v2\/pages\/5457\/revisions\/6668"}],"wp:featuredmedia":[{"embeddable":true,"href":"https:\/\/allotjamentslafont.com\/fr\/wp-json\/wp\/v2\/media\/5458"}],"wp:attachment":[{"href":"https:\/\/allotjamentslafont.com\/fr\/wp-json\/wp\/v2\/media?parent=5457"}],"curies":[{"name":"wp","href":"https:\/\/api.w.org\/{rel}","templated":true}]}}