{"id":5461,"date":"2025-04-02T15:25:07","date_gmt":"2025-04-02T13:25:07","guid":{"rendered":"https:\/\/dev-hostallatina.gnahs.com\/el-port-de-la-selva\/culture-et-art\/"},"modified":"2025-04-23T13:04:13","modified_gmt":"2025-04-23T11:04:13","slug":"culture-et-art","status":"publish","type":"page","link":"https:\/\/allotjamentslafont.com\/fr\/el-port-de-la-selva\/culture-et-art\/","title":{"rendered":"Culture et art"},"content":{"rendered":"\t\t<div data-elementor-type=\"wp-page\" data-elementor-id=\"5461\" class=\"elementor elementor-5461 elementor-4902\" data-elementor-post-type=\"page\">\n\t\t\t\t<div class=\"elementor-element elementor-element-2fd9398b e-flex e-con-boxed e-con e-parent\" data-id=\"2fd9398b\" data-element_type=\"container\">\n\t\t\t\t\t<div class=\"e-con-inner\">\n\t\t\t\t<div class=\"elementor-element elementor-element-38186338 elementor-widget elementor-widget-text-editor\" data-id=\"38186338\" data-element_type=\"widget\" data-widget_type=\"text-editor.default\">\n\t\t\t\t<div class=\"elementor-widget-container\">\n\t\t\t\t\t\t\t<h2 style=\"text-align: center;\" data-start=\"150\" data-end=\"241\"><strong data-start=\"153\" data-end=\"241\">Culture et art \u00e0 El Port de la Selva<\/strong><\/h2>\n<p class=\"\" data-start=\"243\" data-end=\"585\">Nich\u00e9 entre le bleu de la M\u00e9diterran\u00e9e et les collines du Cap de Creus, <strong data-start=\"316\" data-end=\"339\">El Port de la Selva<\/strong> s\u00e9duit non seulement par sa beaut\u00e9 naturelle, mais aussi par la richesse de son offre culturelle et artistique. Ce charmant village de p\u00eacheurs, situ\u00e9 au nord de la Costa Brava, rec\u00e8le des si\u00e8cles d&rsquo;histoire, de tradition et d&rsquo;expression artistique dans chacun de ses recoins. <\/p>\n<h3 data-start=\"592\" data-end=\"655\"> <\/h3>\n<h3 class=\"\" data-start=\"592\" data-end=\"655\"><strong data-start=\"596\" data-end=\"655\">Un pass\u00e9 avec une \u00e2me : le monast\u00e8re de Sant Pere de Rodes<\/strong><\/h3>\n<p class=\"\" data-start=\"657\" data-end=\"1064\">\u00c0 quelques minutes du centre-ville se trouve l&rsquo;un des plus importants tr\u00e9sors patrimoniaux de Catalogne : le <strong data-start=\"764\" data-end=\"800\">monast\u00e8re de Sant Pere de Rodes<\/strong>. Cet imposant complexe roman du Xe si\u00e8cle domine le paysage et offre une exp\u00e9rience unique o\u00f9 se m\u00ealent architecture, histoire et spiritualit\u00e9. Le visiter, c&rsquo;est voyager dans le temps et comprendre l&rsquo;importance culturelle que cette r\u00e9gion a eue pendant des si\u00e8cles.  <\/p>\n<p data-start=\"657\" data-end=\"1064\">\n<h3 class=\"\" data-start=\"1071\" data-end=\"1134\"><strong data-start=\"1075\" data-end=\"1134\">Un paysage qui inspire : l&rsquo;art au contact de la nature<\/strong><\/h3>\n<p class=\"\" data-start=\"1136\" data-end=\"1464\">Le paysage sauvage du <strong data-start=\"1169\" data-end=\"1185\">Cap de Creus<\/strong> a \u00e9t\u00e9 une source d&rsquo;inspiration pour des artistes de renom tels que <strong data-start=\"1248\" data-end=\"1265\">Salvador Dal\u00ed<\/strong>, qui a v\u00e9cu tout pr\u00e8s de l\u00e0, \u00e0 Portlligat. Son univers surr\u00e9aliste se comprend mieux en se promenant sur les sentiers c\u00f4tiers d&rsquo;El Port de la Selva, o\u00f9 la roche, le vent et la lumi\u00e8re cr\u00e9ent des formes in\u00e9dites. <\/p>\n<p class=\"\" data-start=\"1466\" data-end=\"1789\">Tout au long de l&rsquo;ann\u00e9e, la ville accueille des <strong data-start=\"1502\" data-end=\"1555\">expositions, des concerts et des activit\u00e9s culturelles<\/strong> qui font d\u00e9couvrir l&rsquo;art contemporain et traditionnel aux habitants et aux visiteurs. Des lieux tels que l&rsquo;<strong data-start=\"1659\" data-end=\"1697\">\u00e9glise Santa Maria de les Neus<\/strong> et l&rsquo;<strong data-start=\"1703\" data-end=\"1726\">auditorium municipal<\/strong> sont des points de rencontre pour la musique, le th\u00e9\u00e2tre et la po\u00e9sie. <\/p>\n<p data-start=\"1466\" data-end=\"1789\">\n<h3 class=\"\" data-start=\"1796\" data-end=\"1859\"><strong data-start=\"1800\" data-end=\"1859\">Tradition vivante : festivals, patrimoine et expression populaire<\/strong><\/h3>\n<p class=\"\" data-start=\"1861\" data-end=\"2293\">La culture d&rsquo;El Port de la Selva s&rsquo;exprime \u00e9galement dans ses <strong data-start=\"1921\" data-end=\"1942\">f\u00eates populaires<\/strong>, son <strong data-start=\"1947\" data-end=\"1970\">patrimoine maritime<\/strong> et ses <strong data-start=\"1977\" data-end=\"2002\">m\u00e9tiers traditionnels<\/strong>. Les f\u00eates locales, avec les danses, la musique live et les sardanes, sont une magnifique occasion de s&rsquo;immerger dans l&rsquo;\u00e2me de la ville. Le petit port, les anciens entrep\u00f4ts de filets et les histoires de ceux qui ont toujours v\u00e9cu au bord de la mer \u00e9voquent \u00e9galement le pass\u00e9 de la p\u00eache.  <\/p>\n<p data-start=\"1861\" data-end=\"2293\">\n<p data-start=\"1861\" data-end=\"2293\"><img fetchpriority=\"high\" decoding=\"async\" class=\"aligncenter wp-image-5133 size-full\" src=\"https:\/\/allotjamentslafont.com\/wp-content\/uploads\/2025\/04\/sant-pere-de-rodes-monasterio-la-font-costa-brava-scaled.jpg\" alt=\"\" width=\"2560\" height=\"1701\" srcset=\"https:\/\/allotjamentslafont.com\/wp-content\/uploads\/2025\/04\/sant-pere-de-rodes-monasterio-la-font-costa-brava-scaled.jpg 2560w, https:\/\/allotjamentslafont.com\/wp-content\/uploads\/2025\/04\/sant-pere-de-rodes-monasterio-la-font-costa-brava-300x199.jpg 300w, https:\/\/allotjamentslafont.com\/wp-content\/uploads\/2025\/04\/sant-pere-de-rodes-monasterio-la-font-costa-brava-1024x680.jpg 1024w, https:\/\/allotjamentslafont.com\/wp-content\/uploads\/2025\/04\/sant-pere-de-rodes-monasterio-la-font-costa-brava-768x510.jpg 768w, https:\/\/allotjamentslafont.com\/wp-content\/uploads\/2025\/04\/sant-pere-de-rodes-monasterio-la-font-costa-brava-1536x1021.jpg 1536w, https:\/\/allotjamentslafont.com\/wp-content\/uploads\/2025\/04\/sant-pere-de-rodes-monasterio-la-font-costa-brava-2048x1361.jpg 2048w\" sizes=\"(max-width: 2560px) 100vw, 2560px\" \/><\/p>\n<p data-start=\"1861\" data-end=\"2293\">\n\t\t\t\t\t\t<\/div>\n\t\t\t\t<\/div>\n\t\t\t\t\t<\/div>\n\t\t\t\t<\/div>\n\t\t\t\t<\/div>\n\t\t","protected":false},"excerpt":{"rendered":"<p>Culture et art \u00e0 El Port de la Selva Nich\u00e9 entre le bleu de la M\u00e9diterran\u00e9e et les collines du Cap de Creus, El Port de la Selva s\u00e9duit non seulement par sa beaut\u00e9 naturelle, mais aussi par la richesse de son offre culturelle et artistique. Ce charmant village de p\u00eacheurs, situ\u00e9 au nord de [&hellip;]<\/p>\n","protected":false},"author":5,"featured_media":5146,"parent":5457,"menu_order":1,"comment_status":"closed","ping_status":"closed","template":"","meta":{"footnotes":""},"class_list":["post-5461","page","type-page","status-publish","has-post-thumbnail","hentry"],"yoast_head":"<!-- This site is optimized with the Yoast SEO plugin v23.4 - https:\/\/yoast.com\/wordpress\/plugins\/seo\/ -->\n<title>Culture et art - Allotjaments La Font, El Port de la Selva (Espagne)<\/title>\n<meta name=\"description\" content=\"D\u00e9couvrez l&#039;art et la culture de la Costa Brava sur le site de Allotjaments La Font, \u00e0 El Port de la Selva : mus\u00e9es, sites arch\u00e9ologiques\u2026\" \/>\n<meta name=\"robots\" content=\"index, follow, max-snippet:-1, max-image-preview:large, max-video-preview:-1\" \/>\n<link rel=\"canonical\" href=\"https:\/\/allotjamentslafont.com\/fr\/el-port-de-la-selva\/culture-et-art\/\" \/>\n<script type=\"application\/ld+json\" class=\"yoast-schema-graph\">{\"@context\":\"https:\/\/schema.org\",\"@graph\":[{\"@type\":\"WebPage\",\"@id\":\"https:\/\/allotjamentslafont.com\/fr\/el-port-de-la-selva\/culture-et-art\/\",\"url\":\"https:\/\/allotjamentslafont.com\/fr\/el-port-de-la-selva\/culture-et-art\/\",\"name\":\"Culture et art - Allotjaments La Font, El Port de la Selva (Espagne)\",\"isPartOf\":{\"@id\":\"https:\/\/allotjamentslafont.com\/fr\/#website\"},\"primaryImageOfPage\":{\"@id\":\"https:\/\/allotjamentslafont.com\/fr\/el-port-de-la-selva\/culture-et-art\/#primaryimage\"},\"image\":{\"@id\":\"https:\/\/allotjamentslafont.com\/fr\/el-port-de-la-selva\/culture-et-art\/#primaryimage\"},\"thumbnailUrl\":\"https:\/\/allotjamentslafont.com\/wp-content\/uploads\/2025\/04\/sant-pere-de-rodes-port-de-la-selva-monasterio-paisaje-la-font-scaled.jpg\",\"datePublished\":\"2025-04-02T13:25:07+00:00\",\"dateModified\":\"2025-04-23T11:04:13+00:00\",\"description\":\"D\u00e9couvrez l'art et la culture de la Costa Brava sur le site de Allotjaments La Font, \u00e0 El Port de la Selva : mus\u00e9es, sites arch\u00e9ologiques\u2026\",\"breadcrumb\":{\"@id\":\"https:\/\/allotjamentslafont.com\/fr\/el-port-de-la-selva\/culture-et-art\/#breadcrumb\"},\"inLanguage\":\"fr-FR\",\"potentialAction\":[{\"@type\":\"ReadAction\",\"target\":[\"https:\/\/allotjamentslafont.com\/fr\/el-port-de-la-selva\/culture-et-art\/\"]}]},{\"@type\":\"ImageObject\",\"inLanguage\":\"fr-FR\",\"@id\":\"https:\/\/allotjamentslafont.com\/fr\/el-port-de-la-selva\/culture-et-art\/#primaryimage\",\"url\":\"https:\/\/allotjamentslafont.com\/wp-content\/uploads\/2025\/04\/sant-pere-de-rodes-port-de-la-selva-monasterio-paisaje-la-font-scaled.jpg\",\"contentUrl\":\"https:\/\/allotjamentslafont.com\/wp-content\/uploads\/2025\/04\/sant-pere-de-rodes-port-de-la-selva-monasterio-paisaje-la-font-scaled.jpg\",\"width\":2560,\"height\":1700},{\"@type\":\"BreadcrumbList\",\"@id\":\"https:\/\/allotjamentslafont.com\/fr\/el-port-de-la-selva\/culture-et-art\/#breadcrumb\",\"itemListElement\":[{\"@type\":\"ListItem\",\"position\":1,\"name\":\"Home\",\"item\":\"https:\/\/allotjamentslafont.com\/fr\/\"},{\"@type\":\"ListItem\",\"position\":2,\"name\":\"El Port de la Selva\",\"item\":\"https:\/\/allotjamentslafont.com\/fr\/el-port-de-la-selva\/\"},{\"@type\":\"ListItem\",\"position\":3,\"name\":\"Culture et art\"}]},{\"@type\":\"WebSite\",\"@id\":\"https:\/\/allotjamentslafont.com\/fr\/#website\",\"url\":\"https:\/\/allotjamentslafont.com\/fr\/\",\"name\":\"Allotjaments La Font\",\"description\":\"\",\"publisher\":{\"@id\":\"https:\/\/allotjamentslafont.com\/fr\/#organization\"},\"potentialAction\":[{\"@type\":\"SearchAction\",\"target\":{\"@type\":\"EntryPoint\",\"urlTemplate\":\"https:\/\/allotjamentslafont.com\/fr\/?s={search_term_string}\"},\"query-input\":{\"@type\":\"PropertyValueSpecification\",\"valueRequired\":true,\"valueName\":\"search_term_string\"}}],\"inLanguage\":\"fr-FR\"},{\"@type\":\"Organization\",\"@id\":\"https:\/\/allotjamentslafont.com\/fr\/#organization\",\"name\":\"Allotjaments La Font\",\"url\":\"https:\/\/allotjamentslafont.com\/fr\/\",\"logo\":{\"@type\":\"ImageObject\",\"inLanguage\":\"fr-FR\",\"@id\":\"https:\/\/allotjamentslafont.com\/fr\/#\/schema\/logo\/image\/\",\"url\":\"https:\/\/allotjamentslafont.com\/wp-content\/uploads\/2024\/02\/Favicon.svg\",\"contentUrl\":\"https:\/\/allotjamentslafont.com\/wp-content\/uploads\/2024\/02\/Favicon.svg\",\"width\":180,\"height\":180,\"caption\":\"Allotjaments La Font\"},\"image\":{\"@id\":\"https:\/\/allotjamentslafont.com\/fr\/#\/schema\/logo\/image\/\"}}]}<\/script>\n<!-- \/ Yoast SEO plugin. -->","yoast_head_json":{"title":"Culture et art - Allotjaments La Font, El Port de la Selva (Espagne)","description":"D\u00e9couvrez l'art et la culture de la Costa Brava sur le site de Allotjaments La Font, \u00e0 El Port de la Selva : mus\u00e9es, sites arch\u00e9ologiques\u2026","robots":{"index":"index","follow":"follow","max-snippet":"max-snippet:-1","max-image-preview":"max-image-preview:large","max-video-preview":"max-video-preview:-1"},"canonical":"https:\/\/allotjamentslafont.com\/fr\/el-port-de-la-selva\/culture-et-art\/","schema":{"@context":"https:\/\/schema.org","@graph":[{"@type":"WebPage","@id":"https:\/\/allotjamentslafont.com\/fr\/el-port-de-la-selva\/culture-et-art\/","url":"https:\/\/allotjamentslafont.com\/fr\/el-port-de-la-selva\/culture-et-art\/","name":"Culture et art - Allotjaments La Font, El Port de la Selva (Espagne)","isPartOf":{"@id":"https:\/\/allotjamentslafont.com\/fr\/#website"},"primaryImageOfPage":{"@id":"https:\/\/allotjamentslafont.com\/fr\/el-port-de-la-selva\/culture-et-art\/#primaryimage"},"image":{"@id":"https:\/\/allotjamentslafont.com\/fr\/el-port-de-la-selva\/culture-et-art\/#primaryimage"},"thumbnailUrl":"https:\/\/allotjamentslafont.com\/wp-content\/uploads\/2025\/04\/sant-pere-de-rodes-port-de-la-selva-monasterio-paisaje-la-font-scaled.jpg","datePublished":"2025-04-02T13:25:07+00:00","dateModified":"2025-04-23T11:04:13+00:00","description":"D\u00e9couvrez l'art et la culture de la Costa Brava sur le site de Allotjaments La Font, \u00e0 El Port de la Selva : mus\u00e9es, sites arch\u00e9ologiques\u2026","breadcrumb":{"@id":"https:\/\/allotjamentslafont.com\/fr\/el-port-de-la-selva\/culture-et-art\/#breadcrumb"},"inLanguage":"fr-FR","potentialAction":[{"@type":"ReadAction","target":["https:\/\/allotjamentslafont.com\/fr\/el-port-de-la-selva\/culture-et-art\/"]}]},{"@type":"ImageObject","inLanguage":"fr-FR","@id":"https:\/\/allotjamentslafont.com\/fr\/el-port-de-la-selva\/culture-et-art\/#primaryimage","url":"https:\/\/allotjamentslafont.com\/wp-content\/uploads\/2025\/04\/sant-pere-de-rodes-port-de-la-selva-monasterio-paisaje-la-font-scaled.jpg","contentUrl":"https:\/\/allotjamentslafont.com\/wp-content\/uploads\/2025\/04\/sant-pere-de-rodes-port-de-la-selva-monasterio-paisaje-la-font-scaled.jpg","width":2560,"height":1700},{"@type":"BreadcrumbList","@id":"https:\/\/allotjamentslafont.com\/fr\/el-port-de-la-selva\/culture-et-art\/#breadcrumb","itemListElement":[{"@type":"ListItem","position":1,"name":"Home","item":"https:\/\/allotjamentslafont.com\/fr\/"},{"@type":"ListItem","position":2,"name":"El Port de la Selva","item":"https:\/\/allotjamentslafont.com\/fr\/el-port-de-la-selva\/"},{"@type":"ListItem","position":3,"name":"Culture et art"}]},{"@type":"WebSite","@id":"https:\/\/allotjamentslafont.com\/fr\/#website","url":"https:\/\/allotjamentslafont.com\/fr\/","name":"Allotjaments La Font","description":"","publisher":{"@id":"https:\/\/allotjamentslafont.com\/fr\/#organization"},"potentialAction":[{"@type":"SearchAction","target":{"@type":"EntryPoint","urlTemplate":"https:\/\/allotjamentslafont.com\/fr\/?s={search_term_string}"},"query-input":{"@type":"PropertyValueSpecification","valueRequired":true,"valueName":"search_term_string"}}],"inLanguage":"fr-FR"},{"@type":"Organization","@id":"https:\/\/allotjamentslafont.com\/fr\/#organization","name":"Allotjaments La Font","url":"https:\/\/allotjamentslafont.com\/fr\/","logo":{"@type":"ImageObject","inLanguage":"fr-FR","@id":"https:\/\/allotjamentslafont.com\/fr\/#\/schema\/logo\/image\/","url":"https:\/\/allotjamentslafont.com\/wp-content\/uploads\/2024\/02\/Favicon.svg","contentUrl":"https:\/\/allotjamentslafont.com\/wp-content\/uploads\/2024\/02\/Favicon.svg","width":180,"height":180,"caption":"Allotjaments La Font"},"image":{"@id":"https:\/\/allotjamentslafont.com\/fr\/#\/schema\/logo\/image\/"}}]}},"_links":{"self":[{"href":"https:\/\/allotjamentslafont.com\/fr\/wp-json\/wp\/v2\/pages\/5461","targetHints":{"allow":["GET"]}}],"collection":[{"href":"https:\/\/allotjamentslafont.com\/fr\/wp-json\/wp\/v2\/pages"}],"about":[{"href":"https:\/\/allotjamentslafont.com\/fr\/wp-json\/wp\/v2\/types\/page"}],"author":[{"embeddable":true,"href":"https:\/\/allotjamentslafont.com\/fr\/wp-json\/wp\/v2\/users\/5"}],"replies":[{"embeddable":true,"href":"https:\/\/allotjamentslafont.com\/fr\/wp-json\/wp\/v2\/comments?post=5461"}],"version-history":[{"count":6,"href":"https:\/\/allotjamentslafont.com\/fr\/wp-json\/wp\/v2\/pages\/5461\/revisions"}],"predecessor-version":[{"id":6666,"href":"https:\/\/allotjamentslafont.com\/fr\/wp-json\/wp\/v2\/pages\/5461\/revisions\/6666"}],"up":[{"embeddable":true,"href":"https:\/\/allotjamentslafont.com\/fr\/wp-json\/wp\/v2\/pages\/5457"}],"wp:featuredmedia":[{"embeddable":true,"href":"https:\/\/allotjamentslafont.com\/fr\/wp-json\/wp\/v2\/media\/5146"}],"wp:attachment":[{"href":"https:\/\/allotjamentslafont.com\/fr\/wp-json\/wp\/v2\/media?parent=5461"}],"curies":[{"name":"wp","href":"https:\/\/api.w.org\/{rel}","templated":true}]}}